{"id":3636,"date":"2024-06-25T19:01:19","date_gmt":"2024-06-25T17:01:19","guid":{"rendered":"https:\/\/particulier.mccp-coiffure-bio.ch\/?post_type=product&#038;p=3636"},"modified":"2025-12-22T10:23:34","modified_gmt":"2025-12-22T09:23:34","slug":"seche-cheveux-edition-ultime","status":"publish","type":"product","link":"https:\/\/particulier.mccp-coiffure-bio.ch\/it\/prodotto\/seche-cheveux-edition-ultime\/","title":{"rendered":"Asciugacapelli Swissliss Ultimate Edition"},"content":{"rendered":"<h1>Asciugacapelli Swissliss 2.0 Ultimate Edition<\/h1>\n<h3>L'asciugacapelli Ultimate Edition High Tech \u00e8 uno strumento di styling all'avanguardia, progettato per offrire prestazioni professionali e una cura ottimale dei capelli.<\/h3>\n<h3>Questo modello innovativo si distingue per le sue caratteristiche tecnologiche avanzate, garantendo un'asciugatura rapida ed efficace nel rispetto della salute dei capelli.<\/h3>\n<p>Dotato di un potente motore digitale, Swissliss High Tech assicura un flusso d'aria costante e potente, riducendo i tempi di asciugatura. La sua tecnologia ionica aiuta a eliminare l'effetto crespo e a migliorare la lucentezza dei capelli, lasciando le ciocche lisce e setose. Inoltre, \u00e8 dotato di un sistema intelligente di controllo del calore, che regola automaticamente la temperatura per prevenire i danni causati dal calore eccessivo.<\/p>\n<p>Questo asciugacapelli \u00e8 inoltre dotato di una serie di impostazioni di velocit\u00e0 e temperatura, in modo da poterlo personalizzare in base al tipo di capelli e allo stile desiderato. Swissliss High Tech include una modalit\u00e0 di raffreddamento per fissare gli stili e garantire una finitura perfetta. Il suo design leggero ed ergonomico lo rende facile da tenere in mano e da usare per lunghi periodi senza stancarsi.<\/p>\n<p>Inoltre, \u00e8 dotato di accessori professionali, come punte magnetiche e diffusori per un'asciugatura precisa e ricci naturali. Swissliss High Tech \u00e8 la scelta ideale per i professionisti dell'acconciatura e per chi si preoccupa della qualit\u00e0 e della salute dei propri capelli, combinando tecnologia all'avanguardia e attenzione ai dettagli.<\/p>\n<div class=\"value content js-longDescription js-block-longDescription\">\n<p>L'asciugacapelli high-tech Swissliss Ultimate Edition \u00e8 un asciugacapelli professionale progettato in Svizzera. Progettato per un uso intensivo, \u00e8 potente, silenzioso e ultraleggero. Dotato di accessori magnetici e di un display digitale, questo asciugacapelli high-tech \u00e8 stato progettato per rendere pi\u00f9 ergonomica la vita quotidiana.<\/p>\n<p>- Progettato e immaginato in Svizzera.<br \/>\n- Molto leggero: 290 g (cavo escluso).<br \/>\n- 1200 w \/ 1650 w.<br \/>\n- Cavo da 2,30 metri.<br \/>\n- Fornito con 3 accessori magnetici: 2 ugelli magnetici e un diffusore magnetico.<\/p>\n<\/div>\n<div class=\"additional-information\">\n<div class=\"value js-block-waranty\">Garanzia\u00a0<span class=\"js-waranty\">24 mesi<\/span><\/div>\n<\/div>\n<div><\/div>\n<div>IMPORTANTE<\/div>\n<div>Consigli utili per la manutenzione<\/div>\n<div><\/div>\n<div>Pulire regolarmente il filtro posteriore per preservare la durata dell'asciugacapelli professionale.<\/div>\n<div><a href=\"https:\/\/www.swissliss.ch\/edition-ultime\">https:\/\/www.swissliss.ch\/edition-ultime<\/a><\/div>\n<div><\/div>\n<div>Cosa dicono i parrucchieri che hanno gi\u00e0 acquistato l'asciugacapelli Swissliss Ultimate Edition:<\/div>\n<div>(Fonte: sito web di Bleu Libellule)<\/div>\n<div><\/div>\n<div>\n<div class=\"review__main\">\n<p class=\"review__title text-bold\">\"DEVE ESSERE \u2661<\/p>\n<p>Ho acquistato la Swissliss Ultimate Edition perch\u00e9 \u00e8 la pi\u00f9 leggera sul mercato e la adoro! \u00c8 potente, leggero e si sente benissimo in mano. Mi ha cambiato la vita! \u00c8 molto semplice, ora non posso pi\u00f9 farne a meno. FONTE!\"<\/p>\n<\/div>\n<div class=\"review__complementary\">\n<div class=\"bl-row\">\n<div class=\"bl-xxs5 bl-sm6\">\n<p>\"Fantastico, quindi sono soddisfatto di questo asciugacapelli __La lucentezza dei capelli \u00e8 sorprendente __Consiglio\"<\/p>\n<p>\"Asciugacapelli molto ben pensato, sono molto soddisfatto del mio acquisto. Questo asciugacapelli \u00e8 molto efficiente, ultra leggero. Nessun rischio di crespo, i capelli sono super lucidi dopo l'asciugatura\".<\/p>\n<\/div>\n<\/div>\n<\/div>\n<\/div>","protected":false},"excerpt":{"rendered":"<h1>Asciugacapelli High-Tech Ultimate Edition 2.0<\/h1>\n<h4 class=\"text-align-left\"><strong>Con il suo beccuccio e diffusore magnetico e il display digitale, l'Ultimate Edition \u00e8 un asciugacapelli all'avanguardia della tecnologia.<\/strong><\/h4>\n<h4 class=\"text-align-left\"><strong>Potente, silenzioso e ultraleggero, cambier\u00e0 la vostra vita quotidiana.<\/strong><\/h4>\n<h4 class=\"text-align-left\"><strong>Ideale per l'uso intensivo nei saloni di parrucchieri<\/strong><\/h4>\n<h3><strong>Design e concezione svizzera<\/strong><\/h3>","protected":false},"featured_media":3666,"comment_status":"open","ping_status":"closed","template":"","meta":{"ocean_post_layout":"","ocean_both_sidebars_style":"","ocean_both_sidebars_content_width":0,"ocean_both_sidebars_sidebars_width":0,"ocean_sidebar":"0","ocean_second_sidebar":"0","ocean_disable_margins":"enable","ocean_add_body_class":"","ocean_shortcode_before_top_bar":"","ocean_shortcode_after_top_bar":"","ocean_shortcode_before_header":"","ocean_shortcode_after_header":"","ocean_has_shortcode":"","ocean_shortcode_after_title":"","ocean_shortcode_before_footer_widgets":"","ocean_shortcode_after_footer_widgets":"","ocean_shortcode_before_footer_bottom":"","ocean_shortcode_after_footer_bottom":"","ocean_display_top_bar":"default","ocean_display_header":"default","ocean_header_style":"","ocean_center_header_left_menu":"0","ocean_custom_header_template":"0","ocean_custom_logo":0,"ocean_custom_retina_logo":0,"ocean_custom_logo_max_width":0,"ocean_custom_logo_tablet_max_width":0,"ocean_custom_logo_mobile_max_width":0,"ocean_custom_logo_max_height":0,"ocean_custom_logo_tablet_max_height":0,"ocean_custom_logo_mobile_max_height":0,"ocean_header_custom_menu":"0","ocean_menu_typo_font_family":"0","ocean_menu_typo_font_subset":"","ocean_menu_typo_font_size":0,"ocean_menu_typo_font_size_tablet":0,"ocean_menu_typo_font_size_mobile":0,"ocean_menu_typo_font_size_unit":"px","ocean_menu_typo_font_weight":"","ocean_menu_typo_font_weight_tablet":"","ocean_menu_typo_font_weight_mobile":"","ocean_menu_typo_transform":"","ocean_menu_typo_transform_tablet":"","ocean_menu_typo_transform_mobile":"","ocean_menu_typo_line_height":0,"ocean_menu_typo_line_height_tablet":0,"ocean_menu_typo_line_height_mobile":0,"ocean_menu_typo_line_height_unit":"","ocean_menu_typo_spacing":0,"ocean_menu_typo_spacing_tablet":0,"ocean_menu_typo_spacing_mobile":0,"ocean_menu_typo_spacing_unit":"","ocean_menu_link_color":"","ocean_menu_link_color_hover":"","ocean_menu_link_color_active":"","ocean_menu_link_background":"","ocean_menu_link_hover_background":"","ocean_menu_link_active_background":"","ocean_menu_social_links_bg":"","ocean_menu_social_hover_links_bg":"","ocean_menu_social_links_color":"","ocean_menu_social_hover_links_color":"","ocean_disable_title":"default","ocean_disable_heading":"default","ocean_post_title":"","ocean_post_subheading":"","ocean_post_title_style":"","ocean_post_title_background_color":"","ocean_post_title_background":0,"ocean_post_title_bg_image_position":"","ocean_post_title_bg_image_attachment":"","ocean_post_title_bg_image_repeat":"","ocean_post_title_bg_image_size":"","ocean_post_title_height":0,"ocean_post_title_bg_overlay":0.5,"ocean_post_title_bg_overlay_color":"","ocean_disable_breadcrumbs":"default","ocean_breadcrumbs_color":"","ocean_breadcrumbs_separator_color":"","ocean_breadcrumbs_links_color":"","ocean_breadcrumbs_links_hover_color":"","ocean_display_footer_widgets":"default","ocean_display_footer_bottom":"default","ocean_custom_footer_template":"0"},"product_brand":[],"product_cat":[361,147],"product_tag":[341],"class_list":{"0":"post-3636","1":"product","2":"type-product","3":"status-publish","4":"has-post-thumbnail","6":"product_cat-prod-part-to-import","7":"product_cat-seches-cheveux-swissliss","8":"product_tag-accessoires-cheveux","10":"entry","11":"has-media","13":"first","14":"instock","15":"taxable","16":"shipping-taxable","17":"purchasable","18":"product-type-variable","19":"has-product-nav","20":"col","21":"span_1_of_5","22":"owp-content-center","23":"owp-thumbs-layout-horizontal","24":"owp-btn-normal","25":"owp-tabs-layout-horizontal"},"jetpack_sharing_enabled":true,"_links":{"self":[{"href":"https:\/\/particulier.mccp-coiffure-bio.ch\/it\/wp-json\/wp\/v2\/product\/3636","targetHints":{"allow":["GET"]}}],"collection":[{"href":"https:\/\/particulier.mccp-coiffure-bio.ch\/it\/wp-json\/wp\/v2\/product"}],"about":[{"href":"https:\/\/particulier.mccp-coiffure-bio.ch\/it\/wp-json\/wp\/v2\/types\/product"}],"replies":[{"embeddable":true,"href":"https:\/\/particulier.mccp-coiffure-bio.ch\/it\/wp-json\/wp\/v2\/comments?post=3636"}],"version-history":[{"count":1,"href":"https:\/\/particulier.mccp-coiffure-bio.ch\/it\/wp-json\/wp\/v2\/product\/3636\/revisions"}],"predecessor-version":[{"id":5958,"href":"https:\/\/particulier.mccp-coiffure-bio.ch\/it\/wp-json\/wp\/v2\/product\/3636\/revisions\/5958"}],"wp:featuredmedia":[{"embeddable":true,"href":"https:\/\/particulier.mccp-coiffure-bio.ch\/it\/wp-json\/wp\/v2\/media\/3666"}],"wp:attachment":[{"href":"https:\/\/particulier.mccp-coiffure-bio.ch\/it\/wp-json\/wp\/v2\/media?parent=3636"}],"wp:term":[{"taxonomy":"product_brand","embeddable":true,"href":"https:\/\/particulier.mccp-coiffure-bio.ch\/it\/wp-json\/wp\/v2\/product_brand?post=3636"},{"taxonomy":"product_cat","embeddable":true,"href":"https:\/\/particulier.mccp-coiffure-bio.ch\/it\/wp-json\/wp\/v2\/product_cat?post=3636"},{"taxonomy":"product_tag","embeddable":true,"href":"https:\/\/particulier.mccp-coiffure-bio.ch\/it\/wp-json\/wp\/v2\/product_tag?post=3636"}],"curies":[{"name":"wp","href":"https:\/\/api.w.org\/{rel}","templated":true}]}}