{"id":3422,"date":"2024-05-22T13:22:18","date_gmt":"2024-05-22T11:22:18","guid":{"rendered":"https:\/\/particulier.mccp-coiffure-bio.ch\/apres-shampoing-volume\/"},"modified":"2026-01-05T14:00:28","modified_gmt":"2026-01-05T13:00:28","slug":"apres-shampoing-volume","status":"publish","type":"product","link":"https:\/\/particulier.mccp-coiffure-bio.ch\/it\/prodotto\/apres-shampoing-volume\/","title":{"rendered":"Condizionatore di volume"},"content":{"rendered":"<h1><strong>Scoprite il balsamo volumizzante Natulique: la soluzione biologica per i vostri capelli<\/strong><\/h1>\n<p>Natulique Volume Conditioner \u00e8 una rivoluzione nel campo dell'acconciatura biologica, in quanto offre una soluzione naturale ed efficace per chi desidera dare volume ai propri capelli nel rispetto dell'ambiente. Appositamente studiato per soddisfare le esigenze dei professionisti dell'acconciatura biologica e degli individui pi\u00f9 esigenti, questo balsamo biologico \u00e8 un'aggiunta perfetta a qualsiasi routine per capelli attenta alla salute e alla natura.<\/p>\n<h2>Balsamo Volume: un prodotto biologico di qualit\u00e0<\/h2>\n<p>Natulique, marchio rinomato per il suo impegno a favore di prodotti per capelli sani e rispettosi, propone questo balsamo formulato con ingredienti biologici certificati. A differenza dei balsami convenzionali, che spesso contengono siliconi e solfati, Natulique Volume Conditioner utilizza ingredienti naturali per nutrire e condizionare i capelli senza appesantirli. I suoi ingredienti chiave includono estratti vegetali come l'aloe vera e la camomilla, rinomati per le loro propriet\u00e0 idratanti e lenitive.<\/p>\n<h3>I benefici del balsamo biologico<\/h3>\n<p>L'uso regolare di Natulique Volume Conditioner rafforza la fibra capillare e protegge i capelli dai danni ambientali. Grazie alla sua formula delicata e naturale, \u00e8 adatto a tutti i tipi di capelli, compresi quelli pi\u00f9 fragili. Inoltre, la sua capacit\u00e0 di districare efficacemente i capelli riduce le rotture e favorisce una capigliatura pi\u00f9 sana e piena.<\/p>\n<div class=\"fusion-title title fusion-title-3 fusion-sep-none fusion-title-text fusion-title-size-four\">\n<h3 class=\"fusion-title-heading title-heading-left fusion-responsive-typography-calculated\">INGREDIENTI ECCEZIONALI<\/h3>\n<\/div>\n<div class=\"fusion-text fusion-text-7\">\n<p><strong>Olio di avocado<\/strong>\u00a0Stimola la circolazione sanguigna e libera i follicoli piliferi, idratando il cuoio capelluto e i capelli.<\/p>\n<p><strong>Estratto di semi di girasole<\/strong>\u00a0contiene vitamina E e acidi grassi, che hanno dimostrato di ridurre e neutralizzare i radicali liberi che possono danneggiare i capelli e il cuoio capelluto.<\/p>\n<p><strong>Estratto di mirtillo rosso<\/strong>\u00a0ammorbidisce e nutre i capelli e offre propriet\u00e0 antiossidanti, antinfiammatorie e antibatteriche per il cuoio capelluto.<\/p>\n<p><strong>Creatina<\/strong>\u00a0\u00e8 un eccezionale costruttore di legami e l'aminoacido rafforza e ricostruisce i capelli dall'interno, aumentando la vitalit\u00e0 cellulare, l'elasticit\u00e0 e la forza dei capelli.<\/p>\n<\/div>\n<div class=\"fusion-builder-row fusion-builder-row-inner fusion-row fusion-flex-align-items-flex-start fusion-flex-content-wrap\">\n<div class=\"fusion-layout-column fusion_builder_column_inner fusion-builder-nested-column-3 fusion_builder_column_inner_1_1 1_1 fusion-flex-column\">\n<div class=\"fusion-column-wrapper fusion-column-has-shadow fusion-flex-justify-content-flex-start fusion-content-layout-column\">\n<h3 class=\"fusion-text fusion-text-8\">Adatto ai professionisti dell'acconciatura biologica<\/h3>\n<\/div>\n<\/div>\n<\/div>\n<p>I parrucchieri biologici in Svizzera troveranno in questo balsamo un alleato ideale per valorizzare i capelli dei loro clienti. La sua formulazione professionale garantisce risultati visibili fin dal primo utilizzo, lasciando i capelli pi\u00f9 corposi, morbidi e lucenti. Inoltre, la conformit\u00e0 di Natulique agli standard biologici assicura la totale assenza di sostanze nocive, garantendo una cura dei capelli di alta qualit\u00e0.<\/p>\n<h3>Semplice ed efficiente da usare<\/h3>\n<p>Per ottenere il massimo dal Balsamo Volume Natulique, si consiglia di applicarlo sui capelli bagnati dopo aver utilizzato uno shampoo biologico della stessa linea. Lasciare agire per qualche minuto prima di risciacquare accuratamente. Noterete subito un miglioramento della consistenza e del volume dei vostri capelli, rendendoli pi\u00f9 facili da acconciare e visibilmente pi\u00f9 sani.<\/p>\n<h3>Un impegno ecologico ed etico<\/h3>\n<p>Natulique si distingue per il suo impegno ecologico ed etico. Tutti i prodotti sono realizzati senza crudelt\u00e0 sugli animali e nel rispetto dell'ambiente. Anche l'imballaggio \u00e8 progettato per ridurre al minimo l'impatto ambientale, utilizzando materiali riciclabili e biodegradabili. Scegliendo Natulique Volume Conditioner, non solo contribuite alla salute dei vostri capelli, ma anche alla salvaguardia del nostro pianeta.<\/p>\n<h3>Disponibile in Svizzera<\/h3>\n<p>Il balsamo Volume di Natulique \u00e8 ora disponibile in Svizzera, consentendo ai consumatori e ai professionisti dell'acconciatura biologica di accedere a un prodotto di alta qualit\u00e0. Ordinate oggi stesso sul nostro sito e unitevi alla comunit\u00e0 di utenti convinti dei benefici dei prodotti per capelli biologici Natulique.<\/p>\n<p>In conclusione, Natulique Volume Conditioner \u00e8 molto pi\u00f9 di un semplice prodotto per capelli. Rappresenta una scelta consapevole e responsabile per chi vuole coniugare bellezza, salute e rispetto per l'ambiente. Fatelo diventare parte della vostra routine e date ai vostri capelli la cura biologica che meritano.<\/p>\n<div class=\"fusion-layout-column fusion_builder_column fusion-builder-column-32 fusion_builder_column_1_3 1_3 fusion-flex-column\">\n<div class=\"fusion-column-wrapper fusion-column-has-shadow fusion-flex-justify-content-flex-start fusion-content-layout-column\">\n<div class=\"fusion-text fusion-text-19 fusion-no-small-visibility fusion-no-medium-visibility\">\n<p>Siete curiosi di sapere com'\u00e8 fatto un salone NATULIQUE 100%?<\/p>\n<p><a href=\"https:\/\/natulique.com\/fr\/concept-salon\/\">Per saperne di pi\u00f9 sui vantaggi e su come diventare un salone concept \u2192<\/a><\/p>\n<\/div>\n<\/div>\n<\/div>\n<div class=\"fusion-layout-column fusion_builder_column fusion-builder-column-33 fusion_builder_column_1_3 1_3 fusion-flex-column\">\n<div class=\"fusion-column-wrapper fusion-column-has-shadow fusion-flex-justify-content-flex-start fusion-content-layout-column\">\n<div class=\"fusion-text fusion-text-20\"><\/div>\n<\/div>\n<\/div>\n<p><strong>Ingredienti del prodotto<\/strong><br \/>\nAqua (acqua)*, succo di foglie di Aloe Barbadensis (Aloe Vera), alcool cetearilico, palmoiletilidrossimetilmonio diidrogeno metosolfato caprilico\/caprico, sodio benzoato, pantenolo, glicole propilenico, glicole esilenico, acido citrico, glicole dipropilenico, gluconato di sodio, sorbato di potassio, estratto di nocciolo di Avena Sativa (avena)\/*, estratto di frutto di Euterpe Oleracea (Acai), olio di semi di Helianthus Annuus (girasole), estratto di foglie di Rosmarinus Officinalis (rosmarino), profumo, limonene, linalolo, geraniolo.<br \/>\n*) Ingredienti da agricoltura biologica<br \/>\n**) Ingredienti di origine naturale<br \/>\n***Glutine<\/p>","protected":false},"excerpt":{"rendered":"<div class=\"flex flex-grow flex-col max-w-full\">\n<div class=\"min-h-[20px] text-message flex flex-col items-start whitespace-pre-wrap break-words [.text-message+&amp;]:mt-5 juice:w-full juice:items-end overflow-x-auto gap-2\" dir=\"auto\" data-message-author-role=\"assistant\" data-message-id=\"e5fa3b91-23d8-479a-b7bc-e4d5739c6d63\">\n<div class=\"flex w-full flex-col gap-1 juice:empty:hidden juice:first:pt-[3px]\">\n<div class=\"markdown prose w-full break-words dark:prose-invert dark\">\n<p><strong>D\u00e9couvrez l&#8217;apr\u00e8s-shampoing Volume de Natulique, la solution id\u00e9ale pour une coiffure bio en Suisse. <\/strong><\/p>\n<p><strong>Parfait pour un usage professionnel, il apporte volume et soin avec des ingr\u00e9dients bio certifi\u00e9s.<\/strong><\/p>\n<\/div>\n<\/div>\n<\/div>\n<\/div>\n<p style=\"text-align: left;\">Plongez dans l&#8217;excellence de la beaut\u00e9 capillaire avec <strong>MCCP COIFFURE BIO<\/strong> , votre partenaire exclusif pour la <strong>distribution des produits<\/strong> <strong>Natulique<\/strong> en<strong> Suisse<\/strong>. En tant que sp\u00e9cialistes d\u00e9vou\u00e9s, nous vous proposons une gamme compl\u00e8te de <strong>produits capillaires<\/strong> de qualit\u00e9 professionnelle, \u00e9labor\u00e9s avec des ingr\u00e9dients biologiques de premi\u00e8re qualit\u00e9. Faites confiance \u00e0 notre expertise pour vous guider vers une exp\u00e9rience capillaire exceptionnelle, \u00e0 la hauteur de vos attentes les plus exigeantes<\/p>\n<ul style=\"text-align: left;\">\n<li><strong>Ingr\u00e9dients Bio<\/strong><\/li>\n<li><strong>Vegan<\/strong><\/li>\n<li><strong>Qualit\u00e9 Pro<\/strong><\/li>\n<li><strong>Emballage Recyclable<\/strong><\/li>\n<\/ul>\n<p><img decoding=\"async\" class=\"wp-image-2406 aligncenter\" src=\"https:\/\/particulier.mccp-coiffure-bio.ch\/wp-content\/uploads\/2021\/01\/vegan-society-certification-300x242.png\" alt=\"\" width=\"214\" height=\"172\" srcset=\"https:\/\/particulier.mccp-coiffure-bio.ch\/wp-content\/uploads\/2021\/01\/vegan-society-certification-300x242.png 300w, https:\/\/particulier.mccp-coiffure-bio.ch\/wp-content\/uploads\/2021\/01\/vegan-society-certification.png 529w\" sizes=\"(max-width: 214px) 100vw, 214px\" \/><\/p>\n","protected":false},"featured_media":5267,"comment_status":"open","ping_status":"closed","template":"","meta":{"ocean_post_layout":"","ocean_both_sidebars_style":"","ocean_both_sidebars_content_width":0,"ocean_both_sidebars_sidebars_width":0,"ocean_sidebar":"0","ocean_second_sidebar":"0","ocean_disable_margins":"enable","ocean_add_body_class":"","ocean_shortcode_before_top_bar":"","ocean_shortcode_after_top_bar":"","ocean_shortcode_before_header":"","ocean_shortcode_after_header":"","ocean_has_shortcode":"","ocean_shortcode_after_title":"","ocean_shortcode_before_footer_widgets":"","ocean_shortcode_after_footer_widgets":"","ocean_shortcode_before_footer_bottom":"","ocean_shortcode_after_footer_bottom":"","ocean_display_top_bar":"default","ocean_display_header":"default","ocean_header_style":"","ocean_center_header_left_menu":"0","ocean_custom_header_template":"0","ocean_custom_logo":0,"ocean_custom_retina_logo":0,"ocean_custom_logo_max_width":0,"ocean_custom_logo_tablet_max_width":0,"ocean_custom_logo_mobile_max_width":0,"ocean_custom_logo_max_height":0,"ocean_custom_logo_tablet_max_height":0,"ocean_custom_logo_mobile_max_height":0,"ocean_header_custom_menu":"0","ocean_menu_typo_font_family":"0","ocean_menu_typo_font_subset":"","ocean_menu_typo_font_size":0,"ocean_menu_typo_font_size_tablet":0,"ocean_menu_typo_font_size_mobile":0,"ocean_menu_typo_font_size_unit":"px","ocean_menu_typo_font_weight":"","ocean_menu_typo_font_weight_tablet":"","ocean_menu_typo_font_weight_mobile":"","ocean_menu_typo_transform":"","ocean_menu_typo_transform_tablet":"","ocean_menu_typo_transform_mobile":"","ocean_menu_typo_line_height":0,"ocean_menu_typo_line_height_tablet":0,"ocean_menu_typo_line_height_mobile":0,"ocean_menu_typo_line_height_unit":"","ocean_menu_typo_spacing":0,"ocean_menu_typo_spacing_tablet":0,"ocean_menu_typo_spacing_mobile":0,"ocean_menu_typo_spacing_unit":"","ocean_menu_link_color":"","ocean_menu_link_color_hover":"","ocean_menu_link_color_active":"","ocean_menu_link_background":"","ocean_menu_link_hover_background":"","ocean_menu_link_active_background":"","ocean_menu_social_links_bg":"","ocean_menu_social_hover_links_bg":"","ocean_menu_social_links_color":"","ocean_menu_social_hover_links_color":"","ocean_disable_title":"default","ocean_disable_heading":"default","ocean_post_title":"","ocean_post_subheading":"","ocean_post_title_style":"","ocean_post_title_background_color":"","ocean_post_title_background":0,"ocean_post_title_bg_image_position":"","ocean_post_title_bg_image_attachment":"","ocean_post_title_bg_image_repeat":"","ocean_post_title_bg_image_size":"","ocean_post_title_height":0,"ocean_post_title_bg_overlay":0.5,"ocean_post_title_bg_overlay_color":"","ocean_disable_breadcrumbs":"default","ocean_breadcrumbs_color":"","ocean_breadcrumbs_separator_color":"","ocean_breadcrumbs_links_color":"","ocean_breadcrumbs_links_hover_color":"","ocean_display_footer_widgets":"default","ocean_display_footer_bottom":"default","ocean_custom_footer_template":"0"},"product_brand":[],"product_cat":[322],"product_tag":[],"class_list":{"0":"post-3422","1":"product","2":"type-product","3":"status-publish","4":"has-post-thumbnail","6":"product_cat-soins-des-cheveux","8":"entry","9":"has-media","11":"first","12":"instock","13":"taxable","14":"shipping-taxable","15":"purchasable","16":"product-type-variable","17":"has-default-attributes","18":"has-product-nav","19":"col","20":"span_1_of_5","21":"owp-content-center","22":"owp-thumbs-layout-horizontal","23":"owp-btn-normal","24":"owp-tabs-layout-horizontal"},"jetpack_sharing_enabled":true,"_links":{"self":[{"href":"https:\/\/particulier.mccp-coiffure-bio.ch\/it\/wp-json\/wp\/v2\/product\/3422","targetHints":{"allow":["GET"]}}],"collection":[{"href":"https:\/\/particulier.mccp-coiffure-bio.ch\/it\/wp-json\/wp\/v2\/product"}],"about":[{"href":"https:\/\/particulier.mccp-coiffure-bio.ch\/it\/wp-json\/wp\/v2\/types\/product"}],"replies":[{"embeddable":true,"href":"https:\/\/particulier.mccp-coiffure-bio.ch\/it\/wp-json\/wp\/v2\/comments?post=3422"}],"version-history":[{"count":1,"href":"https:\/\/particulier.mccp-coiffure-bio.ch\/it\/wp-json\/wp\/v2\/product\/3422\/revisions"}],"predecessor-version":[{"id":6049,"href":"https:\/\/particulier.mccp-coiffure-bio.ch\/it\/wp-json\/wp\/v2\/product\/3422\/revisions\/6049"}],"wp:featuredmedia":[{"embeddable":true,"href":"https:\/\/particulier.mccp-coiffure-bio.ch\/it\/wp-json\/wp\/v2\/media\/5267"}],"wp:attachment":[{"href":"https:\/\/particulier.mccp-coiffure-bio.ch\/it\/wp-json\/wp\/v2\/media?parent=3422"}],"wp:term":[{"taxonomy":"product_brand","embeddable":true,"href":"https:\/\/particulier.mccp-coiffure-bio.ch\/it\/wp-json\/wp\/v2\/product_brand?post=3422"},{"taxonomy":"product_cat","embeddable":true,"href":"https:\/\/particulier.mccp-coiffure-bio.ch\/it\/wp-json\/wp\/v2\/product_cat?post=3422"},{"taxonomy":"product_tag","embeddable":true,"href":"https:\/\/particulier.mccp-coiffure-bio.ch\/it\/wp-json\/wp\/v2\/product_tag?post=3422"}],"curies":[{"name":"wp","href":"https:\/\/api.w.org\/{rel}","templated":true}]}}