{"id":3286,"date":"2024-05-22T13:22:30","date_gmt":"2024-05-22T11:22:30","guid":{"rendered":"https:\/\/particulier.mccp-coiffure-bio.ch\/apres-shampooing-nourrissant\/"},"modified":"2026-01-07T09:01:51","modified_gmt":"2026-01-07T08:01:51","slug":"apres-shampoing-nourrissant","status":"publish","type":"product","link":"https:\/\/particulier.mccp-coiffure-bio.ch\/it\/prodotto\/apres-shampoing-nourrissant\/","title":{"rendered":"Balsamo nutriente"},"content":{"rendered":"<p>BALSAMO NUTRIENTE<\/p>\n<p>A <strong>balsamo nutriente<\/strong> per una protezione di lunga durata. Per combattere efficacemente l'effetto crespo e i danni ai capelli, non c'\u00e8 niente di meglio del nostro balsamo nutriente anti-crespo. Formulato con principi attivi benefici, leviga e sigilla singolarmente le cuticole sollevate e ripara le fibre capillari danneggiate. Questo <strong>condizionatore<\/strong> fornisce una protezione a lungo termine contro le doppie punte e i danni ambientali, migliorando notevolmente la gestibilit\u00e0 grazie alla riduzione dell'attrito, del crespo e della districabilit\u00e0.<\/p>\n<ul>\n<li>Senza coloranti artificiali<\/li>\n<li>Senza silicio aggiunto<\/li>\n<li>Senza parabeni<\/li>\n<li>Vegano certificato<\/li>\n<li>Senza crudelt\u00e0<\/li>\n<li>Biodegradabile e senza microsfere<\/li>\n<\/ul>\n<p>Formula anticrespo<\/p>\n<p>Quando si tratta di controllare il crespo e riparare i capelli danneggiati, non c'\u00e8 niente di meglio di un balsamo nutriente. \u00c8 formulato con ingredienti attivi rinomati per lisciare e chiudere le cuticole, riparare le fibre danneggiate e preservare il colore dei capelli.<\/p>\n<p>Protezione a lungo termine<\/p>\n<p>Formulato con principi attivi benefici, il balsamo nutriente anti-crespo di NATULIQUE leviga e sigilla le cuticole sollevate e ripara le fibre dei capelli spezzati.<\/p>\n<p><strong>Istruzioni per l'uso<\/strong> Applicare il balsamo sui capelli e lavorare dal cuoio capelluto alle punte. Lasciare agire per un minuto. Risciacquare con acqua tiepida, asciugare con un asciugamano e acconciare.<\/p>\n<div class=\"fusion-title title fusion-title-3 fusion-sep-none fusion-title-text fusion-title-size-four\">\n<p>Il Balsamo Nutriente Natulique non contiene solfati, parabeni o sostanze chimiche aggressive, per cui il suo utilizzo \u00e8 delicato ed ecologico. Ideale per l'uso quotidiano, lascia i capelli morbidi, setosi e facili da acconciare. Sperimentate la cura dei capelli di qualit\u00e0 superiore con Natulique e ridate vita ai capelli spenti e danneggiati.<\/p>\n<h3 class=\"fusion-title-heading title-heading-left fusion-responsive-typography-calculated\">INGREDIENTI ECCEZIONALI<\/h3>\n<\/div>\n<div class=\"fusion-text fusion-text-7\">\n<p><strong>Olio di avocado<\/strong>\u00a0Stimola la circolazione sanguigna e libera i follicoli piliferi, idratando il cuoio capelluto e i capelli.<\/p>\n<p><strong>Estratto di semi di girasole<\/strong>\u00a0contiene vitamina E e acidi grassi, che hanno dimostrato di ridurre e neutralizzare i radicali liberi che possono danneggiare i capelli e il cuoio capelluto.<\/p>\n<p><strong>Estratto di mirtillo rosso<\/strong>\u00a0ammorbidisce e nutre i capelli e offre propriet\u00e0 antiossidanti, antinfiammatorie e antibatteriche per il cuoio capelluto.<\/p>\n<p><strong>Creatina<\/strong>\u00a0\u00e8 un eccezionale costruttore di legami e l'aminoacido rafforza e ricostruisce i capelli dall'interno, aumentando la vitalit\u00e0 cellulare, l'elasticit\u00e0 e la forza dei capelli.<\/p>\n<div class=\"fusion-text fusion-text-8\">\n<p>La combinazione unica di<strong>olio di ricino idrogenato<\/strong>\u00a0e\u00a0<em><b>copolimero di acido sebacico<\/b><\/em>\u00a0\u00e8 un complesso di ingredienti completamente naturali che aiuta a sigillare e levigare le cuticole sollevate, a riparare le doppie punte e a ridurre la decolorazione dei capelli.<\/p>\n<\/div>\n<div class=\"accordian fusion-accordian\">\n<div id=\"accordion-666-1\" class=\"panel-group fusion-toggle-icon-unboxed\">\n<div class=\"fusion-panel panel-default panel-77251958c93bec106 fusion-toggle-no-divider\">\n<div class=\"panel-heading\">\n<div class=\"fusion-layout-column fusion_builder_column fusion-builder-column-19 fusion_builder_column_2_3 2_3 fusion-flex-column fusion-flex-align-self-center fusion-animated\" data-animationtype=\"fadeInDown\" data-animationduration=\"1.4\" data-animationoffset=\"top-into-view\">\n<div class=\"fusion-column-wrapper fusion-column-has-shadow fusion-flex-justify-content-flex-start fusion-content-layout-column\">\n<div class=\"fusion-text fusion-text-9\">\n<p>L'<strong>Balsamo nutriente anti-crespo<\/strong>\u00a0\u00e8 prodotto in conformit\u00e0 alla nostra etica 360BIOCERT. Ci\u00f2 significa che viene prodotto in Danimarca con metodi sostenibili, utilizzando i migliori ingredienti, senza test sugli animali, senza schiavit\u00f9 moderna e senza lavoro minorile!<\/p>\n<p>Essere 360BIOCERT Organic significa anche che oltre il 95 % dei nostri ingredienti sono naturali e che non utilizziamo profumi, riempitivi o coloranti sintetici, n\u00e9 parabeni o solfati aggressivi.<\/p>\n<\/div>\n<\/div>\n<\/div>\n<div class=\"fusion-layout-column fusion_builder_column fusion-builder-column-20 fusion_builder_column_1_3 1_3 fusion-flex-column fusion-animated\" data-animationtype=\"fadeIn\" data-animationduration=\"1.4\" data-animationoffset=\"top-into-view\">\n<div class=\"fusion-column-wrapper fusion-column-has-shadow fusion-flex-justify-content-center fusion-content-layout-row\">Scegliete Natulique, un marchio impegnato nello sviluppo sostenibile, per una cura dei capelli naturale ed efficace. Acquistate ora sul nostro negozio esclusivo e ufficiale Natulique in Svizzera e beneficiate di una consegna rapida in Svizzera.<\/div>\n<div>\n<p><strong>Il concetto di NATULIQUE<\/strong><\/p>\n<p>Siete curiosi di sapere com'\u00e8 fatto un salone NATULIQUE 100%?<\/p>\n<p><a href=\"https:\/\/natulique.com\/fr\/concept-salon\/\">Per saperne di pi\u00f9 sui vantaggi e su come diventare un salone concept \u2192<\/a><\/p>\n<p>Completo di crema nutriente Natulique<\/p>\n<p><a href=\"https:\/\/mccp-coiffure-bio.ch\/creme-nourrissante-cheveux\/\">https:\/\/mccp-coiffure-bio.ch\/creme-nourrissante-cheveux\/<\/a><\/p>\n<\/div>\n<\/div>\n<\/div>\n<\/div>\n<\/div>\n<\/div>\n<\/div>","protected":false},"excerpt":{"rendered":"<h2 style=\"text-align: left\"><strong>Balsamo nutriente Natulique <\/strong><\/h2>\n<p style=\"text-align: left\">Scoprite il Balsamo Nutriente Natulique, studiato per condizionare e idratare profondamente i capelli. Formulato con ingredienti biologici certificati, questo balsamo offre un nutrimento intenso per tutti i tipi di capelli. Arricchito con oli naturali ed estratti vegetali, aiuta a rafforzare la fibra capillare, a ridurre l'effetto crespo e a migliorare la lucentezza.<\/p>\n<p>Scegliete Natulique, un marchio impegnato nello sviluppo sostenibile, per una cura dei capelli naturale ed efficace. Acquistate ora sul nostro negozio esclusivo e ufficiale Natulique in Svizzera e beneficiate di una consegna rapida in Svizzera.<\/p>\n<ul style=\"text-align: left\">\n<li><strong>Ingredienti biologici<\/strong><\/li>\n<li><strong>Vegano<\/strong><\/li>\n<li><strong>Qualit\u00e0 Pro<\/strong><\/li>\n<li><strong>Imballaggio riciclabile<\/strong><\/li>\n<\/ul>\n<p><img decoding=\"async\" class=\"wp-image-2406 aligncenter\" src=\"https:\/\/particulier.mccp-coiffure-bio.ch\/wp-content\/uploads\/2021\/01\/vegan-society-certification-300x242.png\" alt=\"\" width=\"214\" height=\"172\" srcset=\"https:\/\/particulier.mccp-coiffure-bio.ch\/wp-content\/uploads\/2021\/01\/vegan-society-certification-300x242.png 300w, https:\/\/particulier.mccp-coiffure-bio.ch\/wp-content\/uploads\/2021\/01\/vegan-society-certification.png 529w\" sizes=\"(max-width: 214px) 100vw, 214px\" \/><\/p>","protected":false},"featured_media":3285,"comment_status":"open","ping_status":"closed","template":"","meta":{"ocean_post_layout":"","ocean_both_sidebars_style":"","ocean_both_sidebars_content_width":0,"ocean_both_sidebars_sidebars_width":0,"ocean_sidebar":"0","ocean_second_sidebar":"0","ocean_disable_margins":"enable","ocean_add_body_class":"","ocean_shortcode_before_top_bar":"","ocean_shortcode_after_top_bar":"","ocean_shortcode_before_header":"","ocean_shortcode_after_header":"","ocean_has_shortcode":"","ocean_shortcode_after_title":"","ocean_shortcode_before_footer_widgets":"","ocean_shortcode_after_footer_widgets":"","ocean_shortcode_before_footer_bottom":"","ocean_shortcode_after_footer_bottom":"","ocean_display_top_bar":"default","ocean_display_header":"default","ocean_header_style":"","ocean_center_header_left_menu":"0","ocean_custom_header_template":"0","ocean_custom_logo":0,"ocean_custom_retina_logo":0,"ocean_custom_logo_max_width":0,"ocean_custom_logo_tablet_max_width":0,"ocean_custom_logo_mobile_max_width":0,"ocean_custom_logo_max_height":0,"ocean_custom_logo_tablet_max_height":0,"ocean_custom_logo_mobile_max_height":0,"ocean_header_custom_menu":"0","ocean_menu_typo_font_family":"0","ocean_menu_typo_font_subset":"","ocean_menu_typo_font_size":0,"ocean_menu_typo_font_size_tablet":0,"ocean_menu_typo_font_size_mobile":0,"ocean_menu_typo_font_size_unit":"px","ocean_menu_typo_font_weight":"","ocean_menu_typo_font_weight_tablet":"","ocean_menu_typo_font_weight_mobile":"","ocean_menu_typo_transform":"","ocean_menu_typo_transform_tablet":"","ocean_menu_typo_transform_mobile":"","ocean_menu_typo_line_height":0,"ocean_menu_typo_line_height_tablet":0,"ocean_menu_typo_line_height_mobile":0,"ocean_menu_typo_line_height_unit":"","ocean_menu_typo_spacing":0,"ocean_menu_typo_spacing_tablet":0,"ocean_menu_typo_spacing_mobile":0,"ocean_menu_typo_spacing_unit":"","ocean_menu_link_color":"","ocean_menu_link_color_hover":"","ocean_menu_link_color_active":"","ocean_menu_link_background":"","ocean_menu_link_hover_background":"","ocean_menu_link_active_background":"","ocean_menu_social_links_bg":"","ocean_menu_social_hover_links_bg":"","ocean_menu_social_links_color":"","ocean_menu_social_hover_links_color":"","ocean_disable_title":"default","ocean_disable_heading":"default","ocean_post_title":"","ocean_post_subheading":"","ocean_post_title_style":"","ocean_post_title_background_color":"","ocean_post_title_background":0,"ocean_post_title_bg_image_position":"","ocean_post_title_bg_image_attachment":"","ocean_post_title_bg_image_repeat":"","ocean_post_title_bg_image_size":"","ocean_post_title_height":0,"ocean_post_title_bg_overlay":0.5,"ocean_post_title_bg_overlay_color":"","ocean_disable_breadcrumbs":"default","ocean_breadcrumbs_color":"","ocean_breadcrumbs_separator_color":"","ocean_breadcrumbs_links_color":"","ocean_breadcrumbs_links_hover_color":"","ocean_display_footer_widgets":"default","ocean_display_footer_bottom":"default","ocean_custom_footer_template":"0"},"product_brand":[],"product_cat":[322],"product_tag":[],"class_list":{"0":"post-3286","1":"product","2":"type-product","3":"status-publish","4":"has-post-thumbnail","6":"product_cat-soins-des-cheveux","8":"entry","9":"has-media","11":"first","12":"instock","13":"taxable","14":"shipping-taxable","15":"purchasable","16":"product-type-variable","17":"has-product-nav","18":"col","19":"span_1_of_5","20":"owp-content-center","21":"owp-thumbs-layout-horizontal","22":"owp-btn-normal","23":"owp-tabs-layout-horizontal"},"jetpack_sharing_enabled":true,"_links":{"self":[{"href":"https:\/\/particulier.mccp-coiffure-bio.ch\/it\/wp-json\/wp\/v2\/product\/3286","targetHints":{"allow":["GET"]}}],"collection":[{"href":"https:\/\/particulier.mccp-coiffure-bio.ch\/it\/wp-json\/wp\/v2\/product"}],"about":[{"href":"https:\/\/particulier.mccp-coiffure-bio.ch\/it\/wp-json\/wp\/v2\/types\/product"}],"replies":[{"embeddable":true,"href":"https:\/\/particulier.mccp-coiffure-bio.ch\/it\/wp-json\/wp\/v2\/comments?post=3286"}],"version-history":[{"count":0,"href":"https:\/\/particulier.mccp-coiffure-bio.ch\/it\/wp-json\/wp\/v2\/product\/3286\/revisions"}],"wp:featuredmedia":[{"embeddable":true,"href":"https:\/\/particulier.mccp-coiffure-bio.ch\/it\/wp-json\/wp\/v2\/media\/3285"}],"wp:attachment":[{"href":"https:\/\/particulier.mccp-coiffure-bio.ch\/it\/wp-json\/wp\/v2\/media?parent=3286"}],"wp:term":[{"taxonomy":"product_brand","embeddable":true,"href":"https:\/\/particulier.mccp-coiffure-bio.ch\/it\/wp-json\/wp\/v2\/product_brand?post=3286"},{"taxonomy":"product_cat","embeddable":true,"href":"https:\/\/particulier.mccp-coiffure-bio.ch\/it\/wp-json\/wp\/v2\/product_cat?post=3286"},{"taxonomy":"product_tag","embeddable":true,"href":"https:\/\/particulier.mccp-coiffure-bio.ch\/it\/wp-json\/wp\/v2\/product_tag?post=3286"}],"curies":[{"name":"wp","href":"https:\/\/api.w.org\/{rel}","templated":true}]}}