{"id":3244,"date":"2024-05-22T13:22:18","date_gmt":"2024-05-22T11:22:18","guid":{"rendered":"https:\/\/particulier.mccp-coiffure-bio.ch\/shampooing-cheveux-volume-2\/"},"modified":"2026-03-07T08:59:57","modified_gmt":"2026-03-07T07:59:57","slug":"shampoing-volume-250ml-1l","status":"publish","type":"product","link":"https:\/\/particulier.mccp-coiffure-bio.ch\/it\/prodotto\/shampoing-volume-250ml-1l\/","title":{"rendered":"Shampoo Volume"},"content":{"rendered":"<h1>SHAMPOO VOLUME<\/h1>\n<p>Un complesso avanzato di rosmarino, estratto di seta d'avena e altri ingredienti altamente benefici deterge e aiuta a rigenerare i capelli, aumentandone efficacemente il volume.<\/p>\n<p>Le<strong> Shampoo volumizzante<\/strong> NATULIQUE ha una formula con qualit\u00e0 ricostituenti per ringiovanire e nutrire i capelli e il cuoio capelluto.<\/p>\n<p>La formula certificata biologica \u00e8 ricca di antiossidanti e vitamine benefiche con propriet\u00e0 antinfiammatorie e lenitive.<\/p>\n<p>Le propriet\u00e0 antinfiammatorie e lenitive dell'estratto di foglie di rosmarino e dell'estratto di chicchi d'avena rendono questo prodotto ideale per l'uso su viso e collo. <strong>shampoo volume<\/strong> particolarmente adatto come <strong>shampoo disintossicante<\/strong>. Se il cliente ha un eccesso di sebo o un accumulo di prodotti, questo shampoo pulisce in profondit\u00e0 e disintossica il cuoio capelluto.<\/p>\n<p>Una corretta pulizia delle radici combinata con la stimolazione dei follicoli piliferi e l'aumento dello spessore di ogni singolo capello. <strong>ciocca di capelli<\/strong> sollever\u00e0 i capelli dal cuoio capelluto e dar\u00e0 loro un aspetto pi\u00f9 pieno e corposo.<\/p>\n<p>Pu\u00f2 essere utilizzato in salone come detergente profondo prima di altri trattamenti o di un servizio di colorazione, oppure a casa se necessario.<\/p>\n<p><strong>Istruzioni per l'uso<\/strong> Capelli bagnati. Applicare lo shampoo e lavorare dal cuoio capelluto alle punte. Risciacquare e ripetere se necessario.<\/p>\n<h3>FORMULA ULTRA GENTILE per il nostro shampoo volume Natulique<\/h3>\n<ul>\n<li>L'<b><strong>estratto di foglie di rosmarino <\/strong><\/b>stimola le radici e i follicoli dei capelli, mentre le propriet\u00e0 antinfiammatorie aiutano a lenire e guarire il cuoio capelluto irritato.<\/li>\n<li><b><strong>Estratto di avenaIdratazione<\/strong><\/b>rinforza e ripara i capelli grazie agli omega 6 e 9<\/li>\n<li><b><strong>Estratto di bacche di Acai: <\/strong><\/b>Gli aminoacidi mantengono forti le radici e sano il cuoio capelluto.<\/li>\n<li><b><strong>Olio di semi di girasole : <\/strong><\/b>protegge grazie all'acido pantotenico<\/li>\n<li><b><strong>Estratto di foglie di Aloe Vera: <\/strong><\/b>Ammorbidisce, lenisce e cicatrizza grazie alle vitamine A, B e C<\/li>\n<li><strong>Glicerina a base di cocco: <\/strong>Preserva l'idratazione e ossigena efficacemente i capelli.<\/li>\n<\/ul>\n<div class=\"fusion-text fusion-text-14\">\n<p>Disponibile in bottiglie da 250 ml (8,5 fl. oz.) e 1000 ml (34 fl. oz.), realizzate in plastica PET 100% ecologica e riciclabile.<\/p>\n<p>Per completare questo shampoo, si consiglia di continuare il trattamento volume con Natulique Volume Conditioner.<\/p>\n<p>Fornisce nutrimento e ammorbidisce i capelli, contribuendo a creare una chioma bella, voluminosa e naturale.<\/p>\n<p><a href=\"https:\/\/natulique.com\/fr\/volume-conditioner\/\">Balsamo Volume NATULIQUE \u2192<\/a><\/p>\n<p>Per un volume ancora maggiore, terminate il vostro rituale con il Tonico Volumizzante, che dona un volume sublime e ore di tenuta a tutti i tipi di capelli.<\/p>\n<div class=\"fusion-layout-column fusion_builder_column fusion-builder-column-15 fusion_builder_column_1_3 1_3 fusion-flex-column\">\n<div class=\"fusion-column-wrapper fusion-column-has-shadow fusion-flex-justify-content-flex-start fusion-content-layout-column\">\n<div class=\"fusion-text fusion-text-7\">\n<p><a class=\"link\" href=\"https:\/\/natulique.com\/fr\/root-lifter-volume-tonic\/\">Tonic Volumateur Radici speciali\u00a0<i class=\"fas fa-chevron-right\"><\/i><\/a><\/p>\n<\/div>\n<\/div>\n<\/div>\n<div class=\"fusion-layout-column fusion_builder_column fusion-builder-column-16 fusion_builder_column_1_3 1_3 fusion-flex-column\">\n<div class=\"fusion-column-wrapper fusion-column-has-shadow fusion-flex-justify-content-flex-start fusion-content-layout-column\"><\/div>\n<\/div>\n<\/div>\n<div class=\"fusion-text fusion-text-15\">\n<div class=\"ingredients alignjustify\"><b><strong>Ingredienti<\/strong><\/b>: Aqua (Acqua), succo di foglie di Aloe Barbadensis*, Lauryl Glucoside, Glicerina, Sodium Coco-Sulfate, Cocamidopropyl Betaine, Polyglyceryl-4 Caprate, Sodium Cocoamphoacetate, Sodium Chloride, Sodium Benzoate, Disodium Cocoyl Glutamate, Panthenol, Propylene Glycol, Sodium Cocoyl Glutamate, Sodium Sulfate, Potassium Sorbate, Sodium Gluconate, Sodium Hydroxide, Avena Sativa Kernel Extract*, Citric Acid, Euterpe Oleracea Fruit Extract*, Helianthus Annuus Seed Oil, Rosmarinus Officinalis Leaf Extract*, Aroma, Limonene, Linalool, Geraniol.<\/div>\n<\/div>\n<p>*Ingredienti da agricoltura biologica certificata<\/p>","protected":false},"excerpt":{"rendered":"<h2 style=\"text-align: left\">Scoprite lo shampoo Volume Natulique presso MCCP COIFFURE BIO<\/h2>\n<p>Il miglior shampoo volumizzante biologico per risultati incredibili<\/p>\n<p>Formulato con rosmarino, Al\u00e9o Vera e frutto di Acai per la salute e la nutrizione ottimale dei capelli.<\/p>\n<p>Le propriet\u00e0 antinfiammatorie e lenitive dell'estratto di foglie di rosmarino e dell'estratto di crusca d'avena rendono lo shampoo Volume particolarmente adatto come shampoo disintossicante. Se il cliente ha un eccesso di sebo o un accumulo di prodotti, questo shampoo pulisce in profondit\u00e0 e disintossica il cuoio capelluto.<\/p>\n<p>Questo Shampoo Volume aiuta i capelli e il cuoio capelluto a raggiungere il loro massimo potenziale. Pulisce in profondit\u00e0 le radici e stimola i follicoli piliferi, dando corpo ai capelli fini senza lasciarli secchi o opachi.<\/p>\n<p style=\"text-align: left\">Immergetevi nell'eccellenza della bellezza dei capelli con <strong>MCCP COIFFURE BIO<\/strong> il vostro partner esclusivo per <strong>distribuzione del prodotto<\/strong> <strong>Natulico<\/strong> a<strong> Svizzera<\/strong>. In qualit\u00e0 di specialisti dedicati, vi offriamo una gamma completa di <strong>prodotti per capelli<\/strong> con ingredienti biologici di alta qualit\u00e0.<\/p>\n<ul style=\"text-align: left\">\n<li><strong>Ingredienti biologici<\/strong><\/li>\n<li><strong>Vegano<\/strong><\/li>\n<li><strong>Qualit\u00e0 Pro<\/strong><\/li>\n<li><strong>Imballaggio riciclabile<\/strong><\/li>\n<\/ul>\n<p><img decoding=\"async\" class=\"wp-image-2406 aligncenter\" src=\"https:\/\/particulier.mccp-coiffure-bio.ch\/wp-content\/uploads\/2021\/01\/vegan-society-certification-300x242.png\" alt=\"\" width=\"214\" height=\"172\" srcset=\"https:\/\/particulier.mccp-coiffure-bio.ch\/wp-content\/uploads\/2021\/01\/vegan-society-certification-300x242.png 300w, https:\/\/particulier.mccp-coiffure-bio.ch\/wp-content\/uploads\/2021\/01\/vegan-society-certification.png 529w\" sizes=\"(max-width: 214px) 100vw, 214px\" \/><\/p>","protected":false},"featured_media":5265,"comment_status":"open","ping_status":"closed","template":"","meta":{"ocean_post_layout":"","ocean_both_sidebars_style":"","ocean_both_sidebars_content_width":0,"ocean_both_sidebars_sidebars_width":0,"ocean_sidebar":"0","ocean_second_sidebar":"0","ocean_disable_margins":"enable","ocean_add_body_class":"","ocean_shortcode_before_top_bar":"","ocean_shortcode_after_top_bar":"","ocean_shortcode_before_header":"","ocean_shortcode_after_header":"","ocean_has_shortcode":"","ocean_shortcode_after_title":"","ocean_shortcode_before_footer_widgets":"","ocean_shortcode_after_footer_widgets":"","ocean_shortcode_before_footer_bottom":"","ocean_shortcode_after_footer_bottom":"","ocean_display_top_bar":"default","ocean_display_header":"default","ocean_header_style":"","ocean_center_header_left_menu":"0","ocean_custom_header_template":"0","ocean_custom_logo":0,"ocean_custom_retina_logo":0,"ocean_custom_logo_max_width":0,"ocean_custom_logo_tablet_max_width":0,"ocean_custom_logo_mobile_max_width":0,"ocean_custom_logo_max_height":0,"ocean_custom_logo_tablet_max_height":0,"ocean_custom_logo_mobile_max_height":0,"ocean_header_custom_menu":"0","ocean_menu_typo_font_family":"0","ocean_menu_typo_font_subset":"","ocean_menu_typo_font_size":0,"ocean_menu_typo_font_size_tablet":0,"ocean_menu_typo_font_size_mobile":0,"ocean_menu_typo_font_size_unit":"px","ocean_menu_typo_font_weight":"","ocean_menu_typo_font_weight_tablet":"","ocean_menu_typo_font_weight_mobile":"","ocean_menu_typo_transform":"","ocean_menu_typo_transform_tablet":"","ocean_menu_typo_transform_mobile":"","ocean_menu_typo_line_height":0,"ocean_menu_typo_line_height_tablet":0,"ocean_menu_typo_line_height_mobile":0,"ocean_menu_typo_line_height_unit":"","ocean_menu_typo_spacing":0,"ocean_menu_typo_spacing_tablet":0,"ocean_menu_typo_spacing_mobile":0,"ocean_menu_typo_spacing_unit":"","ocean_menu_link_color":"","ocean_menu_link_color_hover":"","ocean_menu_link_color_active":"","ocean_menu_link_background":"","ocean_menu_link_hover_background":"","ocean_menu_link_active_background":"","ocean_menu_social_links_bg":"","ocean_menu_social_hover_links_bg":"","ocean_menu_social_links_color":"","ocean_menu_social_hover_links_color":"","ocean_disable_title":"default","ocean_disable_heading":"default","ocean_post_title":"","ocean_post_subheading":"","ocean_post_title_style":"","ocean_post_title_background_color":"","ocean_post_title_background":0,"ocean_post_title_bg_image_position":"","ocean_post_title_bg_image_attachment":"","ocean_post_title_bg_image_repeat":"","ocean_post_title_bg_image_size":"","ocean_post_title_height":0,"ocean_post_title_bg_overlay":0.5,"ocean_post_title_bg_overlay_color":"","ocean_disable_breadcrumbs":"default","ocean_breadcrumbs_color":"","ocean_breadcrumbs_separator_color":"","ocean_breadcrumbs_links_color":"","ocean_breadcrumbs_links_hover_color":"","ocean_display_footer_widgets":"default","ocean_display_footer_bottom":"default","ocean_custom_footer_template":"0"},"product_brand":[],"product_cat":[324],"product_tag":[],"class_list":{"0":"post-3244","1":"product","2":"type-product","3":"status-publish","4":"has-post-thumbnail","6":"product_cat-shampoings-naturels","8":"entry","9":"has-media","11":"first","12":"instock","13":"taxable","14":"shipping-taxable","15":"product-type-variable","16":"has-default-attributes","17":"has-product-nav","18":"col","19":"span_1_of_5","20":"owp-content-center","21":"owp-thumbs-layout-horizontal","22":"owp-btn-normal","23":"owp-tabs-layout-horizontal"},"jetpack_sharing_enabled":true,"_links":{"self":[{"href":"https:\/\/particulier.mccp-coiffure-bio.ch\/it\/wp-json\/wp\/v2\/product\/3244","targetHints":{"allow":["GET"]}}],"collection":[{"href":"https:\/\/particulier.mccp-coiffure-bio.ch\/it\/wp-json\/wp\/v2\/product"}],"about":[{"href":"https:\/\/particulier.mccp-coiffure-bio.ch\/it\/wp-json\/wp\/v2\/types\/product"}],"replies":[{"embeddable":true,"href":"https:\/\/particulier.mccp-coiffure-bio.ch\/it\/wp-json\/wp\/v2\/comments?post=3244"}],"version-history":[{"count":0,"href":"https:\/\/particulier.mccp-coiffure-bio.ch\/it\/wp-json\/wp\/v2\/product\/3244\/revisions"}],"wp:featuredmedia":[{"embeddable":true,"href":"https:\/\/particulier.mccp-coiffure-bio.ch\/it\/wp-json\/wp\/v2\/media\/5265"}],"wp:attachment":[{"href":"https:\/\/particulier.mccp-coiffure-bio.ch\/it\/wp-json\/wp\/v2\/media?parent=3244"}],"wp:term":[{"taxonomy":"product_brand","embeddable":true,"href":"https:\/\/particulier.mccp-coiffure-bio.ch\/it\/wp-json\/wp\/v2\/product_brand?post=3244"},{"taxonomy":"product_cat","embeddable":true,"href":"https:\/\/particulier.mccp-coiffure-bio.ch\/it\/wp-json\/wp\/v2\/product_cat?post=3244"},{"taxonomy":"product_tag","embeddable":true,"href":"https:\/\/particulier.mccp-coiffure-bio.ch\/it\/wp-json\/wp\/v2\/product_tag?post=3244"}],"curies":[{"name":"wp","href":"https:\/\/api.w.org\/{rel}","templated":true}]}}