{"id":3204,"date":"2024-05-22T13:22:18","date_gmt":"2024-05-22T11:22:18","guid":{"rendered":"https:\/\/particulier.mccp-coiffure-bio.ch\/shampooing-cheveux-protection-couleur-2\/"},"modified":"2026-03-01T20:44:28","modified_gmt":"2026-03-01T19:44:28","slug":"shampoing-protection-couleur-250ml","status":"publish","type":"product","link":"https:\/\/particulier.mccp-coiffure-bio.ch\/it\/prodotto\/shampoing-protection-couleur-250ml\/","title":{"rendered":"Shampoo protettivo del colore"},"content":{"rendered":"<h1>SHAMPOO PROTEZIONE COLORE: nuova formula innovativa progettata con tecnologia proteica.<\/h1>\n<p>Il nostro<strong> shampoo protettivo del colore<\/strong>\u00a0certificato biologico \u00e8 stato appositamente formulato per <strong>capelli colorati<\/strong> per aiutarli a raggiungere il loro pieno potenziale senza perdere il loro splendido colore.<\/p>\n<p>Questo trattamento innovativo \u00e8 caratterizzato da una miscela equilibrata di lussuosi oli organici certificati, proteine e vitamine. Le proteine della seta idrolizzata formano una barriera protettiva sulle ciocche per migliorare l'elasticit\u00e0 e aumentare la lucentezza. Le proteine vegetali idratano i capelli e sono perfette per l'uso su capelli porosi o danneggiati e sulle doppie punte. L'estratto di fiori di camomilla aggiunge morbidezza e leggerezza.<\/p>\n<p>Aiuta a proteggere il colore e a rafforzare i capelli<br \/>\nFormulato con <strong>oli essenziali<\/strong> una fantastica protezione solare naturale, un protettore termico e un trattamento riparatore intensivo.<\/p>\n<p>Questi ingredienti delicati ma potenti aiutano a proteggere il colore e a lasciare i capelli forti, lisci e sani. Pi\u00f9 sani sono i capelli, pi\u00f9 a lungo dura il colore, quindi l'uso regolare di questo trattamento garantir\u00e0 risultati spettacolari e capelli profondamente colorati.<\/p>\n<p>Le <strong>Shampoo<\/strong> <strong>protezione del colore <\/strong>\u00e8 <strong>molto morbido e delicato<\/strong>\u00a0per proteggere davvero il colore. Gli estratti vegetali attivi e curativi contribuiscono a proteggere il colore, mentre il complesso di seta contiene un<strong>\u00a0alto contenuto proteico<\/strong>\u00a0per prevenire le decolorazioni. Rinforza i capelli ed \u00e8 una formula\u00a0<strong>anti-crespo e antistatico<\/strong>.<\/p>\n<p>Il nuovo\u00a0 <strong>Shampoo<\/strong> <strong>protezione del colore <\/strong>NATULIQUE \u00e8 eccellente anche per prevenire la forfora derivante da irritazioni prolungate del cuoio capelluto, come arrossamenti e prurito, causate da shampoo e prodotti per capelli convenzionali.<\/p>\n<p>Estremamente vantaggioso per i professionisti, i clienti del salone e l'ambiente.<\/p>\n<p>(Per ottenere risultati ottimali, vedere \u00a0<a href=\"https:\/\/natulique.com\/fr\/hair-colour-treatment\/\">Cura protettiva del colore. Scopri di pi\u00f9 qui \u2192<\/a>)<\/p>\n<p><strong>Istruzioni per l'uso :<\/strong> Almeno una volta alla settimana, applicare sui capelli appena lavati. Massaggiare bene i capelli. Lasciare in posa da 5 a 20 minuti. Risciacquare bene o leggermente, come si preferisce.<\/p>\n<p>Il nostro <strong>Shampoo<\/strong> <strong>protezione del colore<\/strong><strong>\u00a0<\/strong> contiene BDMBD al posto del cloruro di behentrimonium ed \u00e8 un prodotto molto pi\u00f9 ecologico. I risultati dei saloni hanno dimostrato che \u00e8 estremamente protettivo e benefico per i capelli e il colore.<\/p>\n<div class=\"fusion-layout-column fusion_builder_column fusion-builder-column-19 fusion_builder_column_3_5 3_5 fusion-flex-column\">\n<div class=\"fusion-column-wrapper fusion-column-has-shadow fusion-flex-justify-content-flex-start fusion-content-layout-column\">\n<div class=\"fusion-text fusion-text-13 fusion-no-small-visibility\">\n<p>Disponibile in bottiglie da 250 ml (8,5 fl. oz.) e 1000 ml (34 fl. oz.) in plastica ecologica PET 100%.<\/p>\n<\/div>\n<\/div>\n<\/div>\n<div class=\"fusion-layout-column fusion_builder_column fusion-builder-column-20 fusion_builder_column_2_5 2_5 fusion-flex-column\">\n<div class=\"fusion-column-wrapper fusion-column-has-shadow fusion-flex-justify-content-flex-start fusion-content-layout-column\">INGREDIENTI:<\/div>\n<\/div>\n<p class=\"has-small-font-size\">Aqua (acqua)<strong>Alcool cetearilico<\/strong>Metosolfato di bis-(etile PPG-3 behenato) dimonio<em>Glicerina<strong>Dimetilammina di Behenamidopropile<\/strong><\/em><strong>Estratto di fiori di Chamomilla Recutita<\/strong>Etilesilglicerina, Seta Idrolizzata<strong>Proteine vegetali idrolizzate<\/strong>Acido lattico**, profumo<strong><em>Sorbato di potassio, glicole propilenico, benzoato di sodio, acido sorbico, olio di trementina, olio di foglie di Eucalyptus Globulus, olio di foglie di Mentha Arvensis, olio di Lavandula Hybrida, olio di aghi di Abies Sibirica.<\/em><\/strong>Olio di frutta di Myristica Fragrans<strong><em>Olio di gemme di Eugenia Caryophyllus, Olio di erbe di Mentha Cardiaca<\/em><\/strong>.<\/p>\n<p class=\"has-small-font-size\">*) Ingredienti per un riciclo naturale biodegradabile unico 100%<br \/>\n**) Ingredienti di origine naturale<\/p>","protected":false},"excerpt":{"rendered":"<h2 style=\"text-align: left\">Scoprite lo shampoo protettivo del colore Natulique presso MCCP COIFFURE BIO<\/h2>\n<p>Le <strong>Shampoo protettivo del colore<\/strong> \u00e8 <strong>molto morbido e delicato<\/strong>\u00a0per proteggere davvero il colore. Gli estratti vegetali attivi e curativi contribuiscono a proteggere il colore, mentre il complesso di seta contiene un<strong>\u00a0alto contenuto proteico<\/strong>\u00a0per prevenire le decolorazioni. Rinforza i capelli ed \u00e8 una formula\u00a0<strong>anti-crespo e antistatico<\/strong>.<\/p>\n<p style=\"text-align: left\">Immergetevi nell'eccellenza della bellezza dei capelli con <strong>MCCP COIFFURE BIO<\/strong> il vostro partner esclusivo per <strong>distribuzione del prodotto<\/strong> <strong>Natulico<\/strong> a<strong> Svizzera<\/strong>. In qualit\u00e0 di specialisti dedicati, vi offriamo una gamma completa di <strong>prodotti per capelli<\/strong> realizzati con ingredienti biologici di altissima qualit\u00e0. Affidatevi alla nostra esperienza per ottenere un'esperienza eccezionale per i capelli, all'altezza delle vostre aspettative pi\u00f9 esigenti.<\/p>\n<ul style=\"text-align: left\">\n<li><strong>Ingredienti biologici<\/strong><\/li>\n<li><strong>Vegano<\/strong><\/li>\n<li><strong>Qualit\u00e0 Pro<\/strong><\/li>\n<li><strong>Imballaggio riciclabile<\/strong><\/li>\n<\/ul>\n<p><img decoding=\"async\" class=\"wp-image-2406 aligncenter\" src=\"https:\/\/particulier.mccp-coiffure-bio.ch\/wp-content\/uploads\/2021\/01\/vegan-society-certification-300x242.png\" alt=\"\" width=\"214\" height=\"172\" srcset=\"https:\/\/particulier.mccp-coiffure-bio.ch\/wp-content\/uploads\/2021\/01\/vegan-society-certification-300x242.png 300w, https:\/\/particulier.mccp-coiffure-bio.ch\/wp-content\/uploads\/2021\/01\/vegan-society-certification.png 529w\" sizes=\"(max-width: 214px) 100vw, 214px\" \/><\/p>","protected":false},"featured_media":5251,"comment_status":"open","ping_status":"closed","template":"","meta":{"ocean_post_layout":"","ocean_both_sidebars_style":"","ocean_both_sidebars_content_width":0,"ocean_both_sidebars_sidebars_width":0,"ocean_sidebar":"0","ocean_second_sidebar":"0","ocean_disable_margins":"enable","ocean_add_body_class":"","ocean_shortcode_before_top_bar":"","ocean_shortcode_after_top_bar":"","ocean_shortcode_before_header":"","ocean_shortcode_after_header":"","ocean_has_shortcode":"","ocean_shortcode_after_title":"","ocean_shortcode_before_footer_widgets":"","ocean_shortcode_after_footer_widgets":"","ocean_shortcode_before_footer_bottom":"","ocean_shortcode_after_footer_bottom":"","ocean_display_top_bar":"default","ocean_display_header":"default","ocean_header_style":"","ocean_center_header_left_menu":"0","ocean_custom_header_template":"0","ocean_custom_logo":0,"ocean_custom_retina_logo":0,"ocean_custom_logo_max_width":0,"ocean_custom_logo_tablet_max_width":0,"ocean_custom_logo_mobile_max_width":0,"ocean_custom_logo_max_height":0,"ocean_custom_logo_tablet_max_height":0,"ocean_custom_logo_mobile_max_height":0,"ocean_header_custom_menu":"0","ocean_menu_typo_font_family":"0","ocean_menu_typo_font_subset":"","ocean_menu_typo_font_size":0,"ocean_menu_typo_font_size_tablet":0,"ocean_menu_typo_font_size_mobile":0,"ocean_menu_typo_font_size_unit":"px","ocean_menu_typo_font_weight":"","ocean_menu_typo_font_weight_tablet":"","ocean_menu_typo_font_weight_mobile":"","ocean_menu_typo_transform":"","ocean_menu_typo_transform_tablet":"","ocean_menu_typo_transform_mobile":"","ocean_menu_typo_line_height":0,"ocean_menu_typo_line_height_tablet":0,"ocean_menu_typo_line_height_mobile":0,"ocean_menu_typo_line_height_unit":"","ocean_menu_typo_spacing":0,"ocean_menu_typo_spacing_tablet":0,"ocean_menu_typo_spacing_mobile":0,"ocean_menu_typo_spacing_unit":"","ocean_menu_link_color":"","ocean_menu_link_color_hover":"","ocean_menu_link_color_active":"","ocean_menu_link_background":"","ocean_menu_link_hover_background":"","ocean_menu_link_active_background":"","ocean_menu_social_links_bg":"","ocean_menu_social_hover_links_bg":"","ocean_menu_social_links_color":"","ocean_menu_social_hover_links_color":"","ocean_disable_title":"default","ocean_disable_heading":"default","ocean_post_title":"","ocean_post_subheading":"","ocean_post_title_style":"","ocean_post_title_background_color":"","ocean_post_title_background":0,"ocean_post_title_bg_image_position":"","ocean_post_title_bg_image_attachment":"","ocean_post_title_bg_image_repeat":"","ocean_post_title_bg_image_size":"","ocean_post_title_height":0,"ocean_post_title_bg_overlay":0.5,"ocean_post_title_bg_overlay_color":"","ocean_disable_breadcrumbs":"default","ocean_breadcrumbs_color":"","ocean_breadcrumbs_separator_color":"","ocean_breadcrumbs_links_color":"","ocean_breadcrumbs_links_hover_color":"","ocean_display_footer_widgets":"default","ocean_display_footer_bottom":"default","ocean_custom_footer_template":"0"},"product_brand":[],"product_cat":[324],"product_tag":[],"class_list":{"0":"post-3204","1":"product","2":"type-product","3":"status-publish","4":"has-post-thumbnail","6":"product_cat-shampoings-naturels","8":"entry","9":"has-media","11":"first","12":"instock","13":"taxable","14":"shipping-taxable","15":"purchasable","16":"product-type-variable","17":"has-default-attributes","18":"has-product-nav","19":"col","20":"span_1_of_5","21":"owp-content-center","22":"owp-thumbs-layout-horizontal","23":"owp-btn-normal","24":"owp-tabs-layout-horizontal"},"jetpack_sharing_enabled":true,"_links":{"self":[{"href":"https:\/\/particulier.mccp-coiffure-bio.ch\/it\/wp-json\/wp\/v2\/product\/3204","targetHints":{"allow":["GET"]}}],"collection":[{"href":"https:\/\/particulier.mccp-coiffure-bio.ch\/it\/wp-json\/wp\/v2\/product"}],"about":[{"href":"https:\/\/particulier.mccp-coiffure-bio.ch\/it\/wp-json\/wp\/v2\/types\/product"}],"replies":[{"embeddable":true,"href":"https:\/\/particulier.mccp-coiffure-bio.ch\/it\/wp-json\/wp\/v2\/comments?post=3204"}],"version-history":[{"count":0,"href":"https:\/\/particulier.mccp-coiffure-bio.ch\/it\/wp-json\/wp\/v2\/product\/3204\/revisions"}],"wp:featuredmedia":[{"embeddable":true,"href":"https:\/\/particulier.mccp-coiffure-bio.ch\/it\/wp-json\/wp\/v2\/media\/5251"}],"wp:attachment":[{"href":"https:\/\/particulier.mccp-coiffure-bio.ch\/it\/wp-json\/wp\/v2\/media?parent=3204"}],"wp:term":[{"taxonomy":"product_brand","embeddable":true,"href":"https:\/\/particulier.mccp-coiffure-bio.ch\/it\/wp-json\/wp\/v2\/product_brand?post=3204"},{"taxonomy":"product_cat","embeddable":true,"href":"https:\/\/particulier.mccp-coiffure-bio.ch\/it\/wp-json\/wp\/v2\/product_cat?post=3204"},{"taxonomy":"product_tag","embeddable":true,"href":"https:\/\/particulier.mccp-coiffure-bio.ch\/it\/wp-json\/wp\/v2\/product_tag?post=3204"}],"curies":[{"name":"wp","href":"https:\/\/api.w.org\/{rel}","templated":true}]}}