{"id":3190,"date":"2024-05-22T13:22:47","date_gmt":"2024-05-22T11:22:47","guid":{"rendered":"https:\/\/particulier.mccp-coiffure-bio.ch\/conditionner-bioactive-bond\/"},"modified":"2026-01-05T07:43:56","modified_gmt":"2026-01-05T06:43:56","slug":"apres-shampoing-bioactive-bond","status":"publish","type":"product","link":"https:\/\/particulier.mccp-coiffure-bio.ch\/it\/prodotto\/apres-shampoing-bioactive-bond\/","title":{"rendered":"Bioactive Bond confezione da 250 ml"},"content":{"rendered":"<h1><strong>Bioactive Bond Natulique Conditioner: Ripara e protegge i capelli in modo naturale 250 ml<\/strong><\/h1>\n<p>MCCP Distribution \u00e8 lieta di presentare il balsamo Bioactive Bond di Natulique, una soluzione rivoluzionaria per la cura dei capelli. Formulato con ingredienti organici e naturali, questo<strong> condizionatore<\/strong> \u00e8 stato progettato per rafforzare, idratare e proteggere i capelli, donando loro una vitalit\u00e0 e una lucentezza incomparabili. Perfetto per i professionisti dell'acconciatura e per i privati, Bioactive Bond Natulique \u00e8 l'alleato ideale per capelli sani e luminosi.<\/p>\n<h2><strong>Ingredienti naturali e biologici certificati<\/strong><\/h2>\n<p>Il balsamo Natulique Bioactive Bond \u00e8 arricchito con ingredienti biologici di alta qualit\u00e0 come il frutto dell'Acai, il cetriolo, la mela e le proteine idrolizzate del grano. Questi ingredienti naturali lavorano in sinergia per nutrire profondamente i capelli, nel rispetto dell'ambiente e della salute. Il frutto di Acai \u00e8 rinomato per le sue propriet\u00e0 idratanti e riparatrici, mentre la mela \u00e8 ricca di antiossidanti e crea una barriera naturale contro ulteriori danni. Le proteine del grano penetrano nel <strong>fibra dei capelli<\/strong> e rafforzano i capelli. Riempiono le lacune del <strong>cuticola dei capelli<\/strong>ripristina la forza e la resistenza dei capelli.<\/p>\n<h2><strong>Riparazione e protezione intensa<\/strong><\/h2>\n<p>Una delle caratteristiche distintive del balsamo Bioactive Bond Natulique \u00e8 la sua capacit\u00e0 di riparare i legami danneggiati dei capelli. Grazie alla sua formula innovativa, questo balsamo penetra in profondit\u00e0 nella fibra capillare, riparando i danni interni e rafforzando la struttura dei capelli. Riparando i legami dei capelli, aiuta a prevenire la rottura e le doppie punte, migliorando l'elasticit\u00e0 e la resistenza dei capelli. I capelli sono visibilmente pi\u00f9 forti, pi\u00f9 sani e pi\u00f9 lucenti dopo ogni utilizzo.<\/p>\n<h2><strong>Facile da usare e da applicare<\/strong><\/h2>\n<p>Natulique Bioactive Bond Conditioner \u00e8 facile da usare e si inserisce perfettamente nella routine di cura dei capelli. <strong>routine per i capelli<\/strong> ogni giorno. Dopo aver lavato i capelli con uno shampoo adatto, applicare una generosa quantit\u00e0 di balsamo sui capelli bagnati, concentrandosi sulle lunghezze e sulle punte. Lasciare agire per qualche minuto per permettere ai principi attivi di penetrare in profondit\u00e0, quindi risciacquare abbondantemente con acqua tiepida. Per ottenere risultati ottimali, utilizzare questo balsamo con lo shampoo Bioactive Bond Natulique.<\/p>\n<h2><strong>Rispetto dell'ambiente e della salute<\/strong><\/h2>\n<p>A Natulique e <strong>Distribuzione MCCP<\/strong>Noi di Bioactive Bond Natulique crediamo fermamente nell'importanza di preservare l'ambiente prendendoci cura della vostra salute. Il Balsamo Bioactive Bond Natulique \u00e8 certificato biologico e non contiene parabeni, solfati o siliconi. Inoltre, non \u00e8 testato sugli animali, il che lo rende una scelta etica e responsabile per i consumatori attenti al pianeta. Utilizzando questo <strong>condizionatore<\/strong>Contribuirete a proteggere l'ambiente, godendo al contempo dei benefici di una cura dei capelli di alta qualit\u00e0.<\/p>\n<h2><strong>Testimonianze e recensioni di clienti soddisfatti<\/strong><\/h2>\n<p>I nostri clienti sono unanimi: il balsamo Bioactive Bond Natulique trasforma i loro capelli. Apprezzano in particolare la rinnovata morbidezza e lucentezza, nonch\u00e9 la facilit\u00e0 di styling. Visitare <strong>professionisti dell'acconciatura<\/strong> raccomandano questo prodotto per la sua capacit\u00e0 di riparare e proteggere in profondit\u00e0 i capelli dai danni quotidiani. Gli utenti notano un miglioramento significativo della salute dei capelli gi\u00e0 dopo pochi utilizzi.<\/p>\n<h3><strong>Ordinate oggi stesso presso MCCP Distribution<\/strong><\/h3>\n<p>Non perdete l'occasione di provare <strong>Balsamo bioattivo<\/strong> Legate Natulique e trasformate i vostri capelli. Visitate il nostro negozio online ufficiale Swiss Natulique MCCP Distribution. Ci impegniamo a fornirvi prodotti di alta qualit\u00e0 per la cura dei capelli che rispettino l'ambiente e la vostra salute. Con Natulique Bioactive Bond Conditioner, date ai vostri capelli il meglio della natura per una bellezza radiosa e duratura.<\/p>\n<p><strong>Il concetto di NATULIQUE<\/strong><\/p>\n<p>Siete curiosi di sapere com'\u00e8 fatto un salone NATULIQUE 100%?<\/p>\n<p><a href=\"https:\/\/natulique.com\/fr\/concept-salon\/\">Per saperne di pi\u00f9 sui vantaggi e su come diventare un salone concept \u2192<\/a><\/p>","protected":false},"excerpt":{"rendered":"<h3>Il balsamo Bioactive Bond di Natulique rafforza e ripara i capelli danneggiati grazie alla sua formula biologica. Ripristina i legami dei capelli, migliora la lucentezza e la morbidezza ed \u00e8 privo di parabeni e solfati. Ideale per capelli sani e rivitalizzati.<\/h3>\n<ul>\n<li><strong>Ingredienti biologici\u00a0<\/strong><\/li>\n<li><strong>vegano<\/strong><\/li>\n<li><strong>prodotto in Danimarca<\/strong><\/li>\n<li><strong><strong>imballaggio riciclabile<\/strong><\/strong><img decoding=\"async\" class=\"size-full wp-image-8066\" title=\"NATURIGIN-NORDIC-SWAN-ECOLABEL-DARK-GREEN.png\" src=\"https:\/\/mccp-coiffure-bio.ch\/wp-content\/uploads\/2024\/05\/NATURIGIN-NORDIC-SWAN-ECOLABEL-DARK-GREEN.png\" alt=\"NATURIGIN-NORDIC-SWAN-ECOLABEL-DARK-GREEN.png\" width=\"190\" height=\"173\" \/><\/li>\n<\/ul>","protected":false},"featured_media":3067,"comment_status":"open","ping_status":"closed","template":"","meta":{"ocean_post_layout":"","ocean_both_sidebars_style":"","ocean_both_sidebars_content_width":0,"ocean_both_sidebars_sidebars_width":0,"ocean_sidebar":"0","ocean_second_sidebar":"0","ocean_disable_margins":"enable","ocean_add_body_class":"","ocean_shortcode_before_top_bar":"","ocean_shortcode_after_top_bar":"","ocean_shortcode_before_header":"","ocean_shortcode_after_header":"","ocean_has_shortcode":"","ocean_shortcode_after_title":"","ocean_shortcode_before_footer_widgets":"","ocean_shortcode_after_footer_widgets":"","ocean_shortcode_before_footer_bottom":"","ocean_shortcode_after_footer_bottom":"","ocean_display_top_bar":"default","ocean_display_header":"default","ocean_header_style":"","ocean_center_header_left_menu":"0","ocean_custom_header_template":"0","ocean_custom_logo":0,"ocean_custom_retina_logo":0,"ocean_custom_logo_max_width":0,"ocean_custom_logo_tablet_max_width":0,"ocean_custom_logo_mobile_max_width":0,"ocean_custom_logo_max_height":0,"ocean_custom_logo_tablet_max_height":0,"ocean_custom_logo_mobile_max_height":0,"ocean_header_custom_menu":"0","ocean_menu_typo_font_family":"0","ocean_menu_typo_font_subset":"","ocean_menu_typo_font_size":0,"ocean_menu_typo_font_size_tablet":0,"ocean_menu_typo_font_size_mobile":0,"ocean_menu_typo_font_size_unit":"px","ocean_menu_typo_font_weight":"","ocean_menu_typo_font_weight_tablet":"","ocean_menu_typo_font_weight_mobile":"","ocean_menu_typo_transform":"","ocean_menu_typo_transform_tablet":"","ocean_menu_typo_transform_mobile":"","ocean_menu_typo_line_height":0,"ocean_menu_typo_line_height_tablet":0,"ocean_menu_typo_line_height_mobile":0,"ocean_menu_typo_line_height_unit":"","ocean_menu_typo_spacing":0,"ocean_menu_typo_spacing_tablet":0,"ocean_menu_typo_spacing_mobile":0,"ocean_menu_typo_spacing_unit":"","ocean_menu_link_color":"","ocean_menu_link_color_hover":"","ocean_menu_link_color_active":"","ocean_menu_link_background":"","ocean_menu_link_hover_background":"","ocean_menu_link_active_background":"","ocean_menu_social_links_bg":"","ocean_menu_social_hover_links_bg":"","ocean_menu_social_links_color":"","ocean_menu_social_hover_links_color":"","ocean_disable_title":"default","ocean_disable_heading":"default","ocean_post_title":"","ocean_post_subheading":"","ocean_post_title_style":"","ocean_post_title_background_color":"","ocean_post_title_background":0,"ocean_post_title_bg_image_position":"","ocean_post_title_bg_image_attachment":"","ocean_post_title_bg_image_repeat":"","ocean_post_title_bg_image_size":"","ocean_post_title_height":0,"ocean_post_title_bg_overlay":0.5,"ocean_post_title_bg_overlay_color":"","ocean_disable_breadcrumbs":"default","ocean_breadcrumbs_color":"","ocean_breadcrumbs_separator_color":"","ocean_breadcrumbs_links_color":"","ocean_breadcrumbs_links_hover_color":"","ocean_display_footer_widgets":"default","ocean_display_footer_bottom":"default","ocean_custom_footer_template":"0"},"product_brand":[],"product_cat":[322],"product_tag":[],"class_list":{"0":"post-3190","1":"product","2":"type-product","3":"status-publish","4":"has-post-thumbnail","6":"product_cat-soins-des-cheveux","8":"entry","9":"has-media","11":"first","12":"instock","13":"taxable","14":"shipping-taxable","15":"purchasable","16":"product-type-simple","17":"has-product-nav","18":"col","19":"span_1_of_5","20":"owp-content-center","21":"owp-thumbs-layout-horizontal","22":"owp-btn-normal","23":"owp-tabs-layout-horizontal"},"jetpack_sharing_enabled":true,"_links":{"self":[{"href":"https:\/\/particulier.mccp-coiffure-bio.ch\/it\/wp-json\/wp\/v2\/product\/3190","targetHints":{"allow":["GET"]}}],"collection":[{"href":"https:\/\/particulier.mccp-coiffure-bio.ch\/it\/wp-json\/wp\/v2\/product"}],"about":[{"href":"https:\/\/particulier.mccp-coiffure-bio.ch\/it\/wp-json\/wp\/v2\/types\/product"}],"replies":[{"embeddable":true,"href":"https:\/\/particulier.mccp-coiffure-bio.ch\/it\/wp-json\/wp\/v2\/comments?post=3190"}],"version-history":[{"count":0,"href":"https:\/\/particulier.mccp-coiffure-bio.ch\/it\/wp-json\/wp\/v2\/product\/3190\/revisions"}],"wp:featuredmedia":[{"embeddable":true,"href":"https:\/\/particulier.mccp-coiffure-bio.ch\/it\/wp-json\/wp\/v2\/media\/3067"}],"wp:attachment":[{"href":"https:\/\/particulier.mccp-coiffure-bio.ch\/it\/wp-json\/wp\/v2\/media?parent=3190"}],"wp:term":[{"taxonomy":"product_brand","embeddable":true,"href":"https:\/\/particulier.mccp-coiffure-bio.ch\/it\/wp-json\/wp\/v2\/product_brand?post=3190"},{"taxonomy":"product_cat","embeddable":true,"href":"https:\/\/particulier.mccp-coiffure-bio.ch\/it\/wp-json\/wp\/v2\/product_cat?post=3190"},{"taxonomy":"product_tag","embeddable":true,"href":"https:\/\/particulier.mccp-coiffure-bio.ch\/it\/wp-json\/wp\/v2\/product_tag?post=3190"}],"curies":[{"name":"wp","href":"https:\/\/api.w.org\/{rel}","templated":true}]}}