{"id":2905,"date":"2024-05-22T10:55:58","date_gmt":"2024-05-22T08:55:58","guid":{"rendered":"https:\/\/particulier.mccp-coiffure-bio.ch\/shampoing-anti-chute-croissance\/"},"modified":"2026-02-04T13:39:14","modified_gmt":"2026-02-04T12:39:14","slug":"shampoing-anti-chute-croissance","status":"publish","type":"product","link":"https:\/\/particulier.mccp-coiffure-bio.ch\/it\/prodotto\/shampoing-anti-chute-croissance\/","title":{"rendered":"Shampoo anti-caduta - Crescita"},"content":{"rendered":"<h2>SHAMPOO NATURALE BIOLOGICO PER CAPELLI 150ml<\/h2>\n<p><strong>Anti-caduta dei capelli<\/strong> Molecular BioScience viene utilizzato in questo shampoo per prevenire la formazione di <strong>perdita di capelli<\/strong> e promuovere la ricrescita dei capelli. L'uso di una combinazione di principi attivi di alta qualit\u00e0 permette al prodotto di penetrare in profondit\u00e0 nella superficie del capello. <strong>cuoio capelluto<\/strong> per stimolare i follicoli piliferi e mantenere forti le radici dei capelli, aumentando al contempo lo spessore di ogni ciocca.<\/p>\n<p>Questo <strong>shampoo attivo anti-caduta dei capelli<\/strong> con radice di zenzero, acqua di fiori di rosa e aloe vera \u00e8 consigliato a uomini e donne di tutte le et\u00e0.<\/p>\n<p>La potente soluzione di BioScience per <strong>perdita di capelli<\/strong> L'avanzata formula scandinava combina apigenina, acido oleanolico e altri principi attivi a livello molecolare per arrestare la caduta dei capelli, rafforzare i follicoli piliferi e proteggere il cuoio capelluto. <strong>radici dei capelli<\/strong> e favoriscono la formazione di nuovi follicoli e fili di capelli.<\/p>\n<div class=\"fusion-layout-column fusion_builder_column fusion-builder-column-13 fusion_builder_column_1_3 1_3 fusion-flex-column\">\n<div class=\"fusion-column-wrapper fusion-flex-justify-content-flex-start fusion-content-layout-column\">\n<div class=\"fusion-text fusion-text-7\">\n<p>Uno shampoo a base di Aloe Vera certificata biologica, olio di mandorle ed estratto di frutta d'oliva che aiuta a prevenire la caduta dei capelli e a stimolarne la ricrescita naturale grazie alla biotecnologia molecolare anti-caduta. Una combinazione di ingredienti attivi selezionati di prima qualit\u00e0 aiuta a penetrare in profondit\u00e0 nel cuoio capelluto per stimolare i follicoli piliferi e mantenere forti le radici dei capelli, aumentando al contempo lo spessore delle singole ciocche. Questo esclusivo shampoo attivo anticaduta, con radice di zenzero, acqua di rose e Aloe Vera, \u00e8 adatto e consigliato a uomini e donne di tutte le et\u00e0.<\/p>\n<\/div>\n<\/div>\n<\/div>\n<div class=\"fusion-layout-column fusion_builder_column fusion-builder-column-14 fusion_builder_column_1_3 1_3 fusion-flex-column\">\n<div class=\"fusion-column-wrapper fusion-flex-justify-content-flex-start fusion-content-layout-column\">\n<h3 class=\"fusion-text fusion-text-8\">Che cosa contiene lo shampoo naturale biologico anti-caduta dei capelli di Natulique?<\/h3>\n<div><\/div>\n<\/div>\n<\/div>\n<p><strong>Apigenina<\/strong> antiossidante e idratante per capelli<\/p>\n<p>Un bioflavonoide, l'apigenina, si trova in molti frutti e verdure, come prezzemolo, cipolle, arance e camomilla. Questo composto flavonoide svolge un ruolo <strong>antiossidante<\/strong>. Gli studi dimostrano che l'apigenina promuove chiaramente <strong>crescita dei capelli<\/strong>.<\/p>\n<p><strong>Il tripeptide biotinoil-1<\/strong> ammorbidente per capelli<\/p>\n<p>Il biotinil triepdide-1 \u00e8 in grado di aumentare la crescita di nuovi capelli di oltre 100 % e di ridurre la perdita di capelli di oltre 50 %.<\/p>\n<p><strong>Acido oleanolico<\/strong> Manutenzione della pelle<\/p>\n<p>L'acido oleanolico \u00e8 parte integrante di molte piante, come l'olivo, e ha propriet\u00e0 antiossidanti e antimicrobiche. I prodotti per la crescita dei capelli contengono spesso acido oleanolico, oltre a biotinoil tripeptide-1 e apigenina.<\/p>\n<p>Applicare il<strong> shampoo<\/strong> sui capelli bagnati e allungare il <strong>cuoio capelluto<\/strong> alle estremit\u00e0. Esaminare e ripetere se necessario.<\/p>\n<p><strong>Ingredienti:<\/strong>\u00a0Aqua, Ammonium lauryl sulfate, Cocamidopropyl betaine, PEG-7 glyceryl cocoate, Zingiber officinale root extract, Rosa damascena flower water, Aloe barbadensis leaf extract, Hydrolyzed silk, Glycerin, Apigenin, Biotinoyl tripeptide-1, Butilene glicole, Caprylyl glicole, Acido citico, Acido oleanolico, Parfum, PEG-40 olio di ricino idrogenato, Polyquaternium-10, Potassio sorbato, PPG-26-buteth-26, Benzoato di sodio, Cloruro di sodio, Idrossido di sodio, Acido sorbico.<\/p>\n<p>&nbsp;<\/p>\n<p><strong>Il concetto di NATULIQUE<\/strong><\/p>\n<p>Siete curiosi di sapere com'\u00e8 fatto un salone NATULIQUE 100%?<\/p>\n<p><a href=\"https:\/\/natulique.com\/fr\/concept-salon\/\">Per saperne di pi\u00f9 sui vantaggi e su come diventare un salone concept \u2192<\/a><\/p>\n<div class=\"fusion-title title fusion-title-2 fusion-no-small-visibility fusion-no-medium-visibility fusion-sep-none fusion-title-text fusion-title-size-paragraph\">\n<p class=\"fusion-title-heading title-heading-left title-heading-tag fusion-responsive-typography-calculated\">Famiglia #NATULIQUE<\/p>\n<\/div>\n<div class=\"fusion-text fusion-text-12 fusion-no-small-visibility fusion-no-medium-visibility\">\n<p>La nostra missione \u00e8 quella di promuovere e mettere in evidenza il notevole lavoro dei parrucchieri e l'enorme impatto che hanno sulle nostre vite.<\/p>\n<\/div>","protected":false},"excerpt":{"rendered":"<div class=\"flex flex-grow flex-col max-w-full\">\n<div class=\"min-h-[20px] text-message flex flex-col items-start whitespace-pre-wrap break-words [.text-message+&amp;]:mt-5 juice:w-full juice:items-end overflow-x-auto gap-2\" dir=\"auto\" data-message-author-role=\"assistant\" data-message-id=\"6df99f63-7a6d-42e4-b202-621228ae0b21\">\n<div class=\"flex w-full flex-col gap-1 juice:empty:hidden juice:first:pt-[3px]\">\n<div class=\"markdown prose w-full break-words dark:prose-invert dark\">\n<p>&nbsp;<\/p>\n<\/div>\n<\/div>\n<\/div>\n<\/div>\n<div class=\"flex flex-grow flex-col max-w-full\">\n<div class=\"min-h-[20px] text-message flex flex-col items-start whitespace-pre-wrap break-words [.text-message+&amp;]:mt-5 juice:w-full juice:items-end overflow-x-auto gap-2\" dir=\"auto\" data-message-author-role=\"assistant\" data-message-id=\"6df99f63-7a6d-42e4-b202-621228ae0b21\">\n<div class=\"flex w-full flex-col gap-1 juice:empty:hidden juice:first:pt-[3px]\">\n<div class=\"markdown prose w-full break-words dark:prose-invert dark\">\n<p><strong>Shampoing Anti-Chute Natulique chez MCCP Distribution<\/strong><\/p>\n<p>D\u00e9couvrez la gamme anti-chute Natulique, disponible chez MCCP Distribution, con\u00e7ue pour renforcer et revitaliser les cheveux en profondeur. Formul\u00e9e avec des ingr\u00e9dients biologiques certifi\u00e9s, cette gamme comprend des shampooings, des apr\u00e8s-shampooings et des s\u00e9rums sp\u00e9cialement d\u00e9velopp\u00e9s pour lutter contre la chute des cheveux. Chaque produit de la gamme anti-chute Natulique stimule le cuir chevelu, am\u00e9liore la circulation sanguine et renforce les follicules pileux, favorisant ainsi une croissance saine et durable des cheveux. Adoptez cette solution naturelle et efficace pour des cheveux plus \u00e9pais et plus forts. Visitez notre boutique en ligne pour en savoir plus.<\/p>\n<\/div>\n<\/div>\n<\/div>\n<\/div>\n<ul style=\"text-align: left;\">\n<li><strong>Ingr\u00e9dients bio<\/strong><\/li>\n<li><strong>Vegan<\/strong><\/li>\n<li><strong>Qualit\u00e9 Pro<\/strong><\/li>\n<li><strong>Emballage Recyclable<\/strong><\/li>\n<\/ul>\n<p><img decoding=\"async\" class=\"wp-image-2406 aligncenter\" src=\"https:\/\/particulier.mccp-coiffure-bio.ch\/wp-content\/uploads\/2021\/01\/vegan-society-certification-300x242.png\" alt=\"\" width=\"214\" height=\"172\" srcset=\"https:\/\/particulier.mccp-coiffure-bio.ch\/wp-content\/uploads\/2021\/01\/vegan-society-certification-300x242.png 300w, https:\/\/particulier.mccp-coiffure-bio.ch\/wp-content\/uploads\/2021\/01\/vegan-society-certification.png 529w\" sizes=\"(max-width: 214px) 100vw, 214px\" \/><\/p>\n","protected":false},"featured_media":5247,"comment_status":"open","ping_status":"closed","template":"","meta":{"ocean_post_layout":"","ocean_both_sidebars_style":"","ocean_both_sidebars_content_width":0,"ocean_both_sidebars_sidebars_width":0,"ocean_sidebar":"0","ocean_second_sidebar":"0","ocean_disable_margins":"enable","ocean_add_body_class":"","ocean_shortcode_before_top_bar":"","ocean_shortcode_after_top_bar":"","ocean_shortcode_before_header":"","ocean_shortcode_after_header":"","ocean_has_shortcode":"","ocean_shortcode_after_title":"","ocean_shortcode_before_footer_widgets":"","ocean_shortcode_after_footer_widgets":"","ocean_shortcode_before_footer_bottom":"","ocean_shortcode_after_footer_bottom":"","ocean_display_top_bar":"default","ocean_display_header":"default","ocean_header_style":"","ocean_center_header_left_menu":"0","ocean_custom_header_template":"0","ocean_custom_logo":0,"ocean_custom_retina_logo":0,"ocean_custom_logo_max_width":0,"ocean_custom_logo_tablet_max_width":0,"ocean_custom_logo_mobile_max_width":0,"ocean_custom_logo_max_height":0,"ocean_custom_logo_tablet_max_height":0,"ocean_custom_logo_mobile_max_height":0,"ocean_header_custom_menu":"0","ocean_menu_typo_font_family":"0","ocean_menu_typo_font_subset":"","ocean_menu_typo_font_size":0,"ocean_menu_typo_font_size_tablet":0,"ocean_menu_typo_font_size_mobile":0,"ocean_menu_typo_font_size_unit":"px","ocean_menu_typo_font_weight":"","ocean_menu_typo_font_weight_tablet":"","ocean_menu_typo_font_weight_mobile":"","ocean_menu_typo_transform":"","ocean_menu_typo_transform_tablet":"","ocean_menu_typo_transform_mobile":"","ocean_menu_typo_line_height":0,"ocean_menu_typo_line_height_tablet":0,"ocean_menu_typo_line_height_mobile":0,"ocean_menu_typo_line_height_unit":"","ocean_menu_typo_spacing":0,"ocean_menu_typo_spacing_tablet":0,"ocean_menu_typo_spacing_mobile":0,"ocean_menu_typo_spacing_unit":"","ocean_menu_link_color":"","ocean_menu_link_color_hover":"","ocean_menu_link_color_active":"","ocean_menu_link_background":"","ocean_menu_link_hover_background":"","ocean_menu_link_active_background":"","ocean_menu_social_links_bg":"","ocean_menu_social_hover_links_bg":"","ocean_menu_social_links_color":"","ocean_menu_social_hover_links_color":"","ocean_disable_title":"default","ocean_disable_heading":"default","ocean_post_title":"","ocean_post_subheading":"","ocean_post_title_style":"","ocean_post_title_background_color":"","ocean_post_title_background":0,"ocean_post_title_bg_image_position":"","ocean_post_title_bg_image_attachment":"","ocean_post_title_bg_image_repeat":"","ocean_post_title_bg_image_size":"","ocean_post_title_height":0,"ocean_post_title_bg_overlay":0.5,"ocean_post_title_bg_overlay_color":"","ocean_disable_breadcrumbs":"default","ocean_breadcrumbs_color":"","ocean_breadcrumbs_separator_color":"","ocean_breadcrumbs_links_color":"","ocean_breadcrumbs_links_hover_color":"","ocean_display_footer_widgets":"default","ocean_display_footer_bottom":"default","ocean_custom_footer_template":"0"},"product_brand":[],"product_cat":[324],"product_tag":[],"class_list":{"0":"post-2905","1":"product","2":"type-product","3":"status-publish","4":"has-post-thumbnail","6":"product_cat-shampoings-naturels","8":"entry","9":"has-media","11":"first","12":"instock","13":"taxable","14":"shipping-taxable","15":"purchasable","16":"product-type-variable","17":"has-product-nav","18":"col","19":"span_1_of_5","20":"owp-content-center","21":"owp-thumbs-layout-horizontal","22":"owp-btn-normal","23":"owp-tabs-layout-horizontal"},"jetpack_sharing_enabled":true,"_links":{"self":[{"href":"https:\/\/particulier.mccp-coiffure-bio.ch\/it\/wp-json\/wp\/v2\/product\/2905","targetHints":{"allow":["GET"]}}],"collection":[{"href":"https:\/\/particulier.mccp-coiffure-bio.ch\/it\/wp-json\/wp\/v2\/product"}],"about":[{"href":"https:\/\/particulier.mccp-coiffure-bio.ch\/it\/wp-json\/wp\/v2\/types\/product"}],"replies":[{"embeddable":true,"href":"https:\/\/particulier.mccp-coiffure-bio.ch\/it\/wp-json\/wp\/v2\/comments?post=2905"}],"version-history":[{"count":0,"href":"https:\/\/particulier.mccp-coiffure-bio.ch\/it\/wp-json\/wp\/v2\/product\/2905\/revisions"}],"wp:featuredmedia":[{"embeddable":true,"href":"https:\/\/particulier.mccp-coiffure-bio.ch\/it\/wp-json\/wp\/v2\/media\/5247"}],"wp:attachment":[{"href":"https:\/\/particulier.mccp-coiffure-bio.ch\/it\/wp-json\/wp\/v2\/media?parent=2905"}],"wp:term":[{"taxonomy":"product_brand","embeddable":true,"href":"https:\/\/particulier.mccp-coiffure-bio.ch\/it\/wp-json\/wp\/v2\/product_brand?post=2905"},{"taxonomy":"product_cat","embeddable":true,"href":"https:\/\/particulier.mccp-coiffure-bio.ch\/it\/wp-json\/wp\/v2\/product_cat?post=2905"},{"taxonomy":"product_tag","embeddable":true,"href":"https:\/\/particulier.mccp-coiffure-bio.ch\/it\/wp-json\/wp\/v2\/product_tag?post=2905"}],"curies":[{"name":"wp","href":"https:\/\/api.w.org\/{rel}","templated":true}]}}