{"id":2859,"date":"2024-05-22T10:55:57","date_gmt":"2024-05-22T08:55:57","guid":{"rendered":"https:\/\/particulier.mccp-coiffure-bio.ch\/masque-cheveux-capillaire-intensif\/"},"modified":"2026-01-05T07:43:57","modified_gmt":"2026-01-05T06:43:57","slug":"masque-cheveux-intensif","status":"publish","type":"product","link":"https:\/\/particulier.mccp-coiffure-bio.ch\/it\/prodotto\/masque-cheveux-intensif\/","title":{"rendered":"Maschera intensiva per capelli"},"content":{"rendered":"<h1><strong>Masque cheveux intensif certifi\u00e9 bio\u00a0<\/strong><\/h1>\n<div class=\"flex flex-grow flex-col max-w-full\">\n<div class=\"min-h-[20px] text-message flex flex-col items-start whitespace-pre-wrap break-words [.text-message+&amp;]:mt-5 juice:w-full juice:items-end overflow-x-auto gap-2\" dir=\"auto\" data-message-author-role=\"assistant\" data-message-id=\"92732fed-df84-45d7-8bc4-a63763856ac1\">\n<div class=\"flex w-full flex-col gap-1 juice:empty:hidden juice:first:pt-[3px]\">\n<div class=\"markdown prose w-full break-words dark:prose-invert dark\">\n<p>Le masque cheveux intensif de Natulique est un produit exceptionnel de soins capillaires bio, id\u00e9al pour les professionnels et les particuliers en Suisse. Formul\u00e9 \u00e0 partir d&#8217;ingr\u00e9dients naturels et certifi\u00e9s biologiques, ce masque nourrit en profondeur et r\u00e9pare les cheveux ab\u00eem\u00e9s, leur redonnant force, brillance et douceur. Parfait pour les salons de coiffure et les routines de soins \u00e0 domicile, ce masque capillaire r\u00e9pond aux exigences les plus \u00e9lev\u00e9es en mati\u00e8re de coiffure bio en Suisse. D\u00e9couvrez les bienfaits du masque cheveux intensif de Natulique pour une chevelure saine et revitalis\u00e9e, tout en respectant l&#8217;environnement. Offrez \u00e0 vos cheveux le meilleur des soins bio avec Natulique, la marque de confiance pour des cheveux magnifiques et bien entretenus.<\/p>\n<\/div>\n<\/div>\n<\/div>\n<\/div>\n<div class=\"mt-1 flex gap-3 empty:hidden juice:-ml-3\">\n<div class=\"items-center justify-start rounded-xl p-1 flex\">\n<div class=\"flex items-center\">\n<div class=\"flex\">Notre <strong>masque cheveux intensif<\/strong> : Un masque capillaire intensif qui p\u00e9n\u00e8tre en profondeur, aux actifs biologiques et naturels. Il favorise des <strong>cheveux sains<\/strong> et brillants et hydrate et nourrit le cuir chevelu.<\/div>\n<\/div>\n<\/div>\n<\/div>\n<p>Ce <strong>masque cheveux<\/strong> un <strong>masque capillaire intensif<\/strong> aux actifs bienfaisants. Les acides gras et les lipides ajout\u00e9s renforcent les cheveux et aident \u00e0 sceller et \u00e0 fermer les m\u00e8ches de cheveux. Les m\u00e8ches ferm\u00e9es garantissent des cheveux sains, avec moins de frisottis et plus de brillance, car la lumi\u00e8re peut mieux \u00eatre r\u00e9fl\u00e9chie.<\/p>\n<p>Une formule innovante et r\u00e9paratrice \u00e0 base d&#8217;huile d&#8217;avocat certifi\u00e9e biologique, de baie d&#8217;A\u00e7a\u00ef, d&#8217;aloe vera et de grenade nourrit et hydrate efficacement les cheveux.<\/p>\n<p>La provitamine B5 ajout\u00e9e renforce et soigne chaque m\u00e8che de cheveux et am\u00e9liore la sant\u00e9 du cuir chevelu.<\/p>\n<p>Le<strong> Masque Capillaire<\/strong> Intensif NATULIQUE est \u00e9galement bon pour les cheveux apr\u00e8s une exposition au soleil. Une riche teneur en huile d&#8217;amande, d&#8217;huile de tournesol, d&#8217;huile d&#8217;argan et de beurre de karit\u00e9 le rend id\u00e9al pour adoucir, entretenir et soigner les cheveux et le cuir chevelu pour un r\u00e9sultat sain.<\/p>\n<p>Utilisez-le dans le salon pour des traitements ou laissez le client l&#8217;acheter chez lui pour garantir des cheveux beaux et brillants et un cuir chevelu sain.<\/p>\n<p><strong>FORMULAIRE AVANC\u00c9 ET R\u00c9PARATEUR<\/strong><br \/>\n<strong>Pro-vitamine B5<\/strong><br \/>\nRenforce les cheveux et a un effet nourrissant et nourrissant sur le cuir chevelu<\/p>\n<ul>\n<li><strong>Huile d&#8217;avocat<\/strong><br \/>\nHydrate efficacement les cheveux et pr\u00e9vient la casse<\/li>\n<li><strong>beurre de karit\u00e9<\/strong><br \/>\nNourrit un cuir chevelu sec et squameux tout en hydratant les cheveux<\/li>\n<li><strong>Huile d&#8217;argan<\/strong><br \/>\nMinimise les frisottis et laisse les cheveux doux, lisses et brillants<\/li>\n<li><strong>Huile d&#8217;amande<\/strong><br \/>\nPr\u00e9vient les cheveux cass\u00e9s et donne une brillance suppl\u00e9mentaire<\/li>\n<li><strong>Extrait d&#8217;a\u00e7a\u00ef<\/strong><br \/>\nRenforce les racines et am\u00e9liore la sant\u00e9 du cuir chevelu<\/li>\n<li><strong>Alo\u00e9 vera<\/strong><br \/>\nPr\u00e9vient les d\u00e9mangeaisons du cuir chevelu, r\u00e9duit les pellicules et hydrate les cheveux<\/li>\n<li><strong>Extrait de grenade<\/strong><br \/>\nAugmente le flux sanguin vers les racines et \u00e9limine les r\u00e9sidus de produits du cuir chevelu<\/li>\n<li><strong>Huile de tournesol<\/strong><br \/>\nStimule la croissance saine des cheveux<\/li>\n<\/ul>\n<p><strong>Ingr\u00e9dients :<\/strong> Aqua (eau), jus de feuille d&#8217;Aloe Barbadensis*, alcool c\u00e9t\u00e9arylique, triglyc\u00e9ride caprylique\/caprique, alcool c\u00e9tylique, huile de graines d&#8217;Helianthus Annuus*, chlorure de b\u00e9h\u00e9noyl PG-trimonium, alcool st\u00e9arylique, cr\u00e9atine, b\u00e9h\u00e9namidopropyl dim\u00e9thylamine, m\u00e9thosulfate de dipalmitoyl\u00e9thyl hydroxy\u00e9thylmonium, benzoate de sodium , Panth\u00e9nol, Esters \u00e9thyliques de beurre de karit\u00e9, Hexyl\u00e8ne Glycol, Acide citrique, C\u00e9t\u00e9aryl Glucoside, Glyc\u00e9rine, Sorbate de potassium, Huile de noyau d&#8217;Argania Spinosa*, Huile de Persea Gratissima*, Huile de Prunus Amygdalus Dulcis*, Gluconate de sodium, Acide lactique, Extrait de fruit d&#8217;Euterpe Oleracea*. , Extrait de fruit de Punica Granatum, glucose, acide sorbique, parfum, limon\u00e8ne, linalol.<\/p>\n<p>* Ingr\u00e9dients issus de l&#8217;agriculture biologique certifi\u00e9e<\/p>\n<p><strong>Le concept NATULIQUE<\/strong><\/p>\n<p>\u00cates-vous curieux de savoir \u00e0 quoi ressemble un salon 100% NATULIQUE ?<\/p>\n<p><a href=\"https:\/\/natulique.com\/fr\/concept-salon\/\">En savoir plus sur les avantages et comment devenir un salon concept \u2192<\/a><\/p>\n","protected":false},"excerpt":{"rendered":"<h2><strong>Scoprite la maschera intensiva per capelli di Natulique presso MCCP COIFFURE BIO\u00a0<\/strong><\/h2>\n<p>Eccezionale cura dei capelli biologica in Svizzera.<\/p>\n<p>Ideale per chi ama lo styling biologico, questa maschera nutre e rivitalizza profondamente i capelli.<\/p>\n<p>Tratta i tuoi capelli con una cura biologica di altissima qualit\u00e0.<\/p>\n<ul style=\"text-align: left\">\n<li><strong>Vegano<\/strong><\/li>\n<li><strong>Ingredienti biologici<\/strong><\/li>\n<li><strong>Qualit\u00e0 Pro<\/strong><\/li>\n<li><strong>Imballaggio riciclabile<\/strong><\/li>\n<\/ul>\n<p><img decoding=\"async\" class=\"wp-image-2406 aligncenter\" src=\"https:\/\/particulier.mccp-coiffure-bio.ch\/wp-content\/uploads\/2021\/01\/vegan-society-certification-300x242.png\" alt=\"\" width=\"214\" height=\"172\" srcset=\"https:\/\/particulier.mccp-coiffure-bio.ch\/wp-content\/uploads\/2021\/01\/vegan-society-certification-300x242.png 300w, https:\/\/particulier.mccp-coiffure-bio.ch\/wp-content\/uploads\/2021\/01\/vegan-society-certification.png 529w\" sizes=\"(max-width: 214px) 100vw, 214px\" \/><\/p>","protected":false},"featured_media":2858,"comment_status":"open","ping_status":"closed","template":"","meta":{"ocean_post_layout":"","ocean_both_sidebars_style":"","ocean_both_sidebars_content_width":0,"ocean_both_sidebars_sidebars_width":0,"ocean_sidebar":"0","ocean_second_sidebar":"0","ocean_disable_margins":"enable","ocean_add_body_class":"","ocean_shortcode_before_top_bar":"","ocean_shortcode_after_top_bar":"","ocean_shortcode_before_header":"","ocean_shortcode_after_header":"","ocean_has_shortcode":"","ocean_shortcode_after_title":"","ocean_shortcode_before_footer_widgets":"","ocean_shortcode_after_footer_widgets":"","ocean_shortcode_before_footer_bottom":"","ocean_shortcode_after_footer_bottom":"","ocean_display_top_bar":"default","ocean_display_header":"default","ocean_header_style":"","ocean_center_header_left_menu":"0","ocean_custom_header_template":"0","ocean_custom_logo":0,"ocean_custom_retina_logo":0,"ocean_custom_logo_max_width":0,"ocean_custom_logo_tablet_max_width":0,"ocean_custom_logo_mobile_max_width":0,"ocean_custom_logo_max_height":0,"ocean_custom_logo_tablet_max_height":0,"ocean_custom_logo_mobile_max_height":0,"ocean_header_custom_menu":"0","ocean_menu_typo_font_family":"0","ocean_menu_typo_font_subset":"","ocean_menu_typo_font_size":0,"ocean_menu_typo_font_size_tablet":0,"ocean_menu_typo_font_size_mobile":0,"ocean_menu_typo_font_size_unit":"px","ocean_menu_typo_font_weight":"","ocean_menu_typo_font_weight_tablet":"","ocean_menu_typo_font_weight_mobile":"","ocean_menu_typo_transform":"","ocean_menu_typo_transform_tablet":"","ocean_menu_typo_transform_mobile":"","ocean_menu_typo_line_height":0,"ocean_menu_typo_line_height_tablet":0,"ocean_menu_typo_line_height_mobile":0,"ocean_menu_typo_line_height_unit":"","ocean_menu_typo_spacing":0,"ocean_menu_typo_spacing_tablet":0,"ocean_menu_typo_spacing_mobile":0,"ocean_menu_typo_spacing_unit":"","ocean_menu_link_color":"","ocean_menu_link_color_hover":"","ocean_menu_link_color_active":"","ocean_menu_link_background":"","ocean_menu_link_hover_background":"","ocean_menu_link_active_background":"","ocean_menu_social_links_bg":"","ocean_menu_social_hover_links_bg":"","ocean_menu_social_links_color":"","ocean_menu_social_hover_links_color":"","ocean_disable_title":"default","ocean_disable_heading":"default","ocean_post_title":"","ocean_post_subheading":"","ocean_post_title_style":"","ocean_post_title_background_color":"","ocean_post_title_background":0,"ocean_post_title_bg_image_position":"","ocean_post_title_bg_image_attachment":"","ocean_post_title_bg_image_repeat":"","ocean_post_title_bg_image_size":"","ocean_post_title_height":0,"ocean_post_title_bg_overlay":0.5,"ocean_post_title_bg_overlay_color":"","ocean_disable_breadcrumbs":"default","ocean_breadcrumbs_color":"","ocean_breadcrumbs_separator_color":"","ocean_breadcrumbs_links_color":"","ocean_breadcrumbs_links_hover_color":"","ocean_display_footer_widgets":"default","ocean_display_footer_bottom":"default","ocean_custom_footer_template":"0"},"product_brand":[],"product_cat":[322],"product_tag":[],"class_list":{"0":"post-2859","1":"product","2":"type-product","3":"status-publish","4":"has-post-thumbnail","6":"product_cat-soins-des-cheveux","8":"entry","9":"has-media","11":"first","12":"instock","13":"sale","14":"taxable","15":"shipping-taxable","16":"purchasable","17":"product-type-variable","18":"has-product-nav","19":"col","20":"span_1_of_5","21":"owp-content-center","22":"owp-thumbs-layout-horizontal","23":"owp-btn-normal","24":"owp-tabs-layout-horizontal"},"jetpack_sharing_enabled":true,"_links":{"self":[{"href":"https:\/\/particulier.mccp-coiffure-bio.ch\/it\/wp-json\/wp\/v2\/product\/2859","targetHints":{"allow":["GET"]}}],"collection":[{"href":"https:\/\/particulier.mccp-coiffure-bio.ch\/it\/wp-json\/wp\/v2\/product"}],"about":[{"href":"https:\/\/particulier.mccp-coiffure-bio.ch\/it\/wp-json\/wp\/v2\/types\/product"}],"replies":[{"embeddable":true,"href":"https:\/\/particulier.mccp-coiffure-bio.ch\/it\/wp-json\/wp\/v2\/comments?post=2859"}],"version-history":[{"count":0,"href":"https:\/\/particulier.mccp-coiffure-bio.ch\/it\/wp-json\/wp\/v2\/product\/2859\/revisions"}],"wp:featuredmedia":[{"embeddable":true,"href":"https:\/\/particulier.mccp-coiffure-bio.ch\/it\/wp-json\/wp\/v2\/media\/2858"}],"wp:attachment":[{"href":"https:\/\/particulier.mccp-coiffure-bio.ch\/it\/wp-json\/wp\/v2\/media?parent=2859"}],"wp:term":[{"taxonomy":"product_brand","embeddable":true,"href":"https:\/\/particulier.mccp-coiffure-bio.ch\/it\/wp-json\/wp\/v2\/product_brand?post=2859"},{"taxonomy":"product_cat","embeddable":true,"href":"https:\/\/particulier.mccp-coiffure-bio.ch\/it\/wp-json\/wp\/v2\/product_cat?post=2859"},{"taxonomy":"product_tag","embeddable":true,"href":"https:\/\/particulier.mccp-coiffure-bio.ch\/it\/wp-json\/wp\/v2\/product_tag?post=2859"}],"curies":[{"name":"wp","href":"https:\/\/api.w.org\/{rel}","templated":true}]}}