{"id":2814,"date":"2024-05-22T10:55:54","date_gmt":"2024-05-22T08:55:54","guid":{"rendered":"https:\/\/particulier.mccp-coiffure-bio.ch\/creme-hydratante-pour-les-mains\/"},"modified":"2026-01-04T21:54:31","modified_gmt":"2026-01-04T20:54:31","slug":"creme-hydratante-mains","status":"publish","type":"product","link":"https:\/\/particulier.mccp-coiffure-bio.ch\/it\/prodotto\/creme-hydratante-mains\/","title":{"rendered":"Crema idratante per le mani 50 ml"},"content":{"rendered":"<h1><strong>NATULIQUE Crema mani idratante - La cura definitiva per mani morbide e idratate<\/strong><\/h1>\n<h2><strong>Scoprite la crema idratante per le mani NATULIQUE - Il segreto di mani perfette<\/strong><\/h2>\n<p>La <strong>NATULIQUE Crema mani idratante<\/strong> \u00e8 una vera e propria rivoluzione nella cura delle mani, appositamente studiata per fornire un'idratazione intensa e duratura alla pelle. Questa crema \u00e8 formulata con ingredienti naturali e biologici e offre una soluzione ideale per la pelle secca e danneggiata.<\/p>\n<h3>La cura definitiva per le mani<\/h3>\n<p>Le mani sono spesso esposte ad aggressori esterni come freddo, vento e sostanze chimiche, che possono lasciarle secche e ruvide. La Crema Mani Idratante NATULIQUE \u00e8 l'alleato perfetto nella lotta contro questi problemi. Grazie alla sua formula ricca e nutriente, penetra in profondit\u00e0 nella pelle per restituirle idratazione e morbidezza.<\/p>\n<h3>Composizione naturale e biologica<\/h3>\n<p>Il potere di questa crema risiede nella sua eccezionale composizione. \u00c8 arricchita da ingredienti naturali come l'Aloe Vera, nota per le sue propriet\u00e0 lenitive e idratanti, e l'olio di Argan, rinomato per le sue propriet\u00e0 nutrienti e rigeneranti. Contiene anche burro di karit\u00e9, un ingrediente essenziale per riparare e proteggere la pelle.<\/p>\n<h3>I benefici di NATULIQUE Crema Idratante per le Mani<\/h3>\n<ul>\n<li><strong>Idratazione intensa<\/strong> Grazie ai suoi ingredienti naturali, questa crema offre un'idratazione profonda che dura tutto il giorno.<\/li>\n<li><strong>Protezione<\/strong> Forma una barriera protettiva contro le aggressioni esterne, prevenendo la disidratazione.<\/li>\n<li><strong>Riparazione<\/strong> Gli ingredienti nutrienti aiutano a riparare la pelle secca e danneggiata, lasciando le mani morbide e lisce.<\/li>\n<li><strong>Assorbimento rapido<\/strong> La sua texture leggera permette un rapido assorbimento senza lasciare una pellicola grassa, per un comfort ottimale.<\/li>\n<\/ul>\n<p>Se fate di questa crema parte della vostra routine di cura delle mani, scegliete una bellezza responsabile e rispettosa dell'ambiente. NATULIQUE si impegna a utilizzare ingredienti provenienti da agricoltura biologica e a bandire le sostanze nocive, offrendo un prodotto sicuro ed efficace per tutti i tipi di pelle, anche le pi\u00f9 sensibili.<\/p>\n<h3>Perch\u00e9 scegliere NATULIQUE?<\/h3>\n<p>NATULIQUE \u00e8 un marchio di fiducia, rinomato per i suoi prodotti cosmetici e per i capelli naturali di alta qualit\u00e0. La Crema Mani Idratante NATULIQUE \u00e8 perfettamente in linea con questa filosofia, offrendo un prodotto completo che rispetta la pelle e l'ambiente. Quando si sceglie NATULIQUE, si sceglie la qualit\u00e0, la durata e l'efficacia.<\/p>\n<h3>Un must per i professionisti dell'acconciatura<\/h3>\n<p>Per i professionisti dell'acconciatura biologica, questa crema \u00e8 un must. Protegge le mani, spesso stressate dai prodotti e dai lavaggi frequenti. Date alle vostre mani la cura che meritano con la Crema Mani Idratante NATULIQUE e lasciate che i vostri clienti ne traggano beneficio consigliando loro questo prodotto eccezionale.<\/p>\n<section class=\"has_ma_el_bg_slider elementor-section elementor-top-section elementor-element elementor-element-79cdb57 elementor-section-boxed elementor-section-height-default elementor-section-height-default jltma-glass-effect-no\" data-id=\"79cdb57\" data-element_type=\"section\">\n<div class=\"elementor-container elementor-column-gap-default\">\n<div class=\"has_ma_el_bg_slider elementor-column elementor-col-50 elementor-top-column elementor-element elementor-element-28d0d57 jltma-glass-effect-no\" data-id=\"28d0d57\" data-element_type=\"column\">\n<div class=\"elementor-widget-wrap elementor-element-populated\">\n<div class=\"elementor-element elementor-element-0db9beb jltma-glass-effect-no elementor-widget elementor-widget-heading\" data-id=\"0db9beb\" data-element_type=\"widget\" data-widget_type=\"heading.default\">\n<div class=\"elementor-widget-container\">\n<h2 class=\"elementor-heading-title elementor-size-default\">Formula\u00a0<b>Rivitalizzante\u00a0<\/b>Anticipo<\/h2>\n<\/div>\n<\/div>\n<\/div>\n<\/div>\n<div class=\"has_ma_el_bg_slider elementor-column elementor-col-50 elementor-top-column elementor-element elementor-element-646f5a8 jltma-glass-effect-no\" data-id=\"646f5a8\" data-element_type=\"column\">\n<div class=\"elementor-widget-wrap\"><strong>Burro di karit\u00e9 : <\/strong>Grazie alle sue propriet\u00e0 particolarmente idratanti, il burro di karit\u00e9 nutre le mani e riequilibra naturalmente i livelli di idratazione.<\/div>\n<div><\/div>\n<\/div>\n<\/div>\n<\/section>\n<section class=\"has_ma_el_bg_slider elementor-section elementor-top-section elementor-element elementor-element-dd5b3b3 elementor-section-boxed elementor-section-height-default elementor-section-height-default jltma-glass-effect-no\" data-id=\"dd5b3b3\" data-element_type=\"section\">\n<div class=\"elementor-container elementor-column-gap-default\">\n<div class=\"has_ma_el_bg_slider elementor-column elementor-col-50 elementor-top-column elementor-element elementor-element-fc88bd9 jltma-glass-effect-no\" data-id=\"fc88bd9\" data-element_type=\"column\">\n<div class=\"elementor-widget-wrap elementor-element-populated\">\n<div class=\"elementor-element elementor-element-bb72f90 jltma-glass-effect-no elementor-widget elementor-widget-heading\" data-id=\"bb72f90\" data-element_type=\"widget\" data-widget_type=\"heading.default\">\n<div class=\"elementor-widget-container\">\n<p class=\"elementor-heading-title elementor-size-default\"><strong>Olio di semi di girasole<\/strong>L'alto livello di vitamina E aiuta a proteggere il collagene e l'elastina della pelle, conferendole propriet\u00e0 anti-invecchiamento.<\/p>\n<p class=\"elementor-heading-title elementor-size-default\"><strong>Olio d'oliva:<\/strong> Grazie all'elevato contenuto di acidi grassi, questo olio aiuta a nutrire anche le mani pi\u00f9 secche, lasciandole morbide e lisce.<\/p>\n<\/div>\n<\/div>\n<\/div>\n<\/div>\n<\/div>\n<\/section>\n<section class=\"has_ma_el_bg_slider elementor-section elementor-top-section elementor-element elementor-element-befc644 elementor-section-boxed elementor-section-height-default elementor-section-height-default jltma-glass-effect-no\" data-id=\"befc644\" data-element_type=\"section\">\n<div class=\"elementor-container elementor-column-gap-default\">\n<div class=\"has_ma_el_bg_slider elementor-column elementor-col-50 elementor-top-column elementor-element elementor-element-1a79421 jltma-glass-effect-no\" data-id=\"1a79421\" data-element_type=\"column\">\n<div class=\"elementor-widget-wrap elementor-element-populated\">\n<div class=\"elementor-element elementor-element-e3341af jltma-glass-effect-no elementor-widget elementor-widget-heading\" data-id=\"e3341af\" data-element_type=\"widget\" data-widget_type=\"heading.default\">\n<div class=\"elementor-widget-container\">\n<p class=\"elementor-heading-title elementor-size-default\"><strong>Estratto di radice di zenzero:<\/strong> ha propriet\u00e0 antisettiche che detergono in profondit\u00e0 la pelle, riducendo al minimo la crescita dei batteri<\/p>\n<\/div>\n<\/div>\n<\/div>\n<\/div>\n<\/div>\n<\/section>\n<section class=\"has_ma_el_bg_slider elementor-section elementor-top-section elementor-element elementor-element-4dd071e elementor-section-boxed elementor-section-height-default elementor-section-height-default jltma-glass-effect-no\" data-id=\"4dd071e\" data-element_type=\"section\">\n<div class=\"elementor-container elementor-column-gap-default\">\n<div class=\"has_ma_el_bg_slider elementor-column elementor-col-50 elementor-top-column elementor-element elementor-element-add4bc4 jltma-glass-effect-no\" data-id=\"add4bc4\" data-element_type=\"column\">\n<div class=\"elementor-widget-wrap elementor-element-populated\">\n<div class=\"elementor-element elementor-element-7c78c73 jltma-glass-effect-no elementor-widget elementor-widget-heading\" data-id=\"7c78c73\" data-element_type=\"widget\" data-widget_type=\"heading.default\">\n<div class=\"elementor-widget-container\">\n<p class=\"elementor-heading-title elementor-size-default\"><strong>Aloe Vera:<\/strong> Conosciuta per le sue potenti propriet\u00e0 curative, lenisce e protegge la pelle da molti tipi di danni, come quelli solari. Bilancia i livelli di idratazione e la salute della pelle. Lenisce e protegge la pelle da molti tipi di danni.<\/p>\n<div class=\"has_ma_el_bg_slider elementor-column elementor-col-50 elementor-inner-column elementor-element elementor-element-e25f102 jltma-glass-effect-no\" data-id=\"e25f102\" data-element_type=\"column\">\n<div class=\"elementor-widget-wrap elementor-element-populated\">\n<div class=\"elementor-element elementor-element-e1afd09 elementor-icon-list--layout-traditional elementor-list-item-link-full_width jltma-glass-effect-no elementor-widget elementor-widget-icon-list\" data-id=\"e1afd09\" data-element_type=\"widget\" data-widget_type=\"icon-list.default\">\n<div class=\"elementor-widget-container\">\n<ul class=\"elementor-icon-list-items\">\n<li class=\"elementor-icon-list-item\"><span class=\"elementor-icon-list-text\">Senza silicone aggiunto<\/span><\/li>\n<li class=\"elementor-icon-list-item\"><i class=\"far fa-heart\" aria-hidden=\"true\"><\/i><span class=\"elementor-icon-list-text\">Senza coloranti artificiali<\/span><\/li>\n<li class=\"elementor-icon-list-item\"><i class=\"far fa-heart\" aria-hidden=\"true\"><\/i><span class=\"elementor-icon-list-text\">Oli essenziali naturali<\/span><\/li>\n<li class=\"elementor-icon-list-item\"><i class=\"far fa-heart\" aria-hidden=\"true\"><\/i><span class=\"elementor-icon-list-text\">100% Senza OGM<\/span><\/li>\n<li class=\"elementor-icon-list-item\"><i class=\"far fa-heart\" aria-hidden=\"true\"><\/i><span class=\"elementor-icon-list-text\">Senza crudelt\u00e0<\/span><\/li>\n<\/ul>\n<\/div>\n<\/div>\n<\/div>\n<\/div>\n<div class=\"has_ma_el_bg_slider elementor-column elementor-col-50 elementor-inner-column elementor-element elementor-element-ce5ca19 jltma-glass-effect-no\" data-id=\"ce5ca19\" data-element_type=\"column\">\n<div class=\"elementor-widget-wrap elementor-element-populated\">\n<div class=\"elementor-element elementor-element-00cb8e5 elementor-icon-list--layout-traditional elementor-list-item-link-full_width jltma-glass-effect-no elementor-widget elementor-widget-icon-list\" data-id=\"00cb8e5\" data-element_type=\"widget\" data-widget_type=\"icon-list.default\">\n<div class=\"elementor-widget-container\">\n<ul class=\"elementor-icon-list-items\">\n<li class=\"elementor-icon-list-item\"><i class=\"far fa-heart\" aria-hidden=\"true\"><\/i><span class=\"elementor-icon-list-text\">Certificato vegano<\/span><\/li>\n<li class=\"elementor-icon-list-item\"><i class=\"far fa-heart\" aria-hidden=\"true\"><\/i><span class=\"elementor-icon-list-text\">Professionista della qualit\u00e0<\/span><\/li>\n<li class=\"elementor-icon-list-item\"><i class=\"far fa-heart\" aria-hidden=\"true\"><\/i><span class=\"elementor-icon-list-text\">Imballaggio sostenibile<\/span><\/li>\n<li class=\"elementor-icon-list-item\"><i class=\"far fa-heart\" aria-hidden=\"true\"><\/i><span class=\"elementor-icon-list-text\">Naturalmente profumato\u00a0<\/span><\/li>\n<\/ul>\n<p><a href=\"https:\/\/mccp-coiffure-bio.ch\/creme-mains-reparatrice\/\">https:\/\/mccp-coiffure-bio.ch\/creme-mains-reparatrice\/<\/a><\/p>\n<p><strong>Il concetto di NATULIQUE<\/strong><\/p>\n<p>Siete curiosi di sapere com'\u00e8 fatto un salone NATULIQUE 100%?<\/p>\n<p><a href=\"https:\/\/natulique.com\/fr\/concept-salon\/\">Per saperne di pi\u00f9 sui vantaggi e su come diventare un salone concept \u2192<\/a><\/p>\n<\/div>\n<\/div>\n<\/div>\n<\/div>\n<\/div>\n<\/div>\n<\/div>\n<\/div>\n<div class=\"has_ma_el_bg_slider elementor-column elementor-col-50 elementor-top-column elementor-element elementor-element-cd39419 jltma-glass-effect-no\" data-id=\"cd39419\" data-element_type=\"column\"><\/div>\n<\/div>\n<\/section>","protected":false},"excerpt":{"rendered":"<h2><strong>Scoprite la crema idratante per le mani NATULIQUE - Il segreto di mani perfette<\/strong><\/h2>\n<p>La <strong>NATULIQUE Crema mani idratante<\/strong> \u00e8 una vera e propria rivoluzione nella cura delle mani, appositamente studiata per fornire un'idratazione intensa e duratura alla pelle. Questa crema \u00e8 formulata con ingredienti naturali e biologici e offre una soluzione ideale per la pelle secca e danneggiata.<\/p>\n<p style=\"text-align: left;\">Immergetevi nell'eccellenza della bellezza dei capelli con <strong>MCCP COIFFURE BIO<\/strong> il vostro partner esclusivo per <strong>distribuzione del prodotto<\/strong> <strong>Natulico<\/strong> a<strong> Svizzera<\/strong>. In qualit\u00e0 di specialisti dedicati, vi offriamo una gamma completa di <strong>prodotti per capelli<\/strong> realizzati con ingredienti biologici di altissima qualit\u00e0. Affidatevi alla nostra esperienza per ottenere un'esperienza eccezionale per i capelli, all'altezza delle vostre aspettative pi\u00f9 esigenti.<\/p>\n<ul style=\"text-align: left;\">\n<li><strong>Ingredienti biologici<\/strong><\/li>\n<li><strong>Vegano<\/strong><\/li>\n<li><strong>Qualit\u00e0 Pro<\/strong><\/li>\n<li><strong>Imballaggio riciclabile<\/strong><\/li>\n<\/ul>\n<p><img decoding=\"async\" class=\"wp-image-2406 aligncenter\" src=\"https:\/\/particulier.mccp-coiffure-bio.ch\/wp-content\/uploads\/2021\/01\/vegan-society-certification-300x242.png\" alt=\"\" width=\"214\" height=\"172\" srcset=\"https:\/\/particulier.mccp-coiffure-bio.ch\/wp-content\/uploads\/2021\/01\/vegan-society-certification-300x242.png 300w, https:\/\/particulier.mccp-coiffure-bio.ch\/wp-content\/uploads\/2021\/01\/vegan-society-certification.png 529w\" sizes=\"(max-width: 214px) 100vw, 214px\" \/><\/p>","protected":false},"featured_media":2736,"comment_status":"open","ping_status":"closed","template":"","meta":{"ocean_post_layout":"","ocean_both_sidebars_style":"","ocean_both_sidebars_content_width":0,"ocean_both_sidebars_sidebars_width":0,"ocean_sidebar":"0","ocean_second_sidebar":"0","ocean_disable_margins":"enable","ocean_add_body_class":"","ocean_shortcode_before_top_bar":"","ocean_shortcode_after_top_bar":"","ocean_shortcode_before_header":"","ocean_shortcode_after_header":"","ocean_has_shortcode":"","ocean_shortcode_after_title":"","ocean_shortcode_before_footer_widgets":"","ocean_shortcode_after_footer_widgets":"","ocean_shortcode_before_footer_bottom":"","ocean_shortcode_after_footer_bottom":"","ocean_display_top_bar":"default","ocean_display_header":"default","ocean_header_style":"","ocean_center_header_left_menu":"0","ocean_custom_header_template":"0","ocean_custom_logo":0,"ocean_custom_retina_logo":0,"ocean_custom_logo_max_width":0,"ocean_custom_logo_tablet_max_width":0,"ocean_custom_logo_mobile_max_width":0,"ocean_custom_logo_max_height":0,"ocean_custom_logo_tablet_max_height":0,"ocean_custom_logo_mobile_max_height":0,"ocean_header_custom_menu":"0","ocean_menu_typo_font_family":"0","ocean_menu_typo_font_subset":"","ocean_menu_typo_font_size":0,"ocean_menu_typo_font_size_tablet":0,"ocean_menu_typo_font_size_mobile":0,"ocean_menu_typo_font_size_unit":"px","ocean_menu_typo_font_weight":"","ocean_menu_typo_font_weight_tablet":"","ocean_menu_typo_font_weight_mobile":"","ocean_menu_typo_transform":"","ocean_menu_typo_transform_tablet":"","ocean_menu_typo_transform_mobile":"","ocean_menu_typo_line_height":0,"ocean_menu_typo_line_height_tablet":0,"ocean_menu_typo_line_height_mobile":0,"ocean_menu_typo_line_height_unit":"","ocean_menu_typo_spacing":0,"ocean_menu_typo_spacing_tablet":0,"ocean_menu_typo_spacing_mobile":0,"ocean_menu_typo_spacing_unit":"","ocean_menu_link_color":"","ocean_menu_link_color_hover":"","ocean_menu_link_color_active":"","ocean_menu_link_background":"","ocean_menu_link_hover_background":"","ocean_menu_link_active_background":"","ocean_menu_social_links_bg":"","ocean_menu_social_hover_links_bg":"","ocean_menu_social_links_color":"","ocean_menu_social_hover_links_color":"","ocean_disable_title":"default","ocean_disable_heading":"default","ocean_post_title":"","ocean_post_subheading":"","ocean_post_title_style":"","ocean_post_title_background_color":"","ocean_post_title_background":0,"ocean_post_title_bg_image_position":"","ocean_post_title_bg_image_attachment":"","ocean_post_title_bg_image_repeat":"","ocean_post_title_bg_image_size":"","ocean_post_title_height":0,"ocean_post_title_bg_overlay":0.5,"ocean_post_title_bg_overlay_color":"","ocean_disable_breadcrumbs":"default","ocean_breadcrumbs_color":"","ocean_breadcrumbs_separator_color":"","ocean_breadcrumbs_links_color":"","ocean_breadcrumbs_links_hover_color":"","ocean_display_footer_widgets":"default","ocean_display_footer_bottom":"default","ocean_custom_footer_template":"0"},"product_brand":[],"product_cat":[326],"product_tag":[342,226],"class_list":{"0":"post-2814","1":"product","2":"type-product","3":"status-publish","4":"has-post-thumbnail","6":"product_cat-soins-corps","7":"product_tag-produits-hydratants","8":"product_tag-soins-pour-les-mains","10":"entry","11":"has-media","13":"first","14":"instock","15":"taxable","16":"shipping-taxable","17":"purchasable","18":"product-type-simple","19":"has-product-nav","20":"col","21":"span_1_of_5","22":"owp-content-center","23":"owp-thumbs-layout-horizontal","24":"owp-btn-normal","25":"owp-tabs-layout-horizontal"},"jetpack_sharing_enabled":true,"_links":{"self":[{"href":"https:\/\/particulier.mccp-coiffure-bio.ch\/it\/wp-json\/wp\/v2\/product\/2814","targetHints":{"allow":["GET"]}}],"collection":[{"href":"https:\/\/particulier.mccp-coiffure-bio.ch\/it\/wp-json\/wp\/v2\/product"}],"about":[{"href":"https:\/\/particulier.mccp-coiffure-bio.ch\/it\/wp-json\/wp\/v2\/types\/product"}],"replies":[{"embeddable":true,"href":"https:\/\/particulier.mccp-coiffure-bio.ch\/it\/wp-json\/wp\/v2\/comments?post=2814"}],"version-history":[{"count":0,"href":"https:\/\/particulier.mccp-coiffure-bio.ch\/it\/wp-json\/wp\/v2\/product\/2814\/revisions"}],"wp:featuredmedia":[{"embeddable":true,"href":"https:\/\/particulier.mccp-coiffure-bio.ch\/it\/wp-json\/wp\/v2\/media\/2736"}],"wp:attachment":[{"href":"https:\/\/particulier.mccp-coiffure-bio.ch\/it\/wp-json\/wp\/v2\/media?parent=2814"}],"wp:term":[{"taxonomy":"product_brand","embeddable":true,"href":"https:\/\/particulier.mccp-coiffure-bio.ch\/it\/wp-json\/wp\/v2\/product_brand?post=2814"},{"taxonomy":"product_cat","embeddable":true,"href":"https:\/\/particulier.mccp-coiffure-bio.ch\/it\/wp-json\/wp\/v2\/product_cat?post=2814"},{"taxonomy":"product_tag","embeddable":true,"href":"https:\/\/particulier.mccp-coiffure-bio.ch\/it\/wp-json\/wp\/v2\/product_tag?post=2814"}],"curies":[{"name":"wp","href":"https:\/\/api.w.org\/{rel}","templated":true}]}}