{"id":2813,"date":"2024-05-22T10:55:54","date_gmt":"2024-05-22T08:55:54","guid":{"rendered":"https:\/\/particulier.mccp-coiffure-bio.ch\/spray-cire-cheveux-hygge-wax\/"},"modified":"2026-01-13T08:53:52","modified_gmt":"2026-01-13T07:53:52","slug":"spray-cire-cheveux-hygge-wax","status":"publish","type":"product","link":"https:\/\/particulier.mccp-coiffure-bio.ch\/it\/prodotto\/spray-cire-cheveux-hygge-wax\/","title":{"rendered":"Cera spray per capelli - Hygge Wax 200 ml"},"content":{"rendered":"<h1>Hygge Wax Spray di Natulique - Styling per capelli biologico di Excellenc<\/h1>\n<h2>\u00a0Trasformate la vostra acconciatura con il potere della cera Hygge<\/h2>\n<p>Scoprite Natulique Hygge Wax Spray, una soluzione rivoluzionaria per lo styling biologico che trasforma i vostri capelli con un'eleganza naturale. Arricchito con ingredienti biologici certificati, questo prodotto offre una tenuta perfetta nel rispetto della salute dei capelli e dell'ambiente. Perfetta per i professionisti dell'acconciatura e per i consumatori pi\u00f9 esigenti, questa cera spray \u00e8 la chiave per ottenere acconciature impeccabili senza compromessi.<\/p>\n<h3>I benefici della cera Hygge di Natulique<\/h3>\n<p>La cera Natulique Hygge \u00e8 stata progettata per offrire una tenuta flessibile mantenendo un aspetto naturale. La sua formula innovativa, a base di ingredienti biologici, nutre i capelli mentre li acconcia. Potete dire addio ai prodotti per lo styling pieni di sostanze chimiche nocive. Con Hygge Wax si ottiene una finitura opaca e strutturata, perfetta per un look sofisticato o casual.<\/p>\n<h3>Una formula rispettosa ed efficace<\/h3>\n<div class=\"fusion-title title fusion-title-6 fusion-sep-none fusion-title-text fusion-title-size-three\">\n<h3 class=\"fusion-title-heading title-heading-left\">A BASE DI INGREDIENTI NATURALI E BIOLOGICI CERTIFICATI<\/h3>\n<\/div>\n<div class=\"fusion-text fusion-text-10\">\n<p><strong>Olio di semi di broccoli<\/strong>i : Grazie alla sua composizione unica di aminoacidi grassi essenziali, questo olio nutre, protegge e idrata i capelli.<\/p>\n<p><strong>Olio di semi di jojoba<\/strong>\u00a0Estremamente ricco di vitamine e minerali come rame e zinco, questo olio rafforza i capelli e ne previene la secchezza.<\/p>\n<\/div>\n<h3>Perch\u00e9 scegliere Natulique Hygge Wax?<\/h3>\n<p>Scegliendo la cera spray Hygge di Natulique, scegliete un prodotto che rispetta l'ambiente e la vostra salute. Certificato biologico e privo di sostanze chimiche aggressive, \u00e8 pensato per chi ha a cuore il proprio benessere e il pianeta. Inoltre, Natulique \u00e8 un marchio rinomato per il suo impegno verso pratiche sostenibili ed etiche.<\/p>\n<div class=\"fusion-layout-column fusion_builder_column fusion-builder-column-15 fusion_builder_column_1_2 1_2 fusion-flex-column\">\n<div class=\"fusion-column-wrapper fusion-column-has-shadow fusion-flex-justify-content-flex-start fusion-content-layout-column\">\n<div class=\"fusion-text fusion-text-9\">\n<p>Il propellente utilizzato per gli aerosol NATULIQUE \u00e8 il gas BIO DME proveniente da un programma certificato. Derivato a 100 % da rifiuti di biomasse rinnovabili, il bio-DME \u00e8 biodegradabile, non corrosivo e non contamina il suolo o le falde acquifere. Il bio-DME non \u00e8 cancerogeno, non \u00e8 mutageno ed \u00e8 praticamente atossico per l'uomo.<\/p>\n<\/div>\n<\/div>\n<\/div>\n<div class=\"fusion-layout-column fusion_builder_column fusion-builder-column-16 fusion_builder_column_1_2 1_2 fusion-flex-column\">\n<div class=\"fusion-column-wrapper fusion-column-has-shadow fusion-flex-justify-content-flex-start fusion-content-layout-column\">\n<div class=\"fusion-title title fusion-title-6 fusion-sep-none fusion-title-text fusion-title-size-three\">\n<h3 class=\"fusion-title-heading title-heading-left fusion-responsive-typography-calculated\"><span style=\"font-size: 16px\">Facile applicazione e risultati professionali<\/span><\/h3>\n<\/div>\n<\/div>\n<\/div>\n<p>L'applicazione di Hygge Wax Spray \u00e8 semplice ed efficace. Basta spruzzare una piccola quantit\u00e0 di prodotto sui capelli asciutti o leggermente umidi, quindi modellare l'acconciatura a proprio piacimento. Sia che vogliate creare onde naturali, stili strutturati o stili strutturati, questo prodotto offre una grande versatilit\u00e0.<\/p>\n<p>Lo spray per capelli Hygge Wax di Natulique \u00e8 un vero must. <strong>rivoluzionario<\/strong> nel mondo dell'acconciatura biologica. Rappresenta un significativo progresso nei prodotti di styling naturali, offrendo un'alternativa sana ed efficace ai prodotti tradizionali.<\/p>\n<p>In conclusione, lo spray alla cera Natulique Hygge \u00e8 un must per chi vuole combinare le prestazioni dello styling con il rispetto dell'ambiente. La sua formula naturale e biologica, unita a un'efficacia comprovata, la rende la scelta ideale per uno stile perfetto e sano. Adottate la cera Natulique Hygge per uno stile brillante che rispetti i vostri capelli e il pianeta.<\/p>\n<p>Per saperne di pi\u00f9 e acquistare Natulique Hygge Wax Spray, visitate il nostro sito e scoprite una gamma completa di prodotti per lo styling biologici. Trasformate la vostra routine per i capelli con Natulique e provate la differenza dello styling con prodotti naturali.<\/p>\n<div class=\"fusion-title title fusion-title-3 fusion-sep-none fusion-title-text fusion-title-size-four\">\n<h4 class=\"fusion-title-heading title-heading-left fusion-responsive-typography-calculated\">5 vantaggi della cera spray<\/h4>\n<\/div>\n<div class=\"fusion-text fusion-text-7\">\n<p><strong>Adattabile<\/strong>\u00a0la struttura naturale dei capelli<\/p>\n<p><strong>Compatibile<\/strong>\u00a0con altri prodotti per la cura dei capelli<\/p>\n<p><strong>Pratica<\/strong>\u00a0e adattato al viaggio<\/p>\n<p><strong>Non grasso<\/strong>\u00a0e si sciacqua facilmente<\/p>\n<p><a href=\"https:\/\/mccp-coiffure-bio.ch\/cire-en-spray-cheveux-hygge\/\">https:\/\/mccp-coiffure-bio.ch\/cire-en-spray-cheveux-hygge\/<\/a><\/p>\n<\/div>\n<p><strong>Il concetto di NATULIQUE<\/strong><\/p>\n<p>Siete curiosi di sapere com'\u00e8 fatto un salone NATULIQUE 100%?<\/p>\n<p><a href=\"https:\/\/natulique.com\/fr\/concept-salon\/\">Per saperne di pi\u00f9 sui vantaggi e su come diventare un salone concept \u2192<\/a><\/p>\n<div class=\"fusion-text fusion-text-7\">\n<div class=\"fusion-layout-column fusion_builder_column fusion-builder-column-17 fusion_builder_column_1_6 1_6 fusion-flex-column fusion-flex-align-self-center\">\n<div class=\"fusion-column-wrapper fusion-column-has-shadow fusion-flex-justify-content-flex-start fusion-content-layout-column\">\n<div class=\"fusion-image-element\"><span class=\"fusion-imageframe imageframe-none imageframe-6 hover-type-none\"><img decoding=\"async\" class=\"img-responsive wp-image-181\" title=\"senza parabeni\" src=\"https:\/\/natulique.com\/fr\/wp-content\/uploads\/2023\/09\/no-parabens.png\" alt=\"\" width=\"120\" height=\"120\" \/><\/span><\/div>\n<div class=\"fusion-text fusion-text-11\">\n<p>Senza parabeni<\/p>\n<\/div>\n<\/div>\n<\/div>\n<div class=\"fusion-layout-column fusion_builder_column fusion-builder-column-18 fusion_builder_column_1_6 1_6 fusion-flex-column fusion-flex-align-self-center\">\n<div class=\"fusion-column-wrapper fusion-column-has-shadow fusion-flex-justify-content-flex-start fusion-content-layout-column\">\n<div class=\"fusion-image-element\"><span class=\"fusion-imageframe imageframe-none imageframe-7 hover-type-none\"><img decoding=\"async\" class=\"img-responsive wp-image-180\" title=\"no-fenossietanolo\" src=\"https:\/\/natulique.com\/fr\/wp-content\/uploads\/2023\/09\/no-phenoxyethanol.png\" alt=\"\" width=\"120\" height=\"120\" \/><\/span><\/div>\n<div class=\"fusion-text fusion-text-12\">\n<p>Senza fenossietanolo<\/p>\n<\/div>\n<\/div>\n<\/div>\n<div class=\"fusion-layout-column fusion_builder_column fusion-builder-column-19 fusion_builder_column_1_6 1_6 fusion-flex-column fusion-flex-align-self-center\">\n<div class=\"fusion-column-wrapper fusion-column-has-shadow fusion-flex-justify-content-flex-start fusion-content-layout-column\">\n<div class=\"fusion-image-element\"><span class=\"fusion-imageframe imageframe-none imageframe-8 hover-type-none\"><img decoding=\"async\" class=\"img-responsive wp-image-179\" title=\"senza fragranze artificiali\" src=\"https:\/\/natulique.com\/fr\/wp-content\/uploads\/2023\/09\/no-artificial-fragrances.png\" alt=\"\" width=\"120\" height=\"120\" \/><\/span><\/div>\n<div class=\"fusion-text fusion-text-13\">\n<p>Senza profumi artificiali<\/p>\n<\/div>\n<\/div>\n<\/div>\n<div class=\"fusion-layout-column fusion_builder_column fusion-builder-column-20 fusion_builder_column_1_6 1_6 fusion-flex-column fusion-flex-align-self-center\">\n<div class=\"fusion-column-wrapper fusion-column-has-shadow fusion-flex-justify-content-flex-start fusion-content-layout-column\">\n<div class=\"fusion-image-element\"><span class=\"fusion-imageframe imageframe-none imageframe-9 hover-type-none\"><img loading=\"lazy\" decoding=\"async\" class=\"img-responsive wp-image-178\" title=\"senza sls\" src=\"https:\/\/natulique.com\/fr\/wp-content\/uploads\/2023\/09\/sls-free.png\" alt=\"\" width=\"120\" height=\"120\" \/><\/span><\/div>\n<div class=\"fusion-text fusion-text-14\">\n<p>Senza SLS<\/p>\n<\/div>\n<\/div>\n<\/div>\n<div class=\"fusion-layout-column fusion_builder_column fusion-builder-column-21 fusion_builder_column_1_6 1_6 fusion-flex-column fusion-flex-align-self-center\">\n<div class=\"fusion-column-wrapper fusion-column-has-shadow fusion-flex-justify-content-flex-start fusion-content-layout-column\">\n<div class=\"fusion-image-element\"><span class=\"fusion-imageframe imageframe-none imageframe-10 hover-type-none\"><img loading=\"lazy\" decoding=\"async\" class=\"img-responsive wp-image-177\" title=\"senza siliconi aggiunti\" src=\"https:\/\/natulique.com\/fr\/wp-content\/uploads\/2023\/09\/no-added-silicones.png\" alt=\"\" width=\"120\" height=\"120\" \/><\/span><\/div>\n<div class=\"fusion-text fusion-text-15\">\n<p>Senza silicone<\/p>\n<\/div>\n<\/div>\n<\/div>\n<\/div>","protected":false},"excerpt":{"rendered":"<h2>Cera spray Hygge di Natulique - Le Coiffant Bio par Excellence<\/h2>\n<p>Scoprite Natulique Hygge Wax Spray, una soluzione rivoluzionaria per lo styling biologico che trasforma i vostri capelli con un'eleganza naturale. Arricchito con ingredienti biologici certificati, questo prodotto offre una tenuta perfetta nel rispetto della salute dei capelli e dell'ambiente. Perfetta per i professionisti dell'acconciatura e per i consumatori pi\u00f9 esigenti, questa cera spray \u00e8 la chiave per ottenere acconciature impeccabili senza compromessi.<\/p>\n<p style=\"text-align: left\">Immergetevi nell'eccellenza della bellezza dei capelli con <strong>MCCP COIFFURE BIO<\/strong> il vostro partner esclusivo per <strong>distribuzione del prodotto<\/strong> <strong>Natulico<\/strong> a<strong> Svizzera<\/strong>. In qualit\u00e0 di specialisti dedicati, vi offriamo una gamma completa di <strong>prodotti per capelli<\/strong> realizzati con ingredienti biologici di altissima qualit\u00e0. Affidatevi alla nostra esperienza per ottenere un'esperienza eccezionale per i capelli, all'altezza delle vostre aspettative pi\u00f9 esigenti.<\/p>\n<ul style=\"text-align: left\">\n<li><strong>Ingredienti biologici<\/strong><\/li>\n<li><strong>Vegano<\/strong><\/li>\n<li><strong>Qualit\u00e0 Pro<\/strong><\/li>\n<li><strong>Imballaggio riciclabile<\/strong><\/li>\n<\/ul>\n<p><img loading=\"lazy\" decoding=\"async\" class=\"wp-image-2406 aligncenter\" src=\"https:\/\/particulier.mccp-coiffure-bio.ch\/wp-content\/uploads\/2021\/01\/vegan-society-certification-300x242.png\" alt=\"\" width=\"214\" height=\"172\" srcset=\"https:\/\/particulier.mccp-coiffure-bio.ch\/wp-content\/uploads\/2021\/01\/vegan-society-certification-300x242.png 300w, https:\/\/particulier.mccp-coiffure-bio.ch\/wp-content\/uploads\/2021\/01\/vegan-society-certification.png 529w\" sizes=\"(max-width: 214px) 100vw, 214px\" \/><\/p>","protected":false},"featured_media":2733,"comment_status":"open","ping_status":"closed","template":"","meta":{"ocean_post_layout":"","ocean_both_sidebars_style":"","ocean_both_sidebars_content_width":0,"ocean_both_sidebars_sidebars_width":0,"ocean_sidebar":"0","ocean_second_sidebar":"0","ocean_disable_margins":"enable","ocean_add_body_class":"","ocean_shortcode_before_top_bar":"","ocean_shortcode_after_top_bar":"","ocean_shortcode_before_header":"","ocean_shortcode_after_header":"","ocean_has_shortcode":"","ocean_shortcode_after_title":"","ocean_shortcode_before_footer_widgets":"","ocean_shortcode_after_footer_widgets":"","ocean_shortcode_before_footer_bottom":"","ocean_shortcode_after_footer_bottom":"","ocean_display_top_bar":"default","ocean_display_header":"default","ocean_header_style":"","ocean_center_header_left_menu":"0","ocean_custom_header_template":"0","ocean_custom_logo":0,"ocean_custom_retina_logo":0,"ocean_custom_logo_max_width":0,"ocean_custom_logo_tablet_max_width":0,"ocean_custom_logo_mobile_max_width":0,"ocean_custom_logo_max_height":0,"ocean_custom_logo_tablet_max_height":0,"ocean_custom_logo_mobile_max_height":0,"ocean_header_custom_menu":"0","ocean_menu_typo_font_family":"0","ocean_menu_typo_font_subset":"","ocean_menu_typo_font_size":0,"ocean_menu_typo_font_size_tablet":0,"ocean_menu_typo_font_size_mobile":0,"ocean_menu_typo_font_size_unit":"px","ocean_menu_typo_font_weight":"","ocean_menu_typo_font_weight_tablet":"","ocean_menu_typo_font_weight_mobile":"","ocean_menu_typo_transform":"","ocean_menu_typo_transform_tablet":"","ocean_menu_typo_transform_mobile":"","ocean_menu_typo_line_height":0,"ocean_menu_typo_line_height_tablet":0,"ocean_menu_typo_line_height_mobile":0,"ocean_menu_typo_line_height_unit":"","ocean_menu_typo_spacing":0,"ocean_menu_typo_spacing_tablet":0,"ocean_menu_typo_spacing_mobile":0,"ocean_menu_typo_spacing_unit":"","ocean_menu_link_color":"","ocean_menu_link_color_hover":"","ocean_menu_link_color_active":"","ocean_menu_link_background":"","ocean_menu_link_hover_background":"","ocean_menu_link_active_background":"","ocean_menu_social_links_bg":"","ocean_menu_social_hover_links_bg":"","ocean_menu_social_links_color":"","ocean_menu_social_hover_links_color":"","ocean_disable_title":"default","ocean_disable_heading":"default","ocean_post_title":"","ocean_post_subheading":"","ocean_post_title_style":"","ocean_post_title_background_color":"","ocean_post_title_background":0,"ocean_post_title_bg_image_position":"","ocean_post_title_bg_image_attachment":"","ocean_post_title_bg_image_repeat":"","ocean_post_title_bg_image_size":"","ocean_post_title_height":0,"ocean_post_title_bg_overlay":0.5,"ocean_post_title_bg_overlay_color":"","ocean_disable_breadcrumbs":"default","ocean_breadcrumbs_color":"","ocean_breadcrumbs_separator_color":"","ocean_breadcrumbs_links_color":"","ocean_breadcrumbs_links_hover_color":"","ocean_display_footer_widgets":"default","ocean_display_footer_bottom":"default","ocean_custom_footer_template":"0"},"product_brand":[],"product_cat":[323],"product_tag":[],"class_list":{"0":"post-2813","1":"product","2":"type-product","3":"status-publish","4":"has-post-thumbnail","6":"product_cat-produits-coiffants","8":"entry","9":"has-media","11":"first","12":"instock","13":"taxable","14":"shipping-taxable","15":"purchasable","16":"product-type-simple","17":"has-product-nav","18":"col","19":"span_1_of_5","20":"owp-content-center","21":"owp-thumbs-layout-horizontal","22":"owp-btn-normal","23":"owp-tabs-layout-horizontal","24":"has-no-thumbnails"},"jetpack_sharing_enabled":true,"_links":{"self":[{"href":"https:\/\/particulier.mccp-coiffure-bio.ch\/it\/wp-json\/wp\/v2\/product\/2813","targetHints":{"allow":["GET"]}}],"collection":[{"href":"https:\/\/particulier.mccp-coiffure-bio.ch\/it\/wp-json\/wp\/v2\/product"}],"about":[{"href":"https:\/\/particulier.mccp-coiffure-bio.ch\/it\/wp-json\/wp\/v2\/types\/product"}],"replies":[{"embeddable":true,"href":"https:\/\/particulier.mccp-coiffure-bio.ch\/it\/wp-json\/wp\/v2\/comments?post=2813"}],"version-history":[{"count":1,"href":"https:\/\/particulier.mccp-coiffure-bio.ch\/it\/wp-json\/wp\/v2\/product\/2813\/revisions"}],"predecessor-version":[{"id":5936,"href":"https:\/\/particulier.mccp-coiffure-bio.ch\/it\/wp-json\/wp\/v2\/product\/2813\/revisions\/5936"}],"wp:featuredmedia":[{"embeddable":true,"href":"https:\/\/particulier.mccp-coiffure-bio.ch\/it\/wp-json\/wp\/v2\/media\/2733"}],"wp:attachment":[{"href":"https:\/\/particulier.mccp-coiffure-bio.ch\/it\/wp-json\/wp\/v2\/media?parent=2813"}],"wp:term":[{"taxonomy":"product_brand","embeddable":true,"href":"https:\/\/particulier.mccp-coiffure-bio.ch\/it\/wp-json\/wp\/v2\/product_brand?post=2813"},{"taxonomy":"product_cat","embeddable":true,"href":"https:\/\/particulier.mccp-coiffure-bio.ch\/it\/wp-json\/wp\/v2\/product_cat?post=2813"},{"taxonomy":"product_tag","embeddable":true,"href":"https:\/\/particulier.mccp-coiffure-bio.ch\/it\/wp-json\/wp\/v2\/product_tag?post=2813"}],"curies":[{"name":"wp","href":"https:\/\/api.w.org\/{rel}","templated":true}]}}