{"id":2807,"date":"2024-05-22T10:55:52","date_gmt":"2024-05-22T08:55:52","guid":{"rendered":"https:\/\/particulier.mccp-coiffure-bio.ch\/spray-cheveux-revitalisant\/"},"modified":"2026-01-05T07:43:56","modified_gmt":"2026-01-05T06:43:56","slug":"spray-demelant-sans-rincage","status":"publish","type":"product","link":"https:\/\/particulier.mccp-coiffure-bio.ch\/it\/prodotto\/spray-demelant-sans-rincage\/","title":{"rendered":"Spray districante senza risciacquo 195 ml"},"content":{"rendered":"<h1><strong>Spray districante con formula Leave-In di Natulique - Il segreto per capelli facilmente acconciabili<\/strong><\/h1>\n<h2><strong>Districa i capelli in modo naturale con lo spray districante biologico Natulique<\/strong><\/h2>\n<p><strong>Descrizione:<\/strong><\/p>\n<p>Scoprire il <strong>Spray districante leave-in biologico Natulique<\/strong>un must per tutti coloro che aspirano a una migliore qualit\u00e0 di vita. <strong>capelli sublimi<\/strong> e facile da acconciare. Formulato con cura, questo spray districante \u00e8 stato progettato per offrire una soluzione naturale ed efficace ai problemi di grovigli e nodi, rispettando la salute dei capelli e del cuoio capelluto.<\/p>\n<p>La composizione di questo spray districante si distingue per la ricchezza di ingredienti organici e naturali.<\/p>\n<div class=\"fusion-title title fusion-title-3 fusion-sep-none fusion-title-text fusion-title-size-three\">\n<h3 class=\"fusion-title-heading title-heading-left fusion-responsive-typography-calculated\">CON INGREDIENTI E PRINCIPI ATTIVI BIOLOGICI CERTIFICATI<\/h3>\n<\/div>\n<div class=\"fusion-text fusion-text-7\">\n<p><strong>Succo di foglie di aloe vera biologico certificato:<\/strong>Ammorbidisce, lenisce e guarisce grazie alle vitamine A, B e C, mentre idrata, nutre e lenisce istantaneamente il cuoio capelluto secco, pruriginoso e irritato.<\/p>\n<p><strong>Estratto di frutti di mirtillo biologico certificato: <\/strong>Migliora la microcircolazione capillare e stimola la produzione di collagene nei capelli per contribuire all'idratazione e alla prevenzione del deterioramento dei capelli e del cuoio capelluto.<\/p>\n<p><strong>Estratto di frutto di mango biologico certificato: <\/strong>Estremamente ricco di vitamine A, C e betacarotene, aggiunge lucentezza, previene la disidratazione dei capelli e contribuisce alle incredibili qualit\u00e0 di condizionamento del cuoio capelluto.<\/p>\n<p><strong>Estratto di Acai biologico certificato: <\/strong>Un'eccezionale concentrazione di nutrienti essenziali, proteine, acidi grassi omega e vitamine per mantenere sano il cuoio capelluto e rafforzare i capelli dalla radice alle punte. L'estratto di Acai avvolge il fusto del capello, aggiungendo idratazione e lucentezza e riducendo l'effetto crespo. Il rivestimento protettivo e l'antiossidazione dell'Acai proteggono il colore prevenendo l'ossidazione indesiderata causata dai radicali liberi, che pu\u00f2 portare alla decolorazione. Inoltre, contribuisce a lasciare i capelli lucidi e morbidi.<\/p>\n<\/div>\n<div class=\"accordian fusion-accordian\">\n<div id=\"accordion-1669-1\" class=\"panel-group fusion-toggle-icon-unboxed\">\n<div class=\"fusion-panel panel-default panel-98ac8b83746d9cce1 fusion-toggle-no-divider\">\n<div class=\"panel-heading\">\n<h4 id=\"toggle_98ac8b83746d9cce1\" class=\"panel-title toggle fusion-responsive-typography-calculated\" data-fontsize=\"12\" data-lineheight=\"12px\"><strong>Districante biologico<\/strong>, <strong>parrucchiere biologico<\/strong>, <strong>senza risciacquo<\/strong>e <strong>cosmetici naturali<\/strong> sono le parole chiave che definiscono perfettamente questo prodotto eccezionale. Il <strong>Spray districante leave-in Natulique<\/strong> offre un'esperienza incomparabile per la cura dei capelli. Grazie alla sua formula innovativa, facilita il brushing e previene la rottura dei capelli, lasciandoli morbidi e leggeri fin dal primo utilizzo.<\/h4>\n<\/div>\n<\/div>\n<\/div>\n<\/div>\n<p><strong>Perch\u00e9 scegliere lo spray districante leave-in biologico Natulique?<\/strong><\/p>\n<ol>\n<li><strong>Efficacia immediata<\/strong> Questo spray districante agisce istantaneamente per districare anche i capelli pi\u00f9 ostinati, rendendo lo styling un gioco da ragazzi.<\/li>\n<li><strong>Rispetto per la natura<\/strong> Prodotto con ingredienti biologici, \u00e8 delicato per l'ambiente e per la salute.<\/li>\n<li><strong>Senza risciacquo<\/strong> Risparmiate tempo applicando questo spray senza risciacquo, ideale per l'uso quotidiano.<\/li>\n<li><strong>Protezione e cura<\/strong> Protegge i capelli dalle aggressioni esterne, nutrendoli e idratandoli in profondit\u00e0.<\/li>\n<\/ol>\n<p>L'uso di <strong>Spray districante leave-in biologico Natulique<\/strong> \u00e8 facile e veloce. Basta spruzzare il prodotto in modo uniforme sui capelli umidi o asciutti, quindi pettinarli delicatamente per ottenere risultati ottimali. La sua texture leggera non lascia residui e non unge i capelli, lasciandoli morbidi, lucidi e facili da acconciare.<\/p>\n<p>Questo prodotto \u00e8 destinato a chiunque abbia a cuore la qualit\u00e0 e la salute dei propri capelli. Sia che abbiate capelli fini, spessi, ricci o lisci, il prodotto <strong>Spray districante biologico Natulique<\/strong> soddisfa le vostre specifiche esigenze di districabilit\u00e0 e cura dei capelli.<\/p>\n<p>Optare per <strong>Spray districante leave-in biologico Natulique<\/strong>\u00e8 la scelta di capelli sani e luminosi grazie a un prodotto naturale, efficace ed ecologico.<\/p>\n<p>In breve, il <strong>Spray districante leave-in biologico Natulique<\/strong> \u00e8 molto pi\u00f9 di un semplice districante. \u00c8 una vera e propria soluzione di cura che trasforma la fase di districatura in un momento di piacere e morbidezza. Adottatelo oggi stesso e date ai vostri capelli il meglio della natura.<\/p>\n<p><strong>\u00a0Rivelate lo splendore naturale dei vostri capelli con lo spray districante organico leave-in di Natulique.<\/strong><\/p>\n<p><a href=\"https:\/\/mccp-coiffure-bio.ch\/apres-shampoing-sans-rincage-hydratant\">https:\/\/mccp-coiffure-bio.ch\/apres-shampoing-sans-rincage-hydratant<\/a><\/p>\n<div class=\"fusion-layout-column fusion_builder_column fusion-builder-column-24 fusion_builder_column_1_3 1_3 fusion-flex-column\">\n<div class=\"fusion-column-wrapper fusion-column-has-shadow fusion-flex-justify-content-flex-start fusion-content-layout-column\">\n<div class=\"fusion-text fusion-text-17 fusion-no-small-visibility fusion-no-medium-visibility\">\n<p><strong>Il concetto di NATULIQUE<\/strong><\/p>\n<p>Siete curiosi di sapere com'\u00e8 fatto un salone NATULIQUE 100%?<\/p>\n<p><a href=\"https:\/\/natulique.com\/fr\/concept-salon\/\">Per saperne di pi\u00f9 sui vantaggi e su come diventare un salone concept \u2192<\/a><\/p>\n<\/div>\n<\/div>\n<\/div>\n<div class=\"fusion-layout-column fusion_builder_column fusion-builder-column-25 fusion_builder_column_1_3 1_3 fusion-flex-column\">\n<div class=\"fusion-column-wrapper fusion-column-has-shadow fusion-flex-justify-content-flex-start fusion-content-layout-column\">\n<div class=\"fusion-text fusion-text-18\"><\/div>\n<\/div>\n<\/div>\n<div class=\"fusion-layout-column fusion_builder_column fusion-builder-column-15 fusion_builder_column_1_6 1_6 fusion-flex-column fusion-flex-align-self-center\">\n<div class=\"fusion-column-wrapper fusion-column-has-shadow fusion-flex-justify-content-flex-start fusion-content-layout-column\">\n<div class=\"fusion-image-element\"><\/div>\n<div class=\"fusion-text fusion-text-8\">\n<p>Senza parabeni, senza fenossietanolo, senza profumi artificiali, senza SLS, senza siliconi<\/p>\n<\/div>\n<\/div>\n<\/div>","protected":false},"excerpt":{"rendered":"<p style=\"text-align: left\">Scoprire il <strong>Spray districante leave-in biologico Natulique<\/strong><\/p>\n<p style=\"text-align: left\">Un must per tutti coloro che aspirano a una migliore qualit\u00e0 di vita. <strong>capelli sublimi<\/strong> e facile da acconciare. Formulato con cura, questo spray districante \u00e8 stato progettato per offrire una soluzione naturale ed efficace ai problemi di grovigli e nodi, rispettando la salute dei capelli e del cuoio capelluto.<\/p>\n<p style=\"text-align: left\">Immergetevi nell'eccellenza della bellezza dei capelli con <strong>MCCP COIFFURE BIO<\/strong> il vostro partner esclusivo per <strong>distribuzione del prodotto<\/strong> <strong>Natulico<\/strong> a<strong> Svizzera<\/strong>. In qualit\u00e0 di specialisti dedicati, vi offriamo una gamma completa di <strong>prodotti per capelli<\/strong> realizzati con ingredienti biologici di altissima qualit\u00e0. Affidatevi alla nostra esperienza per ottenere un'esperienza eccezionale per i capelli, all'altezza delle vostre aspettative pi\u00f9 esigenti.<\/p>\n<ul style=\"text-align: left\">\n<li><strong>Ingredienti biologici<\/strong><\/li>\n<li><strong>Vegano<\/strong><\/li>\n<li><strong>Qualit\u00e0 Pro<\/strong><\/li>\n<li><strong>Imballaggio riciclabile<\/strong><\/li>\n<\/ul>\n<p><img decoding=\"async\" class=\"wp-image-2406 aligncenter\" src=\"https:\/\/particulier.mccp-coiffure-bio.ch\/wp-content\/uploads\/2021\/01\/vegan-society-certification-300x242.png\" alt=\"\" width=\"214\" height=\"172\" srcset=\"https:\/\/particulier.mccp-coiffure-bio.ch\/wp-content\/uploads\/2021\/01\/vegan-society-certification-300x242.png 300w, https:\/\/particulier.mccp-coiffure-bio.ch\/wp-content\/uploads\/2021\/01\/vegan-society-certification.png 529w\" sizes=\"(max-width: 214px) 100vw, 214px\" \/><\/p>","protected":false},"featured_media":2732,"comment_status":"open","ping_status":"closed","template":"","meta":{"ocean_post_layout":"","ocean_both_sidebars_style":"","ocean_both_sidebars_content_width":0,"ocean_both_sidebars_sidebars_width":0,"ocean_sidebar":"0","ocean_second_sidebar":"0","ocean_disable_margins":"enable","ocean_add_body_class":"","ocean_shortcode_before_top_bar":"","ocean_shortcode_after_top_bar":"","ocean_shortcode_before_header":"","ocean_shortcode_after_header":"","ocean_has_shortcode":"","ocean_shortcode_after_title":"","ocean_shortcode_before_footer_widgets":"","ocean_shortcode_after_footer_widgets":"","ocean_shortcode_before_footer_bottom":"","ocean_shortcode_after_footer_bottom":"","ocean_display_top_bar":"default","ocean_display_header":"default","ocean_header_style":"","ocean_center_header_left_menu":"0","ocean_custom_header_template":"0","ocean_custom_logo":0,"ocean_custom_retina_logo":0,"ocean_custom_logo_max_width":0,"ocean_custom_logo_tablet_max_width":0,"ocean_custom_logo_mobile_max_width":0,"ocean_custom_logo_max_height":0,"ocean_custom_logo_tablet_max_height":0,"ocean_custom_logo_mobile_max_height":0,"ocean_header_custom_menu":"0","ocean_menu_typo_font_family":"0","ocean_menu_typo_font_subset":"","ocean_menu_typo_font_size":0,"ocean_menu_typo_font_size_tablet":0,"ocean_menu_typo_font_size_mobile":0,"ocean_menu_typo_font_size_unit":"px","ocean_menu_typo_font_weight":"","ocean_menu_typo_font_weight_tablet":"","ocean_menu_typo_font_weight_mobile":"","ocean_menu_typo_transform":"","ocean_menu_typo_transform_tablet":"","ocean_menu_typo_transform_mobile":"","ocean_menu_typo_line_height":0,"ocean_menu_typo_line_height_tablet":0,"ocean_menu_typo_line_height_mobile":0,"ocean_menu_typo_line_height_unit":"","ocean_menu_typo_spacing":0,"ocean_menu_typo_spacing_tablet":0,"ocean_menu_typo_spacing_mobile":0,"ocean_menu_typo_spacing_unit":"","ocean_menu_link_color":"","ocean_menu_link_color_hover":"","ocean_menu_link_color_active":"","ocean_menu_link_background":"","ocean_menu_link_hover_background":"","ocean_menu_link_active_background":"","ocean_menu_social_links_bg":"","ocean_menu_social_hover_links_bg":"","ocean_menu_social_links_color":"","ocean_menu_social_hover_links_color":"","ocean_disable_title":"default","ocean_disable_heading":"default","ocean_post_title":"","ocean_post_subheading":"","ocean_post_title_style":"","ocean_post_title_background_color":"","ocean_post_title_background":0,"ocean_post_title_bg_image_position":"","ocean_post_title_bg_image_attachment":"","ocean_post_title_bg_image_repeat":"","ocean_post_title_bg_image_size":"","ocean_post_title_height":0,"ocean_post_title_bg_overlay":0.5,"ocean_post_title_bg_overlay_color":"","ocean_disable_breadcrumbs":"default","ocean_breadcrumbs_color":"","ocean_breadcrumbs_separator_color":"","ocean_breadcrumbs_links_color":"","ocean_breadcrumbs_links_hover_color":"","ocean_display_footer_widgets":"default","ocean_display_footer_bottom":"default","ocean_custom_footer_template":"0"},"product_brand":[],"product_cat":[322],"product_tag":[],"class_list":{"0":"post-2807","1":"product","2":"type-product","3":"status-publish","4":"has-post-thumbnail","6":"product_cat-soins-des-cheveux","8":"entry","9":"has-media","11":"first","12":"instock","13":"taxable","14":"shipping-taxable","15":"purchasable","16":"product-type-simple","17":"has-product-nav","18":"col","19":"span_1_of_5","20":"owp-content-center","21":"owp-thumbs-layout-horizontal","22":"owp-btn-normal","23":"owp-tabs-layout-horizontal","24":"has-no-thumbnails"},"jetpack_sharing_enabled":true,"_links":{"self":[{"href":"https:\/\/particulier.mccp-coiffure-bio.ch\/it\/wp-json\/wp\/v2\/product\/2807","targetHints":{"allow":["GET"]}}],"collection":[{"href":"https:\/\/particulier.mccp-coiffure-bio.ch\/it\/wp-json\/wp\/v2\/product"}],"about":[{"href":"https:\/\/particulier.mccp-coiffure-bio.ch\/it\/wp-json\/wp\/v2\/types\/product"}],"replies":[{"embeddable":true,"href":"https:\/\/particulier.mccp-coiffure-bio.ch\/it\/wp-json\/wp\/v2\/comments?post=2807"}],"version-history":[{"count":1,"href":"https:\/\/particulier.mccp-coiffure-bio.ch\/it\/wp-json\/wp\/v2\/product\/2807\/revisions"}],"predecessor-version":[{"id":5942,"href":"https:\/\/particulier.mccp-coiffure-bio.ch\/it\/wp-json\/wp\/v2\/product\/2807\/revisions\/5942"}],"wp:featuredmedia":[{"embeddable":true,"href":"https:\/\/particulier.mccp-coiffure-bio.ch\/it\/wp-json\/wp\/v2\/media\/2732"}],"wp:attachment":[{"href":"https:\/\/particulier.mccp-coiffure-bio.ch\/it\/wp-json\/wp\/v2\/media?parent=2807"}],"wp:term":[{"taxonomy":"product_brand","embeddable":true,"href":"https:\/\/particulier.mccp-coiffure-bio.ch\/it\/wp-json\/wp\/v2\/product_brand?post=2807"},{"taxonomy":"product_cat","embeddable":true,"href":"https:\/\/particulier.mccp-coiffure-bio.ch\/it\/wp-json\/wp\/v2\/product_cat?post=2807"},{"taxonomy":"product_tag","embeddable":true,"href":"https:\/\/particulier.mccp-coiffure-bio.ch\/it\/wp-json\/wp\/v2\/product_tag?post=2807"}],"curies":[{"name":"wp","href":"https:\/\/api.w.org\/{rel}","templated":true}]}}