{"id":2801,"date":"2024-05-22T10:55:52","date_gmt":"2024-05-22T08:55:52","guid":{"rendered":"https:\/\/particulier.mccp-coiffure-bio.ch\/spray-cheveux-root-lifter-volume-tonic\/"},"modified":"2026-01-13T08:53:51","modified_gmt":"2026-01-13T07:53:51","slug":"spray-volume-root-lifter-volume-tonic","status":"publish","type":"product","link":"https:\/\/particulier.mccp-coiffure-bio.ch\/it\/prodotto\/spray-volume-root-lifter-volume-tonic\/","title":{"rendered":"Spray Volume - Sollevatore di radici Tonico di volume 150 ml"},"content":{"rendered":"<h1>Spray tonico Volume Root Lift Volume di Natulique<\/h1>\n<h2>Scoprite il segreto di un volume sorprendente con Volume Root Lift Spray di Natulique<\/h2>\n<p>Le <strong>Spray tonico Volume Root Lift Volume di Natulique<\/strong> \u00e8 la soluzione ideale per capelli voluminosi e pieni di vitalit\u00e0. Appositamente studiato per soddisfare le esigenze dei professionisti dell'acconciatura e degli individui pi\u00f9 esigenti, questo spray volumizzante trasforma istantaneamente la texture dei capelli. Grazie alla sua composizione unica a base di ingredienti naturali e biologici, garantisce un volume duraturo nel rispetto della salute dei capelli e del cuoio capelluto.<\/p>\n<h3>Composizione naturale ed efficace<\/h3>\n<p>Lo spray tonico Natulique Volume Root Lift Volume \u00e8 formulato con ingredienti accuratamente selezionati per le loro propriet\u00e0 volumizzanti e nutrienti. Gli ingredienti principali includono :<\/p>\n<div class=\"fusion-fullwidth fullwidth-box fusion-builder-row-5 fusion-flex-container has-pattern-background has-mask-background nonhundred-percent-fullwidth non-hundred-percent-height-scrolling\">\n<div class=\"fusion-builder-row fusion-row fusion-flex-align-items-center fusion-flex-content-wrap\">\n<div class=\"fusion-layout-column fusion_builder_column fusion-builder-column-14 fusion_builder_column_1_2 1_2 fusion-flex-column\">\n<div class=\"fusion-column-wrapper fusion-column-has-shadow fusion-flex-justify-content-flex-start fusion-content-layout-column\">\n<div class=\"fusion-text fusion-text-7 nitro-offscreen\">\n<ul>\n<li><strong>Succo di foglie di Aloe Vera: <\/strong>Riduce significativamente il prurito, la forfora e la desquamazione del cuoio capelluto, stimolando al contempo la circolazione sanguigna e favorendo l'apporto di ossigeno ai follicoli piliferi per una salute e una nutrizione ottimali dei capelli.<\/li>\n<li><strong>Estratto di mirtillo: <\/strong>Con i suoi principi attivi chiave, migliora la microcircolazione capillare e stimola la produzione di collagene nei capelli per aiutarli a idratarsi e a prevenire il deterioramento dei capelli e del cuoio capelluto.<\/li>\n<li><strong>Estratto da Feuille d'Olivier: <\/strong>Stimola l'anagen per una maggiore crescita dei capelli, mentre le sue qualit\u00e0 idratanti agiscono in profondit\u00e0 nei follicoli piliferi per ringiovanire i capelli, offrendo un'incredibile lucentezza e una naturale brillantezza.<\/li>\n<\/ul>\n<\/div>\n<\/div>\n<\/div>\n<\/div>\n<\/div>\n<div class=\"fusion-fullwidth fullwidth-box fusion-builder-row-6 fusion-flex-container has-pattern-background has-mask-background nonhundred-percent-fullwidth non-hundred-percent-height-scrolling nitro-offscreen\">\n<div class=\"fusion-builder-row fusion-row fusion-flex-align-items-center fusion-flex-justify-content-center fusion-flex-content-wrap\">\n<div class=\"fusion-layout-column fusion_builder_column fusion-builder-column-15 fusion_builder_column_1_6 1_6 fusion-flex-column fusion-flex-align-self-center\">\n<div class=\"fusion-column-wrapper fusion-column-has-shadow fusion-flex-justify-content-flex-start fusion-content-layout-column\">Questi ingredienti naturali lavorano in sinergia per offrire un volume impressionante e allo stesso tempo prendersi cura dei capelli.<\/div>\n<\/div>\n<\/div>\n<\/div>\n<h3>Benefici di Natulique Volume Root Lift Spray<\/h3>\n<ol>\n<li><strong>Volume istantaneo<\/strong> Questo spray solleva le radici per un effetto volumizzante immediato.<\/li>\n<li><strong>Struttura leggera<\/strong> La sua formula leggera non lascia residui, garantendo una tenuta perfetta senza appesantire i capelli.<\/li>\n<li><strong>Idratazione e nutrizione<\/strong> Grazie all'Aloe Vera e alle proteine della seta, i capelli rimangono idratati e brillanti.<\/li>\n<li><strong>Rispettare la salute dei capelli<\/strong> Formulato senza parabeni, solfati o siliconi, questo spray \u00e8 perfetto per l'uso quotidiano su tutti i tipi di capelli.<\/li>\n<li><strong>Cosmetici biologici e naturali<\/strong> Certificato biologico, questo spray rispetta l'ambiente e la vostra salute.<\/li>\n<\/ol>\n<h3>Consigli per l'uso e l'applicazione<\/h3>\n<p>Per ottenere risultati ottimali, applicare Natulique Volume Root Lift Volume Tonic Spray sui capelli umidi. Spruzzare direttamente sulle radici e acconciare come di consueto. Per un volume ancora pi\u00f9 intenso, utilizzare una spazzola rotonda e asciugare i capelli sollevando le radici.<\/p>\n<h3>Perch\u00e9 scegliere Natulique?<\/h3>\n<p>Natulique \u00e8 un marchio impegnato nella produzione di <strong>cosmetici naturali<\/strong> e rispettosi dell'ambiente. Tutti i loro prodotti sono formulati con ingredienti biologici certificati, garantendo la massima efficacia e preservando la salute dei capelli e del pianeta. Lo spray tonico Volume Root Lift di Natulique incarna perfettamente questa filosofia, offrendo un volume eccezionale pur essendo delicato e rispettoso.<\/p>\n<h3>Conclusione: volume potente e naturale<\/h3>\n<p>Incorporando Natulique Volume Root Lift Volume Tonic Spray nella vostra routine di capelli, sceglierete una soluzione naturale ed efficace per aggiungere volume ai vostri capelli. Questo spray \u00e8 l'alleato ideale per ottenere stili voluminosi, dinamici e dall'aspetto sano. Scegliete il potere dei cosmetici naturali con Natulique e trasformate i vostri capelli in una vera criniera da sogno.<\/p>\n<p><a href=\"https:\/\/mccp-coiffure-bio.ch\/tonique-volumisant-special-racines\/\">https:\/\/mccp-coiffure-bio.ch\/tonique-volumisant-special-racines\/<\/a><\/p>\n<p><strong>Il concetto di NATULIQUE<\/strong><\/p>\n<p>Siete curiosi di sapere com'\u00e8 fatto un salone NATULIQUE 100%?<\/p>\n<p><a href=\"https:\/\/natulique.com\/fr\/concept-salon\/\">Per saperne di pi\u00f9 sui vantaggi e su come diventare un salone concept \u2192<\/a><\/p>\n<div class=\"fusion-image-element\"><\/div>\n<div class=\"fusion-text fusion-text-8\">\n<p>Senza parabeni<\/p>\n<p>Senza fenossietanolo<\/p>\n<div class=\"fusion-layout-column fusion_builder_column fusion-builder-column-17 fusion_builder_column_1_6 1_6 fusion-flex-column fusion-flex-align-self-center\">\n<div class=\"fusion-column-wrapper fusion-column-has-shadow fusion-flex-justify-content-flex-start fusion-content-layout-column\">\n<p>Nessuna fragranza artificiale<\/p>\n<p>Senza SLS<\/p>\n<div class=\"fusion-row\">\n<section id=\"content\" class=\"full-width\">\n<div id=\"post-852\" class=\"post-852 page type-page status-publish hentry\">\n<div class=\"post-content\">\n<div class=\"fusion-fullwidth fullwidth-box fusion-builder-row-6 fusion-flex-container has-pattern-background has-mask-background nonhundred-percent-fullwidth non-hundred-percent-height-scrolling nitro-offscreen\">\n<div class=\"fusion-builder-row fusion-row fusion-flex-align-items-center fusion-flex-justify-content-center fusion-flex-content-wrap\">\n<div class=\"fusion-layout-column fusion_builder_column fusion-builder-column-19 fusion_builder_column_1_6 1_6 fusion-flex-column fusion-flex-align-self-center\">\n<div class=\"fusion-column-wrapper fusion-column-has-shadow fusion-flex-justify-content-flex-start fusion-content-layout-column\">\n<div class=\"fusion-image-element\">Senza silicone<\/div>\n<\/div>\n<\/div>\n<\/div>\n<\/div>\n<\/div>\n<\/div>\n<\/section>\n<\/div>\n<p>&nbsp;<\/p>\n<div class=\"fusion-tb-footer fusion-footer nitro-offscreen\">\n<div class=\"fusion-footer-widget-area fusion-widget-area\">\n<div class=\"fusion-fullwidth fullwidth-box fusion-builder-row-7 fusion-flex-container nonhundred-percent-fullwidth non-hundred-percent-height-scrolling\">\n<div class=\"fusion-builder-row fusion-row fusion-flex-align-items-flex-start fusion-flex-content-wrap\">\n<div class=\"fusion-layout-column fusion_builder_column fusion-builder-column-20 fusion_builder_column_1_2 1_2 fusion-flex-column\">\n<div class=\"fusion-column-wrapper fusion-column-has-shadow fusion-flex-justify-content-flex-start fusion-content-layout-column\"><\/div>\n<\/div>\n<\/div>\n<\/div>\n<\/div>\n<\/div>\n<\/div>\n<\/div>\n<\/div>","protected":false},"excerpt":{"rendered":"<h2>Scoprite il segreto di un volume sorprendente con Volume Root Lift Spray di Natulique<\/h2>\n<p>Le <strong>Spray tonico Volume Root Lift Volume di Natulique<\/strong> \u00e8 la soluzione ideale per capelli voluminosi e pieni di vitalit\u00e0. Appositamente studiato per soddisfare le esigenze dei professionisti dell'acconciatura e degli individui pi\u00f9 esigenti, questo spray volumizzante trasforma istantaneamente la texture dei capelli. Grazie alla sua composizione unica a base di ingredienti naturali e biologici, garantisce un volume duraturo nel rispetto della salute dei capelli e del cuoio capelluto.<\/p>\n<p style=\"text-align: left\">Immergetevi nell'eccellenza della bellezza dei capelli con <strong>MCCP COIFFURE BIO<\/strong> il vostro partner esclusivo per <strong>distribuzione del prodotto<\/strong> <strong>Natulico<\/strong> a<strong> Svizzera<\/strong>. In qualit\u00e0 di specialisti dedicati, vi offriamo una gamma completa di <strong>prodotti per capelli<\/strong> realizzati con ingredienti biologici di altissima qualit\u00e0. Affidatevi alla nostra esperienza per ottenere un'esperienza eccezionale per i capelli, all'altezza delle vostre aspettative pi\u00f9 esigenti.<\/p>\n<ul style=\"text-align: left\">\n<li><strong>Ingredienti biologici<\/strong><\/li>\n<li><strong>Vegano<\/strong><\/li>\n<li><strong>Qualit\u00e0 Pro<\/strong><\/li>\n<li><strong>Imballaggio riciclabile<\/strong><\/li>\n<\/ul>\n<p><img decoding=\"async\" class=\"wp-image-2406 aligncenter\" src=\"https:\/\/particulier.mccp-coiffure-bio.ch\/wp-content\/uploads\/2021\/01\/vegan-society-certification-300x242.png\" alt=\"\" width=\"214\" height=\"172\" srcset=\"https:\/\/particulier.mccp-coiffure-bio.ch\/wp-content\/uploads\/2021\/01\/vegan-society-certification-300x242.png 300w, https:\/\/particulier.mccp-coiffure-bio.ch\/wp-content\/uploads\/2021\/01\/vegan-society-certification.png 529w\" sizes=\"(max-width: 214px) 100vw, 214px\" \/><\/p>","protected":false},"featured_media":2729,"comment_status":"open","ping_status":"closed","template":"","meta":{"ocean_post_layout":"","ocean_both_sidebars_style":"","ocean_both_sidebars_content_width":0,"ocean_both_sidebars_sidebars_width":0,"ocean_sidebar":"0","ocean_second_sidebar":"0","ocean_disable_margins":"enable","ocean_add_body_class":"","ocean_shortcode_before_top_bar":"","ocean_shortcode_after_top_bar":"","ocean_shortcode_before_header":"","ocean_shortcode_after_header":"","ocean_has_shortcode":"","ocean_shortcode_after_title":"","ocean_shortcode_before_footer_widgets":"","ocean_shortcode_after_footer_widgets":"","ocean_shortcode_before_footer_bottom":"","ocean_shortcode_after_footer_bottom":"","ocean_display_top_bar":"default","ocean_display_header":"default","ocean_header_style":"","ocean_center_header_left_menu":"0","ocean_custom_header_template":"0","ocean_custom_logo":0,"ocean_custom_retina_logo":0,"ocean_custom_logo_max_width":0,"ocean_custom_logo_tablet_max_width":0,"ocean_custom_logo_mobile_max_width":0,"ocean_custom_logo_max_height":0,"ocean_custom_logo_tablet_max_height":0,"ocean_custom_logo_mobile_max_height":0,"ocean_header_custom_menu":"0","ocean_menu_typo_font_family":"0","ocean_menu_typo_font_subset":"","ocean_menu_typo_font_size":0,"ocean_menu_typo_font_size_tablet":0,"ocean_menu_typo_font_size_mobile":0,"ocean_menu_typo_font_size_unit":"px","ocean_menu_typo_font_weight":"","ocean_menu_typo_font_weight_tablet":"","ocean_menu_typo_font_weight_mobile":"","ocean_menu_typo_transform":"","ocean_menu_typo_transform_tablet":"","ocean_menu_typo_transform_mobile":"","ocean_menu_typo_line_height":0,"ocean_menu_typo_line_height_tablet":0,"ocean_menu_typo_line_height_mobile":0,"ocean_menu_typo_line_height_unit":"","ocean_menu_typo_spacing":0,"ocean_menu_typo_spacing_tablet":0,"ocean_menu_typo_spacing_mobile":0,"ocean_menu_typo_spacing_unit":"","ocean_menu_link_color":"","ocean_menu_link_color_hover":"","ocean_menu_link_color_active":"","ocean_menu_link_background":"","ocean_menu_link_hover_background":"","ocean_menu_link_active_background":"","ocean_menu_social_links_bg":"","ocean_menu_social_hover_links_bg":"","ocean_menu_social_links_color":"","ocean_menu_social_hover_links_color":"","ocean_disable_title":"default","ocean_disable_heading":"default","ocean_post_title":"","ocean_post_subheading":"","ocean_post_title_style":"","ocean_post_title_background_color":"","ocean_post_title_background":0,"ocean_post_title_bg_image_position":"","ocean_post_title_bg_image_attachment":"","ocean_post_title_bg_image_repeat":"","ocean_post_title_bg_image_size":"","ocean_post_title_height":0,"ocean_post_title_bg_overlay":0.5,"ocean_post_title_bg_overlay_color":"","ocean_disable_breadcrumbs":"default","ocean_breadcrumbs_color":"","ocean_breadcrumbs_separator_color":"","ocean_breadcrumbs_links_color":"","ocean_breadcrumbs_links_hover_color":"","ocean_display_footer_widgets":"default","ocean_display_footer_bottom":"default","ocean_custom_footer_template":"0"},"product_brand":[],"product_cat":[323],"product_tag":[],"class_list":{"0":"post-2801","1":"product","2":"type-product","3":"status-publish","4":"has-post-thumbnail","6":"product_cat-produits-coiffants","7":"product_shipping_class-237","9":"entry","10":"has-media","12":"first","13":"instock","14":"taxable","15":"shipping-taxable","16":"purchasable","17":"product-type-simple","18":"has-product-nav","19":"col","20":"span_1_of_5","21":"owp-content-center","22":"owp-thumbs-layout-horizontal","23":"owp-btn-normal","24":"owp-tabs-layout-horizontal"},"jetpack_sharing_enabled":true,"_links":{"self":[{"href":"https:\/\/particulier.mccp-coiffure-bio.ch\/it\/wp-json\/wp\/v2\/product\/2801","targetHints":{"allow":["GET"]}}],"collection":[{"href":"https:\/\/particulier.mccp-coiffure-bio.ch\/it\/wp-json\/wp\/v2\/product"}],"about":[{"href":"https:\/\/particulier.mccp-coiffure-bio.ch\/it\/wp-json\/wp\/v2\/types\/product"}],"replies":[{"embeddable":true,"href":"https:\/\/particulier.mccp-coiffure-bio.ch\/it\/wp-json\/wp\/v2\/comments?post=2801"}],"version-history":[{"count":1,"href":"https:\/\/particulier.mccp-coiffure-bio.ch\/it\/wp-json\/wp\/v2\/product\/2801\/revisions"}],"predecessor-version":[{"id":5941,"href":"https:\/\/particulier.mccp-coiffure-bio.ch\/it\/wp-json\/wp\/v2\/product\/2801\/revisions\/5941"}],"wp:featuredmedia":[{"embeddable":true,"href":"https:\/\/particulier.mccp-coiffure-bio.ch\/it\/wp-json\/wp\/v2\/media\/2729"}],"wp:attachment":[{"href":"https:\/\/particulier.mccp-coiffure-bio.ch\/it\/wp-json\/wp\/v2\/media?parent=2801"}],"wp:term":[{"taxonomy":"product_brand","embeddable":true,"href":"https:\/\/particulier.mccp-coiffure-bio.ch\/it\/wp-json\/wp\/v2\/product_brand?post=2801"},{"taxonomy":"product_cat","embeddable":true,"href":"https:\/\/particulier.mccp-coiffure-bio.ch\/it\/wp-json\/wp\/v2\/product_cat?post=2801"},{"taxonomy":"product_tag","embeddable":true,"href":"https:\/\/particulier.mccp-coiffure-bio.ch\/it\/wp-json\/wp\/v2\/product_tag?post=2801"}],"curies":[{"name":"wp","href":"https:\/\/api.w.org\/{rel}","templated":true}]}}