{"id":2783,"date":"2024-05-22T10:55:51","date_gmt":"2024-05-22T08:55:51","guid":{"rendered":"https:\/\/particulier.mccp-coiffure-bio.ch\/?post_type=product&#038;p=2783"},"modified":"2024-12-05T14:42:43","modified_gmt":"2024-12-05T13:42:43","slug":"natulique-naturigin","status":"publish","type":"product","link":"https:\/\/particulier.mccp-coiffure-bio.ch\/it\/prodotto\/natulique-naturigin\/","title":{"rendered":"Natulique \/ Naturigin"},"content":{"rendered":"<p>NATURIGIN crea prodotti per la cura dei capelli e del corpo per tutti coloro che desiderano una routine di bellezza di alta qualit\u00e0 senza compromettere la propria salute o l'ambiente. Le nostre formule naturali sono arricchite con ingredienti nordici certificati.<\/p>\n<p>Crediamo che la bellezza non si limiti all'aspetto esteriore... Altrettanto importante \u00e8 prendersi cura di s\u00e9! Prendersi cura di se stessi e prendersi cura del nostro pianeta!<\/p>\n<p>Il nostro nome, NATURIGIN, \u00e8 una combinazione delle parole Natura e Origine.<\/p>\n<p>La foglia dell'albero \u00e8 il simbolo del contributo di NATURIGIN per garantire un ambiente pi\u00f9 verde e della nostra attenzione al benessere del corpo e della mente.<\/p>\n<p>Nel processo di produzione utilizziamo le fonti di energia pi\u00f9 pulite e i migliori ingredienti della natura con una qualit\u00e0 esclusiva e performante in tutti i nostri prodotti. Per noi \u00e8 importante prenderci cura della natura, ed \u00e8 per questo che le nostre confezioni sono realizzate con plastica riciclata recuperata dall'oceano.<br \/>\nSiamo nati e cresciuti in Danimarca, ispirati dal verde paesaggio scandinavo. Siamo guidati dallo stile di vita nordico - \u00e8 il nostro DNA. All'interno di questi parametri, abbiamo trovato le erbe e le bacche pi\u00f9 preziose che utilizziamo per arricchire ciascuna delle nostre formule.<\/p>\n<p>Non ha senso sviluppare prodotti incredibilmente performanti se poi si rivelano dannosi per la salute o per l'ambiente.<br \/>\nSapevamo fin dall'inizio che dovevamo essere completamente trasparenti e certificati da organismi indipendenti riconosciuti - la vostra garanzia che manteniamo la parola data!<br \/>\nNelle nostre formule utilizziamo ingredienti biologici certificati. I prodotti certificati indicano che ogni ingrediente \u00e8 stato sottoposto a una verifica dettagliata ed \u00e8 conforme ai pi\u00f9 alti standard prestabiliti da organizzazioni indipendenti.<br \/>\nTutti i nostri prodotti contengono ingredienti biologici certificati e la maggior parte di essi \u00e8 certificata da uno o pi\u00f9 dei seguenti marchi: The Vegan Society Trademark, The Nordic Swan Ecolabel o The Asthma-Allergy Nordic Label.<br \/>\nMarchio registrato della Vegan Society<br \/>\nIl marchio Vegan Society rappresenta lo standard internazionale per i prodotti vegani autentici.<br \/>\n- Certifica che in nessuna fase dello sviluppo del prodotto vengono utilizzati prodotti, sottoprodotti, derivati o test su animali.<br \/>\n- Rappresenta uno standard internazionale per i prodotti vegani autentici.<br \/>\n- Vengono certificati solo prodotti di altissima qualit\u00e0 e standard etici.<br \/>\n- Certifica il sostegno di NATURIGIN alla causa vegana e al benessere degli animali.<br \/>\nEtichetta Nordique Asthme-Allergie<br \/>\nAsthma-Allergy Nordic \u00e8 una collaborazione tra le organizzazioni che si occupano di asma e allergie in Danimarca, Svezia e Norvegia. L'etichetta rende pi\u00f9 facile evitare le sostanze chimiche non necessarie e riduce al minimo il rischio di reazioni allergiche e di sviluppare allergie.<br \/>\n- Seleziona con cura prodotti privi di allergeni noti o conservanti allergizzanti.<br \/>\n- Ogni ingrediente del prodotto viene valutato da un tossicologo.<br \/>\n- Benefico per chi soffre di allergie cutanee, asma e ipersensibilit\u00e0.<br \/>\nIl marchio di qualit\u00e0 ecologica Nordic Swan<br \/>\nIl Nordic Swan Ecolabel \u00e8 il marchio ecologico ufficiale dei Paesi nordici. La certificazione garantisce che il prodotto soddisfa severi requisiti ambientali, requisiti rigorosi per le sostanze chimiche utilizzate e restrizioni sull'energia e le risorse impiegate.<br \/>\n- Garantire il basso impatto ambientale di NATURIGIN.<br \/>\n- Definisce requisiti ambientali rigorosi per tutte le fasi di sviluppo del prodotto.<br \/>\n- Stabilisce requisiti rigorosi sulle quantit\u00e0 di sostanze chimiche tossiche utilizzate.<br \/>\n- Certifica che il ciclo di vita del prodotto \u00e8 il pi\u00f9 chiuso possibile.<br \/>\n- Garantisce che il prodotto \u00e8 privo di microplastiche e di sospetti interferenti endocrini.<br \/>\nIngredienti biologici certificati<br \/>\nSin dai nostri inizi, nel 2004, offriamo prodotti pi\u00f9 sani con ingredienti biologici certificati. Ci\u00f2 significa che gli ingredienti naturali contenuti nei nostri prodotti sono certificati biologici da una terza parte indipendente. Tutti i nostri prodotti contengono ingredienti naturali e biologici certificati.<\/p>","protected":false},"excerpt":{"rendered":"<p>NATURIGIN cr\u00e9e des produits de soins capillaires et corporels pour tous ceux qui souhaitent avoir une haute routine beaut\u00e9 de qualit\u00e9 sans compromis sur leur sant\u00e9 ou l&#8217;environnement. Nos formules naturelles sont enrichies d&#8217;ingr\u00e9dients nordiques certifi\u00e9s biologiques. Nous croyons que la beaut\u00e9 n&#8217;est pas simplement une belle apparence&#8230; Tout aussi important, il s&#8217;agit de soins! [&hellip;]<\/p>\n","protected":false},"featured_media":2712,"comment_status":"open","ping_status":"closed","template":"","meta":{"ocean_post_layout":"","ocean_both_sidebars_style":"","ocean_both_sidebars_content_width":0,"ocean_both_sidebars_sidebars_width":0,"ocean_sidebar":"0","ocean_second_sidebar":"0","ocean_disable_margins":"enable","ocean_add_body_class":"","ocean_shortcode_before_top_bar":"","ocean_shortcode_after_top_bar":"","ocean_shortcode_before_header":"","ocean_shortcode_after_header":"","ocean_has_shortcode":"","ocean_shortcode_after_title":"","ocean_shortcode_before_footer_widgets":"","ocean_shortcode_after_footer_widgets":"","ocean_shortcode_before_footer_bottom":"","ocean_shortcode_after_footer_bottom":"","ocean_display_top_bar":"default","ocean_display_header":"default","ocean_header_style":"","ocean_center_header_left_menu":"0","ocean_custom_header_template":"0","ocean_custom_logo":0,"ocean_custom_retina_logo":0,"ocean_custom_logo_max_width":0,"ocean_custom_logo_tablet_max_width":0,"ocean_custom_logo_mobile_max_width":0,"ocean_custom_logo_max_height":0,"ocean_custom_logo_tablet_max_height":0,"ocean_custom_logo_mobile_max_height":0,"ocean_header_custom_menu":"0","ocean_menu_typo_font_family":"0","ocean_menu_typo_font_subset":"","ocean_menu_typo_font_size":0,"ocean_menu_typo_font_size_tablet":0,"ocean_menu_typo_font_size_mobile":0,"ocean_menu_typo_font_size_unit":"px","ocean_menu_typo_font_weight":"","ocean_menu_typo_font_weight_tablet":"","ocean_menu_typo_font_weight_mobile":"","ocean_menu_typo_transform":"","ocean_menu_typo_transform_tablet":"","ocean_menu_typo_transform_mobile":"","ocean_menu_typo_line_height":0,"ocean_menu_typo_line_height_tablet":0,"ocean_menu_typo_line_height_mobile":0,"ocean_menu_typo_line_height_unit":"","ocean_menu_typo_spacing":0,"ocean_menu_typo_spacing_tablet":0,"ocean_menu_typo_spacing_mobile":0,"ocean_menu_typo_spacing_unit":"","ocean_menu_link_color":"","ocean_menu_link_color_hover":"","ocean_menu_link_color_active":"","ocean_menu_link_background":"","ocean_menu_link_hover_background":"","ocean_menu_link_active_background":"","ocean_menu_social_links_bg":"","ocean_menu_social_hover_links_bg":"","ocean_menu_social_links_color":"","ocean_menu_social_hover_links_color":"","ocean_disable_title":"default","ocean_disable_heading":"default","ocean_post_title":"","ocean_post_subheading":"","ocean_post_title_style":"","ocean_post_title_background_color":"","ocean_post_title_background":0,"ocean_post_title_bg_image_position":"","ocean_post_title_bg_image_attachment":"","ocean_post_title_bg_image_repeat":"","ocean_post_title_bg_image_size":"","ocean_post_title_height":0,"ocean_post_title_bg_overlay":0.5,"ocean_post_title_bg_overlay_color":"","ocean_disable_breadcrumbs":"default","ocean_breadcrumbs_color":"","ocean_breadcrumbs_separator_color":"","ocean_breadcrumbs_links_color":"","ocean_breadcrumbs_links_hover_color":"","ocean_display_footer_widgets":"default","ocean_display_footer_bottom":"default","ocean_custom_footer_template":"0"},"product_brand":[],"product_cat":[325],"product_tag":[341],"class_list":{"0":"post-2783","1":"product","2":"type-product","3":"status-publish","4":"has-post-thumbnail","6":"product_cat-brosses-et-accessoires-cheveux","7":"product_tag-accessoires-cheveux","9":"entry","10":"has-media","12":"first","13":"instock","14":"taxable","15":"shipping-taxable","16":"product-type-simple","17":"has-product-nav","18":"col","19":"span_1_of_5","20":"owp-content-center","21":"owp-thumbs-layout-horizontal","22":"owp-btn-normal","23":"owp-tabs-layout-horizontal"},"jetpack_sharing_enabled":true,"_links":{"self":[{"href":"https:\/\/particulier.mccp-coiffure-bio.ch\/it\/wp-json\/wp\/v2\/product\/2783","targetHints":{"allow":["GET"]}}],"collection":[{"href":"https:\/\/particulier.mccp-coiffure-bio.ch\/it\/wp-json\/wp\/v2\/product"}],"about":[{"href":"https:\/\/particulier.mccp-coiffure-bio.ch\/it\/wp-json\/wp\/v2\/types\/product"}],"replies":[{"embeddable":true,"href":"https:\/\/particulier.mccp-coiffure-bio.ch\/it\/wp-json\/wp\/v2\/comments?post=2783"}],"version-history":[{"count":0,"href":"https:\/\/particulier.mccp-coiffure-bio.ch\/it\/wp-json\/wp\/v2\/product\/2783\/revisions"}],"wp:featuredmedia":[{"embeddable":true,"href":"https:\/\/particulier.mccp-coiffure-bio.ch\/it\/wp-json\/wp\/v2\/media\/2712"}],"wp:attachment":[{"href":"https:\/\/particulier.mccp-coiffure-bio.ch\/it\/wp-json\/wp\/v2\/media?parent=2783"}],"wp:term":[{"taxonomy":"product_brand","embeddable":true,"href":"https:\/\/particulier.mccp-coiffure-bio.ch\/it\/wp-json\/wp\/v2\/product_brand?post=2783"},{"taxonomy":"product_cat","embeddable":true,"href":"https:\/\/particulier.mccp-coiffure-bio.ch\/it\/wp-json\/wp\/v2\/product_cat?post=2783"},{"taxonomy":"product_tag","embeddable":true,"href":"https:\/\/particulier.mccp-coiffure-bio.ch\/it\/wp-json\/wp\/v2\/product_tag?post=2783"}],"curies":[{"name":"wp","href":"https:\/\/api.w.org\/{rel}","templated":true}]}}