{"id":3754,"date":"2024-07-29T09:53:24","date_gmt":"2024-07-29T07:53:24","guid":{"rendered":"https:\/\/particulier.mccp-coiffure-bio.ch\/?page_id=3754"},"modified":"2024-07-29T09:54:41","modified_gmt":"2024-07-29T07:54:41","slug":"conditions-de-livraison","status":"publish","type":"page","link":"https:\/\/particulier.mccp-coiffure-bio.ch\/it\/conditions-de-livraison\/","title":{"rendered":"Termini di consegna"},"content":{"rendered":"<p>A <strong>Distribuzione MCCP<\/strong>Noi di Natulique ci impegniamo a fornire un'esperienza di consegna eccezionale a tutti i nostri clienti che acquistano i prodotti per la colorazione dei capelli Natulique. Per garantire la massima trasparenza e offrirvi la migliore esperienza possibile, abbiamo stabilito i seguenti termini e condizioni di consegna:<\/p>\n<h4>Costi di consegna<\/h4>\n<ul>\n<li><strong>Spese di spedizione gratuite a partire da 50 franchi (IVA inclusa)<\/strong> A partire da questo importo, la consegna \u00e8 gratuita.<\/li>\n<li>Per gli ordini con un valore totale inferiore a 50 franchi svizzeri, IVA inclusa, verranno applicate delle spese di spedizione. Tali spese saranno calcolate e visualizzate durante il processo d'ordine prima della conferma dell'acquisto.<\/li>\n<\/ul>\n<h4>Tempi di consegna<\/h4>\n<ul>\n<li><strong>Consegna entro 2-7 giorni lavorativi<\/strong> Il nostro obiettivo \u00e8 quello di elaborare e spedire tutti gli ordini nel pi\u00f9 breve tempo possibile. A seconda della destinazione e della disponibilit\u00e0 del prodotto, il vostro ordine sar\u00e0 consegnato entro 2-7 giorni lavorativi.<\/li>\n<li>I tempi di consegna sono calcolati a partire dalla data di conferma dell'ordine. Riceverete un'e-mail di conferma una volta che l'ordine \u00e8 stato elaborato e spedito.<\/li>\n<\/ul>\n<h4>Zona di consegna<\/h4>\n<ul>\n<li><strong>Consegna solo in Svizzera \ud83c\udde8\ud83c\udded<\/strong> : Al momento effettuiamo consegne solo in Svizzera. Speriamo di poter estendere la nostra area di consegna in futuro per servire meglio i nostri clienti internazionali.<\/li>\n<\/ul>\n<h4>Processo di consegna<\/h4>\n<ol>\n<li><strong>Conferma dell'ordine<\/strong> Una volta effettuato l'ordine, riceverete un'e-mail di conferma con i dettagli dell'ordine.<\/li>\n<li><strong>Elaborazione dell'ordine<\/strong> Spedizione: i nostri team preparano l'ordine per la spedizione. Questo processo pu\u00f2 richiedere fino a 48 ore.<\/li>\n<li><strong>Spedizione<\/strong> Una volta spedito l'ordine, riceverete un'e-mail con il numero di spedizione. Potrete seguire il vostro pacco in qualsiasi momento fino alla consegna.<\/li>\n<li><strong>Consegna<\/strong> L'ordine verr\u00e0 consegnato all'indirizzo specificato al momento dell'ordine. Assicuratevi che tutti i dati di consegna siano corretti per evitare ritardi.<\/li>\n<\/ol>\n<h4>Problemi di tracciamento e consegna<\/h4>\n<ul>\n<li><strong>Numero di tracciamento<\/strong> Non appena il vostro ordine sar\u00e0 stato spedito, vi invieremo un numero di tracking via e-mail. Questo numero vi permetter\u00e0 di seguire lo stato della vostra consegna in tempo reale.<\/li>\n<li><strong>Problemi di consegna<\/strong> In caso di problemi con la consegna, come ritardi o mancata ricezione dei pacchi, vi preghiamo di contattarci immediatamente via e-mail. Faremo del nostro meglio per risolvere il problema nel pi\u00f9 breve tempo possibile.<\/li>\n<\/ul>\n<h4>Resi e cambi<\/h4>\n<ul>\n<li><strong>Torna a<\/strong> Se non siete soddisfatti del vostro acquisto, potete restituire i prodotti entro 14 giorni dalla ricezione dell'ordine. I prodotti devono essere inutilizzati e nella loro confezione originale.<\/li>\n<li><strong>Scambio<\/strong> In caso di prodotto difettoso o danneggiato, si prega di contattarci via e-mail per organizzare un cambio.<\/li>\n<\/ul>\n<h4>Contatto<\/h4>\n<ul>\n<li>In caso di domande o dubbi sulla consegna, si prega di contattarci via e-mail all'indirizzo <strong><a rel=\"noreferrer\">info@mccpdistribution.ch<\/a><\/strong>. Siamo a disposizione per rispondere alle vostre domande e assistervi nelle vostre esigenze.<\/li>\n<\/ul>","protected":false},"excerpt":{"rendered":"<p>Chez MCCP Distribution, nous nous engageons \u00e0 fournir une exp\u00e9rience de livraison exceptionnelle pour tous nos clients achetant des produits de coloration cheveux Natulique. Afin de garantir une transparence totale et de vous offrir la meilleure exp\u00e9rience possible, nous avons \u00e9tabli les conditions de livraison suivantes : Frais de Livraison Frais de port offert \u00e0 [&hellip;]<\/p>\n","protected":false},"author":1,"featured_media":0,"parent":0,"menu_order":0,"comment_status":"closed","ping_status":"closed","template":"","meta":{"ocean_post_layout":"","ocean_both_sidebars_style":"","ocean_both_sidebars_content_width":0,"ocean_both_sidebars_sidebars_width":0,"ocean_sidebar":"0","ocean_second_sidebar":"0","ocean_disable_margins":"enable","ocean_add_body_class":"","ocean_shortcode_before_top_bar":"","ocean_shortcode_after_top_bar":"","ocean_shortcode_before_header":"","ocean_shortcode_after_header":"","ocean_has_shortcode":"","ocean_shortcode_after_title":"","ocean_shortcode_before_footer_widgets":"","ocean_shortcode_after_footer_widgets":"","ocean_shortcode_before_footer_bottom":"","ocean_shortcode_after_footer_bottom":"","ocean_display_top_bar":"default","ocean_display_header":"default","ocean_header_style":"","ocean_center_header_left_menu":"0","ocean_custom_header_template":"0","ocean_custom_logo":0,"ocean_custom_retina_logo":0,"ocean_custom_logo_max_width":0,"ocean_custom_logo_tablet_max_width":0,"ocean_custom_logo_mobile_max_width":0,"ocean_custom_logo_max_height":0,"ocean_custom_logo_tablet_max_height":0,"ocean_custom_logo_mobile_max_height":0,"ocean_header_custom_menu":"0","ocean_menu_typo_font_family":"0","ocean_menu_typo_font_subset":"","ocean_menu_typo_font_size":0,"ocean_menu_typo_font_size_tablet":0,"ocean_menu_typo_font_size_mobile":0,"ocean_menu_typo_font_size_unit":"px","ocean_menu_typo_font_weight":"","ocean_menu_typo_font_weight_tablet":"","ocean_menu_typo_font_weight_mobile":"","ocean_menu_typo_transform":"","ocean_menu_typo_transform_tablet":"","ocean_menu_typo_transform_mobile":"","ocean_menu_typo_line_height":0,"ocean_menu_typo_line_height_tablet":0,"ocean_menu_typo_line_height_mobile":0,"ocean_menu_typo_line_height_unit":"","ocean_menu_typo_spacing":0,"ocean_menu_typo_spacing_tablet":0,"ocean_menu_typo_spacing_mobile":0,"ocean_menu_typo_spacing_unit":"","ocean_menu_link_color":"","ocean_menu_link_color_hover":"","ocean_menu_link_color_active":"","ocean_menu_link_background":"","ocean_menu_link_hover_background":"","ocean_menu_link_active_background":"","ocean_menu_social_links_bg":"","ocean_menu_social_hover_links_bg":"","ocean_menu_social_links_color":"","ocean_menu_social_hover_links_color":"","ocean_disable_title":"default","ocean_disable_heading":"default","ocean_post_title":"","ocean_post_subheading":"","ocean_post_title_style":"","ocean_post_title_background_color":"","ocean_post_title_background":0,"ocean_post_title_bg_image_position":"","ocean_post_title_bg_image_attachment":"","ocean_post_title_bg_image_repeat":"","ocean_post_title_bg_image_size":"","ocean_post_title_height":0,"ocean_post_title_bg_overlay":0.5,"ocean_post_title_bg_overlay_color":"","ocean_disable_breadcrumbs":"default","ocean_breadcrumbs_color":"","ocean_breadcrumbs_separator_color":"","ocean_breadcrumbs_links_color":"","ocean_breadcrumbs_links_hover_color":"","ocean_display_footer_widgets":"default","ocean_display_footer_bottom":"default","ocean_custom_footer_template":"0","footnotes":""},"class_list":["post-3754","page","type-page","status-publish","hentry","entry","owp-thumbs-layout-horizontal","owp-btn-normal","owp-tabs-layout-horizontal","has-no-thumbnails","has-product-nav"],"jetpack_sharing_enabled":true,"_links":{"self":[{"href":"https:\/\/particulier.mccp-coiffure-bio.ch\/it\/wp-json\/wp\/v2\/pages\/3754","targetHints":{"allow":["GET"]}}],"collection":[{"href":"https:\/\/particulier.mccp-coiffure-bio.ch\/it\/wp-json\/wp\/v2\/pages"}],"about":[{"href":"https:\/\/particulier.mccp-coiffure-bio.ch\/it\/wp-json\/wp\/v2\/types\/page"}],"author":[{"embeddable":true,"href":"https:\/\/particulier.mccp-coiffure-bio.ch\/it\/wp-json\/wp\/v2\/users\/1"}],"replies":[{"embeddable":true,"href":"https:\/\/particulier.mccp-coiffure-bio.ch\/it\/wp-json\/wp\/v2\/comments?post=3754"}],"version-history":[{"count":0,"href":"https:\/\/particulier.mccp-coiffure-bio.ch\/it\/wp-json\/wp\/v2\/pages\/3754\/revisions"}],"wp:attachment":[{"href":"https:\/\/particulier.mccp-coiffure-bio.ch\/it\/wp-json\/wp\/v2\/media?parent=3754"}],"curies":[{"name":"wp","href":"https:\/\/api.w.org\/{rel}","templated":true}]}}