{"id":2178,"date":"2024-03-27T11:44:20","date_gmt":"2024-03-27T10:44:20","guid":{"rendered":"https:\/\/particulier.mccp-coiffure-bio.ch\/?page_id=2178"},"modified":"2025-09-03T11:10:01","modified_gmt":"2025-09-03T09:10:01","slug":"mentions-legales","status":"publish","type":"page","link":"https:\/\/particulier.mccp-coiffure-bio.ch\/it\/mentions-legales\/","title":{"rendered":"Informazioni legali"},"content":{"rendered":"<div data-elementor-type=\"wp-page\" data-elementor-id=\"2178\" class=\"elementor elementor-2178\">\n\t\t\t\t\t\t<section class=\"elementor-section elementor-top-section elementor-element elementor-element-25d524a elementor-section-boxed elementor-section-height-default elementor-section-height-default jltma-glass-effect-no\" data-id=\"25d524a\" data-element_type=\"section\" data-e-type=\"section\">\n\t\t\t\t\t\t<div class=\"elementor-container elementor-column-gap-default\">\n\t\t\t\t\t<div class=\"elementor-column elementor-col-100 elementor-top-column elementor-element elementor-element-f8a6e61 jltma-glass-effect-no\" data-id=\"f8a6e61\" data-element_type=\"column\" data-e-type=\"column\">\n\t\t\t<div class=\"elementor-widget-wrap elementor-element-populated\">\n\t\t\t\t\t\t<div class=\"elementor-element elementor-element-3a70515 jltma-glass-effect-no elementor-widget elementor-widget-heading\" data-id=\"3a70515\" data-element_type=\"widget\" data-e-type=\"widget\" data-widget_type=\"heading.default\">\n\t\t\t\t<div class=\"elementor-widget-container\">\n\t\t\t\t\t<h1 class=\"elementor-heading-title elementor-size-default\">Informazioni legali<\/h1>\t\t\t\t<\/div>\n\t\t\t\t<\/div>\n\t\t\t\t\t<\/div>\n\t\t<\/div>\n\t\t\t\t\t<\/div>\n\t\t<\/section>\n\t\t\t\t<section class=\"elementor-section elementor-top-section elementor-element elementor-element-c4227fc elementor-section-boxed elementor-section-height-default elementor-section-height-default jltma-glass-effect-no\" data-id=\"c4227fc\" data-element_type=\"section\" data-e-type=\"section\">\n\t\t\t\t\t\t<div class=\"elementor-container elementor-column-gap-default\">\n\t\t\t\t\t<div class=\"elementor-column elementor-col-100 elementor-top-column elementor-element elementor-element-9a3a490 jltma-glass-effect-no\" data-id=\"9a3a490\" data-element_type=\"column\" data-e-type=\"column\">\n\t\t\t<div class=\"elementor-widget-wrap elementor-element-populated\">\n\t\t\t\t\t\t<div class=\"elementor-element elementor-element-c6a5168 jltma-glass-effect-no elementor-widget elementor-widget-text-editor\" data-id=\"c6a5168\" data-element_type=\"widget\" data-e-type=\"widget\" data-widget_type=\"text-editor.default\">\n\t\t\t\t<div class=\"elementor-widget-container\">\n\t\t\t\t\t\t\t\t\t<p><b>Editore del sito :<\/b><\/p><p>MCCP Distribution SARL Numero IDE : CH-344.877.688<\/p><p>Responsabile del sito: EVE FADIER<\/p><p>Telefono: +41 79 811 43 65<\/p><p>Email : info@mccpdistribution.ch<\/p><p>Sito web: https:\/\/particulier.mccp-coiffure-bio.ch\/<\/p><p><b>Sistemazione :<\/b><\/p><p>Host : OVH<br \/>2 RUE KELLERMANN 59100 ROUBAIX<br \/>Sito web :\u00a0<a href=\"https:\/\/www.ovh.com\/\">https:\/\/www.ovh.com\/<\/a><\/p><p><b>Sviluppo<\/b><b>\u00a0:<\/b><\/p><p>SAS Havet Digital Con un capitale di 16.000 euro<\/p><p>Numero sirena: 844 634 667 000 19<\/p><p>Indirizzo :ARTEPARC , 9 rue des Bouleaux, 59810 LESQUIN\u00a0<\/p><p><span style=\"font-size: 16px;\">Sito web: HTTPS:\/\/havetdigital.fr\/me<\/span><\/p><p><b>Termini e condizioni d'uso :<\/b><\/p><p>Questo sito (https:\/\/particulier.mccp-coiffure-bio.ch\/) \u00e8 proposto in vari linguaggi web (HTML, HTML5, Javascript, CSS, ecc.) per una maggiore facilit\u00e0 d'uso e una grafica pi\u00f9 gradevole, si consiglia di utilizzare browser moderni come Internet Explorer, Safari, Firefox, Google Chrome, ecc...<\/p><p>Il sito web https:\/\/particulier.mccp-coiffure-bio.ch\/ compie ogni sforzo per fornire informazioni affidabili e per aggiornare i propri siti web in modo affidabile. Tuttavia, possono verificarsi errori o omissioni. Gli utenti di Internet dovrebbero pertanto verificare l'accuratezza delle informazioni fornite da , e comunicare qualsiasi modifica al sito che ritengano utile. non \u00e8 in alcun modo responsabile dell'uso che viene fatto di queste informazioni, n\u00e9 dei danni diretti o indiretti che ne possono derivare.<\/p><p><b>Biscotti<\/b> Il sito https:\/\/particulier.mccp-coiffure-bio.ch\/ pu\u00f2 chiedere all'utente di accettare i cookie a fini statistici e di visualizzazione. Un cookie \u00e8 un'informazione inserita sul disco rigido dell'utente dal server del sito che sta visitando. Contiene una serie di dati che vengono memorizzati sul vostro computer in un semplice file di testo a cui il server accede per leggere e registrare le informazioni. Alcune parti di questo sito non possono essere utilizzate senza accettare i cookie.<\/p><p><b>Servizi forniti :<\/b><\/p><p>Tutte le attivit\u00e0 e le informazioni sull'azienda sono disponibili sul nostro sito web https:\/\/particulier.mccp-coiffure-bio.ch\/.<\/p><p>MCCP Distribution SARL si impegna a fornire informazioni il pi\u00f9 possibile accurate sul sito web https:\/\/particulier.mccp-coiffure-bio.ch\/. Le informazioni sul sito web https:\/\/particulier.mccp-coiffure-bio.ch\/ non sono esaustive e le foto non sono contrattuali. Esse sono fornite con riserva di modifiche apportate dopo la loro messa in linea. Inoltre, tutte le informazioni contenute nel sito https:\/\/particulier.mccp-coiffure-bio.ch\/ sono fornite a titolo puramente informativo e sono soggette a modifiche o sviluppi senza preavviso.<\/p><p><b>Limitazioni contrattuali sui dati :<\/b><\/p><p>Le informazioni contenute in questo sito sono il pi\u00f9 possibile accurate e il sito viene aggiornato in diversi periodi dell'anno, ma possono contenere imprecisioni o omissioni. Se notate una lacuna, un errore o quello che sembra essere un malfunzionamento, vi preghiamo di segnalarlo via e-mail all'indirizzo info@mccpdistribution.ch, descrivendo il problema nel modo pi\u00f9 preciso possibile (pagina che causa il problema, tipo di computer e di browser utilizzato, ecc.)<\/p><p>Il download di qualsiasi contenuto avviene a rischio e pericolo dell'utente e sotto la sua esclusiva responsabilit\u00e0. Di conseguenza, non si assume alcuna responsabilit\u00e0 per eventuali danni al computer dell'utente o per la perdita di dati derivante dal download. Inoltre, l'utente del sito si impegna ad accedere al sito utilizzando apparecchiature recenti, prive di virus e con un browser aggiornato di ultima generazione.<\/p><p>MCCP Distribution SARL non pu\u00f2 essere ritenuta responsabile dei collegamenti ipertestuali presenti su questo sito web verso altre risorse presenti su Internet.<\/p><p><b>Propriet\u00e0 intellettuale :<\/b><\/p><p>Tutti i contenuti del sito web https:\/\/particulier.mccp-coiffure-bio.ch\/, compresi, a titolo esemplificativo ma non esaustivo, grafici, immagini, testi, video, animazioni, suoni, loghi, gif e icone, nonch\u00e9 il loro layout, sono di esclusiva propriet\u00e0 della societ\u00e0, ad eccezione di marchi, loghi o contenuti appartenenti ad altri partner o autori.<\/p><p>Qualsiasi riproduzione, distribuzione, modifica, adattamento, ritrasmissione o pubblicazione, anche parziale, di questi diversi elementi \u00e8 severamente vietata senza l'esplicito consenso scritto di MCCP Distribution SARL. Tale rappresentazione o riproduzione, con qualsiasi mezzo, costituisce una contraffazione punita dagli articoli L.335-2 e seguenti del Codice della Propriet\u00e0 Intellettuale francese. L'inosservanza di questo divieto costituisce una violazione che pu\u00f2 comportare la responsabilit\u00e0 civile e penale dell'autore della violazione. Inoltre, i proprietari dei Contenuti copiati possono intraprendere azioni legali contro l'utente.<\/p><p><b>Controversie :<\/b><\/p><p>I presenti termini e condizioni del sito web https:\/\/particulier.mccp-coiffure-bio.ch\/ sono disciplinati dalla legge francese e qualsiasi controversia o contenzioso che possa derivare dall'interpretazione o dall'esecuzione dei presenti termini e condizioni sar\u00e0 soggetto alla giurisdizione esclusiva dei tribunali competenti per la sede legale della societ\u00e0. La lingua di riferimento per la risoluzione di eventuali controversie sar\u00e0 il francese.<\/p><p><b>Dati personali:<\/b><\/p><p>In generale, l'utente non \u00e8 obbligato a fornirci i suoi dati personali quando visita il nostro sito web https:\/\/particulier.mccp-coiffure-bio.ch\/.<\/p><p>In ogni caso, l'utente pu\u00f2 rifiutare di fornire i propri dati personali. In questo caso, non sar\u00e0 possibile utilizzare i servizi del sito, in particolare richiedere informazioni sulla nostra azienda o ricevere le nostre newsletter.<\/p><p>Infine, possiamo raccogliere automaticamente alcune informazioni su di voi quando navigate semplicemente sul nostro sito web, in particolare: informazioni sull'utilizzo del nostro sito, come le aree che visitate e i servizi a cui accedete, il vostro indirizzo IP, il tipo di browser che utilizzate e gli orari di accesso.<\/p><p>Tali informazioni vengono utilizzate esclusivamente a fini statistici interni, al fine di migliorare la qualit\u00e0 dei servizi offerti all'utente. Le banche dati sono protette dalle disposizioni della legge del 1\u00b0 luglio 1998 che recepisce la direttiva 96\/9 dell'11 marzo 1996 sulla tutela giuridica delle banche dati8.<\/p>\t\t\t\t\t\t\t\t<\/div>\n\t\t\t\t<\/div>\n\t\t\t\t\t<\/div>\n\t\t<\/div>\n\t\t\t\t\t<\/div>\n\t\t<\/section>\n\t\t\t\t<\/div>","protected":false},"excerpt":{"rendered":"<p>Mentions L\u00e9gales Editeur du Site : Soci\u00e9t\u00e9 MCCP Distribution SARL\u00a0 Num\u00e9ro IDE : CH-344.877.688 Responsable du site : EVE FADIER T\u00e9l\u00e9phone : +41 79 811 43 65 Email : info@mccpdistribution.ch Site Web : https:\/\/particulier.mccp-coiffure-bio.ch\/ H\u00e9bergement : H\u00e9bergeur : OVH2 RUE KELLERMANN 59100 ROUBAIXSite Web :\u00a0https:\/\/www.ovh.com\/ D\u00e9veloppement\u00a0: SAS Havet Digital Au capital de 16 000\u20ac Num\u00e9ro [&hellip;]<\/p>\n","protected":false},"author":1,"featured_media":0,"parent":0,"menu_order":0,"comment_status":"closed","ping_status":"closed","template":"","meta":{"ocean_post_layout":"","ocean_both_sidebars_style":"","ocean_both_sidebars_content_width":0,"ocean_both_sidebars_sidebars_width":0,"ocean_sidebar":"0","ocean_second_sidebar":"0","ocean_disable_margins":"enable","ocean_add_body_class":"","ocean_shortcode_before_top_bar":"","ocean_shortcode_after_top_bar":"","ocean_shortcode_before_header":"","ocean_shortcode_after_header":"","ocean_has_shortcode":"","ocean_shortcode_after_title":"","ocean_shortcode_before_footer_widgets":"","ocean_shortcode_after_footer_widgets":"","ocean_shortcode_before_footer_bottom":"","ocean_shortcode_after_footer_bottom":"","ocean_display_top_bar":"default","ocean_display_header":"default","ocean_header_style":"","ocean_center_header_left_menu":"0","ocean_custom_header_template":"0","ocean_custom_logo":0,"ocean_custom_retina_logo":0,"ocean_custom_logo_max_width":0,"ocean_custom_logo_tablet_max_width":0,"ocean_custom_logo_mobile_max_width":0,"ocean_custom_logo_max_height":0,"ocean_custom_logo_tablet_max_height":0,"ocean_custom_logo_mobile_max_height":0,"ocean_header_custom_menu":"0","ocean_menu_typo_font_family":"0","ocean_menu_typo_font_subset":"","ocean_menu_typo_font_size":0,"ocean_menu_typo_font_size_tablet":0,"ocean_menu_typo_font_size_mobile":0,"ocean_menu_typo_font_size_unit":"px","ocean_menu_typo_font_weight":"","ocean_menu_typo_font_weight_tablet":"","ocean_menu_typo_font_weight_mobile":"","ocean_menu_typo_transform":"","ocean_menu_typo_transform_tablet":"","ocean_menu_typo_transform_mobile":"","ocean_menu_typo_line_height":0,"ocean_menu_typo_line_height_tablet":0,"ocean_menu_typo_line_height_mobile":0,"ocean_menu_typo_line_height_unit":"","ocean_menu_typo_spacing":0,"ocean_menu_typo_spacing_tablet":0,"ocean_menu_typo_spacing_mobile":0,"ocean_menu_typo_spacing_unit":"","ocean_menu_link_color":"","ocean_menu_link_color_hover":"","ocean_menu_link_color_active":"","ocean_menu_link_background":"","ocean_menu_link_hover_background":"","ocean_menu_link_active_background":"","ocean_menu_social_links_bg":"","ocean_menu_social_hover_links_bg":"","ocean_menu_social_links_color":"","ocean_menu_social_hover_links_color":"","ocean_disable_title":"default","ocean_disable_heading":"default","ocean_post_title":"","ocean_post_subheading":"","ocean_post_title_style":"","ocean_post_title_background_color":"","ocean_post_title_background":0,"ocean_post_title_bg_image_position":"","ocean_post_title_bg_image_attachment":"","ocean_post_title_bg_image_repeat":"","ocean_post_title_bg_image_size":"","ocean_post_title_height":0,"ocean_post_title_bg_overlay":0.5,"ocean_post_title_bg_overlay_color":"","ocean_disable_breadcrumbs":"default","ocean_breadcrumbs_color":"","ocean_breadcrumbs_separator_color":"","ocean_breadcrumbs_links_color":"","ocean_breadcrumbs_links_hover_color":"","ocean_display_footer_widgets":"default","ocean_display_footer_bottom":"default","ocean_custom_footer_template":"0","footnotes":""},"class_list":["post-2178","page","type-page","status-publish","hentry","entry","owp-thumbs-layout-horizontal","owp-btn-normal","owp-tabs-layout-horizontal","has-no-thumbnails","has-product-nav"],"jetpack_sharing_enabled":true,"_links":{"self":[{"href":"https:\/\/particulier.mccp-coiffure-bio.ch\/it\/wp-json\/wp\/v2\/pages\/2178","targetHints":{"allow":["GET"]}}],"collection":[{"href":"https:\/\/particulier.mccp-coiffure-bio.ch\/it\/wp-json\/wp\/v2\/pages"}],"about":[{"href":"https:\/\/particulier.mccp-coiffure-bio.ch\/it\/wp-json\/wp\/v2\/types\/page"}],"author":[{"embeddable":true,"href":"https:\/\/particulier.mccp-coiffure-bio.ch\/it\/wp-json\/wp\/v2\/users\/1"}],"replies":[{"embeddable":true,"href":"https:\/\/particulier.mccp-coiffure-bio.ch\/it\/wp-json\/wp\/v2\/comments?post=2178"}],"version-history":[{"count":0,"href":"https:\/\/particulier.mccp-coiffure-bio.ch\/it\/wp-json\/wp\/v2\/pages\/2178\/revisions"}],"wp:attachment":[{"href":"https:\/\/particulier.mccp-coiffure-bio.ch\/it\/wp-json\/wp\/v2\/media?parent=2178"}],"curies":[{"name":"wp","href":"https:\/\/api.w.org\/{rel}","templated":true}]}}