{"id":2849,"date":"2024-05-22T10:55:57","date_gmt":"2024-05-22T08:55:57","guid":{"rendered":"https:\/\/particulier.mccp-coiffure-bio.ch\/shampooing-cheveux-argent-blond-platine\/"},"modified":"2026-01-13T08:53:51","modified_gmt":"2026-01-13T07:53:51","slug":"shampoing-argent-dejaunissant","status":"publish","type":"product","link":"https:\/\/particulier.mccp-coiffure-bio.ch\/en\/product\/shampoing-argent-dejaunissant\/","title":{"rendered":"Silver Dejauning Shampoo 150 ml"},"content":{"rendered":"<div class=\"flex flex-grow flex-col max-w-full\">\n<div class=\"min-h-[20px] text-message flex flex-col items-start whitespace-pre-wrap break-words [.text-message+&amp;]:mt-5 juice:w-full juice:items-end overflow-x-auto gap-2\" dir=\"auto\" data-message-author-role=\"assistant\" data-message-id=\"106c0735-4cae-4be3-b9fa-7776c28e7f71\">\n<div class=\"flex w-full flex-col gap-1 juice:empty:hidden juice:first:pt-[3px]\">\n<div class=\"markdown prose w-full break-words dark:prose-invert dark\">\n<h1>Le shampoing argent d\u00e9jaunissant de Natulique<\/h1>\n<p>C&#8217;est la solution ultime pour ceux qui cherchent \u00e0 \u00e9liminer les reflets jaunes non d\u00e9sir\u00e9s de leurs cheveux. Sp\u00e9cialement con\u00e7u pour r\u00e9pondre aux besoins des professionnels de la coiffure bio en Suisse, ce shampoing bio d\u00e9jaunissant est formul\u00e9 \u00e0 partir d&#8217;ingr\u00e9dients naturels et biologiques de la plus haute qualit\u00e9.<\/p>\n<p>Les reflets jaunes peuvent souvent appara\u00eetre sur les cheveux blonds, gris ou blancs, ternissant leur \u00e9clat naturel. Le shampoing argent d\u00e9jaunissant de Natulique neutralise ces tons jaunes ind\u00e9sirables, redonnant \u00e0 vos cheveux leur brillance et leur beaut\u00e9 naturelle. Gr\u00e2ce \u00e0 sa formule douce, ce shampoing convient \u00e0 un usage fr\u00e9quent sans risquer d&#8217;endommager vos cheveux.<\/p>\n<p>L&#8217;un des principaux atouts du shampoing argent d\u00e9jaunissant de Natulique est son engagement envers des ingr\u00e9dients naturels et biologiques. En tant que produit bio, il exclut les substances chimiques agressives et potentiellement nocives, privil\u00e9giant des composants respectueux de l&#8217;environnement et de la sant\u00e9 capillaire. Cela en fait le choix parfait pour ceux qui souhaitent adopter une routine de soins capillaires plus saine et plus durable.<\/p>\n<div class=\"mt-1 flex gap-3 empty:hidden juice:-ml-3\">\n<div class=\"items-center justify-start rounded-xl p-1 flex\">\n<div class=\"flex items-center\">\n<h3 class=\"flex\"><strong>Ingr\u00e9dients naturels et organiques su shampoing argent d\u00e9jaunissant<\/strong><\/h3>\n<p>&nbsp;<\/p>\n<div class=\"fusion-row\">\n<section id=\"content\" class=\"full-width\">\n<div id=\"post-770\" class=\"post-770 page type-page status-publish hentry\">\n<div class=\"post-content\">\n<div class=\"fusion-fullwidth fullwidth-box fusion-builder-row-7 fusion-flex-container has-pattern-background has-mask-background fusion-parallax-none nonhundred-percent-fullwidth non-hundred-percent-height-scrolling fusion-no-small-visibility nitro-offscreen lazyloaded\">\n<div class=\"fusion-builder-row fusion-row fusion-flex-align-items-stretch fusion-flex-justify-content-flex-end fusion-flex-content-wrap\">\n<div class=\"fusion-layout-column fusion_builder_column fusion-builder-column-16 fusion_builder_column_1_2 1_2 fusion-flex-column fusion-flex-align-self-center\">\n<div class=\"fusion-column-wrapper fusion-column-has-shadow fusion-flex-justify-content-center fusion-content-layout-column\">\n<ul class=\"fusion-checklist fusion-checklist-2 fusion-checklist-default type-icons\">\n<li class=\"fusion-li-item\">\n<div class=\"fusion-li-item-content\"><strong>Extrait de myrtille europ\u00e9enne<\/strong>\u00a0avec des actifs cl\u00e9s, favorise la circulation capillaire, hydrate et pr\u00e9vient la d\u00e9t\u00e9rioration des cheveux.<\/div>\n<\/li>\n<li class=\"fusion-li-item\"><i class=\"fusion-li-icon fa-pagelines fab\" aria-hidden=\"true\"><\/i>\n<div class=\"fusion-li-item-content\"><strong>Aloe Vera<\/strong>\u00a0adoucit, apaise et cicatrise avec les vitamines A, B et C, tout en hydratant et nourrissant le cuir chevelu sec, apaisant instantan\u00e9ment les d\u00e9mangeaisons et irritations du cuir chevelu.<\/div>\n<\/li>\n<li class=\"fusion-li-item\"><i class=\"fusion-li-icon fa-pagelines fab\" aria-hidden=\"true\"><\/i>\n<div class=\"fusion-li-item-content\"><strong>Extrait de fruit de mangue<\/strong>\u00a0extr\u00eamement riche en vitamine C, vitamine A, vitamine B6 ainsi que d\u2019autres vitamines du groupe B, en fibres probiotiques saines, en cuivre, potassium et magn\u00e9sium.<\/div>\n<\/li>\n<li class=\"fusion-li-item\"><i class=\"fusion-li-icon fa-pagelines fab\" aria-hidden=\"true\"><\/i>\n<div class=\"fusion-li-item-content\">\n<p><strong>Extrait de feuille d\u2019olivier<\/strong>\u00a0nourrit, conditionne et am\u00e9liore l\u2019\u00e9lasticit\u00e9 et la douceur des cheveux.<\/p>\n<\/div>\n<\/li>\n<\/ul>\n<\/div>\n<\/div>\n<\/div>\n<\/div>\n<\/div>\n<\/div>\n<\/section>\n<\/div>\n<p>&nbsp;<\/p>\n<div class=\"fusion-tb-footer fusion-footer nitro-offscreen\">\n<div class=\"fusion-footer-widget-area fusion-widget-area\">\n<div class=\"fusion-fullwidth fullwidth-box fusion-builder-row-8 fusion-flex-container nonhundred-percent-fullwidth non-hundred-percent-height-scrolling\">\n<div class=\"fusion-builder-row fusion-row fusion-flex-align-items-flex-start fusion-flex-content-wrap\">\n<div class=\"fusion-layout-column fusion_builder_column fusion-builder-column-17 fusion_builder_column_1_2 1_2 fusion-flex-column\">\n<div class=\"fusion-column-wrapper fusion-column-has-shadow fusion-flex-justify-content-flex-start fusion-content-layout-column\">\n<div class=\"fusion-image-element md-text-align-left sm-text-align-left\"><span class=\" fusion-imageframe imageframe-none imageframe-6 hover-type-none fusion-animated\" data-animationtype=\"fadeInUp\" data-animationduration=\"2.0\" data-animationoffset=\"top-into-view\">En Suisse, o\u00f9 la demande pour des produits de coiffure bio est en constante augmentation, le shampoing argent d\u00e9jaunissant de Natulique se distingue par son efficacit\u00e9 et son respect des normes \u00e9cologiques.<\/span><\/div>\n<div><\/div>\n<div class=\"fusion-image-element md-text-align-left sm-text-align-left\"><span class=\" fusion-imageframe imageframe-none imageframe-6 hover-type-none fusion-animated\" data-animationtype=\"fadeInUp\" data-animationduration=\"2.0\" data-animationoffset=\"top-into-view\">Les salons de coiffure bio en Suisse peuvent compter sur ce produit pour offrir \u00e0 leurs clients un soin de haute qualit\u00e9, tout en soutenant des pratiques durables et responsables.<\/span><\/div>\n<div><\/div>\n<\/div>\n<\/div>\n<\/div>\n<\/div>\n<\/div>\n<\/div>\n<\/div>\n<\/div>\n<\/div>\n<h3>L&#8217;utilisation du shampoing argent d\u00e9jaunissant de Natulique est simple et pratique.<\/h3>\n<p>Appliquez-le sur cheveux mouill\u00e9s, massez d\u00e9licatement pour faire mousser, puis laissez agir quelques minutes avant de rincer abondamment. Pour des r\u00e9sultats optimaux, il est recommand\u00e9 de l&#8217;utiliser en compl\u00e9ment des autres produits de la gamme Natulique, tels que les apr\u00e8s-shampoings et masques capillaires bio.<\/p>\n<p>En plus de ses propri\u00e9t\u00e9s d\u00e9jaunissantes, ce shampoing bio offre de nombreux autres bienfaits pour vos cheveux. Il hydrate et nourrit en profondeur, gr\u00e2ce \u00e0 des ingr\u00e9dients tels que l&#8217;aloe vera, l&#8217;huile d&#8217;argan et l&#8217;extrait de camomille. Ces composants naturels apportent douceur, souplesse et brillance \u00e0 vos cheveux, les laissant visiblement plus sains et revitalis\u00e9s.<\/p>\n<p>Pour les professionnels de la coiffure bio en Suisse, proposer le shampoing argent d\u00e9jaunissant de Natulique \u00e0 leurs clients est une excellente fa\u00e7on de se d\u00e9marquer et de r\u00e9pondre aux attentes croissantes en mati\u00e8re de soins capillaires bio. En effet, de plus en plus de consommateurs suisses sont \u00e0 la recherche de produits respectueux de leur sant\u00e9 et de l&#8217;environnement, et Natulique r\u00e9pond parfaitement \u00e0 ces exigences.<\/p>\n<p>En conclusion, le shampoing argent d\u00e9jaunissant de Natulique est un choix incontournable pour ceux qui souhaitent \u00e9liminer les reflets jaunes de leurs cheveux tout en adoptant une routine de soins capillaires bio. Sa formule naturelle et biologique, combin\u00e9e \u00e0 son efficacit\u00e9 prouv\u00e9e, en fait le produit id\u00e9al pour les professionnels de la coiffure bio en Suisse et leurs clients. Commandez d\u00e8s aujourd&#8217;hui ce shampoing exceptionnel sur notre site internet et profitez d&#8217;une livraison rapide et gratuite en Suisse. Faites confiance \u00e0 Natulique pour des cheveux \u00e9clatants de sant\u00e9 et de beaut\u00e9.<\/p>\n<\/div>\n<\/div>\n<\/div>\n<\/div>\n<div class=\"mt-1 flex gap-3 empty:hidden juice:-ml-3\">\n<div class=\"items-center justify-start rounded-xl p-1 flex\">\n<div class=\"flex items-center\"><\/div>\n<\/div>\n<\/div>\n<h3><strong>Le concept NATULIQUE<\/strong><\/h3>\n<p>\u00cates-vous curieux de savoir \u00e0 quoi ressemble un salon 100% NATULIQUE ?<\/p>\n<p><a href=\"https:\/\/natulique.com\/fr\/concept-salon\/\">En savoir plus sur les avantages et comment devenir un salon concept \u2192<\/a><\/p>\n<p>&nbsp;<\/p>\n","protected":false},"excerpt":{"rendered":"<div class=\"flex flex-grow flex-col max-w-full\">\n<div class=\"min-h-[20px] text-message flex flex-col items-start whitespace-pre-wrap break-words [.text-message+&amp;]:mt-5 juice:w-full juice:items-end overflow-x-auto gap-2\" dir=\"auto\" data-message-author-role=\"assistant\" data-message-id=\"d46b46f5-8624-41fa-bf1f-baa584834146\">\n<div class=\"flex w-full flex-col gap-1 juice:empty:hidden juice:first:pt-[3px]\">\n<div class=\"markdown prose w-full break-words dark:prose-invert dark\">\n<h2>D\u00e9couvrez le Shampoing Argent D\u00e9jaunissant de Natulique<\/h2>\n<p>Id\u00e9al pour les cheveux blonds, gris ou blancs. Ce shampoing bio d\u00e9jaunissant \u00e9limine les reflets jaunes ind\u00e9sirables, tout en nourrissant vos cheveux. Formul\u00e9 \u00e0 partir d&#8217;ingr\u00e9dients biologiques certifi\u00e9s, il offre une solution naturelle et efficace. Parfait pour les professionnels et particuliers en qu\u00eate de produits de coiffure bio en Suisse. Donnez \u00e9clat et brillance \u00e0 votre chevelure avec le shampoing bio d\u00e9jaunissant Natulique, une solution respectueuse de votre sant\u00e9 et de l&#8217;environnement.<\/p>\n<\/div>\n<\/div>\n<\/div>\n<\/div>\n<ul style=\"text-align: left\">\n<li><strong>Ingr\u00e9dients Bio<\/strong><\/li>\n<li><strong>Vegan<\/strong><\/li>\n<li><strong>Qualit\u00e9 Pro<\/strong><\/li>\n<li><strong>Emballage Recyclable<\/strong><\/li>\n<\/ul>\n<p><img decoding=\"async\" class=\"wp-image-2406 aligncenter\" src=\"https:\/\/particulier.mccp-coiffure-bio.ch\/wp-content\/uploads\/2021\/01\/vegan-society-certification-300x242.png\" alt=\"\" width=\"214\" height=\"172\" srcset=\"https:\/\/particulier.mccp-coiffure-bio.ch\/wp-content\/uploads\/2021\/01\/vegan-society-certification-300x242.png 300w, https:\/\/particulier.mccp-coiffure-bio.ch\/wp-content\/uploads\/2021\/01\/vegan-society-certification.png 529w\" sizes=\"(max-width: 214px) 100vw, 214px\" \/><\/p>\n","protected":false},"featured_media":5257,"comment_status":"open","ping_status":"closed","template":"","meta":{"ocean_post_layout":"","ocean_both_sidebars_style":"","ocean_both_sidebars_content_width":0,"ocean_both_sidebars_sidebars_width":0,"ocean_sidebar":"0","ocean_second_sidebar":"0","ocean_disable_margins":"enable","ocean_add_body_class":"","ocean_shortcode_before_top_bar":"","ocean_shortcode_after_top_bar":"","ocean_shortcode_before_header":"","ocean_shortcode_after_header":"","ocean_has_shortcode":"","ocean_shortcode_after_title":"","ocean_shortcode_before_footer_widgets":"","ocean_shortcode_after_footer_widgets":"","ocean_shortcode_before_footer_bottom":"","ocean_shortcode_after_footer_bottom":"","ocean_display_top_bar":"default","ocean_display_header":"default","ocean_header_style":"","ocean_center_header_left_menu":"0","ocean_custom_header_template":"0","ocean_custom_logo":0,"ocean_custom_retina_logo":0,"ocean_custom_logo_max_width":0,"ocean_custom_logo_tablet_max_width":0,"ocean_custom_logo_mobile_max_width":0,"ocean_custom_logo_max_height":0,"ocean_custom_logo_tablet_max_height":0,"ocean_custom_logo_mobile_max_height":0,"ocean_header_custom_menu":"0","ocean_menu_typo_font_family":"0","ocean_menu_typo_font_subset":"","ocean_menu_typo_font_size":0,"ocean_menu_typo_font_size_tablet":0,"ocean_menu_typo_font_size_mobile":0,"ocean_menu_typo_font_size_unit":"px","ocean_menu_typo_font_weight":"","ocean_menu_typo_font_weight_tablet":"","ocean_menu_typo_font_weight_mobile":"","ocean_menu_typo_transform":"","ocean_menu_typo_transform_tablet":"","ocean_menu_typo_transform_mobile":"","ocean_menu_typo_line_height":0,"ocean_menu_typo_line_height_tablet":0,"ocean_menu_typo_line_height_mobile":0,"ocean_menu_typo_line_height_unit":"","ocean_menu_typo_spacing":0,"ocean_menu_typo_spacing_tablet":0,"ocean_menu_typo_spacing_mobile":0,"ocean_menu_typo_spacing_unit":"","ocean_menu_link_color":"","ocean_menu_link_color_hover":"","ocean_menu_link_color_active":"","ocean_menu_link_background":"","ocean_menu_link_hover_background":"","ocean_menu_link_active_background":"","ocean_menu_social_links_bg":"","ocean_menu_social_hover_links_bg":"","ocean_menu_social_links_color":"","ocean_menu_social_hover_links_color":"","ocean_disable_title":"default","ocean_disable_heading":"default","ocean_post_title":"","ocean_post_subheading":"","ocean_post_title_style":"","ocean_post_title_background_color":"","ocean_post_title_background":0,"ocean_post_title_bg_image_position":"","ocean_post_title_bg_image_attachment":"","ocean_post_title_bg_image_repeat":"","ocean_post_title_bg_image_size":"","ocean_post_title_height":0,"ocean_post_title_bg_overlay":0.5,"ocean_post_title_bg_overlay_color":"","ocean_disable_breadcrumbs":"default","ocean_breadcrumbs_color":"","ocean_breadcrumbs_separator_color":"","ocean_breadcrumbs_links_color":"","ocean_breadcrumbs_links_hover_color":"","ocean_display_footer_widgets":"default","ocean_display_footer_bottom":"default","ocean_custom_footer_template":"0"},"product_brand":[],"product_cat":[324],"product_tag":[],"class_list":{"0":"post-2849","1":"product","2":"type-product","3":"status-publish","4":"has-post-thumbnail","6":"product_cat-shampoings-naturels","8":"entry","9":"has-media","11":"first","12":"instock","13":"taxable","14":"shipping-taxable","15":"purchasable","16":"product-type-simple","17":"has-product-nav","18":"col","19":"span_1_of_5","20":"owp-content-center","21":"owp-thumbs-layout-horizontal","22":"owp-btn-normal","23":"owp-tabs-layout-horizontal"},"jetpack_sharing_enabled":true,"_links":{"self":[{"href":"https:\/\/particulier.mccp-coiffure-bio.ch\/en\/wp-json\/wp\/v2\/product\/2849","targetHints":{"allow":["GET"]}}],"collection":[{"href":"https:\/\/particulier.mccp-coiffure-bio.ch\/en\/wp-json\/wp\/v2\/product"}],"about":[{"href":"https:\/\/particulier.mccp-coiffure-bio.ch\/en\/wp-json\/wp\/v2\/types\/product"}],"replies":[{"embeddable":true,"href":"https:\/\/particulier.mccp-coiffure-bio.ch\/en\/wp-json\/wp\/v2\/comments?post=2849"}],"version-history":[{"count":0,"href":"https:\/\/particulier.mccp-coiffure-bio.ch\/en\/wp-json\/wp\/v2\/product\/2849\/revisions"}],"wp:featuredmedia":[{"embeddable":true,"href":"https:\/\/particulier.mccp-coiffure-bio.ch\/en\/wp-json\/wp\/v2\/media\/5257"}],"wp:attachment":[{"href":"https:\/\/particulier.mccp-coiffure-bio.ch\/en\/wp-json\/wp\/v2\/media?parent=2849"}],"wp:term":[{"taxonomy":"product_brand","embeddable":true,"href":"https:\/\/particulier.mccp-coiffure-bio.ch\/en\/wp-json\/wp\/v2\/product_brand?post=2849"},{"taxonomy":"product_cat","embeddable":true,"href":"https:\/\/particulier.mccp-coiffure-bio.ch\/en\/wp-json\/wp\/v2\/product_cat?post=2849"},{"taxonomy":"product_tag","embeddable":true,"href":"https:\/\/particulier.mccp-coiffure-bio.ch\/en\/wp-json\/wp\/v2\/product_tag?post=2849"}],"curies":[{"name":"wp","href":"https:\/\/api.w.org\/{rel}","templated":true}]}}