{"id":2840,"date":"2024-05-22T10:55:56","date_gmt":"2024-05-22T08:55:56","guid":{"rendered":"https:\/\/particulier.mccp-coiffure-bio.ch\/masque-cheveux-mousse-argent-blond-platine\/"},"modified":"2025-12-04T18:25:19","modified_gmt":"2025-12-04T17:25:19","slug":"mousse-argent-dejaunissante","status":"publish","type":"product","link":"https:\/\/particulier.mccp-coiffure-bio.ch\/en\/product\/mousse-argent-dejaunissante\/","title":{"rendered":"Silver Dejauning Mousse 150 ml"},"content":{"rendered":"<h1>Mousse argent d\u00e9jaunissante: pigments violets 100 % certifi\u00e9 vegan au monde.<\/h1>\n<div class=\"accordian fusion-accordian nitro-offscreen\">\n<div id=\"accordion-770-1\" class=\"panel-group fusion-toggle-icon-unboxed\">\n<div class=\"fusion-panel panel-default panel-badf9214e8fffa997 fusion-toggle-no-divider\">\n<div class=\"panel-heading\">\n<div id=\"toggle_badf9214e8fffa997\" class=\"panel-title toggle\"><\/div>\n<\/div>\n<\/div>\n<\/div>\n<\/div>\n<p>D\u00e9couvrez la mousse argent d\u00e9jaunissante de Natulique, le soin id\u00e9al pour une coiffure bio en Suisse. Formul\u00e9e \u00e0 partir d&#8217;ingr\u00e9dients biologiques, cette mousse capillaire bio neutralise les reflets jaunes ind\u00e9sirables et ravive l&#8217;\u00e9clat naturel de vos cheveux. Parfaite pour les professionnels et les particuliers, elle s&#8217;int\u00e8gre facilement dans votre routine de soins capillaires. Offrez \u00e0 vos cheveux la douceur et la brillance qu&#8217;ils m\u00e9ritent avec la mousse argent d\u00e9jaunissante Natulique. Disponibilit\u00e9 imm\u00e9diate en Suisse, pour une coiffure bio parfaite et sans compromis.<\/p>\n<p>Notre <b>Mousse argent d\u00e9jaunissante<\/b> : Une mousse capillaire certifi\u00e9e biologique Pure Silver pour cheveux blonds platine qui contient de puissantes propri\u00e9t\u00e9s d\u00e9jaunissantes et des ingr\u00e9dients naturels luxuriants pour des cheveux plus lisses et plus brillants.<\/p>\n<p>D\u00e9couvrez notre formule r\u00e9volutionnaire con\u00e7ue sp\u00e9cialement pour sublimer les cheveux blonds platine. La <strong>mousse capillaire<\/strong> Pure Silver certifi\u00e9e biologique offre bien plus qu&#8217;une simple protection contre le jaunissement. Enrichie en ingr\u00e9dients naturels, cette mousse l\u00e9g\u00e8re revitalise vos cheveux, les rendant non seulement plus lisses et plus brillants, mais aussi plus forts et plus r\u00e9silients. Sa formule sans rin\u00e7age est sp\u00e9cialement con\u00e7ue pour les cheveux blonds, gris et color\u00e9s, leur offrant une revitalisation profonde sans alourdir. Donnez \u00e0 vos cheveux blonds l&#8217;attention qu&#8217;ils m\u00e9ritent avec notre <strong>mousse capillaire<\/strong> Pure Silver, pour une chevelure \u00e9clatante de sant\u00e9 et de vitalit\u00e9.<\/p>\n<ul>\n<li>Sans parab\u00e8nes<\/li>\n<li>Aucun silicone ajout\u00e9<\/li>\n<li>Pas de ph\u00e9noxy\u00e9thanol<\/li>\n<li>Sans lactose<\/li>\n<li>Sans cruaut\u00e9<\/li>\n<li>Emballage durable<\/li>\n<li>Pas de laurylsulfate de sodium<\/li>\n<li>Adapt\u00e9 aux v\u00e9g\u00e9taliens<\/li>\n<\/ul>\n<div class=\"react-scroll-to-bottom--css-rgbgm-1n7m0yu\">\n<div class=\"flex flex-col text-sm pb-9\">\n<div class=\"w-full text-token-text-primary sm:AIPRM__conversation__response\" data-testid=\"conversation-turn-19\">\n<div class=\"px-4 py-2 justify-center text-base md:gap-6 m-auto\">\n<div class=\"flex flex-1 text-base mx-auto gap-3 md:px-5 lg:px-1 xl:px-5 md:max-w-3xl lg:max-w-[40rem] xl:max-w-[48rem] group final-completion\">\n<div class=\"relative flex w-full flex-col agent-turn\">\n<div class=\"flex-col gap-1 md:gap-3\">\n<div class=\"flex flex-grow flex-col max-w-full\">\n<div class=\"min-h-[20px] text-message flex flex-col items-start gap-3 whitespace-pre-wrap break-words [.text-message+&amp;]:mt-5 overflow-x-auto\" data-message-author-role=\"assistant\" data-message-id=\"76900c19-cec8-4159-8ea4-c979c528efc6\">\n<div class=\"markdown prose w-full break-words dark:prose-invert dark AIPRM__conversation__response\">\n<p>Formul\u00e9 avec des ingr\u00e9dients luxueux certifi\u00e9s biologiques pour des cheveux plus forts et plus sains. Il est infus\u00e9 d&#8217;aloe vera pour apaiser et hydrater le cuir chevelu gr\u00e2ce au pouvoir des vitamines A, B et C. Il contient \u00e9galement de l&#8217;extrait de mangue pour pr\u00e9venir les pellicules, am\u00e9liorer l&#8217;\u00e9lasticit\u00e9 des cheveux et reconstituer l&#8217;hydratation perdue. Cette formule unique est la cl\u00e9 pour des cheveux blonds, gris vifs ou blanc argent\u00e9 sains et brillants.<\/p>\n<p>La seule <strong>mousse capillaire professionnelle<\/strong> pigment\u00e9e de couleur 100 % certifi\u00e9e v\u00e9g\u00e9talienne au monde, elle est parfaite pour vous, vos clients et l\u2019environnement.<\/p>\n<p><strong>Mode d&#8217;emploi<\/strong> : Bien agiter. Pointez vers le bas et appliquez sur cheveux et coiffures humides ou secs et propres.<\/p>\n<div class=\"fusion-text fusion-text-6 nitro-offscreen\">\n<p>La gamme NATULIQUE Pure Silver est con\u00e7ue pour cr\u00e9er des tons froids et cendr\u00e9s, et \u00e9liminer les sous-tons jaunes ind\u00e9sirables des cheveux gris et blonds.<\/p>\n<p>Les produits peuvent \u00eatre utilis\u00e9s individuellement ou en combinaison pour un effet intensifi\u00e9.<\/p>\n<\/div>\n<p><a class=\"fusion-modal-text-link nitro-offscreen\" href=\"https:\/\/natulique.com\/fr\/pure-silver-soin-violet-cheveux-blonds\/#\" data-toggle=\"modal\" data-target=\".fusion-modal.popup-video\">Voir la gamme Pure Silver Family en action \u2192<\/a><\/p>\n<p>Plus d&#8217;info<\/p>\n<h3><a href=\"https:\/\/mccp-coiffure-bio.ch\/mousse-argent-blond-platine\/\">https:\/\/mccp-coiffure-bio.ch\/mousse-argent-blond-platine\/<\/a><\/h3>\n<h3><strong>Ingr\u00e9dients biologiques et naturels de la mousse argent d\u00e9jaunissante<\/strong><\/h3>\n<ul>\n<li><strong>Extrait de fruit d&#8217;a\u00e7a\u00ef<\/strong><br \/>\nUne mine de nutriments essentiels, de prot\u00e9ines, d&#8217;acides gras om\u00e9ga et de vitamines qui renforcent les cheveux depuis la racine.<\/li>\n<li><strong>Alo\u00e9 V\u00e9ra<\/strong><br \/>\nGr\u00e2ce au pouvoir des vitamines A, B et C, il apaise et soigne les cheveux et le cuir chevelu.<\/li>\n<li><strong>Extrait de mangue<\/strong><br \/>\nRiche en vitamine A, C et b\u00eata-carot\u00e8ne qui pr\u00e9viennent les pellicules, am\u00e9liorent l&#8217;\u00e9lasticit\u00e9 des cheveux et reconstituent l&#8217;hydratation perdue.<\/li>\n<\/ul>\n<p><strong>Ingr\u00e9dients du produit<\/strong><br \/>\nAqua (eau), jus de feuille d&#8217;Aloe Barabadensis, glyc\u00e9rine, polyglyc\u00e9ryl-4 caprate, benzoate de sodium, chlorure de guar hydroxypropyl-trimonium, xylitylglucoside, cocamidopropyl b\u00e9ta\u00efne, acide citrique, cocamphoac\u00e9tate de sodium, anhydroxylitol, chlorure de sodium, xylitol, sorbate de potassium, glucose, mangifera Extrait de fruit Indica, extrait de fruit d&#8217;Euterpe Oleracea, sulfate de sodium, parfum, CI 60730.<\/p>\n<p><strong>* Ingr\u00e9dients issus de l&#8217;Agriculture Biologique Certifi\u00e9e<\/strong><\/p>\n<\/div>\n<\/div>\n<\/div>\n<\/div>\n<\/div>\n<\/div>\n<\/div>\n<\/div>\n<\/div>\n<\/div>\n<div id=\"AIPRM__sidebar-icon\" class=\"AIPRM__p-2 AIPRM__top-12 md:AIPRM__top-2 AIPRM__p-2 AIPRM__items-center AIPRM__transition-colors AIPRM__duration-200 AIPRM__cursor-pointer AIPRM__text-sm AIPRM__rounded-md AIPRM__border AIPRM__bg-white dark:AIPRM__bg-gray-900 AIPRM__border-black\/10 dark:AIPRM__border-white\/20 hover:AIPRM__bg-gray-50 dark:hover:AIPRM__bg-gray-850 AIPRM__cursor-pointer AIPRM__fixed AIPRM__right-4 AIPRM__z-30\" title=\"Open AIPRM sidebar\">\n<p><strong>Le concept NATULIQUE<\/strong><\/p>\n<p>\u00cates-vous curieux de savoir \u00e0 quoi ressemble un salon 100% NATULIQUE ?<\/p>\n<p><a href=\"https:\/\/natulique.com\/fr\/concept-salon\/\">En savoir plus sur les avantages et comment devenir un salon concept \u2192<\/a><\/p>\n<\/div>\n","protected":false},"excerpt":{"rendered":"<h2 style=\"text-align: left\">Discover Natulique's dejaunizing silver mousse<\/h2>\n<p style=\"text-align: left\">The ideal care product for organic hair styling in Switzerland. Formulated with organic ingredients, this organic hair mousse neutralizes unwanted yellow highlights and revives your hair's natural shine. Perfect for professionals and individuals alike, it's easy to integrate into your hair care routine. Give your hair the softness and shine it deserves with Natulique dejaunizing silver mousse. Available immediately in Switzerland, for perfect, uncompromising organic styling.<\/p>\n<ul style=\"text-align: left\">\n<li><strong>Organic ingredients<\/strong><\/li>\n<li><strong>Vegan<\/strong><\/li>\n<li><strong>Pro Quality<\/strong><\/li>\n<li><strong>Recyclable packaging<\/strong><\/li>\n<\/ul>\n<p><img decoding=\"async\" class=\"wp-image-2406 aligncenter\" src=\"https:\/\/particulier.mccp-coiffure-bio.ch\/wp-content\/uploads\/2021\/01\/vegan-society-certification-300x242.png\" alt=\"\" width=\"214\" height=\"172\" srcset=\"https:\/\/particulier.mccp-coiffure-bio.ch\/wp-content\/uploads\/2021\/01\/vegan-society-certification-300x242.png 300w, https:\/\/particulier.mccp-coiffure-bio.ch\/wp-content\/uploads\/2021\/01\/vegan-society-certification.png 529w\" sizes=\"(max-width: 214px) 100vw, 214px\" \/><\/p>","protected":false},"featured_media":3443,"comment_status":"open","ping_status":"closed","template":"","meta":{"ocean_post_layout":"","ocean_both_sidebars_style":"","ocean_both_sidebars_content_width":0,"ocean_both_sidebars_sidebars_width":0,"ocean_sidebar":"0","ocean_second_sidebar":"0","ocean_disable_margins":"enable","ocean_add_body_class":"","ocean_shortcode_before_top_bar":"","ocean_shortcode_after_top_bar":"","ocean_shortcode_before_header":"","ocean_shortcode_after_header":"","ocean_has_shortcode":"","ocean_shortcode_after_title":"","ocean_shortcode_before_footer_widgets":"","ocean_shortcode_after_footer_widgets":"","ocean_shortcode_before_footer_bottom":"","ocean_shortcode_after_footer_bottom":"","ocean_display_top_bar":"default","ocean_display_header":"default","ocean_header_style":"","ocean_center_header_left_menu":"0","ocean_custom_header_template":"0","ocean_custom_logo":0,"ocean_custom_retina_logo":0,"ocean_custom_logo_max_width":0,"ocean_custom_logo_tablet_max_width":0,"ocean_custom_logo_mobile_max_width":0,"ocean_custom_logo_max_height":0,"ocean_custom_logo_tablet_max_height":0,"ocean_custom_logo_mobile_max_height":0,"ocean_header_custom_menu":"0","ocean_menu_typo_font_family":"0","ocean_menu_typo_font_subset":"","ocean_menu_typo_font_size":0,"ocean_menu_typo_font_size_tablet":0,"ocean_menu_typo_font_size_mobile":0,"ocean_menu_typo_font_size_unit":"px","ocean_menu_typo_font_weight":"","ocean_menu_typo_font_weight_tablet":"","ocean_menu_typo_font_weight_mobile":"","ocean_menu_typo_transform":"","ocean_menu_typo_transform_tablet":"","ocean_menu_typo_transform_mobile":"","ocean_menu_typo_line_height":0,"ocean_menu_typo_line_height_tablet":0,"ocean_menu_typo_line_height_mobile":0,"ocean_menu_typo_line_height_unit":"","ocean_menu_typo_spacing":0,"ocean_menu_typo_spacing_tablet":0,"ocean_menu_typo_spacing_mobile":0,"ocean_menu_typo_spacing_unit":"","ocean_menu_link_color":"","ocean_menu_link_color_hover":"","ocean_menu_link_color_active":"","ocean_menu_link_background":"","ocean_menu_link_hover_background":"","ocean_menu_link_active_background":"","ocean_menu_social_links_bg":"","ocean_menu_social_hover_links_bg":"","ocean_menu_social_links_color":"","ocean_menu_social_hover_links_color":"","ocean_disable_title":"default","ocean_disable_heading":"default","ocean_post_title":"","ocean_post_subheading":"","ocean_post_title_style":"","ocean_post_title_background_color":"","ocean_post_title_background":0,"ocean_post_title_bg_image_position":"","ocean_post_title_bg_image_attachment":"","ocean_post_title_bg_image_repeat":"","ocean_post_title_bg_image_size":"","ocean_post_title_height":0,"ocean_post_title_bg_overlay":0.5,"ocean_post_title_bg_overlay_color":"","ocean_disable_breadcrumbs":"default","ocean_breadcrumbs_color":"","ocean_breadcrumbs_separator_color":"","ocean_breadcrumbs_links_color":"","ocean_breadcrumbs_links_hover_color":"","ocean_display_footer_widgets":"default","ocean_display_footer_bottom":"default","ocean_custom_footer_template":"0"},"product_brand":[],"product_cat":[323,322],"product_tag":[],"class_list":{"0":"post-2840","1":"product","2":"type-product","3":"status-publish","4":"has-post-thumbnail","6":"product_cat-produits-coiffants","7":"product_cat-soins-des-cheveux","9":"entry","10":"has-media","12":"first","13":"instock","14":"taxable","15":"shipping-taxable","16":"purchasable","17":"product-type-simple","18":"has-product-nav","19":"col","20":"span_1_of_5","21":"owp-content-center","22":"owp-thumbs-layout-horizontal","23":"owp-btn-normal","24":"owp-tabs-layout-horizontal"},"jetpack_sharing_enabled":true,"_links":{"self":[{"href":"https:\/\/particulier.mccp-coiffure-bio.ch\/en\/wp-json\/wp\/v2\/product\/2840","targetHints":{"allow":["GET"]}}],"collection":[{"href":"https:\/\/particulier.mccp-coiffure-bio.ch\/en\/wp-json\/wp\/v2\/product"}],"about":[{"href":"https:\/\/particulier.mccp-coiffure-bio.ch\/en\/wp-json\/wp\/v2\/types\/product"}],"replies":[{"embeddable":true,"href":"https:\/\/particulier.mccp-coiffure-bio.ch\/en\/wp-json\/wp\/v2\/comments?post=2840"}],"version-history":[{"count":0,"href":"https:\/\/particulier.mccp-coiffure-bio.ch\/en\/wp-json\/wp\/v2\/product\/2840\/revisions"}],"wp:featuredmedia":[{"embeddable":true,"href":"https:\/\/particulier.mccp-coiffure-bio.ch\/en\/wp-json\/wp\/v2\/media\/3443"}],"wp:attachment":[{"href":"https:\/\/particulier.mccp-coiffure-bio.ch\/en\/wp-json\/wp\/v2\/media?parent=2840"}],"wp:term":[{"taxonomy":"product_brand","embeddable":true,"href":"https:\/\/particulier.mccp-coiffure-bio.ch\/en\/wp-json\/wp\/v2\/product_brand?post=2840"},{"taxonomy":"product_cat","embeddable":true,"href":"https:\/\/particulier.mccp-coiffure-bio.ch\/en\/wp-json\/wp\/v2\/product_cat?post=2840"},{"taxonomy":"product_tag","embeddable":true,"href":"https:\/\/particulier.mccp-coiffure-bio.ch\/en\/wp-json\/wp\/v2\/product_tag?post=2840"}],"curies":[{"name":"wp","href":"https:\/\/api.w.org\/{rel}","templated":true}]}}