{"id":2826,"date":"2024-05-22T10:55:55","date_gmt":"2024-05-22T08:55:55","guid":{"rendered":"https:\/\/particulier.mccp-coiffure-bio.ch\/creme-capillaire-definition-boucles\/"},"modified":"2026-01-13T08:53:54","modified_gmt":"2026-01-13T07:53:54","slug":"creme-cheveux-boucles","status":"publish","type":"product","link":"https:\/\/particulier.mccp-coiffure-bio.ch\/en\/product\/creme-cheveux-boucles\/","title":{"rendered":"Curly Hair Cream 150 ml"},"content":{"rendered":"<div class=\"flex-1 overflow-hidden\">\n<div class=\"react-scroll-to-bottom--css-rwoqk-79elbk h-full\">\n<div class=\"react-scroll-to-bottom--css-rwoqk-1n7m0yu\">\n<div class=\"flex flex-col text-sm pb-9\">\n<div class=\"w-full text-token-text-primary\" dir=\"auto\" data-testid=\"conversation-turn-3\" data-scroll-anchor=\"true\">\n<div class=\"py-2 juice:py-[18px] px-3 text-base md:px-4 m-auto md:px-5 lg:px-1 xl:px-5\">\n<div class=\"mx-auto flex flex-1 gap-3 text-base juice:gap-4 juice:md:gap-6 md:max-w-3xl lg:max-w-[40rem] xl:max-w-[48rem]\">\n<div class=\"group\/conversation-turn relative flex w-full min-w-0 flex-col agent-turn\">\n<div class=\"flex-col gap-1 md:gap-3\">\n<div class=\"flex flex-grow flex-col max-w-full\">\n<div class=\"flex-1 overflow-hidden\">\n<div class=\"react-scroll-to-bottom--css-rwoqk-79elbk h-full\">\n<div class=\"react-scroll-to-bottom--css-rwoqk-1n7m0yu\">\n<div class=\"flex flex-col text-sm pb-9\">\n<div class=\"w-full text-token-text-primary\" dir=\"auto\" data-testid=\"conversation-turn-3\" data-scroll-anchor=\"true\">\n<div class=\"py-2 juice:py-[18px] px-3 text-base md:px-4 m-auto md:px-5 lg:px-1 xl:px-5\">\n<div class=\"mx-auto flex flex-1 gap-3 text-base juice:gap-4 juice:md:gap-6 md:max-w-3xl lg:max-w-[40rem] xl:max-w-[48rem]\">\n<div class=\"group\/conversation-turn relative flex w-full min-w-0 flex-col agent-turn\">\n<div class=\"flex-col gap-1 md:gap-3\">\n<div class=\"flex flex-grow flex-col max-w-full\">\n<div class=\"min-h-[20px] text-message flex flex-col items-start whitespace-pre-wrap break-words [.text-message+&amp;]:mt-5 juice:w-full juice:items-end overflow-x-auto gap-2\" dir=\"auto\" data-message-author-role=\"assistant\" data-message-id=\"87922640-ad6c-4a11-9976-41f3a3971f79\">\n<div class=\"flex w-full flex-col gap-1 juice:empty:hidden juice:first:pt-[3px]\">\n<div class=\"markdown prose w-full break-words dark:prose-invert dark\">\n<h1>Cr\u00e8me Cheveux Boucl\u00e9s Natulique : Soin Naturel et Bio pour des Boucles D\u00e9finies<\/h1>\n<h2>\u00a0Sublimez Vos Boucles avec la Cr\u00e8me Cheveux Boucl\u00e9s Natulique<\/h2>\n<p>La <strong>cr\u00e8me cheveux boucl\u00e9s Natulique<\/strong> est le soin incontournable pour toutes celles et ceux qui recherchent des <strong>coiffages naturels<\/strong> et souhaitent adopter une <strong>coiffure bio en Suisse<\/strong>. Con\u00e7ue sp\u00e9cialement pour sublimer et d\u00e9finir les boucles, cette cr\u00e8me innovante se distingue par sa composition riche en ingr\u00e9dients biologiques et naturels.<\/p>\n<h3>Pourquoi Choisir la Cr\u00e8me Cheveux Boucl\u00e9s Natulique ?<\/h3>\n<p>La <strong>cr\u00e8me cheveux boucl\u00e9s Natulique<\/strong> est \u00e9labor\u00e9e \u00e0 partir de <strong>produits bio<\/strong> soigneusement s\u00e9lectionn\u00e9s pour leurs propri\u00e9t\u00e9s nourrissantes et hydratantes. Cette formule unique permet de d\u00e9finir les boucles sans les alourdir, tout en leur apportant brillance et douceur. Gr\u00e2ce \u00e0 ses ingr\u00e9dients naturels, elle respecte le cuir chevelu et l&#8217;environnement, faisant de ce produit le choix id\u00e9al pour une <strong>coiffure bio en Suisse<\/strong>.<\/p>\n<h3>D\u00e9finitions des Boucles Parfaites<\/h3>\n<p>Une boucle bien d\u00e9finie est synonyme de vitalit\u00e9 et de sant\u00e9 capillaire. La <strong>cr\u00e8me cheveux boucl\u00e9s Natulique<\/strong> est sp\u00e9cialement formul\u00e9e pour apporter la d\u00e9finition n\u00e9cessaire \u00e0 vos boucles, les rendant \u00e9lastiques, rebondissantes et parfaitement structur\u00e9es. Elle permet de contr\u00f4ler les frisottis et de maintenir les boucles en place toute la journ\u00e9e, m\u00eame dans des conditions humides.<\/p>\n<h3>Les Avantages des Coiffages Naturels<\/h3>\n<p>Les <strong>coiffages naturels<\/strong> sont essentiels pour pr\u00e9server la sant\u00e9 des cheveux. La <strong>cr\u00e8me cheveux boucl\u00e9s Natulique<\/strong> permet de r\u00e9aliser des coiffures sans l&#8217;utilisation de produits chimiques agressifs. En int\u00e9grant cette cr\u00e8me dans votre routine capillaire, vous favorisez la sant\u00e9 de vos cheveux tout en contribuant \u00e0 un mode de vie plus \u00e9cologique.<\/p>\n<h3>Application Facile et Efficace<\/h3>\n<p>Utiliser la <strong>cr\u00e8me cheveux boucl\u00e9s Natulique<\/strong> est un jeu d&#8217;enfant. Appliquez une petite quantit\u00e9 de produit sur cheveux humides ou secs, en insistant sur les longueurs et les pointes. Pour des boucles encore plus d\u00e9finies, scrunchez vos cheveux avec les mains ou utilisez un diffuseur. Ce soin quotidien vous garantit des r\u00e9sultats visibles d\u00e8s la premi\u00e8re application.<\/p>\n<h3>Une Cr\u00e8me Polyvalente pour Tous les Types de Boucles<\/h3>\n<p>Que vous ayez des boucles serr\u00e9es, des vagues l\u00e9g\u00e8res ou des boucles volumineuses, la <strong>cr\u00e8me cheveux boucl\u00e9s Natulique<\/strong> s&#8217;adapte \u00e0 tous les types de cheveux boucl\u00e9s. Elle est \u00e9galement id\u00e9ale pour les personnes ayant des cheveux color\u00e9s, car elle prot\u00e8ge et prolonge l&#8217;\u00e9clat de la couleur tout en nourrissant intens\u00e9ment les fibres capillaires.<\/p>\n<h3>Engagement pour la Sant\u00e9 et l&#8217;Environnement<\/h3>\n<p>Natulique s&#8217;engage \u00e0 offrir des produits de haute qualit\u00e9 respectueux de la sant\u00e9 et de l&#8217;environnement. La <strong>cr\u00e8me cheveux boucl\u00e9s Natulique<\/strong> est certifi\u00e9e biologique, sans parab\u00e8nes, sans silicones et sans sulfates. En choisissant ce produit, vous faites un geste pour votre bien-\u00eatre et pour la plan\u00e8te.<\/p>\n<h3>T\u00e9moignages et Retours Positifs<\/h3>\n<p>De nombreux utilisateurs en Suisse et ailleurs ont adopt\u00e9 la <strong>cr\u00e8me cheveux boucl\u00e9s Natulique<\/strong> et t\u00e9moignent des bienfaits sur leurs cheveux. Des boucles mieux d\u00e9finies, une texture am\u00e9lior\u00e9e et une chevelure plus saine sont les points forts souvent mentionn\u00e9s.<\/p>\n<p><a href=\"https:\/\/mccp-coiffure-bio.ch\/creme-definition-boucles\/\">https:\/\/mccp-coiffure-bio.ch\/creme-definition-boucles\/<\/a><\/p>\n<p><strong>Le concept NATULIQUE<\/strong><\/p>\n<p>\u00cates-vous curieux de savoir \u00e0 quoi ressemble un salon 100% NATULIQUE ?<\/p>\n<p><a href=\"https:\/\/natulique.com\/fr\/concept-salon\/\">En savoir plus sur les avantages et comment devenir un salon concept \u2192<\/a><\/p>\n<\/div>\n<\/div>\n<\/div>\n<\/div>\n<\/div>\n<\/div>\n<\/div>\n<\/div>\n<\/div>\n<\/div>\n<\/div>\n<\/div>\n<\/div>\n<div class=\"w-full md:pt-0 dark:border-white\/20 md:border-transparent md:dark:border-transparent md:w-[calc(100%-.5rem)] juice:w-full\">\n<div class=\"px-3 text-base md:px-4 m-auto md:px-5 lg:px-1 xl:px-5\">\n<div class=\"mx-auto flex flex-1 gap-3 text-base juice:gap-4 juice:md:gap-6 md:max-w-3xl lg:max-w-[40rem] xl:max-w-[48rem]\">\n<div class=\"relative flex h-full max-w-full flex-1 flex-col\">\n<div class=\"flex w-full items-center\">\n<div class=\"flex w-full flex-col gap-1.5 rounded-[26px] p-1.5 transition-colors bg-[#f4f4f4] dark:bg-token-main-surface-secondary\">\n<div class=\"flex items-end gap-1.5 md:gap-3.5\"><\/div>\n<\/div>\n<\/div>\n<\/div>\n<\/div>\n<\/div>\n<\/div>\n<\/div>\n<\/div>\n<\/div>\n<\/div>\n<\/div>\n<\/div>\n<\/div>\n<\/div>\n<\/div>\n<\/div>\n<div class=\"w-full md:pt-0 dark:border-white\/20 md:border-transparent md:dark:border-transparent md:w-[calc(100%-.5rem)] juice:w-full\">\n<div class=\"px-3 text-base md:px-4 m-auto md:px-5 lg:px-1 xl:px-5\">\n<div class=\"mx-auto flex flex-1 gap-3 text-base juice:gap-4 juice:md:gap-6 md:max-w-3xl lg:max-w-[40rem] xl:max-w-[48rem]\">\n<div class=\"relative flex h-full max-w-full flex-1 flex-col\">\n<div class=\"flex w-full items-center\">\n<div class=\"flex w-full flex-col gap-1.5 rounded-[26px] p-1.5 transition-colors bg-[#f4f4f4] dark:bg-token-main-surface-secondary\">\n<div class=\"flex items-end gap-1.5 md:gap-3.5\">\n<div class=\"flex min-w-0 flex-1 flex-col\">\n<div class=\"fusion-layout-column fusion_builder_column fusion-builder-column-16 fusion_builder_column_1_6 1_6 fusion-flex-column fusion-flex-align-self-center\">\n<div class=\"fusion-column-wrapper fusion-column-has-shadow fusion-flex-justify-content-flex-start fusion-content-layout-column\">\n<div class=\"fusion-image-element \"><span class=\" fusion-imageframe imageframe-none imageframe-6 hover-type-none\"><img decoding=\"async\" id=\"MTczOjU1OTM=-1\" class=\"img-responsive wp-image-181 lazyloaded\" title=\"no-parabens\" src=\"https:\/\/cdn-kmbob.nitrocdn.com\/BGxevcUENVYFFlnuGmZRfULwfEbwacFH\/assets\/images\/optimized\/rev-8058b63\/natulique.com\/fr\/wp-content\/uploads\/2023\/09\/no-parabens.png\" alt=\"\" width=\"120\" height=\"120\" \/><\/span><\/div>\n<div class=\"fusion-text fusion-text-7\">\n<p>Sans Parab\u00e8nes<\/p>\n<p><img decoding=\"async\" id=\"MTc0OjE3Nzg=-1\" class=\"img-responsive wp-image-179 lazyloaded\" title=\"no-artificial-fragrances\" src=\"https:\/\/cdn-kmbob.nitrocdn.com\/BGxevcUENVYFFlnuGmZRfULwfEbwacFH\/assets\/images\/optimized\/rev-8058b63\/natulique.com\/fr\/wp-content\/uploads\/2023\/09\/no-artificial-fragrances.png\" alt=\"\" width=\"120\" height=\"120\" \/><\/p>\n<\/div>\n<\/div>\n<\/div>\n<div class=\"fusion-layout-column fusion_builder_column fusion-builder-column-17 fusion_builder_column_1_6 1_6 fusion-flex-column fusion-flex-align-self-center\">\n<div class=\"fusion-column-wrapper fusion-column-has-shadow fusion-flex-justify-content-flex-start fusion-content-layout-column\">\n<div class=\"fusion-text fusion-text-8\">\n<p>Sans Parfum Artificiel<\/p>\n<\/div>\n<\/div>\n<\/div>\n<div class=\"fusion-layout-column fusion_builder_column fusion-builder-column-18 fusion_builder_column_1_6 1_6 fusion-flex-column fusion-flex-align-self-center\">\n<div class=\"fusion-column-wrapper fusion-column-has-shadow fusion-flex-justify-content-flex-start fusion-content-layout-column\">\n<div class=\"fusion-image-element \"><span class=\" fusion-imageframe imageframe-none imageframe-8 hover-type-none\"><img decoding=\"async\" id=\"MTc1OjE3MTQ=-1\" class=\"img-responsive wp-image-178 lazyloaded\" title=\"sls-free\" src=\"https:\/\/cdn-kmbob.nitrocdn.com\/BGxevcUENVYFFlnuGmZRfULwfEbwacFH\/assets\/images\/optimized\/rev-8058b63\/natulique.com\/fr\/wp-content\/uploads\/2023\/09\/sls-free.png\" alt=\"\" width=\"120\" height=\"120\" \/><\/span><\/div>\n<div class=\"fusion-text fusion-text-9\">\n<p>Sans SLS<\/p>\n<\/div>\n<\/div>\n<\/div>\n<div class=\"fusion-layout-column fusion_builder_column fusion-builder-column-19 fusion_builder_column_1_6 1_6 fusion-flex-column fusion-flex-align-self-center\">\n<div class=\"fusion-column-wrapper fusion-column-has-shadow fusion-flex-justify-content-flex-start fusion-content-layout-column\">\n<div class=\"fusion-image-element \"><span class=\" fusion-imageframe imageframe-none imageframe-9 hover-type-none\"><img loading=\"lazy\" decoding=\"async\" id=\"MTc2OjE3NTQ=-1\" class=\"img-responsive wp-image-177 lazyloaded\" title=\"no-added-silicones\" src=\"https:\/\/cdn-kmbob.nitrocdn.com\/BGxevcUENVYFFlnuGmZRfULwfEbwacFH\/assets\/images\/optimized\/rev-8058b63\/natulique.com\/fr\/wp-content\/uploads\/2023\/09\/no-added-silicones.png\" alt=\"\" width=\"120\" height=\"120\" \/><\/span><\/div>\n<div class=\"fusion-text fusion-text-10\">\n<p>Sans Silicones<\/p>\n<\/div>\n<\/div>\n<\/div>\n<\/div>\n<\/div>\n<\/div>\n<\/div>\n<\/div>\n<\/div>\n<\/div>\n<\/div>\n","protected":false},"excerpt":{"rendered":"<h2 style=\"text-align: left\">Visit <strong>Natulique curly hair cream<\/strong><\/h2>\n<p style=\"text-align: left\">This curly hair cream is the must-have treatment for all those who are looking for curly hair. <strong>natural hairstyles<\/strong> and wish to adopt a <strong>organic hairdressing in Switzerland<\/strong>. Specially designed to enhance and define curls, this innovative cream is distinguished by its composition rich in organic and natural ingredients.<\/p>\n<p style=\"text-align: left\">Immerse yourself in hair beauty excellence with <strong>MCCP COIFFURE BIO<\/strong> your exclusive partner for <strong>product distribution<\/strong> <strong>Natulic<\/strong> at<strong> Switzerland<\/strong>. As dedicated specialists, we offer you a complete range of <strong>hair care products<\/strong> made with premium organic ingredients. Trust our expertise to guide you towards an exceptional hair experience that lives up to your most demanding expectations.<\/p>\n<ul style=\"text-align: left\">\n<li><strong>Organic ingredients<\/strong><\/li>\n<li><strong>Vegan<\/strong><\/li>\n<li><strong>Pro Quality<\/strong><\/li>\n<li><strong>Recyclable packaging<\/strong><\/li>\n<\/ul>\n<p><img loading=\"lazy\" decoding=\"async\" class=\"wp-image-2406 aligncenter\" src=\"https:\/\/particulier.mccp-coiffure-bio.ch\/wp-content\/uploads\/2021\/01\/vegan-society-certification-300x242.png\" alt=\"\" width=\"214\" height=\"172\" srcset=\"https:\/\/particulier.mccp-coiffure-bio.ch\/wp-content\/uploads\/2021\/01\/vegan-society-certification-300x242.png 300w, https:\/\/particulier.mccp-coiffure-bio.ch\/wp-content\/uploads\/2021\/01\/vegan-society-certification.png 529w\" sizes=\"(max-width: 214px) 100vw, 214px\" \/><\/p>","protected":false},"featured_media":3475,"comment_status":"open","ping_status":"closed","template":"","meta":{"ocean_post_layout":"","ocean_both_sidebars_style":"","ocean_both_sidebars_content_width":0,"ocean_both_sidebars_sidebars_width":0,"ocean_sidebar":"0","ocean_second_sidebar":"0","ocean_disable_margins":"enable","ocean_add_body_class":"","ocean_shortcode_before_top_bar":"","ocean_shortcode_after_top_bar":"","ocean_shortcode_before_header":"","ocean_shortcode_after_header":"","ocean_has_shortcode":"","ocean_shortcode_after_title":"","ocean_shortcode_before_footer_widgets":"","ocean_shortcode_after_footer_widgets":"","ocean_shortcode_before_footer_bottom":"","ocean_shortcode_after_footer_bottom":"","ocean_display_top_bar":"default","ocean_display_header":"default","ocean_header_style":"","ocean_center_header_left_menu":"0","ocean_custom_header_template":"0","ocean_custom_logo":0,"ocean_custom_retina_logo":0,"ocean_custom_logo_max_width":0,"ocean_custom_logo_tablet_max_width":0,"ocean_custom_logo_mobile_max_width":0,"ocean_custom_logo_max_height":0,"ocean_custom_logo_tablet_max_height":0,"ocean_custom_logo_mobile_max_height":0,"ocean_header_custom_menu":"0","ocean_menu_typo_font_family":"0","ocean_menu_typo_font_subset":"","ocean_menu_typo_font_size":0,"ocean_menu_typo_font_size_tablet":0,"ocean_menu_typo_font_size_mobile":0,"ocean_menu_typo_font_size_unit":"px","ocean_menu_typo_font_weight":"","ocean_menu_typo_font_weight_tablet":"","ocean_menu_typo_font_weight_mobile":"","ocean_menu_typo_transform":"","ocean_menu_typo_transform_tablet":"","ocean_menu_typo_transform_mobile":"","ocean_menu_typo_line_height":0,"ocean_menu_typo_line_height_tablet":0,"ocean_menu_typo_line_height_mobile":0,"ocean_menu_typo_line_height_unit":"","ocean_menu_typo_spacing":0,"ocean_menu_typo_spacing_tablet":0,"ocean_menu_typo_spacing_mobile":0,"ocean_menu_typo_spacing_unit":"","ocean_menu_link_color":"","ocean_menu_link_color_hover":"","ocean_menu_link_color_active":"","ocean_menu_link_background":"","ocean_menu_link_hover_background":"","ocean_menu_link_active_background":"","ocean_menu_social_links_bg":"","ocean_menu_social_hover_links_bg":"","ocean_menu_social_links_color":"","ocean_menu_social_hover_links_color":"","ocean_disable_title":"default","ocean_disable_heading":"default","ocean_post_title":"","ocean_post_subheading":"","ocean_post_title_style":"","ocean_post_title_background_color":"","ocean_post_title_background":0,"ocean_post_title_bg_image_position":"","ocean_post_title_bg_image_attachment":"","ocean_post_title_bg_image_repeat":"","ocean_post_title_bg_image_size":"","ocean_post_title_height":0,"ocean_post_title_bg_overlay":0.5,"ocean_post_title_bg_overlay_color":"","ocean_disable_breadcrumbs":"default","ocean_breadcrumbs_color":"","ocean_breadcrumbs_separator_color":"","ocean_breadcrumbs_links_color":"","ocean_breadcrumbs_links_hover_color":"","ocean_display_footer_widgets":"default","ocean_display_footer_bottom":"default","ocean_custom_footer_template":"0"},"product_brand":[],"product_cat":[323,322],"product_tag":[],"class_list":{"0":"post-2826","1":"product","2":"type-product","3":"status-publish","4":"has-post-thumbnail","6":"product_cat-produits-coiffants","7":"product_cat-soins-des-cheveux","9":"entry","10":"has-media","12":"first","13":"instock","14":"taxable","15":"shipping-taxable","16":"purchasable","17":"product-type-simple","18":"has-product-nav","19":"col","20":"span_1_of_5","21":"owp-content-center","22":"owp-thumbs-layout-horizontal","23":"owp-btn-normal","24":"owp-tabs-layout-horizontal","25":"has-no-thumbnails"},"jetpack_sharing_enabled":true,"_links":{"self":[{"href":"https:\/\/particulier.mccp-coiffure-bio.ch\/en\/wp-json\/wp\/v2\/product\/2826","targetHints":{"allow":["GET"]}}],"collection":[{"href":"https:\/\/particulier.mccp-coiffure-bio.ch\/en\/wp-json\/wp\/v2\/product"}],"about":[{"href":"https:\/\/particulier.mccp-coiffure-bio.ch\/en\/wp-json\/wp\/v2\/types\/product"}],"replies":[{"embeddable":true,"href":"https:\/\/particulier.mccp-coiffure-bio.ch\/en\/wp-json\/wp\/v2\/comments?post=2826"}],"version-history":[{"count":1,"href":"https:\/\/particulier.mccp-coiffure-bio.ch\/en\/wp-json\/wp\/v2\/product\/2826\/revisions"}],"predecessor-version":[{"id":5926,"href":"https:\/\/particulier.mccp-coiffure-bio.ch\/en\/wp-json\/wp\/v2\/product\/2826\/revisions\/5926"}],"wp:featuredmedia":[{"embeddable":true,"href":"https:\/\/particulier.mccp-coiffure-bio.ch\/en\/wp-json\/wp\/v2\/media\/3475"}],"wp:attachment":[{"href":"https:\/\/particulier.mccp-coiffure-bio.ch\/en\/wp-json\/wp\/v2\/media?parent=2826"}],"wp:term":[{"taxonomy":"product_brand","embeddable":true,"href":"https:\/\/particulier.mccp-coiffure-bio.ch\/en\/wp-json\/wp\/v2\/product_brand?post=2826"},{"taxonomy":"product_cat","embeddable":true,"href":"https:\/\/particulier.mccp-coiffure-bio.ch\/en\/wp-json\/wp\/v2\/product_cat?post=2826"},{"taxonomy":"product_tag","embeddable":true,"href":"https:\/\/particulier.mccp-coiffure-bio.ch\/en\/wp-json\/wp\/v2\/product_tag?post=2826"}],"curies":[{"name":"wp","href":"https:\/\/api.w.org\/{rel}","templated":true}]}}