{"id":5762,"date":"2024-05-22T10:55:56","date_gmt":"2024-05-22T08:55:56","guid":{"rendered":"https:\/\/particulier.mccp-coiffure-bio.ch\/huile-dargan-marocaine\/"},"modified":"2026-01-06T18:52:19","modified_gmt":"2026-01-06T17:52:19","slug":"huile-dargan-marocaine","status":"publish","type":"product","link":"https:\/\/particulier.mccp-coiffure-bio.ch\/de\/produkt\/huile-dargan-marocaine\/","title":{"rendered":"Marokkanisches Argan\u00f6l 100 ml"},"content":{"rendered":"<h1>Entdecken Sie das marokkanische Argan\u00f6l von Natulique<\/h1>\n<p>Die Exzellenz f\u00fcr Ihr Haar und Ihre Kopfhaut. Dieses kostbare Argan\u00f6l wird aus 100% biologischen Inhaltsstoffen hergestellt und wurde speziell f\u00fcr die Bed\u00fcrfnisse von Bio-Coiffeur-Profis in der Schweiz und von gesundheits- und umweltbewussten Privatpersonen entwickelt. Angereichert mit Vitaminen und Antioxidantien bietet unser Argan\u00f6l eine au\u00dfergew\u00f6hnliche nat\u00fcrliche Pflege f\u00fcr ein perfektes nat\u00fcrliches Styling.<\/p>\n<p>L'<strong>marokkanisches Argan\u00f6l<\/strong> von Natulique ist der ideale Verb\u00fcndete f\u00fcr alle, die in der Schweiz nach biologischen Haarstylingl\u00f6sungen suchen. Dank ihrer n\u00e4hrenden und feuchtigkeitsspendenden Eigenschaften revitalisiert sie trockenes und gesch\u00e4digtes Haar und verleiht ihm wieder Glanz und Geschmeidigkeit. Bei regelm\u00e4\u00dfiger Anwendung hilft es, Spliss vorzubeugen und die Haarstruktur zu st\u00e4rken, wodurch das Haar kr\u00e4ftiger und widerstandsf\u00e4higer wird.<\/p>\n<p>Unser <strong>Argan\u00f6l<\/strong> ist ein vielseitiges Produkt, das sich perfekt in nat\u00fcrliche Pflegeroutinen einf\u00fcgt. Es kann als revitalisierende Kur vor dem Shampoonieren, als Styling\u00f6l f\u00fcr ein glattes, gl\u00e4nzendes Finish oder als Nachtpflege f\u00fcr eine tiefenwirksame Feuchtigkeitsversorgung verwendet werden. Bio-Haarprofis in der Schweiz sch\u00e4tzen besonders die leichte Textur, die keine fettigen R\u00fcckst\u00e4nde hinterl\u00e4sst und somit das K\u00e4mmen und Entwirren erleichtert.<\/p>\n<p>Durch die Wahl des<strong>marokkanisches Argan\u00f6l<\/strong> von Natulique entscheiden Sie sich f\u00fcr ein Produkt, das die Umwelt und Ihre Gesundheit schont. Es ist biologisch zertifiziert und frei von Parabenen, Sulfaten und Silikonen, wodurch eine sichere und nat\u00fcrliche Anwendung gew\u00e4hrleistet wird. Dar\u00fcber hinaus stellt unser Engagement f\u00fcr nachhaltige und ethische Praktiken sicher, dass jede Flasche Argan\u00f6l auf verantwortungsvolle Weise hergestellt wird, die lokalen Gemeinschaften unterst\u00fctzt und das marokkanische \u00d6kosystem bewahrt.<\/p>\n<p>Die Vorteile von<strong>marokkanisches Argan\u00f6l<\/strong> von Natulique sind nicht auf das Haar beschr\u00e4nkt. Sie ist auch ideal f\u00fcr die Hautpflege, spendet intensive Feuchtigkeit und hilft, Irritationen zu lindern. Wenn sie auf den K\u00f6rper aufgetragen wird, f\u00fchlt sich die Haut samtweich an und f\u00fchlt sich nicht fettig an. Die Liebhaber nat\u00fcrlicher Pflege in der Schweiz sch\u00e4tzen seine Wirksamkeit und Vielseitigkeit und machen dieses \u00d6l zu einem unverzichtbaren Bestandteil ihrer Sch\u00f6nheitsroutine.<\/p>\n<p>F\u00fcr diejenigen, die sich makellose nat\u00fcrliche Frisuren w\u00fcnschen, ist der<strong>marokkanisches Argan\u00f6l<\/strong> von Natulique ist ein unverzichtbares Produkt. Ob Sie nun ein professioneller Bio-Haarstylist in der Schweiz oder eine Privatperson auf der Suche nach nat\u00fcrlicher Haarpflege sind, unser Argan\u00f6l wird all Ihre Erwartungen erf\u00fcllen. Bereichern Sie Ihre Haarroutine mit diesem Schatz der Natur und entdecken Sie den Unterschied, den eine hochwertige Pflege f\u00fcr Ihr Haar bedeuten kann.<\/p>\n<h2>Nehmen Sie die<strong>marokkanisches Argan\u00f6l<\/strong> von Natulique f\u00fcr nat\u00fcrliche und gesunde Frisuren.<\/h2>\n<p>Profitieren Sie von seinen au\u00dfergew\u00f6hnlichen Vorteilen und bringen Sie Ihr Haar mit nat\u00fcrlichen Pflegeprodukten, die auf Ihre Bed\u00fcrfnisse abgestimmt sind, wieder zum Leben. Bestellen Sie noch heute auf unserer Website und profitieren Sie von unserem Fachwissen \u00fcber Bio-Haarpflegeprodukte.<\/p>\n<p>Zusammenfassend l\u00e4sst sich sagen, dass die<strong>marokkanisches Argan\u00f6l<\/strong> von Natulique ist eine ideale L\u00f6sung f\u00fcr alle, die in ihrer Haarpflegeroutine Leistung und Umweltfreundlichkeit miteinander verbinden m\u00f6chten. Sein N\u00e4hrstoffreichtum und seine biologische Herkunft machen es zu einer erstklassigen Wahl f\u00fcr nat\u00fcrliche Stylings und Bio-Frisuren in der Schweiz. Vertrauen Sie Natulique, wenn es um hochwertige Produkte geht, die Ihr Haar und unseren Planeten pflegen.<\/p>\n<p><strong>Gebrauchsanweisung :<\/strong> Ins feuchte Haar geben und von der Kopfhaut bis zu den Spitzen einarbeiten. Ein paar Tropfen gen\u00fcgen, um Frizz einzud\u00e4mmen und Glanz zu verleihen.<\/p>\n<h3><strong>Inhaltsstoffe des marokkanischen Argan\u00f6lprodukts<\/strong><\/h3>\n<p>Cyclopentasiloxan, Dimethiconol, Argania Spinosa Kernel (Argan) Oil, Helianthus Annuus (Sunflower) Seed Oil, Tocopherol, Ethylhexyl Methoxycinnamate, Butyl Methoxydibenzoylmethane, Ethylhexyl Salicylate, Parfum, Beta-Carotene (CI 40800).<\/p>\n<p>Erfahren Sie mehr \u00fcber das marokkanische Argan\u00f6l von Natulique,<\/p>\n<p><a href=\"https:\/\/mccp-coiffure-bio.ch\/huile-dargan-marocaine\/\">https:\/\/mccp-coiffure-bio.ch\/huile-dargan-marocaine\/<\/a><\/p>\n<p><strong>Das NATULIQUE-Konzept<\/strong><\/p>\n<p>Sind Sie neugierig darauf, wie eine 100% NATULIQUE Lounge aussieht?<\/p>\n<p><a href=\"https:\/\/natulique.com\/fr\/concept-salon\/\">Erfahren Sie mehr \u00fcber die Vorteile und wie man ein Salonkonzept wird \u2192.<\/a><\/p>","protected":false},"excerpt":{"rendered":"<h2 style=\"text-align: left\">Entdecken Sie das marokkanische Argan\u00f6l von Natulique<\/h2>\n<p style=\"text-align: left\">Die Exzellenz f\u00fcr Ihr Haar und Ihre Kopfhaut. Dieses kostbare Argan\u00f6l wird aus 100% biologischen Inhaltsstoffen hergestellt und wurde speziell f\u00fcr die Bed\u00fcrfnisse von Bio-Coiffeur-Profis in der Schweiz und von gesundheits- und umweltbewussten Privatpersonen entwickelt. Angereichert mit Vitaminen und Antioxidantien bietet unser Argan\u00f6l eine au\u00dfergew\u00f6hnliche nat\u00fcrliche Pflege f\u00fcr ein perfektes nat\u00fcrliches Styling.<\/p>\n<p style=\"text-align: left\">Tauchen Sie ein in die Exzellenz der Haarsch\u00f6nheit mit <strong>MCCP BIO-FRISUR<\/strong> Ihr exklusiver Partner f\u00fcr die <strong>Produktvertrieb<\/strong> <strong>Natulisch<\/strong> in<strong> Schweiz<\/strong>. Als engagierte Spezialisten bieten wir Ihnen eine ganze Reihe von <strong>Haarprodukte<\/strong> von professioneller Qualit\u00e4t, die aus erstklassigen biologischen Inhaltsstoffen hergestellt werden. Vertrauen Sie auf unser Fachwissen, um Sie zu einem au\u00dfergew\u00f6hnlichen Haarerlebnis zu f\u00fchren, das Ihren anspruchsvollsten Erwartungen entspricht.<\/p>\n<ul style=\"text-align: left\">\n<li><strong>Bio-Zutaten<\/strong><\/li>\n<li><strong>Vegan<\/strong><\/li>\n<li><strong>Pro-Qualit\u00e4t<\/strong><\/li>\n<li><strong>Recycelbare Verpackung<\/strong><\/li>\n<\/ul>\n<p><img decoding=\"async\" class=\"wp-image-2406 aligncenter\" src=\"https:\/\/particulier.mccp-coiffure-bio.ch\/wp-content\/uploads\/2021\/01\/vegan-society-certification-300x242.png\" alt=\"\" width=\"214\" height=\"172\" srcset=\"https:\/\/particulier.mccp-coiffure-bio.ch\/wp-content\/uploads\/2021\/01\/vegan-society-certification-300x242.png 300w, https:\/\/particulier.mccp-coiffure-bio.ch\/wp-content\/uploads\/2021\/01\/vegan-society-certification.png 529w\" sizes=\"(max-width: 214px) 100vw, 214px\" \/><\/p>","protected":false},"featured_media":3084,"comment_status":"open","ping_status":"closed","template":"","meta":{"ocean_post_layout":"","ocean_both_sidebars_style":"","ocean_both_sidebars_content_width":0,"ocean_both_sidebars_sidebars_width":0,"ocean_sidebar":"0","ocean_second_sidebar":"0","ocean_disable_margins":"enable","ocean_add_body_class":"","ocean_shortcode_before_top_bar":"","ocean_shortcode_after_top_bar":"","ocean_shortcode_before_header":"","ocean_shortcode_after_header":"","ocean_has_shortcode":"","ocean_shortcode_after_title":"","ocean_shortcode_before_footer_widgets":"","ocean_shortcode_after_footer_widgets":"","ocean_shortcode_before_footer_bottom":"","ocean_shortcode_after_footer_bottom":"","ocean_display_top_bar":"default","ocean_display_header":"default","ocean_header_style":"","ocean_center_header_left_menu":"0","ocean_custom_header_template":"0","ocean_custom_logo":0,"ocean_custom_retina_logo":0,"ocean_custom_logo_max_width":0,"ocean_custom_logo_tablet_max_width":0,"ocean_custom_logo_mobile_max_width":0,"ocean_custom_logo_max_height":0,"ocean_custom_logo_tablet_max_height":0,"ocean_custom_logo_mobile_max_height":0,"ocean_header_custom_menu":"0","ocean_menu_typo_font_family":"0","ocean_menu_typo_font_subset":"","ocean_menu_typo_font_size":0,"ocean_menu_typo_font_size_tablet":0,"ocean_menu_typo_font_size_mobile":0,"ocean_menu_typo_font_size_unit":"px","ocean_menu_typo_font_weight":"","ocean_menu_typo_font_weight_tablet":"","ocean_menu_typo_font_weight_mobile":"","ocean_menu_typo_transform":"","ocean_menu_typo_transform_tablet":"","ocean_menu_typo_transform_mobile":"","ocean_menu_typo_line_height":0,"ocean_menu_typo_line_height_tablet":0,"ocean_menu_typo_line_height_mobile":0,"ocean_menu_typo_line_height_unit":"","ocean_menu_typo_spacing":0,"ocean_menu_typo_spacing_tablet":0,"ocean_menu_typo_spacing_mobile":0,"ocean_menu_typo_spacing_unit":"","ocean_menu_link_color":"","ocean_menu_link_color_hover":"","ocean_menu_link_color_active":"","ocean_menu_link_background":"","ocean_menu_link_hover_background":"","ocean_menu_link_active_background":"","ocean_menu_social_links_bg":"","ocean_menu_social_hover_links_bg":"","ocean_menu_social_links_color":"","ocean_menu_social_hover_links_color":"","ocean_disable_title":"default","ocean_disable_heading":"default","ocean_post_title":"","ocean_post_subheading":"","ocean_post_title_style":"","ocean_post_title_background_color":"","ocean_post_title_background":0,"ocean_post_title_bg_image_position":"","ocean_post_title_bg_image_attachment":"","ocean_post_title_bg_image_repeat":"","ocean_post_title_bg_image_size":"","ocean_post_title_height":0,"ocean_post_title_bg_overlay":0.5,"ocean_post_title_bg_overlay_color":"","ocean_disable_breadcrumbs":"default","ocean_breadcrumbs_color":"","ocean_breadcrumbs_separator_color":"","ocean_breadcrumbs_links_color":"","ocean_breadcrumbs_links_hover_color":"","ocean_display_footer_widgets":"default","ocean_display_footer_bottom":"default","ocean_custom_footer_template":"0"},"product_brand":[],"product_cat":[306,322],"product_tag":[],"class_list":{"0":"post-5762","1":"product","2":"type-product","3":"status-publish","4":"has-post-thumbnail","6":"product_cat-huile-dargan","7":"product_cat-soins-des-cheveux","9":"entry","10":"has-media","12":"first","13":"outofstock","14":"taxable","15":"shipping-taxable","16":"purchasable","17":"product-type-simple","18":"has-product-nav","19":"col","20":"span_1_of_5","21":"owp-content-center","22":"owp-thumbs-layout-horizontal","23":"owp-btn-normal","24":"owp-tabs-layout-horizontal"},"jetpack_sharing_enabled":true,"_links":{"self":[{"href":"https:\/\/particulier.mccp-coiffure-bio.ch\/de\/wp-json\/wp\/v2\/product\/5762","targetHints":{"allow":["GET"]}}],"collection":[{"href":"https:\/\/particulier.mccp-coiffure-bio.ch\/de\/wp-json\/wp\/v2\/product"}],"about":[{"href":"https:\/\/particulier.mccp-coiffure-bio.ch\/de\/wp-json\/wp\/v2\/types\/product"}],"replies":[{"embeddable":true,"href":"https:\/\/particulier.mccp-coiffure-bio.ch\/de\/wp-json\/wp\/v2\/comments?post=5762"}],"version-history":[{"count":1,"href":"https:\/\/particulier.mccp-coiffure-bio.ch\/de\/wp-json\/wp\/v2\/product\/5762\/revisions"}],"predecessor-version":[{"id":5924,"href":"https:\/\/particulier.mccp-coiffure-bio.ch\/de\/wp-json\/wp\/v2\/product\/5762\/revisions\/5924"}],"wp:featuredmedia":[{"embeddable":true,"href":"https:\/\/particulier.mccp-coiffure-bio.ch\/de\/wp-json\/wp\/v2\/media\/3084"}],"wp:attachment":[{"href":"https:\/\/particulier.mccp-coiffure-bio.ch\/de\/wp-json\/wp\/v2\/media?parent=5762"}],"wp:term":[{"taxonomy":"product_brand","embeddable":true,"href":"https:\/\/particulier.mccp-coiffure-bio.ch\/de\/wp-json\/wp\/v2\/product_brand?post=5762"},{"taxonomy":"product_cat","embeddable":true,"href":"https:\/\/particulier.mccp-coiffure-bio.ch\/de\/wp-json\/wp\/v2\/product_cat?post=5762"},{"taxonomy":"product_tag","embeddable":true,"href":"https:\/\/particulier.mccp-coiffure-bio.ch\/de\/wp-json\/wp\/v2\/product_tag?post=5762"}],"curies":[{"name":"wp","href":"https:\/\/api.w.org\/{rel}","templated":true}]}}