{"id":5485,"date":"2025-06-03T20:41:04","date_gmt":"2025-06-03T18:41:04","guid":{"rendered":"https:\/\/particulier.mccp-coiffure-bio.ch\/serum-apaisant-balance-50-ml\/"},"modified":"2025-12-30T12:36:14","modified_gmt":"2025-12-30T11:36:14","slug":"serum-apaisant-balance-50-ml","status":"publish","type":"product","link":"https:\/\/particulier.mccp-coiffure-bio.ch\/de\/produkt\/serum-apaisant-balance-50-ml\/","title":{"rendered":"BERUHIGENDES SERUM BALANCE 50 ML"},"content":{"rendered":"<h1>BERUHIGENDES SERUM BALANCE<\/h1>\n<h2>AUSGLEICHENDES SERUM F\u00dcR DIE KOPFHAUT<\/h2>\n<p>Ein beruhigendes, feuchtigkeitsspendendes Serum f\u00fcr gereizte und zu Juckreiz neigende Kopfhaut.<br \/>\nReduziert R\u00f6tungen und Irritationen und reguliert die Talgproduktion, um das Gleichgewicht wiederherzustellen. Peelt sanft die oberste Schicht abgestorbener Hautzellen und trockener Hautschuppen auf der Kopfhaut und regt die Zellerneuerung an. Bringt das Mikrobiom der Kopfhaut ins Gleichgewicht, das f\u00fcr die Gesundheit Ihrer Kopfhaut und Ihres Haars von entscheidender Bedeutung ist.<\/p>\n<h3>PROFESSIONELLE KOPFHAUTPFLEGE<\/h3>\n<p>Wurde entwickelt, um Irritationen zu lindern, Juckreiz zu lindern und das Gleichgewicht reaktiver und unausgeglichener Kopfhaut wiederherzustellen - f\u00fcr ges\u00fcnderes und sch\u00f6neres Haar.<br \/>\nDieses beruhigende Serum von Balance wurde mit einer einzigartigen Mischung aus wissenschaftlich fortschrittlichen Wirkstoffen formuliert und vereint Feuchtigkeitsversorgung, Peeling und Unterst\u00fctzung des Mikrobioms in einem einzigen Schritt. Schon bei der ersten Anwendung werden die Kunden eine beruhigende Verringerung der Beschwerden sp\u00fcren, dank der Formel, die R\u00f6tungen sichtbar reduziert, die Talgproduktion reguliert und Entz\u00fcndungen lindert.<\/p>\n<p>Ideal f\u00fcr fettige, irritierte oder zu Schuppen neigende Kopfhaut. Entfernt sanft abgestorbene Hautzellen und Unreinheiten und enth\u00fcllt eine glattere und angenehmere Kopfhaut.<\/p>\n<p><strong>Beruhigt und tr\u00f6stet empfindliche Kopfhaut\u00a0<\/strong>: Fortschrittliche beruhigende Wirkstoffe helfen, Juckreiz, R\u00f6tungen und Irritationen zu lindern. Ideal f\u00fcr gereizte oder reaktive Kopfhaut, die sofortiges Wohlbefinden ben\u00f6tigt.<\/p>\n<p><strong>Stellt das Gleichgewicht der Kopfhaut wieder her\u00a0<\/strong>: Die Prebiotika-Technologie f\u00f6rdert ein gesundes Mikrobiom, w\u00e4hrend Niacinamid \u00fcbersch\u00fcssiges Sebum reguliert, die Kopfhaut wieder ins Gleichgewicht bringt und die Schuppenbildung reduziert.<\/p>\n<p><strong>Erneuert und verfeinert sanft\u00a0<\/strong>: Das ultra-sanfte Peeling entfernt abgestorbene Hautzellen und trockene Schuppen und f\u00f6rdert die Zellerneuerung, ohne die nat\u00fcrliche Barriere der Kopfhaut zu st\u00f6ren.<\/p>\n<p><strong>Spendet Feuchtigkeit und sch\u00fctzt\u00a0<\/strong>: Spendet tiefe, langanhaltende Feuchtigkeit und st\u00e4rkt gleichzeitig die Feuchtigkeitsbarriere der Kopfhaut, wodurch Austrocknung vorgebeugt und die ideale Grundlage f\u00fcr gesundes Haarwachstum geschaffen wird.<\/p>\n<p><strong>Niacinamid\u00a0<\/strong>: Reduziert R\u00f6tungen und Entz\u00fcndungen, behandelt Ekzeme, Akne und andere entz\u00fcndliche Hauterkrankungen. Verbessert die Durchblutung und reguliert die Talgproduktion.<br \/>\n<strong>Prebiotika<\/strong>\u00a0: Bringt das Mikrobiom der Kopfhaut ins Gleichgewicht und hemmt die Vermehrung sch\u00e4dlicher Bakterien und Pilze.<br \/>\n<strong>Koffein\u00a0<\/strong>: Stimuliert das Haarwachstum durch Anregung der Haarwurzeln.<br \/>\n<strong>PHA<\/strong>\u00a0: Peeling-S\u00e4ure, die abgestorbene Hautzellen und \u00fcbersch\u00fcssigen Talg von der Kopfhaut entfernt, die Haarfollikel entschlackt und die allgemeine Gesundheit der Kopfhaut verbessert.<br \/>\n<strong>Hyalurons\u00e4ure\u00a0<\/strong>: Versorgt die Kopfhaut mit Feuchtigkeit und regeneriert sie tiefgehend. Zieht Feuchtigkeit an und bindet sie, wodurch Trockenheit und Schuppenbildung vorgebeugt wird.<\/p>\n<div class=\"fusion-layout-column fusion_builder_column fusion-builder-column-10 fusion_builder_column_1_2 1_2 fusion-flex-column\">\n<div class=\"fusion-column-wrapper fusion-flex-justify-content-flex-start fusion-content-layout-column\">\n<div class=\"accordian fusion-accordian\">\n<div id=\"accordion-7102-1\" class=\"panel-group fusion-toggle-icon-unboxed\">\n<div class=\"fusion-panel panel-default panel-f4445434df6efeceb fusion-toggle-no-divider\">\n<div id=\"f4445434df6efeceb\" class=\"panel-collapse collapse in\" aria-labelledby=\"toggle_f4445434df6efeceb\">\n<div class=\"panel-body toggle-content fusion-clearfix\">\n<p>INGREDIENTE: Aqua, Niacinamide, Glycerin, Lactococcus Ferment Lysate, Xanthan Gum, Gluconolacton, Citric Acid, Caffeine, Sodium Benzoate, Sodium Hyaluronate, Potassium Sorbate, Sodium Gluconate, Calcium Gluconate<\/p>\n<\/div>\n<\/div>\n<\/div>\n<\/div>\n<\/div>\n<div class=\"fusion-separator fusion-full-width-sep\"><\/div>\n<\/div>\n<\/div>\n<div class=\"fusion-layout-column fusion_builder_column fusion-builder-column-11 fusion_builder_column_1_2 1_2 fusion-flex-column\">\n<div class=\"fusion-column-wrapper fusion-flex-justify-content-flex-start fusion-content-layout-column\">\n<div class=\"fusion-title title fusion-title-2 fusion-sep-none fusion-title-text fusion-title-size-two\"><a href=\"https:\/\/www.natulique.com\/certified-organic-hair-care\/balance-serum\/\">https:\/\/www.natulique.com\/certified-organic-hair-care\/balance-serum\/<\/a><\/div>\n<\/div>\n<\/div>","protected":false},"excerpt":{"rendered":"<h1>BERUHIGENDES SERUM BALANCE<\/h1>\n<h2>AUSGLEICHENDES SERUM F\u00dcR DIE KOPFHAUT<\/h2>\n<p>Ein beruhigendes, feuchtigkeitsspendendes Serum f\u00fcr gereizte und zu Juckreiz neigende Kopfhaut.<br \/>\nReduziert R\u00f6tungen und Irritationen und reguliert die Talgproduktion, um das Gleichgewicht wiederherzustellen. Peelt sanft die oberste Schicht abgestorbener Hautzellen und trockener Hautschuppen auf der Kopfhaut und regt die Zellerneuerung an. Bringt das Mikrobiom der Kopfhaut ins Gleichgewicht, das f\u00fcr die Gesundheit Ihrer Kopfhaut und Ihres Haars von entscheidender Bedeutung ist.<\/p>\n<h3><\/h3>","protected":false},"featured_media":5483,"comment_status":"open","ping_status":"closed","template":"","meta":{"ocean_post_layout":"","ocean_both_sidebars_style":"","ocean_both_sidebars_content_width":0,"ocean_both_sidebars_sidebars_width":0,"ocean_sidebar":"0","ocean_second_sidebar":"0","ocean_disable_margins":"enable","ocean_add_body_class":"","ocean_shortcode_before_top_bar":"","ocean_shortcode_after_top_bar":"","ocean_shortcode_before_header":"","ocean_shortcode_after_header":"","ocean_has_shortcode":"","ocean_shortcode_after_title":"","ocean_shortcode_before_footer_widgets":"","ocean_shortcode_after_footer_widgets":"","ocean_shortcode_before_footer_bottom":"","ocean_shortcode_after_footer_bottom":"","ocean_display_top_bar":"default","ocean_display_header":"default","ocean_header_style":"","ocean_center_header_left_menu":"0","ocean_custom_header_template":"0","ocean_custom_logo":0,"ocean_custom_retina_logo":0,"ocean_custom_logo_max_width":0,"ocean_custom_logo_tablet_max_width":0,"ocean_custom_logo_mobile_max_width":0,"ocean_custom_logo_max_height":0,"ocean_custom_logo_tablet_max_height":0,"ocean_custom_logo_mobile_max_height":0,"ocean_header_custom_menu":"0","ocean_menu_typo_font_family":"0","ocean_menu_typo_font_subset":"","ocean_menu_typo_font_size":0,"ocean_menu_typo_font_size_tablet":0,"ocean_menu_typo_font_size_mobile":0,"ocean_menu_typo_font_size_unit":"px","ocean_menu_typo_font_weight":"","ocean_menu_typo_font_weight_tablet":"","ocean_menu_typo_font_weight_mobile":"","ocean_menu_typo_transform":"","ocean_menu_typo_transform_tablet":"","ocean_menu_typo_transform_mobile":"","ocean_menu_typo_line_height":0,"ocean_menu_typo_line_height_tablet":0,"ocean_menu_typo_line_height_mobile":0,"ocean_menu_typo_line_height_unit":"","ocean_menu_typo_spacing":0,"ocean_menu_typo_spacing_tablet":0,"ocean_menu_typo_spacing_mobile":0,"ocean_menu_typo_spacing_unit":"","ocean_menu_link_color":"","ocean_menu_link_color_hover":"","ocean_menu_link_color_active":"","ocean_menu_link_background":"","ocean_menu_link_hover_background":"","ocean_menu_link_active_background":"","ocean_menu_social_links_bg":"","ocean_menu_social_hover_links_bg":"","ocean_menu_social_links_color":"","ocean_menu_social_hover_links_color":"","ocean_disable_title":"default","ocean_disable_heading":"default","ocean_post_title":"","ocean_post_subheading":"","ocean_post_title_style":"","ocean_post_title_background_color":"","ocean_post_title_background":0,"ocean_post_title_bg_image_position":"","ocean_post_title_bg_image_attachment":"","ocean_post_title_bg_image_repeat":"","ocean_post_title_bg_image_size":"","ocean_post_title_height":0,"ocean_post_title_bg_overlay":0.5,"ocean_post_title_bg_overlay_color":"","ocean_disable_breadcrumbs":"default","ocean_breadcrumbs_color":"","ocean_breadcrumbs_separator_color":"","ocean_breadcrumbs_links_color":"","ocean_breadcrumbs_links_hover_color":"","ocean_display_footer_widgets":"default","ocean_display_footer_bottom":"default","ocean_custom_footer_template":"0"},"product_brand":[],"product_cat":[322],"product_tag":[],"class_list":{"0":"post-5485","1":"product","2":"type-product","3":"status-publish","4":"has-post-thumbnail","6":"product_cat-soins-des-cheveux","8":"entry","9":"has-media","11":"first","12":"instock","13":"taxable","14":"shipping-taxable","15":"purchasable","16":"product-type-simple","17":"has-product-nav","18":"col","19":"span_1_of_5","20":"owp-content-center","21":"owp-thumbs-layout-horizontal","22":"owp-btn-normal","23":"owp-tabs-layout-horizontal"},"jetpack_sharing_enabled":true,"_links":{"self":[{"href":"https:\/\/particulier.mccp-coiffure-bio.ch\/de\/wp-json\/wp\/v2\/product\/5485","targetHints":{"allow":["GET"]}}],"collection":[{"href":"https:\/\/particulier.mccp-coiffure-bio.ch\/de\/wp-json\/wp\/v2\/product"}],"about":[{"href":"https:\/\/particulier.mccp-coiffure-bio.ch\/de\/wp-json\/wp\/v2\/types\/product"}],"replies":[{"embeddable":true,"href":"https:\/\/particulier.mccp-coiffure-bio.ch\/de\/wp-json\/wp\/v2\/comments?post=5485"}],"version-history":[{"count":0,"href":"https:\/\/particulier.mccp-coiffure-bio.ch\/de\/wp-json\/wp\/v2\/product\/5485\/revisions"}],"wp:featuredmedia":[{"embeddable":true,"href":"https:\/\/particulier.mccp-coiffure-bio.ch\/de\/wp-json\/wp\/v2\/media\/5483"}],"wp:attachment":[{"href":"https:\/\/particulier.mccp-coiffure-bio.ch\/de\/wp-json\/wp\/v2\/media?parent=5485"}],"wp:term":[{"taxonomy":"product_brand","embeddable":true,"href":"https:\/\/particulier.mccp-coiffure-bio.ch\/de\/wp-json\/wp\/v2\/product_brand?post=5485"},{"taxonomy":"product_cat","embeddable":true,"href":"https:\/\/particulier.mccp-coiffure-bio.ch\/de\/wp-json\/wp\/v2\/product_cat?post=5485"},{"taxonomy":"product_tag","embeddable":true,"href":"https:\/\/particulier.mccp-coiffure-bio.ch\/de\/wp-json\/wp\/v2\/product_tag?post=5485"}],"curies":[{"name":"wp","href":"https:\/\/api.w.org\/{rel}","templated":true}]}}