{"id":5473,"date":"2025-06-03T20:01:16","date_gmt":"2025-06-03T18:01:16","guid":{"rendered":"https:\/\/particulier.mccp-coiffure-bio.ch\/apres-shampoing-apaisant-balance-250-ml-1l\/"},"modified":"2026-01-13T08:53:57","modified_gmt":"2026-01-13T07:53:57","slug":"apres-shampoing-apaisant-balance-250-ml-1l","status":"publish","type":"product","link":"https:\/\/particulier.mccp-coiffure-bio.ch\/de\/produkt\/apres-shampoing-apaisant-balance-250-ml-1l\/","title":{"rendered":"Balance Beruhigender Conditioner 250 ML-1L"},"content":{"rendered":"<h1>BALANCE BERUHIGENDE SP\u00dcLUNG<\/h1>\n<h2>AUSGLEICHENDE SP\u00dcLUNG<\/h2>\n<p>Beruhigende Pflegesp\u00fclung Balance Natulique wurde entwickelt, um trockene und gereizte Kopfhaut tiefgreifend mit Feuchtigkeit zu versorgen.<br \/>\nEs lindert die Entz\u00fcndung der Kopfhaut und der Haarfollikel, um die Symptome von Schuppen zu verbessern und die Gesundheit der Kopfhaut zu f\u00f6rdern. Probiotika balancieren das Mikrobiom der Kopfhaut aus, w\u00e4hrend Koffein das Haarwachstum durch Stimulierung der Haarwurzeln anregt. Gleichzeitig wird die statische Aufladung reduziert und das Haar wird weich, gl\u00e4nzend und leicht k\u00e4mmbar.<\/p>\n<h3>FEUCHTIGKEITSSPENDEND UND TIEFGREIFEND LINDERND F\u00dcR TROCKENE UND GEREIZTE KOPFHAUT<\/h3>\n<p>Eine beruhigende, n\u00e4hrstoffreiche Pflege, die entwickelt wurde, um das Wohlbefinden und die Feuchtigkeitsversorgung trockener, empfindlicher und gereizter Kopfhaut wiederherzustellen.<br \/>\nDieser milde Conditioner bietet essentielle Pflege mit Probiotika, die das Gleichgewicht des Mikrobioms der Kopfhaut f\u00f6rdern, und Koffein, das die Haarwurzeln dynamisiert und stimuliert und so im Laufe der Zeit ein ges\u00fcnderes Wachstum f\u00f6rdert. Die leichte, aber intensiv feuchtigkeitsspendende Formel reduziert die statische Aufladung und sorgt f\u00fcr weiches, gl\u00e4nzendes und leicht k\u00e4mmbares Haar.<\/p>\n<p>Angereichert mit botanischen Extrakten und bioaktiven Inhaltsstoffen lindert es Entz\u00fcndungen, n\u00e4hrt die Kopfhaut und f\u00f6rdert die Gesundheit des Haares von der Wurzel bis zur Spitze.<\/p>\n<p>Dieser Conditioner mit Lysat aus Lactococcus-Fermenten, einem wirksamen Pr\u00e4biotikum, unterst\u00fctzt das Mikrobiom der Kopfhaut, hilft, Irritationen zu reduzieren und die Widerstandsf\u00e4higkeit zu verbessern. In Kombination mit Koffein, das nachweislich die Mikrozirkulation und die Haarwurzeln stimuliert, sorgt der \u00c9quilibre Conditioner f\u00fcr gezielte Linderung und langanhaltende Kopfhautgesundheit, ohne die Geschmeidigkeit oder den Glanz zu beeintr\u00e4chtigen.<\/p>\n<p><strong>MIT HINZUGEF\u00dcGTEN ZERTIFIZIERTEN BIOLOGISCHEN ZUTATEN<\/strong><br \/>\n<strong>Thymian<\/strong>: Reduziert Irritationen und R\u00f6tungen der Kopfhaut<br \/>\n<strong>Brennnessel:<\/strong> Reich an Vitaminen, Mineralien, Flavonoiden, Aminos\u00e4uren und Gerbstoffen, die f\u00fcr die allgemeine Gesundheit von Haut und Haaren f\u00f6rderlich sind.<br \/>\n<strong>Acai:<\/strong> Versorgt die Kopfhaut mit Antioxidantien und Vitaminen, die sie beruhigen und n\u00e4hren.<br \/>\n<strong>Olive:<\/strong> Bietet starke antimikrobielle und antimykotische Eigenschaften. Beruhigt die Kopfhaut und bek\u00e4mpft Schuppen.<br \/>\n<strong>Hafer<\/strong>: Macht die Haut durch nat\u00fcrliche Lipide geschmeidig und spendet Feuchtigkeit, w\u00e4hrend Glanz, St\u00e4rke und Textur erh\u00f6ht werden.<br \/>\n<strong>Aloe vera:<\/strong> Beruhigt und lindert Irritationen und hat heilende Eigenschaften.<br \/>\n<strong>Aprikose:<\/strong> Macht den Haarschaft weich, beruhigt die Kopfhaut und spendet Feuchtigkeit. Entz\u00fcndungshemmende und antimikrobielle Eigenschaften.<\/p>\n<p>INGRESSEN: Wasser, Blattsaft aus Aloe Barbadensis*, Cetearylalkohol, Glycerin, Capryl-\/Caprins\u00e4uretriglycerid, Behenoyl-PG-Trimoniumchlorid, Polyglyceryl-6-distearat, Aroma, Lactococcus-Ferment-Lysat, Koffein, \u00e4therisches \u00d6l aus Bl\u00fcten\/Bl\u00e4ttern von Thymus Vulgaris*, Kernextrakt aus Avena Sativa*, Blattextrakt aus Urtica Dioica*, Fruchtextrakt aus Euterpe Oleracea*, Panthenol, Blattextrakt aus Olea Europaea*, \u00e4therisches \u00d6l aus dem Kern von Prunus Armeniaca*, Propandiol, Natriumbenzoat, Hexylenglykol, Zitronens\u00e4ure, Kaliumsorbat, Natriumgluconat, Sorbins\u00e4ure.<br \/>\n*<\/p>\n<p><a href=\"https:\/\/www.natulique.com\/certified-organic-hair-care\/balance-conditioner\/\">https:\/\/www.natulique.com\/certified-organic-hair-care\/balance-conditioner\/<\/a><\/p>","protected":false},"excerpt":{"rendered":"<h2>BALANCE BERUHIGENDE SP\u00dcLUNG<\/h2>\n<p>Beruhigende Pflegesp\u00fclung Balance Natulique wurde entwickelt, um trockene und gereizte Kopfhaut tiefgreifend mit Feuchtigkeit zu versorgen.<br \/>\nEs lindert die Entz\u00fcndung der Kopfhaut und der Haarfollikel, um die Symptome von Schuppen zu verbessern und die Gesundheit der Kopfhaut zu f\u00f6rdern. Probiotika balancieren das Mikrobiom der Kopfhaut aus, w\u00e4hrend Koffein das Haarwachstum durch Stimulierung der Haarwurzeln anregt. Gleichzeitig wird die statische Aufladung reduziert und das Haar wird weich, gl\u00e4nzend und leicht k\u00e4mmbar.<\/p>\n<h3><\/h3>","protected":false},"featured_media":5471,"comment_status":"open","ping_status":"closed","template":"","meta":{"ocean_post_layout":"","ocean_both_sidebars_style":"","ocean_both_sidebars_content_width":0,"ocean_both_sidebars_sidebars_width":0,"ocean_sidebar":"0","ocean_second_sidebar":"0","ocean_disable_margins":"enable","ocean_add_body_class":"","ocean_shortcode_before_top_bar":"","ocean_shortcode_after_top_bar":"","ocean_shortcode_before_header":"","ocean_shortcode_after_header":"","ocean_has_shortcode":"","ocean_shortcode_after_title":"","ocean_shortcode_before_footer_widgets":"","ocean_shortcode_after_footer_widgets":"","ocean_shortcode_before_footer_bottom":"","ocean_shortcode_after_footer_bottom":"","ocean_display_top_bar":"default","ocean_display_header":"default","ocean_header_style":"","ocean_center_header_left_menu":"0","ocean_custom_header_template":"0","ocean_custom_logo":0,"ocean_custom_retina_logo":0,"ocean_custom_logo_max_width":0,"ocean_custom_logo_tablet_max_width":0,"ocean_custom_logo_mobile_max_width":0,"ocean_custom_logo_max_height":0,"ocean_custom_logo_tablet_max_height":0,"ocean_custom_logo_mobile_max_height":0,"ocean_header_custom_menu":"0","ocean_menu_typo_font_family":"0","ocean_menu_typo_font_subset":"","ocean_menu_typo_font_size":0,"ocean_menu_typo_font_size_tablet":0,"ocean_menu_typo_font_size_mobile":0,"ocean_menu_typo_font_size_unit":"px","ocean_menu_typo_font_weight":"","ocean_menu_typo_font_weight_tablet":"","ocean_menu_typo_font_weight_mobile":"","ocean_menu_typo_transform":"","ocean_menu_typo_transform_tablet":"","ocean_menu_typo_transform_mobile":"","ocean_menu_typo_line_height":0,"ocean_menu_typo_line_height_tablet":0,"ocean_menu_typo_line_height_mobile":0,"ocean_menu_typo_line_height_unit":"","ocean_menu_typo_spacing":0,"ocean_menu_typo_spacing_tablet":0,"ocean_menu_typo_spacing_mobile":0,"ocean_menu_typo_spacing_unit":"","ocean_menu_link_color":"","ocean_menu_link_color_hover":"","ocean_menu_link_color_active":"","ocean_menu_link_background":"","ocean_menu_link_hover_background":"","ocean_menu_link_active_background":"","ocean_menu_social_links_bg":"","ocean_menu_social_hover_links_bg":"","ocean_menu_social_links_color":"","ocean_menu_social_hover_links_color":"","ocean_disable_title":"default","ocean_disable_heading":"default","ocean_post_title":"","ocean_post_subheading":"","ocean_post_title_style":"","ocean_post_title_background_color":"","ocean_post_title_background":0,"ocean_post_title_bg_image_position":"","ocean_post_title_bg_image_attachment":"","ocean_post_title_bg_image_repeat":"","ocean_post_title_bg_image_size":"","ocean_post_title_height":0,"ocean_post_title_bg_overlay":0.5,"ocean_post_title_bg_overlay_color":"","ocean_disable_breadcrumbs":"default","ocean_breadcrumbs_color":"","ocean_breadcrumbs_separator_color":"","ocean_breadcrumbs_links_color":"","ocean_breadcrumbs_links_hover_color":"","ocean_display_footer_widgets":"default","ocean_display_footer_bottom":"default","ocean_custom_footer_template":"0"},"product_brand":[],"product_cat":[322],"product_tag":[],"class_list":{"0":"post-5473","1":"product","2":"type-product","3":"status-publish","4":"has-post-thumbnail","6":"product_cat-soins-des-cheveux","8":"entry","9":"has-media","11":"first","12":"instock","13":"taxable","14":"shipping-taxable","15":"purchasable","16":"product-type-variable","17":"has-product-nav","18":"col","19":"span_1_of_5","20":"owp-content-center","21":"owp-thumbs-layout-horizontal","22":"owp-btn-normal","23":"owp-tabs-layout-horizontal"},"jetpack_sharing_enabled":true,"_links":{"self":[{"href":"https:\/\/particulier.mccp-coiffure-bio.ch\/de\/wp-json\/wp\/v2\/product\/5473","targetHints":{"allow":["GET"]}}],"collection":[{"href":"https:\/\/particulier.mccp-coiffure-bio.ch\/de\/wp-json\/wp\/v2\/product"}],"about":[{"href":"https:\/\/particulier.mccp-coiffure-bio.ch\/de\/wp-json\/wp\/v2\/types\/product"}],"replies":[{"embeddable":true,"href":"https:\/\/particulier.mccp-coiffure-bio.ch\/de\/wp-json\/wp\/v2\/comments?post=5473"}],"version-history":[{"count":0,"href":"https:\/\/particulier.mccp-coiffure-bio.ch\/de\/wp-json\/wp\/v2\/product\/5473\/revisions"}],"wp:featuredmedia":[{"embeddable":true,"href":"https:\/\/particulier.mccp-coiffure-bio.ch\/de\/wp-json\/wp\/v2\/media\/5471"}],"wp:attachment":[{"href":"https:\/\/particulier.mccp-coiffure-bio.ch\/de\/wp-json\/wp\/v2\/media?parent=5473"}],"wp:term":[{"taxonomy":"product_brand","embeddable":true,"href":"https:\/\/particulier.mccp-coiffure-bio.ch\/de\/wp-json\/wp\/v2\/product_brand?post=5473"},{"taxonomy":"product_cat","embeddable":true,"href":"https:\/\/particulier.mccp-coiffure-bio.ch\/de\/wp-json\/wp\/v2\/product_cat?post=5473"},{"taxonomy":"product_tag","embeddable":true,"href":"https:\/\/particulier.mccp-coiffure-bio.ch\/de\/wp-json\/wp\/v2\/product_tag?post=5473"}],"curies":[{"name":"wp","href":"https:\/\/api.w.org\/{rel}","templated":true}]}}