{"id":5403,"date":"2025-06-03T14:23:22","date_gmt":"2025-06-03T12:23:22","guid":{"rendered":"https:\/\/particulier.mccp-coiffure-bio.ch\/shampoing-balance-250-ml\/"},"modified":"2026-01-13T08:53:59","modified_gmt":"2026-01-13T07:53:59","slug":"shampoing-apaisant-balance-250-ml","status":"publish","type":"product","link":"https:\/\/particulier.mccp-coiffure-bio.ch\/de\/produkt\/shampoing-apaisant-balance-250-ml\/","title":{"rendered":"Balance Beruhigendes Shampoo 250 ML"},"content":{"rendered":"<h2>BALANCE BERUHIGENDES SHAMPOO<\/h2>\n<h4>AUSGLEICHENDE W\u00c4SCHE<br \/>\nReinigt sanft und bringt empfindliche Kopfhaut wieder ins Gleichgewicht.<br \/>\nIdeal f\u00fcr Menschen, die unter Trockenheit, Empfindlichkeit oder Unausgeglichenheit leiden, hilft das NATULIQUE Balance Beruhigendes Shampoo Ausgleichend, den Komfort und das Wohlbefinden von Kopfhaut und Haar wiederherzustellen.<\/h4>\n<p>BERUHIGT. HYDRATE. REQUILIBRIEREN.<\/p>\n<p>Diese sanfte, kopfhautfreundliche Formel spendet wichtige Feuchtigkeit und Pflege, um Trockenheit, Juckreiz und Schuppen zu lindern, ideal f\u00fcr empfindliche Haut.<br \/>\nDas NATULIQUE Balance Beruhigendes Shampoo wurde entwickelt, um empfindliches Haar und empfindliche Kopfhaut sanft zu reinigen. Eine Mischung aus Antioxidantien und Vitaminen beruhigt und pflegt, w\u00e4hrend starke Feuchthaltemittel den Feuchtigkeitsgehalt der Haut verbessern. Es reduziert Irritationen und R\u00f6tungen der Kopfhaut und sorgt so f\u00fcr eine beruhigte, gesunde und wieder ins Gleichgewicht gebrachte Kopfhaut.<\/p>\n<p>Das mit Saccharid-Isomerat und Meersalz angereicherte NATULIQUE Balance Beruhigendes Shampoo spendet tiefenwirksam Feuchtigkeit, w\u00e4hrend es Irritationen lindert und die Schuppenbildung reduziert. Diese fortschrittlichen Inhaltsstoffe nat\u00fcrlichen Ursprungs wirken zusammen, um den Talghaushalt zu regulieren, die Hautbarriere zu st\u00e4rken und Kopfhaut und Haar ausgeglichen, frisch und gesund aussehen zu lassen.<\/p>\n<h6>MIT ZERTIFIZIERTEN BIOLOGISCHEN ZUTATEN<\/h6>\n<p><strong>Thymian:<\/strong> Reduziert Irritationen und R\u00f6tungen der Kopfhaut.<br \/>\n<strong>Acai:<\/strong> Versorgt die Kopfhaut mit Antioxidantien und Vitaminen, die sie beruhigen und n\u00e4hren.<br \/>\n<strong>Olive:<\/strong> Bietet starke antimikrobielle und antimykotische Eigenschaften. Beruhigt die Kopfhaut und bek\u00e4mpft Schuppen.<br \/>\nHafer<\/p>\n<p>Macht die Haut durch nat\u00fcrliche Lipide geschmeidig und spendet Feuchtigkeit, w\u00e4hrend Glanz, St\u00e4rke und Textur erh\u00f6ht werden.<br \/>\nVollst\u00e4ndige Liste der Zutaten<br \/>\nZUTATEN: Wasser, Aloe Barbadensis Blattsaft*, Natriumkokossulfat, Kokosglucoside, Glycerin, Cocamidopropylbetain, Zitronens\u00e4ure, Saccharidisomerat, \u00e4therisches \u00d6l aus Thymus vulgaris Bl\u00fcten\/Bl\u00e4ttern*, Avena Sativa Kernextrakt*, Euterpe Oleracea Fruchtextrakt*, Blatt-Extrakt aus Olea Europaea*, Meersalz, Guarhydroxypropyltrimoniumchlorid, Propandiol, Natriumbenzoat, Natriumchlorid, Natriumsulfat, Kaliumsorbat, Natriumgluconat, Natriumhydroxid, Natriumcitrat, Sorbins\u00e4ure, Aroma<br \/>\n*) Zutaten aus zertifizierter biologischer Landwirtschaft<\/p>\n<p><a href=\"https:\/\/www.natulique.com\/certified-organic-hair-care\/balance-hairwash\/#information\">https:\/\/www.natulique.com\/certified-organic-hair-care\/balance-hairwash\/#information<\/a><\/p>","protected":false},"excerpt":{"rendered":"<h2>BALANCE BERUHIGENDES SHAMPOO<\/h2>\n<h4>AUSGLEICHENDE W\u00c4SCHE<br \/>\nReinigt sanft und bringt empfindliche Kopfhaut wieder ins Gleichgewicht.<br \/>\nIdeal f\u00fcr Menschen, die unter Trockenheit, Empfindlichkeit oder Unausgeglichenheit leiden, hilft das NATULIQUE Balance Beruhigendes Shampoo Ausgleichend, den Komfort und das Wohlbefinden von Kopfhaut und Haar wiederherzustellen.<\/h4>","protected":false},"featured_media":5798,"comment_status":"open","ping_status":"closed","template":"","meta":{"ocean_post_layout":"","ocean_both_sidebars_style":"","ocean_both_sidebars_content_width":0,"ocean_both_sidebars_sidebars_width":0,"ocean_sidebar":"0","ocean_second_sidebar":"0","ocean_disable_margins":"enable","ocean_add_body_class":"","ocean_shortcode_before_top_bar":"","ocean_shortcode_after_top_bar":"","ocean_shortcode_before_header":"","ocean_shortcode_after_header":"","ocean_has_shortcode":"","ocean_shortcode_after_title":"","ocean_shortcode_before_footer_widgets":"","ocean_shortcode_after_footer_widgets":"","ocean_shortcode_before_footer_bottom":"","ocean_shortcode_after_footer_bottom":"","ocean_display_top_bar":"default","ocean_display_header":"default","ocean_header_style":"","ocean_center_header_left_menu":"0","ocean_custom_header_template":"0","ocean_custom_logo":0,"ocean_custom_retina_logo":0,"ocean_custom_logo_max_width":0,"ocean_custom_logo_tablet_max_width":0,"ocean_custom_logo_mobile_max_width":0,"ocean_custom_logo_max_height":0,"ocean_custom_logo_tablet_max_height":0,"ocean_custom_logo_mobile_max_height":0,"ocean_header_custom_menu":"0","ocean_menu_typo_font_family":"0","ocean_menu_typo_font_subset":"","ocean_menu_typo_font_size":0,"ocean_menu_typo_font_size_tablet":0,"ocean_menu_typo_font_size_mobile":0,"ocean_menu_typo_font_size_unit":"px","ocean_menu_typo_font_weight":"","ocean_menu_typo_font_weight_tablet":"","ocean_menu_typo_font_weight_mobile":"","ocean_menu_typo_transform":"","ocean_menu_typo_transform_tablet":"","ocean_menu_typo_transform_mobile":"","ocean_menu_typo_line_height":0,"ocean_menu_typo_line_height_tablet":0,"ocean_menu_typo_line_height_mobile":0,"ocean_menu_typo_line_height_unit":"","ocean_menu_typo_spacing":0,"ocean_menu_typo_spacing_tablet":0,"ocean_menu_typo_spacing_mobile":0,"ocean_menu_typo_spacing_unit":"","ocean_menu_link_color":"","ocean_menu_link_color_hover":"","ocean_menu_link_color_active":"","ocean_menu_link_background":"","ocean_menu_link_hover_background":"","ocean_menu_link_active_background":"","ocean_menu_social_links_bg":"","ocean_menu_social_hover_links_bg":"","ocean_menu_social_links_color":"","ocean_menu_social_hover_links_color":"","ocean_disable_title":"default","ocean_disable_heading":"default","ocean_post_title":"","ocean_post_subheading":"","ocean_post_title_style":"","ocean_post_title_background_color":"","ocean_post_title_background":0,"ocean_post_title_bg_image_position":"","ocean_post_title_bg_image_attachment":"","ocean_post_title_bg_image_repeat":"","ocean_post_title_bg_image_size":"","ocean_post_title_height":0,"ocean_post_title_bg_overlay":0.5,"ocean_post_title_bg_overlay_color":"","ocean_disable_breadcrumbs":"default","ocean_breadcrumbs_color":"","ocean_breadcrumbs_separator_color":"","ocean_breadcrumbs_links_color":"","ocean_breadcrumbs_links_hover_color":"","ocean_display_footer_widgets":"default","ocean_display_footer_bottom":"default","ocean_custom_footer_template":"0"},"product_brand":[],"product_cat":[324],"product_tag":[],"class_list":{"0":"post-5403","1":"product","2":"type-product","3":"status-publish","4":"has-post-thumbnail","6":"product_cat-shampoings-naturels","8":"entry","9":"has-media","11":"first","12":"instock","13":"taxable","14":"shipping-taxable","15":"purchasable","16":"product-type-variable","17":"has-product-nav","18":"col","19":"span_1_of_5","20":"owp-content-center","21":"owp-thumbs-layout-horizontal","22":"owp-btn-normal","23":"owp-tabs-layout-horizontal"},"jetpack_sharing_enabled":true,"_links":{"self":[{"href":"https:\/\/particulier.mccp-coiffure-bio.ch\/de\/wp-json\/wp\/v2\/product\/5403","targetHints":{"allow":["GET"]}}],"collection":[{"href":"https:\/\/particulier.mccp-coiffure-bio.ch\/de\/wp-json\/wp\/v2\/product"}],"about":[{"href":"https:\/\/particulier.mccp-coiffure-bio.ch\/de\/wp-json\/wp\/v2\/types\/product"}],"replies":[{"embeddable":true,"href":"https:\/\/particulier.mccp-coiffure-bio.ch\/de\/wp-json\/wp\/v2\/comments?post=5403"}],"version-history":[{"count":0,"href":"https:\/\/particulier.mccp-coiffure-bio.ch\/de\/wp-json\/wp\/v2\/product\/5403\/revisions"}],"wp:featuredmedia":[{"embeddable":true,"href":"https:\/\/particulier.mccp-coiffure-bio.ch\/de\/wp-json\/wp\/v2\/media\/5798"}],"wp:attachment":[{"href":"https:\/\/particulier.mccp-coiffure-bio.ch\/de\/wp-json\/wp\/v2\/media?parent=5403"}],"wp:term":[{"taxonomy":"product_brand","embeddable":true,"href":"https:\/\/particulier.mccp-coiffure-bio.ch\/de\/wp-json\/wp\/v2\/product_brand?post=5403"},{"taxonomy":"product_cat","embeddable":true,"href":"https:\/\/particulier.mccp-coiffure-bio.ch\/de\/wp-json\/wp\/v2\/product_cat?post=5403"},{"taxonomy":"product_tag","embeddable":true,"href":"https:\/\/particulier.mccp-coiffure-bio.ch\/de\/wp-json\/wp\/v2\/product_tag?post=5403"}],"curies":[{"name":"wp","href":"https:\/\/api.w.org\/{rel}","templated":true}]}}