{"id":5048,"date":"2025-03-21T18:27:38","date_gmt":"2025-03-21T17:27:38","guid":{"rendered":"https:\/\/particulier.mccp-coiffure-bio.ch\/brosse-ronde-ceramique-o43mm\/"},"modified":"2025-12-16T22:52:58","modified_gmt":"2025-12-16T21:52:58","slug":"brosse-ronde-ceramique-o43mm","status":"publish","type":"product","link":"https:\/\/particulier.mccp-coiffure-bio.ch\/de\/produkt\/brosse-ronde-ceramique-o43mm\/","title":{"rendered":"Keramik-Rundb\u00fcrste \u00d843mm"},"content":{"rendered":"<h3 data-start=\"178\" data-end=\"273\">Natulic Ceramic Round Brush - Das perfekte Werkzeug f\u00fcr ein nat\u00fcrliches und kontrolliertes F\u00f6hnen<\/h3>\n<p data-start=\"275\" data-end=\"733\">Die <strong data-start=\"278\" data-end=\"320\">professionelle Rundb\u00fcrste Natulique<\/strong> wurde entwickelt, um die Anforderungen von Friseuren und Friseurinnen zu erf\u00fcllen, die Wert auf Qualit\u00e4t, Leistung und Haarschonung legen. Diese Premiumb\u00fcrste wird aus nachhaltigen und umweltfreundlichen Materialien hergestellt und vereint Eleganz, Effizienz und umweltbewusstes Engagement. Sie erm\u00f6glicht pr\u00e4zises F\u00f6hnen und schont dabei die Gesundheit der Kopfhaut und der Haarfaser.<\/p>\n<p data-start=\"735\" data-end=\"1090\">Die B\u00fcrste mit antistatischen Noppen erleichtert das Styling, ohne das Haar zu besch\u00e4digen oder abzubrechen. Sie ist ideal, um Volumen zu schaffen, die L\u00e4ngen zu gl\u00e4tten oder Locken zu strukturieren und gleichzeitig Frizz zu reduzieren. Der ergonomisch geformte Griff sorgt daf\u00fcr, dass die B\u00fcrste auch bei l\u00e4ngerem Gebrauch im Salon bequem und stabil in der Hand liegt.<\/p>\n<p data-start=\"1092\" data-end=\"1403\">Die Natulique-Rundb\u00fcrste eignet sich perfekt f\u00fcr alle Haartypen, auch f\u00fcr sehr empfindliches oder sensibilisiertes Haar, und ist die perfekte Erg\u00e4nzung zu einer professionellen Bio-Haarpflege-Routine. Sie ist ein nat\u00fcrlicher Bestandteil einer ges\u00fcnderen, menschen- und umweltfreundlicheren Haarpflege.<\/p>\n<p data-start=\"1405\" data-end=\"1692\">Ab sofort verf\u00fcgbar auf <strong data-start=\"1435\" data-end=\"1459\">mccp-coiffure-bio.ch<\/strong>Die professionelle Rundb\u00fcrste von Natulique ist ein Muss f\u00fcr professionelle Friseure und anspruchsvolle Privatpersonen. G\u00f6nnen Sie sich zu Hause eine F\u00f6hnfrisur in Salonqualit\u00e4t und achten Sie dabei auf Ihre ethischen Verpflichtungen.<\/p>","protected":false},"excerpt":{"rendered":"<h3 data-start=\"178\" data-end=\"273\">Natulic Ceramic Round Brush - Das perfekte Werkzeug f\u00fcr ein nat\u00fcrliches und kontrolliertes F\u00f6hnen<\/h3>\n<p data-start=\"275\" data-end=\"733\">Die <strong data-start=\"278\" data-end=\"320\">professionelle Rundb\u00fcrste Natulique<\/strong> wurde entwickelt, um die Anforderungen von Friseuren und Friseurinnen zu erf\u00fcllen, die Wert auf Qualit\u00e4t, Leistung und Haarschonung legen. Diese Premiumb\u00fcrste wird aus nachhaltigen und umweltfreundlichen Materialien hergestellt und vereint Eleganz, Effizienz und umweltbewusstes Engagement. Sie erm\u00f6glicht pr\u00e4zises F\u00f6hnen und schont dabei die Gesundheit der Kopfhaut und der Haarfaser.<\/p>","protected":false},"featured_media":5047,"comment_status":"open","ping_status":"closed","template":"","meta":{"ocean_post_layout":"","ocean_both_sidebars_style":"","ocean_both_sidebars_content_width":0,"ocean_both_sidebars_sidebars_width":0,"ocean_sidebar":"0","ocean_second_sidebar":"0","ocean_disable_margins":"enable","ocean_add_body_class":"","ocean_shortcode_before_top_bar":"","ocean_shortcode_after_top_bar":"","ocean_shortcode_before_header":"","ocean_shortcode_after_header":"","ocean_has_shortcode":"","ocean_shortcode_after_title":"","ocean_shortcode_before_footer_widgets":"","ocean_shortcode_after_footer_widgets":"","ocean_shortcode_before_footer_bottom":"","ocean_shortcode_after_footer_bottom":"","ocean_display_top_bar":"default","ocean_display_header":"default","ocean_header_style":"","ocean_center_header_left_menu":"0","ocean_custom_header_template":"0","ocean_custom_logo":0,"ocean_custom_retina_logo":0,"ocean_custom_logo_max_width":0,"ocean_custom_logo_tablet_max_width":0,"ocean_custom_logo_mobile_max_width":0,"ocean_custom_logo_max_height":0,"ocean_custom_logo_tablet_max_height":0,"ocean_custom_logo_mobile_max_height":0,"ocean_header_custom_menu":"0","ocean_menu_typo_font_family":"0","ocean_menu_typo_font_subset":"","ocean_menu_typo_font_size":0,"ocean_menu_typo_font_size_tablet":0,"ocean_menu_typo_font_size_mobile":0,"ocean_menu_typo_font_size_unit":"px","ocean_menu_typo_font_weight":"","ocean_menu_typo_font_weight_tablet":"","ocean_menu_typo_font_weight_mobile":"","ocean_menu_typo_transform":"","ocean_menu_typo_transform_tablet":"","ocean_menu_typo_transform_mobile":"","ocean_menu_typo_line_height":0,"ocean_menu_typo_line_height_tablet":0,"ocean_menu_typo_line_height_mobile":0,"ocean_menu_typo_line_height_unit":"","ocean_menu_typo_spacing":0,"ocean_menu_typo_spacing_tablet":0,"ocean_menu_typo_spacing_mobile":0,"ocean_menu_typo_spacing_unit":"","ocean_menu_link_color":"","ocean_menu_link_color_hover":"","ocean_menu_link_color_active":"","ocean_menu_link_background":"","ocean_menu_link_hover_background":"","ocean_menu_link_active_background":"","ocean_menu_social_links_bg":"","ocean_menu_social_hover_links_bg":"","ocean_menu_social_links_color":"","ocean_menu_social_hover_links_color":"","ocean_disable_title":"default","ocean_disable_heading":"default","ocean_post_title":"","ocean_post_subheading":"","ocean_post_title_style":"","ocean_post_title_background_color":"","ocean_post_title_background":0,"ocean_post_title_bg_image_position":"","ocean_post_title_bg_image_attachment":"","ocean_post_title_bg_image_repeat":"","ocean_post_title_bg_image_size":"","ocean_post_title_height":0,"ocean_post_title_bg_overlay":0.5,"ocean_post_title_bg_overlay_color":"","ocean_disable_breadcrumbs":"default","ocean_breadcrumbs_color":"","ocean_breadcrumbs_separator_color":"","ocean_breadcrumbs_links_color":"","ocean_breadcrumbs_links_hover_color":"","ocean_display_footer_widgets":"default","ocean_display_footer_bottom":"default","ocean_custom_footer_template":"0"},"product_brand":[],"product_cat":[325],"product_tag":[206],"class_list":{"0":"post-5048","1":"product","2":"type-product","3":"status-publish","4":"has-post-thumbnail","6":"product_cat-brosses-et-accessoires-cheveux","7":"product_tag-brosses","9":"entry","10":"has-media","12":"first","13":"instock","14":"taxable","15":"shipping-taxable","16":"purchasable","17":"product-type-simple","18":"has-product-nav","19":"col","20":"span_1_of_5","21":"owp-content-center","22":"owp-thumbs-layout-horizontal","23":"owp-btn-normal","24":"owp-tabs-layout-horizontal"},"jetpack_sharing_enabled":true,"_links":{"self":[{"href":"https:\/\/particulier.mccp-coiffure-bio.ch\/de\/wp-json\/wp\/v2\/product\/5048","targetHints":{"allow":["GET"]}}],"collection":[{"href":"https:\/\/particulier.mccp-coiffure-bio.ch\/de\/wp-json\/wp\/v2\/product"}],"about":[{"href":"https:\/\/particulier.mccp-coiffure-bio.ch\/de\/wp-json\/wp\/v2\/types\/product"}],"replies":[{"embeddable":true,"href":"https:\/\/particulier.mccp-coiffure-bio.ch\/de\/wp-json\/wp\/v2\/comments?post=5048"}],"version-history":[{"count":1,"href":"https:\/\/particulier.mccp-coiffure-bio.ch\/de\/wp-json\/wp\/v2\/product\/5048\/revisions"}],"predecessor-version":[{"id":5954,"href":"https:\/\/particulier.mccp-coiffure-bio.ch\/de\/wp-json\/wp\/v2\/product\/5048\/revisions\/5954"}],"wp:featuredmedia":[{"embeddable":true,"href":"https:\/\/particulier.mccp-coiffure-bio.ch\/de\/wp-json\/wp\/v2\/media\/5047"}],"wp:attachment":[{"href":"https:\/\/particulier.mccp-coiffure-bio.ch\/de\/wp-json\/wp\/v2\/media?parent=5048"}],"wp:term":[{"taxonomy":"product_brand","embeddable":true,"href":"https:\/\/particulier.mccp-coiffure-bio.ch\/de\/wp-json\/wp\/v2\/product_brand?post=5048"},{"taxonomy":"product_cat","embeddable":true,"href":"https:\/\/particulier.mccp-coiffure-bio.ch\/de\/wp-json\/wp\/v2\/product_cat?post=5048"},{"taxonomy":"product_tag","embeddable":true,"href":"https:\/\/particulier.mccp-coiffure-bio.ch\/de\/wp-json\/wp\/v2\/product_tag?post=5048"}],"curies":[{"name":"wp","href":"https:\/\/api.w.org\/{rel}","templated":true}]}}