{"id":3816,"date":"2024-10-04T10:24:36","date_gmt":"2024-10-04T08:24:36","guid":{"rendered":"https:\/\/particulier.mccp-coiffure-bio.ch\/hair-bond-masque-sans-rincage\/"},"modified":"2026-01-05T19:35:29","modified_gmt":"2026-01-05T18:35:29","slug":"hair-bond-masque-sans-rincage","status":"publish","type":"product","link":"https:\/\/particulier.mccp-coiffure-bio.ch\/de\/produkt\/hair-bond-masque-sans-rincage\/","title":{"rendered":"Hair Bond Maske ohne Aussp\u00fclen"},"content":{"rendered":"<p>Entdecken Sie den <strong>MCCP Feuchtigkeitsspendende Maske ohne Aussp\u00fclen<\/strong>ist die ideale Pflege f\u00fcr trockenes, strapaziertes und br\u00fcchiges Haar und verwandelt es in gesundes, gl\u00e4nzendes Haar. Die Maske ist mit einer einzigartigen Mischung aus bio-zertifizierten Inhaltsstoffen angereichert und wirkt tiefenwirksam, um den Feuchtigkeitsgehalt wiederherzustellen und die Haarfaser zu st\u00e4rken, w\u00e4hrend sie gleichzeitig das Haar leichter k\u00e4mmbar macht.<\/p>\n<p>Dank der Kraft nat\u00fcrlicher \u00d6le, wie z. B.<strong>Brokkoli\u00f6l<\/strong> und die<strong>Jojoba\u00f6l<\/strong>Diese Maske n\u00e4hrt das Haar intensiv, repariert Spliss und schafft eine Schutzbarriere gegen \u00e4u\u00dfere Einfl\u00fcsse (Hitze, Umweltverschmutzung, Chemikalien). Ihr patentierter bioaktiver Komplex dringt in den Kortex des Haares ein, um die Haarfasern zu st\u00e4rken und zuk\u00fcnftigem Haarbruch vorzubeugen.<\/p>\n<p>Leicht und ohne Aussp\u00fclen, das <strong>MCCP Feuchtigkeitsspendende Maske ohne Aussp\u00fclen<\/strong> macht Ihr Haar geschmeidig, weich und gl\u00e4nzend, ohne fettig oder beschwerend zu wirken. Es wirkt wie ein echtes Feuchtigkeitsschild, das jeder Str\u00e4hne Schutz und Glanz verleiht und die Lebensdauer Ihrer Haarfarbe verl\u00e4ngert.<\/p>\n<p><strong>Schl\u00fcsselzutaten<\/strong> :<\/p>\n<ul>\n<li><strong>\u00d6l aus Brokkolisamen<\/strong> : N\u00e4hrt das Haar und verleiht ihm nat\u00fcrlichen Glanz, ohne zu beschweren.<\/li>\n<li><strong>Jojoba\u00f6l<\/strong> : Spendet tiefgehende Feuchtigkeit und st\u00e4rkt die Haarfaser.<\/li>\n<li><strong>Extrakt aus Jasminbl\u00fcten<\/strong> : Verbessert die Elastizit\u00e4t und sch\u00fctzt vor Bruch.<\/li>\n<li><strong>Extrakt aus Hafersamen<\/strong> : Beruhigt die Kopfhaut und reduziert Spliss.<\/li>\n<\/ul>\n<p><strong>Schl\u00fcsselnutzen<\/strong> :<\/p>\n<ul>\n<li>Intensive und langanhaltende Feuchtigkeitsversorgung f\u00fcr <strong>trockenes Haar<\/strong>.<\/li>\n<li>Repariert gespaltene Spitzen und st\u00e4rkt die Haarfaser.<\/li>\n<li>Sch\u00fctzt vor sch\u00e4dlichen Umwelteinfl\u00fcssen und verl\u00e4ngert die Haltbarkeit der Farbe.<\/li>\n<li>Weiches, gl\u00e4nzendes und leicht k\u00e4mmbares Haar.<\/li>\n<li>Leichte Formel, die nicht abgesp\u00fclt werden muss und f\u00fcr den t\u00e4glichen Gebrauch geeignet ist.<\/li>\n<\/ul>\n<p>Verwandeln Sie Ihre Haarroutine mit dem <strong>Maske ohne Sp\u00fclung MCCP<\/strong>F\u00fcr revitalisiertes und gesundes Haar, Tag f\u00fcr Tag.<\/p>","protected":false},"excerpt":{"rendered":"<p>Die <strong>MCCP Feuchtigkeitsspendende Maske ohne Aussp\u00fclen<\/strong> ist eine revolution\u00e4re Haarpflege, die entwickelt wurde, um trockenes, gesch\u00e4digtes und br\u00fcchiges Haar mit Feuchtigkeit zu versorgen, zu reparieren und zu sch\u00fctzen. Angereichert mit biologischen und nat\u00fcrlichen Inhaltsstoffen verwandelt sie das Haar sofort in glattes, gl\u00e4nzendes und leicht k\u00e4mmbares Haar, ohne zu verkleben oder zu beschweren.<\/p>","protected":false},"featured_media":3813,"comment_status":"open","ping_status":"closed","template":"","meta":{"ocean_post_layout":"","ocean_both_sidebars_style":"","ocean_both_sidebars_content_width":0,"ocean_both_sidebars_sidebars_width":0,"ocean_sidebar":"0","ocean_second_sidebar":"0","ocean_disable_margins":"enable","ocean_add_body_class":"","ocean_shortcode_before_top_bar":"","ocean_shortcode_after_top_bar":"","ocean_shortcode_before_header":"","ocean_shortcode_after_header":"","ocean_has_shortcode":"","ocean_shortcode_after_title":"","ocean_shortcode_before_footer_widgets":"","ocean_shortcode_after_footer_widgets":"","ocean_shortcode_before_footer_bottom":"","ocean_shortcode_after_footer_bottom":"","ocean_display_top_bar":"default","ocean_display_header":"default","ocean_header_style":"","ocean_center_header_left_menu":"0","ocean_custom_header_template":"0","ocean_custom_logo":0,"ocean_custom_retina_logo":0,"ocean_custom_logo_max_width":0,"ocean_custom_logo_tablet_max_width":0,"ocean_custom_logo_mobile_max_width":0,"ocean_custom_logo_max_height":0,"ocean_custom_logo_tablet_max_height":0,"ocean_custom_logo_mobile_max_height":0,"ocean_header_custom_menu":"0","ocean_menu_typo_font_family":"0","ocean_menu_typo_font_subset":"","ocean_menu_typo_font_size":0,"ocean_menu_typo_font_size_tablet":0,"ocean_menu_typo_font_size_mobile":0,"ocean_menu_typo_font_size_unit":"px","ocean_menu_typo_font_weight":"","ocean_menu_typo_font_weight_tablet":"","ocean_menu_typo_font_weight_mobile":"","ocean_menu_typo_transform":"","ocean_menu_typo_transform_tablet":"","ocean_menu_typo_transform_mobile":"","ocean_menu_typo_line_height":0,"ocean_menu_typo_line_height_tablet":0,"ocean_menu_typo_line_height_mobile":0,"ocean_menu_typo_line_height_unit":"","ocean_menu_typo_spacing":0,"ocean_menu_typo_spacing_tablet":0,"ocean_menu_typo_spacing_mobile":0,"ocean_menu_typo_spacing_unit":"","ocean_menu_link_color":"","ocean_menu_link_color_hover":"","ocean_menu_link_color_active":"","ocean_menu_link_background":"","ocean_menu_link_hover_background":"","ocean_menu_link_active_background":"","ocean_menu_social_links_bg":"","ocean_menu_social_hover_links_bg":"","ocean_menu_social_links_color":"","ocean_menu_social_hover_links_color":"","ocean_disable_title":"default","ocean_disable_heading":"default","ocean_post_title":"","ocean_post_subheading":"","ocean_post_title_style":"","ocean_post_title_background_color":"","ocean_post_title_background":0,"ocean_post_title_bg_image_position":"","ocean_post_title_bg_image_attachment":"","ocean_post_title_bg_image_repeat":"","ocean_post_title_bg_image_size":"","ocean_post_title_height":0,"ocean_post_title_bg_overlay":0.5,"ocean_post_title_bg_overlay_color":"","ocean_disable_breadcrumbs":"default","ocean_breadcrumbs_color":"","ocean_breadcrumbs_separator_color":"","ocean_breadcrumbs_links_color":"","ocean_breadcrumbs_links_hover_color":"","ocean_display_footer_widgets":"default","ocean_display_footer_bottom":"default","ocean_custom_footer_template":"0"},"product_brand":[],"product_cat":[322],"product_tag":[],"class_list":{"0":"post-3816","1":"product","2":"type-product","3":"status-publish","4":"has-post-thumbnail","6":"product_cat-soins-des-cheveux","8":"entry","9":"has-media","11":"first","12":"instock","13":"taxable","14":"shipping-taxable","15":"purchasable","16":"product-type-simple","17":"has-product-nav","18":"col","19":"span_1_of_5","20":"owp-content-center","21":"owp-thumbs-layout-horizontal","22":"owp-btn-normal","23":"owp-tabs-layout-horizontal"},"jetpack_sharing_enabled":true,"_links":{"self":[{"href":"https:\/\/particulier.mccp-coiffure-bio.ch\/de\/wp-json\/wp\/v2\/product\/3816","targetHints":{"allow":["GET"]}}],"collection":[{"href":"https:\/\/particulier.mccp-coiffure-bio.ch\/de\/wp-json\/wp\/v2\/product"}],"about":[{"href":"https:\/\/particulier.mccp-coiffure-bio.ch\/de\/wp-json\/wp\/v2\/types\/product"}],"replies":[{"embeddable":true,"href":"https:\/\/particulier.mccp-coiffure-bio.ch\/de\/wp-json\/wp\/v2\/comments?post=3816"}],"version-history":[{"count":0,"href":"https:\/\/particulier.mccp-coiffure-bio.ch\/de\/wp-json\/wp\/v2\/product\/3816\/revisions"}],"wp:featuredmedia":[{"embeddable":true,"href":"https:\/\/particulier.mccp-coiffure-bio.ch\/de\/wp-json\/wp\/v2\/media\/3813"}],"wp:attachment":[{"href":"https:\/\/particulier.mccp-coiffure-bio.ch\/de\/wp-json\/wp\/v2\/media?parent=3816"}],"wp:term":[{"taxonomy":"product_brand","embeddable":true,"href":"https:\/\/particulier.mccp-coiffure-bio.ch\/de\/wp-json\/wp\/v2\/product_brand?post=3816"},{"taxonomy":"product_cat","embeddable":true,"href":"https:\/\/particulier.mccp-coiffure-bio.ch\/de\/wp-json\/wp\/v2\/product_cat?post=3816"},{"taxonomy":"product_tag","embeddable":true,"href":"https:\/\/particulier.mccp-coiffure-bio.ch\/de\/wp-json\/wp\/v2\/product_tag?post=3816"}],"curies":[{"name":"wp","href":"https:\/\/api.w.org\/{rel}","templated":true}]}}