{"id":3636,"date":"2024-06-25T19:01:19","date_gmt":"2024-06-25T17:01:19","guid":{"rendered":"https:\/\/particulier.mccp-coiffure-bio.ch\/?post_type=product&#038;p=3636"},"modified":"2025-12-22T10:23:34","modified_gmt":"2025-12-22T09:23:34","slug":"seche-cheveux-edition-ultime","status":"publish","type":"product","link":"https:\/\/particulier.mccp-coiffure-bio.ch\/de\/produkt\/seche-cheveux-edition-ultime\/","title":{"rendered":"Haartrockner Ultimative Edition Swissliss"},"content":{"rendered":"<h1>Der Haartrockner Ultimative Edition Swissliss 2.0<\/h1>\n<h3>Der Hightech-Haartrockner Ultimate Edition ist ein hochmodernes Styling-Tool, das f\u00fcr professionelle Leistung und optimale Haarpflege entwickelt wurde.<\/h3>\n<h3>Dieses innovative Modell zeichnet sich durch fortschrittliche technologische Merkmale aus, die ein schnelles und effizientes Trocknen garantieren und gleichzeitig die Gesundheit des Haars schonen.<\/h3>\n<p>Mit einem leistungsstarken digitalen Motor sorgt der Swissliss High Tech f\u00fcr einen konstanten, kr\u00e4ftigen Luftstrom und verk\u00fcrzt so die Trocknungszeit. Seine Ionentechnologie hilft, Frizz zu beseitigen und den Glanz des Haares zu verbessern, sodass die Str\u00e4hnen glatt und seidig gl\u00e4nzen. Au\u00dferdem verf\u00fcgt er \u00fcber ein intelligentes Hitzeregulierungssystem, das die Temperatur automatisch anpasst, um Sch\u00e4den durch \u00fcberm\u00e4\u00dfige Hitze zu verhindern.<\/p>\n<p>Dieser Haartrockner ist au\u00dferdem mit mehreren Geschwindigkeits- und Temperatureinstellungen ausgestattet, sodass Sie ihn an Ihren Haartyp und das gew\u00fcnschte Styling anpassen k\u00f6nnen. Der Swissliss High Tech beinhaltet einen K\u00fchlmodus, um die Frisur zu fixieren und ein perfektes Finish zu erzielen. Sein ergonomisches und leichtes Design erleichtert die Handhabung und erm\u00f6glicht eine l\u00e4ngere, erm\u00fcdungsfreie Nutzung.<\/p>\n<p>Dar\u00fcber hinaus wird er mit professionellem Zubeh\u00f6r wie magnetischen Aufs\u00e4tzen und Diffusor f\u00fcr pr\u00e4zises F\u00f6hnen und nat\u00fcrliche Locken geliefert. Der Swissliss High Tech ist die ideale Wahl f\u00fcr professionelle Friseure und Privatpersonen, die Wert auf die Qualit\u00e4t und Gesundheit ihres Haars legen. Er kombiniert modernste Technologie mit Liebe zum Detail.<\/p>\n<div class=\"value content js-longDescription js-block-longDescription\">\n<p>Der Hightech-Haartrockner Edition Ultime von Swissliss ist ein professioneller Haartrockner, der in der Schweiz erdacht wurde. Er wurde f\u00fcr den intensiven Gebrauch entwickelt: Er ist leistungsstark, leise und ultraleicht. Mit magnetischen Aufs\u00e4tzen und einem digitalen Display ausgestattet, ist dieser Hightech-Haartrockner wie geschaffen, um Ihren Alltag ergonomischer zu gestalten.<\/p>\n<p>- In der Schweiz entworfen und erdacht.<br \/>\n- Sehr leicht: 290 g (ohne Kabel).<br \/>\n- 1200 w \/ 1650 w.<br \/>\n- 2,30 m langes Kabel.<br \/>\n- Wird mit 3 magnetischen Zubeh\u00f6rteilen geliefert: 2 magnetische Schn\u00e4bel und ein magnetischer Diffusor.<\/p>\n<\/div>\n<div class=\"additional-information\">\n<div class=\"value js-block-waranty\">Garantie\u00a0<span class=\"js-waranty\">24 Monate<\/span><\/div>\n<\/div>\n<div><\/div>\n<div>WICHTIG<\/div>\n<div>N\u00fctzliche Tipps f\u00fcr die Pflege<\/div>\n<div><\/div>\n<div>Reinigen Sie den hinteren Filter sehr regelm\u00e4\u00dfig, um die Lebensdauer Ihres professionellen Haartrockners zu erhalten.<\/div>\n<div><a href=\"https:\/\/www.swissliss.ch\/edition-ultime\">https:\/\/www.swissliss.ch\/edition-ultime<\/a><\/div>\n<div><\/div>\n<div>Was Coiffeure denken, die den Swissliss Edition Ultime Haartrockner bereits gekauft haben :<\/div>\n<div>(Quelle: Website Bleu Libellule)<\/div>\n<div><\/div>\n<div>\n<div class=\"review__main\">\n<p class=\"review__title text-bold\">\"MUST HAVE \u2661<\/p>\n<p>Ich habe die Swissliss Ultimate Edition gekauft, weil sie die leichteste auf dem Markt ist und ich LIEBE sie! Es ist leistungsstark, leicht und liegt super in der Hand. Es hat mein Leben ver\u00e4ndert! Es ist ganz einfach, ich kann nicht mehr ohne sie leben. FONZE!\"<\/p>\n<\/div>\n<div class=\"review__complementary\">\n<div class=\"bl-row\">\n<div class=\"bl-xxs5 bl-sm6\">\n<p>\"Fantastisch, Dann bin ich gl\u00fccklich mit diesem F\u00f6hn .__Der Glanz des Haares ist halluzinierend __Ich empfehle\".<\/p>\n<p>\"Sehr gut durchdachter Haartrockner, Ich bin sehr zufrieden mit meinem Kauf. Dieser Haartrockner ist sehr leistungsstark, ultraleicht. Keine Gefahr von Frizz,die Haare sind super gl\u00e4nzend nach dem F\u00f6hnen.\"<\/p>\n<\/div>\n<\/div>\n<\/div>\n<\/div>","protected":false},"excerpt":{"rendered":"<h1>High-Tech Haartrockner Ultimate Edition 2.0<\/h1>\n<h4 class=\"text-align-left\"><strong>Mit seinen magnetischen Aufs\u00e4tzen und Diffusor sowie dem digitalen Display ist die Edition Ultime ein Haartrockner auf dem neuesten Stand der Technik.<\/strong><\/h4>\n<h4 class=\"text-align-left\"><strong>Leistungsstark, leise und ultraleicht - er wird Ihren Alltag ver\u00e4ndern.<\/strong><\/h4>\n<h4 class=\"text-align-left\"><strong>Ideal f\u00fcr den intensiven Gebrauch in Friseursalons<\/strong><\/h4>\n<h3><strong>Swiss Design and Conception<\/strong><\/h3>","protected":false},"featured_media":3666,"comment_status":"open","ping_status":"closed","template":"","meta":{"ocean_post_layout":"","ocean_both_sidebars_style":"","ocean_both_sidebars_content_width":0,"ocean_both_sidebars_sidebars_width":0,"ocean_sidebar":"0","ocean_second_sidebar":"0","ocean_disable_margins":"enable","ocean_add_body_class":"","ocean_shortcode_before_top_bar":"","ocean_shortcode_after_top_bar":"","ocean_shortcode_before_header":"","ocean_shortcode_after_header":"","ocean_has_shortcode":"","ocean_shortcode_after_title":"","ocean_shortcode_before_footer_widgets":"","ocean_shortcode_after_footer_widgets":"","ocean_shortcode_before_footer_bottom":"","ocean_shortcode_after_footer_bottom":"","ocean_display_top_bar":"default","ocean_display_header":"default","ocean_header_style":"","ocean_center_header_left_menu":"0","ocean_custom_header_template":"0","ocean_custom_logo":0,"ocean_custom_retina_logo":0,"ocean_custom_logo_max_width":0,"ocean_custom_logo_tablet_max_width":0,"ocean_custom_logo_mobile_max_width":0,"ocean_custom_logo_max_height":0,"ocean_custom_logo_tablet_max_height":0,"ocean_custom_logo_mobile_max_height":0,"ocean_header_custom_menu":"0","ocean_menu_typo_font_family":"0","ocean_menu_typo_font_subset":"","ocean_menu_typo_font_size":0,"ocean_menu_typo_font_size_tablet":0,"ocean_menu_typo_font_size_mobile":0,"ocean_menu_typo_font_size_unit":"px","ocean_menu_typo_font_weight":"","ocean_menu_typo_font_weight_tablet":"","ocean_menu_typo_font_weight_mobile":"","ocean_menu_typo_transform":"","ocean_menu_typo_transform_tablet":"","ocean_menu_typo_transform_mobile":"","ocean_menu_typo_line_height":0,"ocean_menu_typo_line_height_tablet":0,"ocean_menu_typo_line_height_mobile":0,"ocean_menu_typo_line_height_unit":"","ocean_menu_typo_spacing":0,"ocean_menu_typo_spacing_tablet":0,"ocean_menu_typo_spacing_mobile":0,"ocean_menu_typo_spacing_unit":"","ocean_menu_link_color":"","ocean_menu_link_color_hover":"","ocean_menu_link_color_active":"","ocean_menu_link_background":"","ocean_menu_link_hover_background":"","ocean_menu_link_active_background":"","ocean_menu_social_links_bg":"","ocean_menu_social_hover_links_bg":"","ocean_menu_social_links_color":"","ocean_menu_social_hover_links_color":"","ocean_disable_title":"default","ocean_disable_heading":"default","ocean_post_title":"","ocean_post_subheading":"","ocean_post_title_style":"","ocean_post_title_background_color":"","ocean_post_title_background":0,"ocean_post_title_bg_image_position":"","ocean_post_title_bg_image_attachment":"","ocean_post_title_bg_image_repeat":"","ocean_post_title_bg_image_size":"","ocean_post_title_height":0,"ocean_post_title_bg_overlay":0.5,"ocean_post_title_bg_overlay_color":"","ocean_disable_breadcrumbs":"default","ocean_breadcrumbs_color":"","ocean_breadcrumbs_separator_color":"","ocean_breadcrumbs_links_color":"","ocean_breadcrumbs_links_hover_color":"","ocean_display_footer_widgets":"default","ocean_display_footer_bottom":"default","ocean_custom_footer_template":"0"},"product_brand":[],"product_cat":[361,147],"product_tag":[341],"class_list":{"0":"post-3636","1":"product","2":"type-product","3":"status-publish","4":"has-post-thumbnail","6":"product_cat-prod-part-to-import","7":"product_cat-seches-cheveux-swissliss","8":"product_tag-accessoires-cheveux","10":"entry","11":"has-media","13":"first","14":"instock","15":"taxable","16":"shipping-taxable","17":"purchasable","18":"product-type-variable","19":"has-product-nav","20":"col","21":"span_1_of_5","22":"owp-content-center","23":"owp-thumbs-layout-horizontal","24":"owp-btn-normal","25":"owp-tabs-layout-horizontal"},"jetpack_sharing_enabled":true,"_links":{"self":[{"href":"https:\/\/particulier.mccp-coiffure-bio.ch\/de\/wp-json\/wp\/v2\/product\/3636","targetHints":{"allow":["GET"]}}],"collection":[{"href":"https:\/\/particulier.mccp-coiffure-bio.ch\/de\/wp-json\/wp\/v2\/product"}],"about":[{"href":"https:\/\/particulier.mccp-coiffure-bio.ch\/de\/wp-json\/wp\/v2\/types\/product"}],"replies":[{"embeddable":true,"href":"https:\/\/particulier.mccp-coiffure-bio.ch\/de\/wp-json\/wp\/v2\/comments?post=3636"}],"version-history":[{"count":1,"href":"https:\/\/particulier.mccp-coiffure-bio.ch\/de\/wp-json\/wp\/v2\/product\/3636\/revisions"}],"predecessor-version":[{"id":5958,"href":"https:\/\/particulier.mccp-coiffure-bio.ch\/de\/wp-json\/wp\/v2\/product\/3636\/revisions\/5958"}],"wp:featuredmedia":[{"embeddable":true,"href":"https:\/\/particulier.mccp-coiffure-bio.ch\/de\/wp-json\/wp\/v2\/media\/3666"}],"wp:attachment":[{"href":"https:\/\/particulier.mccp-coiffure-bio.ch\/de\/wp-json\/wp\/v2\/media?parent=3636"}],"wp:term":[{"taxonomy":"product_brand","embeddable":true,"href":"https:\/\/particulier.mccp-coiffure-bio.ch\/de\/wp-json\/wp\/v2\/product_brand?post=3636"},{"taxonomy":"product_cat","embeddable":true,"href":"https:\/\/particulier.mccp-coiffure-bio.ch\/de\/wp-json\/wp\/v2\/product_cat?post=3636"},{"taxonomy":"product_tag","embeddable":true,"href":"https:\/\/particulier.mccp-coiffure-bio.ch\/de\/wp-json\/wp\/v2\/product_tag?post=3636"}],"curies":[{"name":"wp","href":"https:\/\/api.w.org\/{rel}","templated":true}]}}