{"id":3306,"date":"2024-05-22T13:22:19","date_gmt":"2024-05-22T11:22:19","guid":{"rendered":"https:\/\/particulier.mccp-coiffure-bio.ch\/apres-shampooing-croissance\/"},"modified":"2026-02-04T13:39:14","modified_gmt":"2026-02-04T12:39:14","slug":"apres-shampoing-anti-chute","status":"publish","type":"product","link":"https:\/\/particulier.mccp-coiffure-bio.ch\/de\/produkt\/apres-shampoing-anti-chute\/","title":{"rendered":"Anti-Haarausfall-Sp\u00fclung"},"content":{"rendered":"<h1>Natulique Anti-Haarausfall-Conditioner<\/h1>\n<p>Dieser Conditioner ist eine innovative L\u00f6sung, die speziell zur Bek\u00e4mpfung von Haarausfall entwickelt wurde und gleichzeitig eine optimale Feuchtigkeits- und N\u00e4hrstoffversorgung bietet. Diese Pflegesp\u00fclung wurde aus hochwertigen, nat\u00fcrlichen und biologischen Inhaltsstoffen hergestellt und erf\u00fcllt die Anforderungen von professionellen Friseuren sowie von Privatpersonen, die sich um die Gesundheit ihres Haars und die Umwelt sorgen.<\/p>\n<p>Natulique, eine Marke, die f\u00fcr ihr Engagement f\u00fcr Haargesundheit und \u00d6kologie bekannt ist, hat diesen Conditioner entwickelt, um schwaches und br\u00fcchiges Haar zu st\u00e4rken.<\/p>\n<h3>Hauptinhaltsstoffe und ihre Vorteile von Anti-Haarausfall-Conditioner<\/h3>\n<p><strong>Aloe Vera<\/strong> Aloe Vera ist bekannt f\u00fcr ihre feuchtigkeitsspendenden und beruhigenden Eigenschaften. Sie hilft, den Feuchtigkeitshaushalt der Kopfhaut aufrechtzuerhalten, wodurch Reizungen und Entz\u00fcndungen verringert werden. Au\u00dferdem tr\u00e4gt sie zur Zellregeneration bei und f\u00f6rdert so ein gesundes Haarwachstum.<\/p>\n<p><strong>Jojoba\u00f6l<\/strong> Dieses wertvolle \u00d6l ist reich an Vitamin E und B sowie an Mineralien wie Zink und Kupfer und ahmt den nat\u00fcrlichen Talg der Kopfhaut nach. Es spendet Feuchtigkeit, ohne das Haar zu beschweren, und hinterl\u00e4sst ein Gef\u00fchl von Leichtigkeit und Geschmeidigkeit.<\/p>\n<p><strong>Kamillenextrakt<\/strong> Kamille: Die Kamille wird f\u00fcr ihre entz\u00fcndungshemmenden und beruhigenden Eigenschaften gesch\u00e4tzt. Sie hilft, empfindliche und gereizte Kopfhaut zu beruhigen und verleiht dem Haar Glanz und Geschmeidigkeit.<\/p>\n<div class=\"fusion-text fusion-text-10\">\n<div>Die fortschrittliche Technologie gegen Haarausfall von Scandinavian BioScience kombiniert Apigenin, Oleanols\u00e4ure und andere aktive Inhaltsstoffe auf molekularer Ebene zu einer leistungsstarken L\u00f6sung, die hilft, den Haarausfall zu stoppen, die Haarwurzeln zu st\u00e4rken und neue Haarfollikel und Haare zu generieren.<\/div>\n<\/div>\n<ul class=\"fusion-checklist fusion-checklist-1 fusion-checklist-default type-icons\">\n<li class=\"fusion-li-item\"><i class=\"fusion-li-icon fa fa-pagelines\" aria-hidden=\"true\"><\/i>\n<div class=\"fusion-li-item-content\">\n<p><strong>Apigenin\u00a0<\/strong>(EWGs Skin Deep Score:<strong>\u00a01<\/strong>)<br \/>\n<strong>Funktion<\/strong>: Antioxidans und Haarpflege<\/p>\n<\/div>\n<\/li>\n<li class=\"fusion-li-item\"><i class=\"fusion-li-icon fa fa-pagelines\" aria-hidden=\"true\"><\/i>\n<div class=\"fusion-li-item-content\">\n<p><strong>Biotinoyl Tripeptid-1<\/strong>\u00a0(EWGs Skin Deep Score:<strong>\u00a01<\/strong>)<br \/>\n<strong>Funktion<\/strong>: Haarpflege<\/p>\n<p>Biotinyl Tripeptide-1 kann das Wachstum von neuem Haar von mehr als 100 % anregen und gleichzeitig den Haarausfall von mehr als 50 % reduzieren.<\/p>\n<\/div>\n<\/li>\n<li class=\"fusion-li-item\"><i class=\"fusion-li-icon fa fa-pagelines\" aria-hidden=\"true\"><\/i>\n<div class=\"fusion-li-item-content\"><strong>Oleanols\u00e4ure<\/strong>\u00a0(EWGs Skin Deep Score:<strong>\u00a01<\/strong>)<br \/>\n<strong>Funktion<\/strong>: Pflege der Kopfhaut<\/div>\n<div class=\"fusion-li-item-content\"><\/div>\n<p>Die S\u00e4ure Oleanols\u00e4ure ist ein nat\u00fcrlicher Bestandteil vieler Pflanzen, wie z. B. Olivenb\u00e4umen, und hat antioxidative und antimikrobielle Wirkungen.<\/li>\n<\/ul>\n<h3>Vorteile der Verwendung von Natulique Anti-Haarausfall-Conditioner<\/h3>\n<ol>\n<li><strong>Verringerung des Haarausfalls<\/strong> : Dank seiner mit stimulierenden und st\u00e4rkenden Inhaltsstoffen angereicherten Formel hilft dieser Conditioner, den Haarausfall deutlich zu reduzieren, sodass das Haar dicker und widerstandsf\u00e4higer wird.<\/li>\n<li><strong>Tiefe Hydratation und Ern\u00e4hrung<\/strong> : Trockenes und gesch\u00e4digtes Haar erh\u00e4lt intensive und langanhaltende Feuchtigkeit, die ihm Vitalit\u00e4t und nat\u00fcrlichen Glanz verleiht.<\/li>\n<li><strong>Umwelt- und Gesundheitsfreundlichkeit<\/strong> Dieser Conditioner ist biologisch zertifiziert und enth\u00e4lt keine Parabene, Sulfate und Silikone, wodurch eine gesundheitlich unbedenkliche Anwendung gew\u00e4hrleistet und die Umweltbelastung minimiert wird.<\/li>\n<li><strong>Einfaches Styling<\/strong> Pflege: Diese Sp\u00fclung st\u00e4rkt nicht nur das Haar, sondern macht es auch leichter k\u00e4mmbar und frisierbar, sodass die Gefahr von Haarbruch beim K\u00e4mmen verringert wird.<\/li>\n<li><strong>F\u00fcr alle Haartypen geeignet<\/strong> : Ob Sie feines, dickes, lockiges oder glattes Haar haben, der Natulique Anti-Haarausfall-Conditioner passt sich Ihren speziellen Bed\u00fcrfnissen an und sorgt so f\u00fcr optimale Ergebnisse.<\/li>\n<\/ol>\n<h3>Tipps zur Verwendung<\/h3>\n<p>F\u00fcr optimale Ergebnisse sollten Sie den Natulique Anti-Haarausfall-Conditioner nach dem Shampoo aus derselben Serie verwenden. Tragen Sie eine gro\u00dfz\u00fcgige Menge auf das feuchte Haar auf und konzentrieren Sie sich dabei auf die L\u00e4ngen und Spitzen. Lassen Sie das Shampoo 2-3 Minuten einwirken, bevor Sie es mit lauwarmem Wasser gr\u00fcndlich aussp\u00fclen. Um die Wirkung zu verst\u00e4rken, erg\u00e4nzen Sie Ihre Haarroutine mit den anderen Produkten der Natulique-Reihe.<\/p>\n<p>Mehr erfahren<\/p>\n<p><a href=\"https:\/\/mccp-coiffure-bio.ch\/apres-shampooing-anti-chute\/\">https:\/\/mccp-coiffure-bio.ch\/apres-shampooing-anti-chute\/<\/a><\/p>\n<h3>Schlussfolgerung<\/h3>\n<p>Der Natulique Conditioner gegen Haarausfall stellt einen bedeutenden Fortschritt in der nat\u00fcrlichen und biologischen Haarpflege dar. Durch die Kombination von Inhaltsstoffen, die sorgf\u00e4ltig nach ihrer Wirksamkeit und Sanftheit ausgew\u00e4hlt wurden, bietet Natulique eine Komplettl\u00f6sung zur Bek\u00e4mpfung von Haarausfall und schont dabei Ihre Gesundheit und die Umwelt. Entscheiden Sie sich f\u00fcr diese hochwertige Haarpflege f\u00fcr kr\u00e4ftigeres, ges\u00fcnderes und vor Vitalit\u00e4t strahlendes Haar. Entdecken Sie die hervorragenden Produkte von Natulique und erleben Sie eine bemerkenswerte Haartransformation.<\/p>\n<p><strong>Das NATULIQUE-Konzept<\/strong><\/p>\n<p>Sind Sie neugierig darauf, wie eine 100% NATULIQUE Lounge aussieht?<\/p>\n<p><a href=\"https:\/\/natulique.com\/fr\/concept-salon\/\">Erfahren Sie mehr \u00fcber die Vorteile und wie man ein Salonkonzept wird \u2192.<\/a><\/p>","protected":false},"excerpt":{"rendered":"<h2 style=\"text-align: left\">Entdecken Sie den Natulique Conditioner gegen Haarausfall<\/h2>\n<p style=\"text-align: left\">Entwickelt, um Ihr Haar auf nat\u00fcrliche Weise zu revitalisieren und zu kr\u00e4ftigen. Dieser Conditioner mit zertifizierten biologischen Inhaltsstoffen st\u00e4rkt die Haarwurzeln, regt das Haarwachstum an und reduziert gleichzeitig den Haarausfall. Seine mit Proteinen und essentiellen N\u00e4hrstoffen angereicherte Zusammensetzung n\u00e4hrt tief und repariert gesch\u00e4digte Haarfasern. Dieser Conditioner eignet sich perfekt f\u00fcr alle Haartypen und sorgt daf\u00fcr, dass Ihr Haar weich, volumin\u00f6s und leicht k\u00e4mmbar wird. Entscheiden Sie sich f\u00fcr Natulique und g\u00f6nnen Sie Ihrem Haar die nat\u00fcrliche Pflege, die es verdient.<\/p>\n<ul style=\"text-align: left\">\n<li><strong>Bio-Zutaten<\/strong><\/li>\n<li><strong>Vegan<\/strong><\/li>\n<li><strong>Pro-Qualit\u00e4t<\/strong><\/li>\n<li><strong>Recycelbare Verpackung<\/strong><\/li>\n<\/ul>\n<p><img decoding=\"async\" class=\"wp-image-2406 aligncenter\" src=\"https:\/\/particulier.mccp-coiffure-bio.ch\/wp-content\/uploads\/2021\/01\/vegan-society-certification-300x242.png\" alt=\"\" width=\"214\" height=\"172\" srcset=\"https:\/\/particulier.mccp-coiffure-bio.ch\/wp-content\/uploads\/2021\/01\/vegan-society-certification-300x242.png 300w, https:\/\/particulier.mccp-coiffure-bio.ch\/wp-content\/uploads\/2021\/01\/vegan-society-certification.png 529w\" sizes=\"(max-width: 214px) 100vw, 214px\" \/><\/p>","protected":false},"featured_media":5245,"comment_status":"open","ping_status":"closed","template":"","meta":{"ocean_post_layout":"","ocean_both_sidebars_style":"","ocean_both_sidebars_content_width":0,"ocean_both_sidebars_sidebars_width":0,"ocean_sidebar":"0","ocean_second_sidebar":"0","ocean_disable_margins":"enable","ocean_add_body_class":"","ocean_shortcode_before_top_bar":"","ocean_shortcode_after_top_bar":"","ocean_shortcode_before_header":"","ocean_shortcode_after_header":"","ocean_has_shortcode":"","ocean_shortcode_after_title":"","ocean_shortcode_before_footer_widgets":"","ocean_shortcode_after_footer_widgets":"","ocean_shortcode_before_footer_bottom":"","ocean_shortcode_after_footer_bottom":"","ocean_display_top_bar":"default","ocean_display_header":"default","ocean_header_style":"","ocean_center_header_left_menu":"0","ocean_custom_header_template":"0","ocean_custom_logo":0,"ocean_custom_retina_logo":0,"ocean_custom_logo_max_width":0,"ocean_custom_logo_tablet_max_width":0,"ocean_custom_logo_mobile_max_width":0,"ocean_custom_logo_max_height":0,"ocean_custom_logo_tablet_max_height":0,"ocean_custom_logo_mobile_max_height":0,"ocean_header_custom_menu":"0","ocean_menu_typo_font_family":"0","ocean_menu_typo_font_subset":"","ocean_menu_typo_font_size":0,"ocean_menu_typo_font_size_tablet":0,"ocean_menu_typo_font_size_mobile":0,"ocean_menu_typo_font_size_unit":"px","ocean_menu_typo_font_weight":"","ocean_menu_typo_font_weight_tablet":"","ocean_menu_typo_font_weight_mobile":"","ocean_menu_typo_transform":"","ocean_menu_typo_transform_tablet":"","ocean_menu_typo_transform_mobile":"","ocean_menu_typo_line_height":0,"ocean_menu_typo_line_height_tablet":0,"ocean_menu_typo_line_height_mobile":0,"ocean_menu_typo_line_height_unit":"","ocean_menu_typo_spacing":0,"ocean_menu_typo_spacing_tablet":0,"ocean_menu_typo_spacing_mobile":0,"ocean_menu_typo_spacing_unit":"","ocean_menu_link_color":"","ocean_menu_link_color_hover":"","ocean_menu_link_color_active":"","ocean_menu_link_background":"","ocean_menu_link_hover_background":"","ocean_menu_link_active_background":"","ocean_menu_social_links_bg":"","ocean_menu_social_hover_links_bg":"","ocean_menu_social_links_color":"","ocean_menu_social_hover_links_color":"","ocean_disable_title":"default","ocean_disable_heading":"default","ocean_post_title":"","ocean_post_subheading":"","ocean_post_title_style":"","ocean_post_title_background_color":"","ocean_post_title_background":0,"ocean_post_title_bg_image_position":"","ocean_post_title_bg_image_attachment":"","ocean_post_title_bg_image_repeat":"","ocean_post_title_bg_image_size":"","ocean_post_title_height":0,"ocean_post_title_bg_overlay":0.5,"ocean_post_title_bg_overlay_color":"","ocean_disable_breadcrumbs":"default","ocean_breadcrumbs_color":"","ocean_breadcrumbs_separator_color":"","ocean_breadcrumbs_links_color":"","ocean_breadcrumbs_links_hover_color":"","ocean_display_footer_widgets":"default","ocean_display_footer_bottom":"default","ocean_custom_footer_template":"0"},"product_brand":[],"product_cat":[322],"product_tag":[],"class_list":{"0":"post-3306","1":"product","2":"type-product","3":"status-publish","4":"has-post-thumbnail","6":"product_cat-soins-des-cheveux","8":"entry","9":"has-media","11":"first","12":"instock","13":"taxable","14":"shipping-taxable","15":"purchasable","16":"product-type-variable","17":"has-product-nav","18":"col","19":"span_1_of_5","20":"owp-content-center","21":"owp-thumbs-layout-horizontal","22":"owp-btn-normal","23":"owp-tabs-layout-horizontal"},"jetpack_sharing_enabled":true,"_links":{"self":[{"href":"https:\/\/particulier.mccp-coiffure-bio.ch\/de\/wp-json\/wp\/v2\/product\/3306","targetHints":{"allow":["GET"]}}],"collection":[{"href":"https:\/\/particulier.mccp-coiffure-bio.ch\/de\/wp-json\/wp\/v2\/product"}],"about":[{"href":"https:\/\/particulier.mccp-coiffure-bio.ch\/de\/wp-json\/wp\/v2\/types\/product"}],"replies":[{"embeddable":true,"href":"https:\/\/particulier.mccp-coiffure-bio.ch\/de\/wp-json\/wp\/v2\/comments?post=3306"}],"version-history":[{"count":0,"href":"https:\/\/particulier.mccp-coiffure-bio.ch\/de\/wp-json\/wp\/v2\/product\/3306\/revisions"}],"wp:featuredmedia":[{"embeddable":true,"href":"https:\/\/particulier.mccp-coiffure-bio.ch\/de\/wp-json\/wp\/v2\/media\/5245"}],"wp:attachment":[{"href":"https:\/\/particulier.mccp-coiffure-bio.ch\/de\/wp-json\/wp\/v2\/media?parent=3306"}],"wp:term":[{"taxonomy":"product_brand","embeddable":true,"href":"https:\/\/particulier.mccp-coiffure-bio.ch\/de\/wp-json\/wp\/v2\/product_brand?post=3306"},{"taxonomy":"product_cat","embeddable":true,"href":"https:\/\/particulier.mccp-coiffure-bio.ch\/de\/wp-json\/wp\/v2\/product_cat?post=3306"},{"taxonomy":"product_tag","embeddable":true,"href":"https:\/\/particulier.mccp-coiffure-bio.ch\/de\/wp-json\/wp\/v2\/product_tag?post=3306"}],"curies":[{"name":"wp","href":"https:\/\/api.w.org\/{rel}","templated":true}]}}