{"id":3286,"date":"2024-05-22T13:22:30","date_gmt":"2024-05-22T11:22:30","guid":{"rendered":"https:\/\/particulier.mccp-coiffure-bio.ch\/apres-shampooing-nourrissant\/"},"modified":"2026-01-07T09:01:51","modified_gmt":"2026-01-07T08:01:51","slug":"apres-shampoing-nourrissant","status":"publish","type":"product","link":"https:\/\/particulier.mccp-coiffure-bio.ch\/de\/produkt\/apres-shampoing-nourrissant\/","title":{"rendered":"Pflegende Sp\u00fclung"},"content":{"rendered":"<p>N\u00c4HRENDE SP\u00dcLUNG<\/p>\n<p>Eine <strong>n\u00e4hrende Sp\u00fclung<\/strong> f\u00fcr einen lang anhaltenden Schutz. Um Frizz und Haarsch\u00e4den wirksam zu bek\u00e4mpfen, gibt es nichts Besseres als unsere n\u00e4hrende Anti-Frizz Sp\u00fclung. Die Formel mit wohltuenden Wirkstoffen gl\u00e4ttet und versiegelt individuell die angehobene Nagelhaut und repariert gleichzeitig die gesch\u00e4digten Haarfasern. Dieser <strong>Haarsp\u00fclung<\/strong> garantiert langfristigen Schutz vor Spliss und sch\u00e4dlichen Umwelteinfl\u00fcssen und verbessert gleichzeitig die K\u00e4mmbarkeit erheblich, indem es Reibung und Frizz reduziert und das Haar entwirrt.<\/p>\n<ul>\n<li>Ohne k\u00fcnstliche Farbstoffe<\/li>\n<li>Ohne Siliziumzusatz<\/li>\n<li>Ohne Parabene<\/li>\n<li>Vegan zertifiziert<\/li>\n<li>Ohne Grausamkeiten an Tieren<\/li>\n<li>Biologisch abbaubar und ohne Mikroperlen<\/li>\n<\/ul>\n<p>Anti-Frizz-Formel<\/p>\n<p>Wenn es darum geht, Frizz zu b\u00e4ndigen und gesch\u00e4digtes Haar zu reparieren, geht nichts \u00fcber einen n\u00e4hrenden Conditioner. Er enth\u00e4lt Wirkstoffe, die nachweislich die Schuppenschicht gl\u00e4tten und schlie\u00dfen, gesch\u00e4digte Haarfasern reparieren und die Haarfarbe bewahren.<\/p>\n<p>Langfristiger Schutz<\/p>\n<p>Die mit wohltuenden Wirkstoffen entwickelte, n\u00e4hrende Anti-Frizz Pflegesp\u00fclung von NATULIQUE gl\u00e4ttet und versiegelt die aufgeworfene Nagelhaut und repariert gespaltene Haarfasern.<\/p>\n<p><strong>Gebrauchsanweisung<\/strong> : Den Conditioner auf das Haar auftragen und von der Kopfhaut bis zu den Spitzen einarbeiten. Eine Minute lang einwirken lassen. Mit lauwarmem Wasser aussp\u00fclen, handtuchtrocken f\u00f6hnen und frisieren.<\/p>\n<div class=\"fusion-title title fusion-title-3 fusion-sep-none fusion-title-text fusion-title-size-four\">\n<p>Die n\u00e4hrende Pflegesp\u00fclung von Natulique ist frei von Sulfaten, Parabenen und aggressiven Chemikalien und garantiert so eine sanfte und umweltfreundliche Anwendung. Er ist ideal f\u00fcr den t\u00e4glichen Gebrauch und sorgt daf\u00fcr, dass Ihr Haar weich, seidig und leicht k\u00e4mmbar ist. Erleben Sie mit Natulique eine Premium-Haarpflege und lassen Sie Ihr stumpfes und gesch\u00e4digtes Haar wieder aufleben.<\/p>\n<h3 class=\"fusion-title-heading title-heading-left fusion-responsive-typography-calculated\">AUSSERGEW\u00d6HNLICHE ZUTATEN<\/h3>\n<\/div>\n<div class=\"fusion-text fusion-text-7\">\n<p><strong>Avocado\u00f6l<\/strong>\u00a0regt die Durchblutung an und befreit die Haarfollikel, w\u00e4hrend es Kopfhaut und Haar mit Feuchtigkeit versorgt.<\/p>\n<p><strong>Der Extrakt aus Sonnenblumenkernen<\/strong>\u00a0enth\u00e4lt Vitamin E und Fetts\u00e4uren, die nachweislich freie Radikale, die das Haar und die Kopfhaut sch\u00e4digen k\u00f6nnen, reduzieren und neutralisieren.<\/p>\n<p><strong>Cranberry-Extrakt<\/strong>\u00a0macht das Haar weich und n\u00e4hrt es, w\u00e4hrend es der Kopfhaut antioxidative, entz\u00fcndungshemmende und antibakterielle Eigenschaften verleiht.<\/p>\n<p><strong>Kreatin<\/strong>\u00a0ist ein au\u00dfergew\u00f6hnlicher Bindungsaufbauer, und die Aminos\u00e4ure st\u00e4rkt und baut das Haar von innen heraus wieder auf, wodurch die Zellvitalit\u00e4t sowie die Elastizit\u00e4t und Kraft des Haars gesteigert werden.<\/p>\n<div class=\"fusion-text fusion-text-8\">\n<p>Die einzigartige Kombination von<strong>hydriertes Rizinus\u00f6l<\/strong>\u00a0und von\u00a0<em><b>Sebacins\u00e4ure-Copolymer<\/b><\/em>\u00a0ist ein vollst\u00e4ndig nat\u00fcrlicher Inhaltsstoffkomplex, der hilft, angehobene Nagelhaut zu versiegeln und zu gl\u00e4tten, Spliss zu reparieren und das Ausbleichen des Haares zu verringern.<\/p>\n<\/div>\n<div class=\"accordian fusion-accordian\">\n<div id=\"accordion-666-1\" class=\"panel-group fusion-toggle-icon-unboxed\">\n<div class=\"fusion-panel panel-default panel-77251958c93bec106 fusion-toggle-no-divider\">\n<div class=\"panel-heading\">\n<div class=\"fusion-layout-column fusion_builder_column fusion-builder-column-19 fusion_builder_column_2_3 2_3 fusion-flex-column fusion-flex-align-self-center fusion-animated\" data-animationtype=\"fadeInDown\" data-animationduration=\"1.4\" data-animationoffset=\"top-into-view\">\n<div class=\"fusion-column-wrapper fusion-column-has-shadow fusion-flex-justify-content-flex-start fusion-content-layout-column\">\n<div class=\"fusion-text fusion-text-9\">\n<p>L'<strong>Nourishing Anti-Frizz-Conditioner<\/strong>\u00a0wird nach unserer 360BIOCERT-Ethik hergestellt. Das bedeutet, dass es in D\u00e4nemark mit nachhaltigen Methoden unter Verwendung der besten Inhaltsstoffe, ohne Tierversuche, ohne moderne Sklaverei und ohne Kinderarbeit hergestellt wird!<\/p>\n<p>360BIOCERT Bio zu sein bedeutet auch, dass \u00fcber 95 % der Inhaltsstoffe nat\u00fcrlich sind und dass wir keine synthetischen Duftstoffe, F\u00fcllstoffe oder synthetische Farbstoffe, Parabene und aggressive Sulfate verwenden.<\/p>\n<\/div>\n<\/div>\n<\/div>\n<div class=\"fusion-layout-column fusion_builder_column fusion-builder-column-20 fusion_builder_column_1_3 1_3 fusion-flex-column fusion-animated\" data-animationtype=\"fadeIn\" data-animationduration=\"1.4\" data-animationoffset=\"top-into-view\">\n<div class=\"fusion-column-wrapper fusion-column-has-shadow fusion-flex-justify-content-center fusion-content-layout-row\">Entscheiden Sie sich f\u00fcr Natulique, eine Marke, die sich f\u00fcr nachhaltige Entwicklung einsetzt, f\u00fcr eine nat\u00fcrliche und wirksame Haarpflege. Kaufen Sie jetzt in unserem exklusiven und offiziellen Natulique-Shop in der Schweiz und profitieren Sie von einer schnellen Lieferung innerhalb der Schweiz.<\/div>\n<div>\n<p><strong>Das NATULIQUE-Konzept<\/strong><\/p>\n<p>Sind Sie neugierig darauf, wie eine 100% NATULIQUE Lounge aussieht?<\/p>\n<p><a href=\"https:\/\/natulique.com\/fr\/concept-salon\/\">Erfahren Sie mehr \u00fcber die Vorteile und wie man ein Salonkonzept wird \u2192.<\/a><\/p>\n<p>Erg\u00e4nzen Sie mit der n\u00e4hrenden Creme Natulique<\/p>\n<p><a href=\"https:\/\/mccp-coiffure-bio.ch\/creme-nourrissante-cheveux\/\">https:\/\/mccp-coiffure-bio.ch\/creme-nourrissante-cheveux\/<\/a><\/p>\n<\/div>\n<\/div>\n<\/div>\n<\/div>\n<\/div>\n<\/div>\n<\/div>","protected":false},"excerpt":{"rendered":"<h2 style=\"text-align: left\"><strong>Natulique Nourishing Conditioner <\/strong><\/h2>\n<p style=\"text-align: left\">Entdecken Sie die n\u00e4hrende Pflegesp\u00fclung von Natulique, die entwickelt wurde, um Ihr Haar zu revitalisieren und tiefgreifend mit Feuchtigkeit zu versorgen. Dieser Conditioner mit zertifizierten biologischen Inhaltsstoffen bietet eine intensive Pflege f\u00fcr alle Haartypen. Angereichert mit nat\u00fcrlichen \u00d6len und Pflanzenextrakten hilft sie, die Haarfaser zu st\u00e4rken, Frizz zu reduzieren und den Glanz zu verbessern.<\/p>\n<p>Entscheiden Sie sich f\u00fcr Natulique, eine Marke, die sich f\u00fcr nachhaltige Entwicklung einsetzt, f\u00fcr eine nat\u00fcrliche und wirksame Haarpflege. Kaufen Sie jetzt in unserem exklusiven und offiziellen Natulique-Shop in der Schweiz und profitieren Sie von einer schnellen Lieferung innerhalb der Schweiz.<\/p>\n<ul style=\"text-align: left\">\n<li><strong>Bio-Zutaten<\/strong><\/li>\n<li><strong>Vegan<\/strong><\/li>\n<li><strong>Pro-Qualit\u00e4t<\/strong><\/li>\n<li><strong>Recycelbare Verpackung<\/strong><\/li>\n<\/ul>\n<p><img decoding=\"async\" class=\"wp-image-2406 aligncenter\" src=\"https:\/\/particulier.mccp-coiffure-bio.ch\/wp-content\/uploads\/2021\/01\/vegan-society-certification-300x242.png\" alt=\"\" width=\"214\" height=\"172\" srcset=\"https:\/\/particulier.mccp-coiffure-bio.ch\/wp-content\/uploads\/2021\/01\/vegan-society-certification-300x242.png 300w, https:\/\/particulier.mccp-coiffure-bio.ch\/wp-content\/uploads\/2021\/01\/vegan-society-certification.png 529w\" sizes=\"(max-width: 214px) 100vw, 214px\" \/><\/p>","protected":false},"featured_media":3285,"comment_status":"open","ping_status":"closed","template":"","meta":{"ocean_post_layout":"","ocean_both_sidebars_style":"","ocean_both_sidebars_content_width":0,"ocean_both_sidebars_sidebars_width":0,"ocean_sidebar":"0","ocean_second_sidebar":"0","ocean_disable_margins":"enable","ocean_add_body_class":"","ocean_shortcode_before_top_bar":"","ocean_shortcode_after_top_bar":"","ocean_shortcode_before_header":"","ocean_shortcode_after_header":"","ocean_has_shortcode":"","ocean_shortcode_after_title":"","ocean_shortcode_before_footer_widgets":"","ocean_shortcode_after_footer_widgets":"","ocean_shortcode_before_footer_bottom":"","ocean_shortcode_after_footer_bottom":"","ocean_display_top_bar":"default","ocean_display_header":"default","ocean_header_style":"","ocean_center_header_left_menu":"0","ocean_custom_header_template":"0","ocean_custom_logo":0,"ocean_custom_retina_logo":0,"ocean_custom_logo_max_width":0,"ocean_custom_logo_tablet_max_width":0,"ocean_custom_logo_mobile_max_width":0,"ocean_custom_logo_max_height":0,"ocean_custom_logo_tablet_max_height":0,"ocean_custom_logo_mobile_max_height":0,"ocean_header_custom_menu":"0","ocean_menu_typo_font_family":"0","ocean_menu_typo_font_subset":"","ocean_menu_typo_font_size":0,"ocean_menu_typo_font_size_tablet":0,"ocean_menu_typo_font_size_mobile":0,"ocean_menu_typo_font_size_unit":"px","ocean_menu_typo_font_weight":"","ocean_menu_typo_font_weight_tablet":"","ocean_menu_typo_font_weight_mobile":"","ocean_menu_typo_transform":"","ocean_menu_typo_transform_tablet":"","ocean_menu_typo_transform_mobile":"","ocean_menu_typo_line_height":0,"ocean_menu_typo_line_height_tablet":0,"ocean_menu_typo_line_height_mobile":0,"ocean_menu_typo_line_height_unit":"","ocean_menu_typo_spacing":0,"ocean_menu_typo_spacing_tablet":0,"ocean_menu_typo_spacing_mobile":0,"ocean_menu_typo_spacing_unit":"","ocean_menu_link_color":"","ocean_menu_link_color_hover":"","ocean_menu_link_color_active":"","ocean_menu_link_background":"","ocean_menu_link_hover_background":"","ocean_menu_link_active_background":"","ocean_menu_social_links_bg":"","ocean_menu_social_hover_links_bg":"","ocean_menu_social_links_color":"","ocean_menu_social_hover_links_color":"","ocean_disable_title":"default","ocean_disable_heading":"default","ocean_post_title":"","ocean_post_subheading":"","ocean_post_title_style":"","ocean_post_title_background_color":"","ocean_post_title_background":0,"ocean_post_title_bg_image_position":"","ocean_post_title_bg_image_attachment":"","ocean_post_title_bg_image_repeat":"","ocean_post_title_bg_image_size":"","ocean_post_title_height":0,"ocean_post_title_bg_overlay":0.5,"ocean_post_title_bg_overlay_color":"","ocean_disable_breadcrumbs":"default","ocean_breadcrumbs_color":"","ocean_breadcrumbs_separator_color":"","ocean_breadcrumbs_links_color":"","ocean_breadcrumbs_links_hover_color":"","ocean_display_footer_widgets":"default","ocean_display_footer_bottom":"default","ocean_custom_footer_template":"0"},"product_brand":[],"product_cat":[322],"product_tag":[],"class_list":{"0":"post-3286","1":"product","2":"type-product","3":"status-publish","4":"has-post-thumbnail","6":"product_cat-soins-des-cheveux","8":"entry","9":"has-media","11":"first","12":"instock","13":"taxable","14":"shipping-taxable","15":"purchasable","16":"product-type-variable","17":"has-product-nav","18":"col","19":"span_1_of_5","20":"owp-content-center","21":"owp-thumbs-layout-horizontal","22":"owp-btn-normal","23":"owp-tabs-layout-horizontal"},"jetpack_sharing_enabled":true,"_links":{"self":[{"href":"https:\/\/particulier.mccp-coiffure-bio.ch\/de\/wp-json\/wp\/v2\/product\/3286","targetHints":{"allow":["GET"]}}],"collection":[{"href":"https:\/\/particulier.mccp-coiffure-bio.ch\/de\/wp-json\/wp\/v2\/product"}],"about":[{"href":"https:\/\/particulier.mccp-coiffure-bio.ch\/de\/wp-json\/wp\/v2\/types\/product"}],"replies":[{"embeddable":true,"href":"https:\/\/particulier.mccp-coiffure-bio.ch\/de\/wp-json\/wp\/v2\/comments?post=3286"}],"version-history":[{"count":0,"href":"https:\/\/particulier.mccp-coiffure-bio.ch\/de\/wp-json\/wp\/v2\/product\/3286\/revisions"}],"wp:featuredmedia":[{"embeddable":true,"href":"https:\/\/particulier.mccp-coiffure-bio.ch\/de\/wp-json\/wp\/v2\/media\/3285"}],"wp:attachment":[{"href":"https:\/\/particulier.mccp-coiffure-bio.ch\/de\/wp-json\/wp\/v2\/media?parent=3286"}],"wp:term":[{"taxonomy":"product_brand","embeddable":true,"href":"https:\/\/particulier.mccp-coiffure-bio.ch\/de\/wp-json\/wp\/v2\/product_brand?post=3286"},{"taxonomy":"product_cat","embeddable":true,"href":"https:\/\/particulier.mccp-coiffure-bio.ch\/de\/wp-json\/wp\/v2\/product_cat?post=3286"},{"taxonomy":"product_tag","embeddable":true,"href":"https:\/\/particulier.mccp-coiffure-bio.ch\/de\/wp-json\/wp\/v2\/product_tag?post=3286"}],"curies":[{"name":"wp","href":"https:\/\/api.w.org\/{rel}","templated":true}]}}