{"id":3261,"date":"2024-05-22T13:22:18","date_gmt":"2024-05-22T11:22:18","guid":{"rendered":"https:\/\/particulier.mccp-coiffure-bio.ch\/apres-shampooing-cheveux-quotidien-2\/"},"modified":"2026-01-05T14:00:28","modified_gmt":"2026-01-05T13:00:28","slug":"apres-shampoing-cheveux-quotidien-2","status":"publish","type":"product","link":"https:\/\/particulier.mccp-coiffure-bio.ch\/de\/produkt\/apres-shampoing-cheveux-quotidien-2\/","title":{"rendered":"Haarsp\u00fclung T\u00e4glich"},"content":{"rendered":"<h1>T\u00c4GLICHE HAARSP\u00dcLUNG:<\/h1>\n<h1>Sanft und ausgewogen<\/h1>\n<p>Diese <strong>Haarsp\u00fclung<\/strong> zertifiziert biologisch, steckt voller n\u00fctzlicher Vitamine und \u00fcber 75 verschiedener N\u00e4hrstoffe f\u00fcr gl\u00e4nzenderes und ges\u00fcnderes Haar. Mit seiner ultrafeinf\u00fchligen Reinigungsformel beugt es Irritationen der Kopfhaut wie Juckreiz und R\u00f6tungen vor, die andere Conditioner und <strong>Haarprodukte<\/strong> normalen Schuppen verursachen k\u00f6nnen. Das macht es zu einer perfekten t\u00e4glichen L\u00f6sung f\u00fcr Schuppen, ...<strong> fettiges Haar<\/strong>Es kann auch zu juckender Haut und einer gereizten Kopfhaut kommen.<\/p>\n<p>Unser <strong>Haarsp\u00fclung<\/strong> ultra-mildes zertifiziertes Bio-Haarpflegemittel, das das Haar tiefgreifend n\u00e4hrt und revitalisiert und es gesund, leicht und kr\u00e4ftig aussehen l\u00e4sst.<\/p>\n<ul>\n<li>Keine k\u00fcnstlichen Farb-, F\u00fcll- oder Duftstoffe<\/li>\n<li>Kein Silizium hinzugef\u00fcgt<\/li>\n<li>Ohne Parabene<\/li>\n<li>Vegan zertifiziert<\/li>\n<li>Ohne Grausamkeiten an Tieren<\/li>\n<li>Professionelle Qualit\u00e4t<\/li>\n<li>Nachhaltige Verpackung<\/li>\n<\/ul>\n<p>Unser t\u00e4glicher Conditioner f\u00fcr Haar und Kopfhaut NATULIQUE hat eine \u00fcberarbeitete Formel, die reich an N\u00e4hrstoffen ist und regeneriert <strong>die Feuchtigkeitsversorgung der Haare<\/strong> und empfindlicher Kopfhaut und h\u00e4lt Schuppen fern.<\/p>\n<p>Enth\u00e4lt luxuri\u00f6se, wohltuende, zertifiziert biologische Inhaltsstoffe.<br \/>\nMit luxuri\u00f6sen und wohltuenden, biologisch zertifizierten Inhaltsstoffen wie Aloe-Blatt-Saft, Aprikosensamen\u00f6l und Mandel\u00f6l n\u00e4hrt es das Haar und den <strong>Kopfhaut<\/strong> ohne aggressive Chemikalien zu ben\u00f6tigen. Dieser innovative Konditionierer ist perfekt f\u00fcr Sie, Ihre Kunden und die Umwelt.<\/p>\n<div class=\"fusion-layout-column fusion_builder_column fusion-builder-column-19 fusion_builder_column_1_2 1_2 fusion-flex-column fusion-flex-align-self-center\">\n<div class=\"fusion-column-wrapper fusion-column-has-shadow fusion-flex-justify-content-center fusion-content-layout-column\">\n<ul class=\"fusion-checklist fusion-checklist-1 fusion-checklist-default type-icons\">\n<li class=\"fusion-li-item\">\n<div class=\"fusion-li-item-content\"><strong>Aloe-vera-Extrakt<\/strong><br \/>\nN\u00e4hrt, beruhigt und repariert mit den Vitaminen A, B und C<\/div>\n<\/li>\n<li class=\"fusion-li-item\"><i class=\"fusion-li-icon fa-pagelines fab\" aria-hidden=\"true\"><\/i>\n<div class=\"fusion-li-item-content\"><strong>S\u00fc\u00dfes Mandel\u00f6l<\/strong><br \/>\nPflegende pflanzliche Fetts\u00e4uren f\u00fcr gest\u00e4rkte Follikel, hydratisiertes und gl\u00e4nzendes Haar<\/div>\n<\/li>\n<li class=\"fusion-li-item\"><i class=\"fusion-li-icon fa-pagelines fab\" aria-hidden=\"true\"><\/i>\n<div class=\"fusion-li-item-content\">\n<p><strong>Aprikosen\u00f6l aus biologischem Anbau<\/strong><br \/>\nMacht die Kopfhaut und das Haar weich und feucht, beruhigt trockene Kopfhaut und l\u00e4sst das Haar seidig gl\u00e4nzen.<\/p>\n<\/div>\n<\/li>\n<li class=\"fusion-li-item\"><i class=\"fusion-li-icon fa-pagelines fab\" aria-hidden=\"true\"><\/i>\n<div class=\"fusion-li-item-content\"><strong>Glyzerin aus Kokosnuss<\/strong><br \/>\nBewahrt die Feuchtigkeit und f\u00f6rdert gleichzeitig eine gute Sauerstoffversorgung des Haares<\/div>\n<\/li>\n<\/ul>\n<\/div>\n<\/div>\n<div class=\"fusion-layout-column fusion_builder_column fusion-builder-column-20 fusion_builder_column_1_2 1_2 fusion-flex-column fusion-flex-align-self-stretch\">\n<div class=\"fusion-column-wrapper fusion-column-has-shadow fusion-flex-justify-content-flex-start fusion-content-layout-column\">\n<div class=\"fusion-builder-row fusion-builder-row-inner fusion-row fusion-flex-align-items-flex-start fusion-flex-content-wrap\">\n<div class=\"fusion-layout-column fusion_builder_column_inner fusion-builder-nested-column-3 fusion_builder_column_inner_1_1 1_1 fusion-flex-column fusion-flex-align-self-stretch\">\n<div class=\"fusion-column-wrapper fusion-column-has-shadow fusion-flex-justify-content-flex-start fusion-content-layout-column\">\n<div class=\"fusion-image-element\"><\/div>\n<\/div>\n<\/div>\n<\/div>\n<div class=\"fusion-text fusion-text-13\">\n<p>Erh\u00e4ltlich in 250 ml (8,5 oz) und 1000 ml (34 oz) Flaschen aus umweltfreundlichem, recycelbarem PET 100% Kunststoff.<\/p>\n<\/div>\n<div class=\"accordian fusion-accordian\">\n<div id=\"accordion-559-1\" class=\"panel-group fusion-toggle-icon-unboxed\">\n<div class=\"fusion-panel panel-default panel-f7cd7dd44c9e8aaa7 fusion-toggle-no-divider\">\n<div class=\"panel-heading\">\n<h4 id=\"toggle_f7cd7dd44c9e8aaa7\" class=\"panel-title toggle fusion-responsive-typography-calculated\" data-fontsize=\"15.2\" data-lineheight=\"15.2px\"><strong>Gebrauchsanweisung :<\/strong> Tragen Sie die Sp\u00fclung auf das Haar auf und arbeiten Sie sich von der Kopfhaut bis zu den Haarspitzen vor. Lassen Sie den Conditioner eine Minute auf dem Haar einwirken. Mit lauwarmem Wasser aussp\u00fclen, mit einem Handtuch trocknen und frisieren.<\/h4>\n<h3>UNGLAUBLICHE ERGEBNISSE<\/h3>\n<div class=\"flex-shrink-0 flex flex-col relative items-end\">\n<div class=\"pt-0.5\">\n<div class=\"gizmo-shadow-stroke flex h-6 w-6 items-center justify-center overflow-hidden rounded-full\">\n<div class=\"relative p-1 rounded-sm h-9 w-9 text-white flex items-center justify-center\">Verwenden Sie vorab das milde, ausgewogene t\u00e4gliche Haarshampoo, das perfekt mit dem t\u00e4glichen NATULIQUE Conditioner harmoniert und dazu beitr\u00e4gt, dass Haar und Kopfhaut wieder mit Feuchtigkeit versorgt werden.<\/div>\n<div><\/div>\n<\/div>\n<\/div>\n<\/div>\n<p><a href=\"https:\/\/natulique.com\/fr\/shampooing-bio-quotidien\/\">Erfahre mehr \u00fcber das t\u00e4gliche Shampoo \u2192.<\/a><\/p>\n<p>F\u00fcr mehr Leistung vervollst\u00e4ndigen Sie dieses Volumenritual mit dem Natulique Volumen-Toner bei MCCP COIFFURE BIO.<\/p>\n<div class=\"oceanwp-oembed-wrap clr\">\n<blockquote class=\"wp-embedded-content\" data-secret=\"fHshA54LaL\"><p><a href=\"https:\/\/mccp-coiffure-bio.ch\/tonique-volumisant-special-racines\/\">Volumizing Root Tonic Special<\/a><\/p><\/blockquote>\n<p><iframe class=\"wp-embedded-content\" sandbox=\"allow-scripts\" security=\"restricted\" style=\"position: absolute; visibility: hidden;\" title=\"&quot;Volumizing Roots Special Tonic&quot; - MCCP COIFFURE BIO\" src=\"https:\/\/mccp-coiffure-bio.ch\/tonique-volumisant-special-racines\/embed\/#?secret=HhWmjQk1IP#?secret=fHshA54LaL\" data-secret=\"fHshA54LaL\" width=\"600\" height=\"338\" frameborder=\"0\" marginwidth=\"0\" marginheight=\"0\" scrolling=\"no\"><\/iframe><\/div>\n<p>&nbsp;<\/p>\n<\/div>\n<\/div>\n<\/div>\n<\/div>\n<\/div>\n<\/div>\n<p><strong>Inhaltsstoffe des Produkts<\/strong><br \/>\nAqua (Wasser)*, Aloe Barbadensis (Aloe Vera)-Blattsaft, Cetearylalkohol, Capryl-\/Caprins\u00e4uretriglycerid, Glycerin, Behenoyl-PG-Trimoniumchlorid, Polyglyceryl-6-distearat, Natriumbenzoat, Parf\u00fcm, Prunus Amygdalus Dulcis \u00d6l (Mandel), Prunus Armenica Kern\u00f6l (Aprikose), Hexylenglykol, Propylenglykol, Zitronens\u00e4ure, Kaliumsorbat, Natriumgluconat, Glycyrrhiza Glabra Wurzelextrakt (Lakritze).<br \/>\n*) Zutaten aus biologischem Anbau<br \/>\n**) Inhaltsstoffe nat\u00fcrlichen Ursprungs.<\/p>","protected":false},"excerpt":{"rendered":"<h2 style=\"text-align: left;\">Entdecken Sie den t\u00e4glichen Conditioner Natulique bei MCCP COIFFURE BIO<\/h2>\n<p>Ein ultramilder Conditioner, der Ihr Haar mit zertifiziert biologischen Inhaltsstoffen n\u00e4hrt und verw\u00f6hnt und es gesund, leicht und nat\u00fcrlich aussehen l\u00e4sst, ohne Silikonansammlungen oder -r\u00fcckst\u00e4nde.<\/p>\n<p>Die neue bio-zertifizierte Formel ist vollgepackt mit n\u00fctzlichen Vitaminen und \u00fcber 75 verschiedenen N\u00e4hrstoffen.Diese ultra-sanfte Formel pflegt Haar und Kopfhaut t\u00e4glich und bietet eine ideale L\u00f6sung f\u00fcr fettiges Haar, juckende Schuppen und Hautirritationen.<\/p>\n<p>Dank biologischer Inhaltsstoffe wie Aloe-Blatt-Saft, Aprikosenkern\u00f6l und Mandel\u00f6l sch\u00fctzt und pflegt dieser Conditioner die Kopfhaut, ohne aggressive Chemikalien zu verwenden.<\/p>\n<p style=\"text-align: left;\">Tauchen Sie ein in die Exzellenz der Haarsch\u00f6nheit mit <strong>MCCP BIO-FRISUR<\/strong> Ihr exklusiver Partner f\u00fcr die <strong>Produktvertrieb<\/strong> <strong>Natulisch<\/strong> in<strong> Schweiz<\/strong>. Als engagierte Spezialisten bieten wir Ihnen eine ganze Reihe von <strong>Haarprodukte<\/strong> von professioneller Qualit\u00e4t, die aus erstklassigen biologischen Inhaltsstoffen hergestellt werden. Vertrauen Sie auf unser Fachwissen, um Sie zu einem au\u00dfergew\u00f6hnlichen Haarerlebnis zu f\u00fchren, das Ihren anspruchsvollsten Erwartungen entspricht.<\/p>\n<ul style=\"text-align: left;\">\n<li><strong>Bio-Zutaten<\/strong><\/li>\n<li><strong>Vegan<\/strong><\/li>\n<li><strong>Pro-Qualit\u00e4t<\/strong><\/li>\n<li><strong>Recycelbare Verpackung<\/strong><\/li>\n<\/ul>\n<p><img decoding=\"async\" class=\"wp-image-2406 aligncenter\" src=\"https:\/\/particulier.mccp-coiffure-bio.ch\/wp-content\/uploads\/2021\/01\/vegan-society-certification-300x242.png\" alt=\"\" width=\"214\" height=\"172\" srcset=\"https:\/\/particulier.mccp-coiffure-bio.ch\/wp-content\/uploads\/2021\/01\/vegan-society-certification-300x242.png 300w, https:\/\/particulier.mccp-coiffure-bio.ch\/wp-content\/uploads\/2021\/01\/vegan-society-certification.png 529w\" sizes=\"(max-width: 214px) 100vw, 214px\" \/><\/p>","protected":false},"featured_media":3260,"comment_status":"open","ping_status":"closed","template":"","meta":{"ocean_post_layout":"","ocean_both_sidebars_style":"","ocean_both_sidebars_content_width":0,"ocean_both_sidebars_sidebars_width":0,"ocean_sidebar":"0","ocean_second_sidebar":"0","ocean_disable_margins":"enable","ocean_add_body_class":"","ocean_shortcode_before_top_bar":"","ocean_shortcode_after_top_bar":"","ocean_shortcode_before_header":"","ocean_shortcode_after_header":"","ocean_has_shortcode":"","ocean_shortcode_after_title":"","ocean_shortcode_before_footer_widgets":"","ocean_shortcode_after_footer_widgets":"","ocean_shortcode_before_footer_bottom":"","ocean_shortcode_after_footer_bottom":"","ocean_display_top_bar":"default","ocean_display_header":"default","ocean_header_style":"","ocean_center_header_left_menu":"0","ocean_custom_header_template":"0","ocean_custom_logo":0,"ocean_custom_retina_logo":0,"ocean_custom_logo_max_width":0,"ocean_custom_logo_tablet_max_width":0,"ocean_custom_logo_mobile_max_width":0,"ocean_custom_logo_max_height":0,"ocean_custom_logo_tablet_max_height":0,"ocean_custom_logo_mobile_max_height":0,"ocean_header_custom_menu":"0","ocean_menu_typo_font_family":"0","ocean_menu_typo_font_subset":"","ocean_menu_typo_font_size":0,"ocean_menu_typo_font_size_tablet":0,"ocean_menu_typo_font_size_mobile":0,"ocean_menu_typo_font_size_unit":"px","ocean_menu_typo_font_weight":"","ocean_menu_typo_font_weight_tablet":"","ocean_menu_typo_font_weight_mobile":"","ocean_menu_typo_transform":"","ocean_menu_typo_transform_tablet":"","ocean_menu_typo_transform_mobile":"","ocean_menu_typo_line_height":0,"ocean_menu_typo_line_height_tablet":0,"ocean_menu_typo_line_height_mobile":0,"ocean_menu_typo_line_height_unit":"","ocean_menu_typo_spacing":0,"ocean_menu_typo_spacing_tablet":0,"ocean_menu_typo_spacing_mobile":0,"ocean_menu_typo_spacing_unit":"","ocean_menu_link_color":"","ocean_menu_link_color_hover":"","ocean_menu_link_color_active":"","ocean_menu_link_background":"","ocean_menu_link_hover_background":"","ocean_menu_link_active_background":"","ocean_menu_social_links_bg":"","ocean_menu_social_hover_links_bg":"","ocean_menu_social_links_color":"","ocean_menu_social_hover_links_color":"","ocean_disable_title":"default","ocean_disable_heading":"default","ocean_post_title":"","ocean_post_subheading":"","ocean_post_title_style":"","ocean_post_title_background_color":"","ocean_post_title_background":0,"ocean_post_title_bg_image_position":"","ocean_post_title_bg_image_attachment":"","ocean_post_title_bg_image_repeat":"","ocean_post_title_bg_image_size":"","ocean_post_title_height":0,"ocean_post_title_bg_overlay":0.5,"ocean_post_title_bg_overlay_color":"","ocean_disable_breadcrumbs":"default","ocean_breadcrumbs_color":"","ocean_breadcrumbs_separator_color":"","ocean_breadcrumbs_links_color":"","ocean_breadcrumbs_links_hover_color":"","ocean_display_footer_widgets":"default","ocean_display_footer_bottom":"default","ocean_custom_footer_template":"0"},"product_brand":[],"product_cat":[322],"product_tag":[],"class_list":{"0":"post-3261","1":"product","2":"type-product","3":"status-publish","4":"has-post-thumbnail","6":"product_cat-soins-des-cheveux","8":"entry","9":"has-media","11":"first","12":"instock","13":"taxable","14":"shipping-taxable","15":"purchasable","16":"product-type-variable","17":"has-default-attributes","18":"has-product-nav","19":"col","20":"span_1_of_5","21":"owp-content-center","22":"owp-thumbs-layout-horizontal","23":"owp-btn-normal","24":"owp-tabs-layout-horizontal"},"jetpack_sharing_enabled":true,"_links":{"self":[{"href":"https:\/\/particulier.mccp-coiffure-bio.ch\/de\/wp-json\/wp\/v2\/product\/3261","targetHints":{"allow":["GET"]}}],"collection":[{"href":"https:\/\/particulier.mccp-coiffure-bio.ch\/de\/wp-json\/wp\/v2\/product"}],"about":[{"href":"https:\/\/particulier.mccp-coiffure-bio.ch\/de\/wp-json\/wp\/v2\/types\/product"}],"replies":[{"embeddable":true,"href":"https:\/\/particulier.mccp-coiffure-bio.ch\/de\/wp-json\/wp\/v2\/comments?post=3261"}],"version-history":[{"count":1,"href":"https:\/\/particulier.mccp-coiffure-bio.ch\/de\/wp-json\/wp\/v2\/product\/3261\/revisions"}],"predecessor-version":[{"id":6057,"href":"https:\/\/particulier.mccp-coiffure-bio.ch\/de\/wp-json\/wp\/v2\/product\/3261\/revisions\/6057"}],"wp:featuredmedia":[{"embeddable":true,"href":"https:\/\/particulier.mccp-coiffure-bio.ch\/de\/wp-json\/wp\/v2\/media\/3260"}],"wp:attachment":[{"href":"https:\/\/particulier.mccp-coiffure-bio.ch\/de\/wp-json\/wp\/v2\/media?parent=3261"}],"wp:term":[{"taxonomy":"product_brand","embeddable":true,"href":"https:\/\/particulier.mccp-coiffure-bio.ch\/de\/wp-json\/wp\/v2\/product_brand?post=3261"},{"taxonomy":"product_cat","embeddable":true,"href":"https:\/\/particulier.mccp-coiffure-bio.ch\/de\/wp-json\/wp\/v2\/product_cat?post=3261"},{"taxonomy":"product_tag","embeddable":true,"href":"https:\/\/particulier.mccp-coiffure-bio.ch\/de\/wp-json\/wp\/v2\/product_tag?post=3261"}],"curies":[{"name":"wp","href":"https:\/\/api.w.org\/{rel}","templated":true}]}}