{"id":3250,"date":"2024-05-22T13:22:47","date_gmt":"2024-05-22T11:22:47","guid":{"rendered":"https:\/\/particulier.mccp-coiffure-bio.ch\/shampooing-boucles-et-ondulations-2\/"},"modified":"2026-01-13T08:53:54","modified_gmt":"2026-01-13T07:53:54","slug":"shampoing-boucles-et-ondulations","status":"publish","type":"product","link":"https:\/\/particulier.mccp-coiffure-bio.ch\/de\/produkt\/shampoing-boucles-et-ondulations\/","title":{"rendered":"Curls Und Wellen Shampoo 250 ml"},"content":{"rendered":"<h1><strong>Natulique Curls Locken und Wellen Shampoo 250 ml<\/strong><\/h1>\n<p>Das Curls Locken- und Wellenshampoo von Natulique ist die ultimative L\u00f6sung f\u00fcr lockiges, krauses und welliges Haar. Wir bei MCCP Distribution sind stolz darauf, Ihnen dieses au\u00dfergew\u00f6hnliche Produkt anbieten zu k\u00f6nnen, das entwickelt wurde, um die speziellen Bed\u00fcrfnisse Ihrer Locken zu erf\u00fcllen und gleichzeitig die Umwelt und Ihre Haargesundheit zu schonen. Entdecken Sie die Vorteile dieses innovativen Shampoos, das mit nat\u00fcrlichen und biologischen Inhaltsstoffen formuliert wurde.<\/p>\n<h2><strong>Nat\u00fcrliche und biologische Formulierung<\/strong><\/h2>\n<p>Das Natulique Curls Locken- und Wellenshampoo wurde mit zertifizierten biologischen Inhaltsstoffen formuliert, die sicherstellen, dass es frei von Sulfaten, Parabenen und anderen aggressiven Chemikalien ist. Das Shampoo verwendet Pflanzenextrakte und \u00e4therische \u00d6le, um eine sanfte, aber effektive Reinigung zu bieten, die den nat\u00fcrlichen Feuchtigkeitsgehalt Ihres Haars bewahrt. Zu den wichtigsten Inhaltsstoffen geh\u00f6ren Aloe Vera, die f\u00fcr ihre feuchtigkeitsspendenden und beruhigenden Eigenschaften bekannt ist, sowie Rizinus\u00f6l, das daf\u00fcr bekannt ist, das Haar zu st\u00e4rken und tiefenwirksam zu n\u00e4hren, aber auch Heidelbeerextrakte, Glycerin und Hafer, um Frizz zu bek\u00e4mpfen.<\/p>\n<p>Der Extrakt der Guar-Pflanze tr\u00e4gt mit antistatischen und konditionierenden Eigenschaften zu prallen, weichen und gepflegten Locken bei.<\/p>\n<h2><strong>Feuchtigkeitsversorgung und Definition der Locken<\/strong><\/h2>\n<p>Das Natulique Curls Locken- und Wellenshampoo wurde speziell entwickelt, um Ihr Haar intensiv mit Feuchtigkeit zu versorgen und Ihre Locken zu definieren. Seine an feuchtigkeitsspendenden Wirkstoffen reiche Formel dringt tief in die Haarfaser ein und sorgt f\u00fcr geschmeidige, gut definierte Locken ohne Frizz. Bei regelm\u00e4\u00dfiger Anwendung hilft dieses Shampoo, die Locken elastisch und vital zu halten, selbst bei ung\u00fcnstigen Wetterbedingungen.<\/p>\n<h3><strong>Schutz und St\u00e4rkung<\/strong><\/h3>\n<p>Das Natulique Curls Locken- und Wellenshampoo spendet nicht nur Feuchtigkeit und definiert Locken, sondern st\u00e4rkt das Haar auch von der Wurzel bis zur Spitze. Mit Rizinus\u00f6l und anderen pflegenden Inhaltsstoffen hilft das Shampoo, Haarbruch vorzubeugen und geschw\u00e4chtes Haar zu st\u00e4rken. Die Locken sind sichtbar st\u00e4rker, widerstandsf\u00e4higer und weniger anf\u00e4llig f\u00fcr t\u00e4gliche Sch\u00e4den.<\/p>\n<h3><strong>Respekt f\u00fcr die Umwelt<\/strong><\/h3>\n<p>Natulique ist eine Marke, die sich f\u00fcr den Umweltschutz einsetzt. Das Curls Locken- und Wellenshampoo ist nicht nur wirksam, sondern auch umweltfreundlich. Die biologischen Inhaltsstoffe werden nachhaltig angebaut und die Formulierung des Produkts ist biologisch abbaubar. Dar\u00fcber hinaus ist die Verpackung recycelbar und tr\u00e4gt so zur Reduzierung von Plastikm\u00fcll bei. Wenn Sie sich f\u00fcr das Curls Locken- und Wellenshampoo von Natulique entscheiden, tun Sie etwas f\u00fcr den Planeten und pflegen gleichzeitig Ihr Haar.<\/p>\n<p><strong>Einfache Nutzung<\/strong><\/p>\n<p>Das Natulique Curls Locken- und Wellenshampoo ist einfach anzuwenden und f\u00fcgt sich nahtlos in Ihre Haarroutine ein. Tragen Sie eine kleine Menge des Shampoos auf das nasse Haar auf, massieren Sie es sanft ein, um es aufzusch\u00e4umen, und sp\u00fclen Sie es anschlie\u00dfend gr\u00fcndlich aus. Um optimale Ergebnisse zu erzielen, folgen Sie mit dem Conditioner und den anderen Produkten der Natulique-Linie, die Locken gewidmet sind. Sie werden schnell eine Verbesserung der Struktur und des Aussehens Ihrer Locken feststellen.<\/p>\n<p><strong>Geeignet f\u00fcr alle Lockenarten<\/strong><\/p>\n<p>Egal, ob Sie enge Locken, leichte Wellen oder krauses Haar haben, das Natulique Curls Locken- und Wellenshampoo ist f\u00fcr alle Arten von lockigem Haar geeignet. Seine milde Formel beschwert das Haar nicht und hinterl\u00e4sst keine R\u00fcckst\u00e4nde, sodass sich Ihre Locken voll entfalten k\u00f6nnen. Dieses Shampoo ist dank seiner beruhigenden und hypoallergenen Inhaltsstoffe auch ideal f\u00fcr empfindliche Kopfhaut.<\/p>\n<p><strong>Das NATULIQUE-Konzept<\/strong><\/p>\n<p>Sind Sie neugierig darauf, wie eine 100% NATULIQUE Lounge aussieht?<\/p>\n<p><a href=\"https:\/\/natulique.com\/fr\/concept-salon\/\">Erfahren Sie mehr \u00fcber die Vorteile und wie man ein Salonkonzept wird \u2192.<\/a><\/p>","protected":false},"excerpt":{"rendered":"<h2><strong>Natulique Locken und Wellen Shampoo - Pflege Definition Locken\u00a0<\/strong><\/h2>\n<p>Entdecken Sie das Curl Curl Shampoo von Natulique bei MCCP Distribution, das speziell entwickelt wurde, um Locken zu verfeinern und zu definieren. Dieses Shampoo ist mit biologischen Inhaltsstoffen angereichert, spendet intensive Feuchtigkeit und reinigt gleichzeitig sanft. Es st\u00e4rkt die Locken und macht sie geschmeidiger und praller. Es ist frei von Sulfaten und Parabenen, respektiert die Natur des Haares und bietet gleichzeitig eine leistungsstarke Pflege. Das Natulique Curls Shampoo ist ideal f\u00fcr lockiges und welliges Haar und ist Ihr Verb\u00fcndeter f\u00fcr gesunde und strahlende Locken.<\/p>\n<ul style=\"text-align: left\">\n<li><strong>Vegan<\/strong><\/li>\n<li><strong>Bio-Zutaten<\/strong><\/li>\n<li><strong>Pro-Qualit\u00e4t<\/strong><\/li>\n<li><strong>Recycelbare Verpackung<\/strong><\/li>\n<\/ul>\n<p><img decoding=\"async\" class=\"wp-image-2406 aligncenter\" src=\"https:\/\/particulier.mccp-coiffure-bio.ch\/wp-content\/uploads\/2021\/01\/vegan-society-certification-300x242.png\" alt=\"\" width=\"214\" height=\"172\" srcset=\"https:\/\/particulier.mccp-coiffure-bio.ch\/wp-content\/uploads\/2021\/01\/vegan-society-certification-300x242.png 300w, https:\/\/particulier.mccp-coiffure-bio.ch\/wp-content\/uploads\/2021\/01\/vegan-society-certification.png 529w\" sizes=\"(max-width: 214px) 100vw, 214px\" \/><\/p>","protected":false},"featured_media":3249,"comment_status":"open","ping_status":"closed","template":"","meta":{"ocean_post_layout":"","ocean_both_sidebars_style":"","ocean_both_sidebars_content_width":0,"ocean_both_sidebars_sidebars_width":0,"ocean_sidebar":"0","ocean_second_sidebar":"0","ocean_disable_margins":"enable","ocean_add_body_class":"","ocean_shortcode_before_top_bar":"","ocean_shortcode_after_top_bar":"","ocean_shortcode_before_header":"","ocean_shortcode_after_header":"","ocean_has_shortcode":"","ocean_shortcode_after_title":"","ocean_shortcode_before_footer_widgets":"","ocean_shortcode_after_footer_widgets":"","ocean_shortcode_before_footer_bottom":"","ocean_shortcode_after_footer_bottom":"","ocean_display_top_bar":"default","ocean_display_header":"default","ocean_header_style":"","ocean_center_header_left_menu":"0","ocean_custom_header_template":"0","ocean_custom_logo":0,"ocean_custom_retina_logo":0,"ocean_custom_logo_max_width":0,"ocean_custom_logo_tablet_max_width":0,"ocean_custom_logo_mobile_max_width":0,"ocean_custom_logo_max_height":0,"ocean_custom_logo_tablet_max_height":0,"ocean_custom_logo_mobile_max_height":0,"ocean_header_custom_menu":"0","ocean_menu_typo_font_family":"0","ocean_menu_typo_font_subset":"","ocean_menu_typo_font_size":0,"ocean_menu_typo_font_size_tablet":0,"ocean_menu_typo_font_size_mobile":0,"ocean_menu_typo_font_size_unit":"px","ocean_menu_typo_font_weight":"","ocean_menu_typo_font_weight_tablet":"","ocean_menu_typo_font_weight_mobile":"","ocean_menu_typo_transform":"","ocean_menu_typo_transform_tablet":"","ocean_menu_typo_transform_mobile":"","ocean_menu_typo_line_height":0,"ocean_menu_typo_line_height_tablet":0,"ocean_menu_typo_line_height_mobile":0,"ocean_menu_typo_line_height_unit":"","ocean_menu_typo_spacing":0,"ocean_menu_typo_spacing_tablet":0,"ocean_menu_typo_spacing_mobile":0,"ocean_menu_typo_spacing_unit":"","ocean_menu_link_color":"","ocean_menu_link_color_hover":"","ocean_menu_link_color_active":"","ocean_menu_link_background":"","ocean_menu_link_hover_background":"","ocean_menu_link_active_background":"","ocean_menu_social_links_bg":"","ocean_menu_social_hover_links_bg":"","ocean_menu_social_links_color":"","ocean_menu_social_hover_links_color":"","ocean_disable_title":"default","ocean_disable_heading":"default","ocean_post_title":"","ocean_post_subheading":"","ocean_post_title_style":"","ocean_post_title_background_color":"","ocean_post_title_background":0,"ocean_post_title_bg_image_position":"","ocean_post_title_bg_image_attachment":"","ocean_post_title_bg_image_repeat":"","ocean_post_title_bg_image_size":"","ocean_post_title_height":0,"ocean_post_title_bg_overlay":0.5,"ocean_post_title_bg_overlay_color":"","ocean_disable_breadcrumbs":"default","ocean_breadcrumbs_color":"","ocean_breadcrumbs_separator_color":"","ocean_breadcrumbs_links_color":"","ocean_breadcrumbs_links_hover_color":"","ocean_display_footer_widgets":"default","ocean_display_footer_bottom":"default","ocean_custom_footer_template":"0"},"product_brand":[],"product_cat":[324],"product_tag":[],"class_list":{"0":"post-3250","1":"product","2":"type-product","3":"status-publish","4":"has-post-thumbnail","6":"product_cat-shampoings-naturels","8":"entry","9":"has-media","11":"first","12":"instock","13":"taxable","14":"shipping-taxable","15":"purchasable","16":"product-type-simple","17":"has-product-nav","18":"col","19":"span_1_of_5","20":"owp-content-center","21":"owp-thumbs-layout-horizontal","22":"owp-btn-normal","23":"owp-tabs-layout-horizontal"},"jetpack_sharing_enabled":true,"_links":{"self":[{"href":"https:\/\/particulier.mccp-coiffure-bio.ch\/de\/wp-json\/wp\/v2\/product\/3250","targetHints":{"allow":["GET"]}}],"collection":[{"href":"https:\/\/particulier.mccp-coiffure-bio.ch\/de\/wp-json\/wp\/v2\/product"}],"about":[{"href":"https:\/\/particulier.mccp-coiffure-bio.ch\/de\/wp-json\/wp\/v2\/types\/product"}],"replies":[{"embeddable":true,"href":"https:\/\/particulier.mccp-coiffure-bio.ch\/de\/wp-json\/wp\/v2\/comments?post=3250"}],"version-history":[{"count":0,"href":"https:\/\/particulier.mccp-coiffure-bio.ch\/de\/wp-json\/wp\/v2\/product\/3250\/revisions"}],"wp:featuredmedia":[{"embeddable":true,"href":"https:\/\/particulier.mccp-coiffure-bio.ch\/de\/wp-json\/wp\/v2\/media\/3249"}],"wp:attachment":[{"href":"https:\/\/particulier.mccp-coiffure-bio.ch\/de\/wp-json\/wp\/v2\/media?parent=3250"}],"wp:term":[{"taxonomy":"product_brand","embeddable":true,"href":"https:\/\/particulier.mccp-coiffure-bio.ch\/de\/wp-json\/wp\/v2\/product_brand?post=3250"},{"taxonomy":"product_cat","embeddable":true,"href":"https:\/\/particulier.mccp-coiffure-bio.ch\/de\/wp-json\/wp\/v2\/product_cat?post=3250"},{"taxonomy":"product_tag","embeddable":true,"href":"https:\/\/particulier.mccp-coiffure-bio.ch\/de\/wp-json\/wp\/v2\/product_tag?post=3250"}],"curies":[{"name":"wp","href":"https:\/\/api.w.org\/{rel}","templated":true}]}}