{"id":3244,"date":"2024-05-22T13:22:18","date_gmt":"2024-05-22T11:22:18","guid":{"rendered":"https:\/\/particulier.mccp-coiffure-bio.ch\/shampooing-cheveux-volume-2\/"},"modified":"2026-03-07T08:59:57","modified_gmt":"2026-03-07T07:59:57","slug":"shampoing-volume-250ml-1l","status":"publish","type":"product","link":"https:\/\/particulier.mccp-coiffure-bio.ch\/de\/produkt\/shampoing-volume-250ml-1l\/","title":{"rendered":"Volume Shampoo"},"content":{"rendered":"<h1>VOLUMENSHAMPOO<\/h1>\n<p>Ein fortschrittlicher Komplex aus Rosmarin, Haferseidenextrakt und anderen hochwirksamen Inhaltsstoffen reinigt und hilft, das Haar zu regenerieren, wodurch das Volumen effektiv erh\u00f6ht wird.<\/p>\n<p>Die<strong> Volumen-Shampoo<\/strong> NATULIQUE wird mit einer Formel mit reparierenden Eigenschaften geliefert, die das Haar und die Kopfhaut verj\u00fcngt und n\u00e4hrt.<\/p>\n<p>Die zertifiziert biologische Formel ist vollgepackt mit n\u00fctzlichen Antioxidantien und Vitaminen mit entz\u00fcndungshemmenden und beruhigenden F\u00e4higkeiten.<\/p>\n<p>Die entz\u00fcndungshemmenden und beruhigenden Eigenschaften des Rosmarinblattextrakts und des Haferkernextrakts machen die <strong>Volumenshampoo<\/strong> besonders geeignet als <strong>entgiftendes Shampoo<\/strong>. Wenn Ihr Kunde eine \u00fcberm\u00e4\u00dfige Ansammlung von Talg oder Produkt aufweist, wird dieses Shampoo die Kopfhaut gr\u00fcndlich reinigen und entgiften.<\/p>\n<p>Eine korrekte Reinigung des Haaransatzes in Kombination mit der Stimulation der Haarfollikel und der Erh\u00f6hung der Dicke jedes einzelnen <strong>Haarstr\u00e4hne<\/strong> hebt das Haar von der Kopfhaut ab und l\u00e4sst es f\u00fclliger und volumin\u00f6ser aussehen.<\/p>\n<p>Kann im Salon als Tiefenreinigung vor anderen Behandlungen oder einem F\u00e4rbeservice oder bei Bedarf auch zu Hause verwendet werden.<\/p>\n<p><strong>Gebrauchsanweisung<\/strong> : Nasses Haar. Tragen Sie das Shampoo auf und arbeiten Sie sich von der Kopfhaut bis zu den Haarspitzen vor. Aussp\u00fclen und bei Bedarf wiederholen.<\/p>\n<h3>ULTRA MILDE FORMEL f\u00fcr unser Natulique Volumen-Shampoo<\/h3>\n<ul>\n<li>L'<b><strong>Extrakt aus Rosmarinbl\u00e4ttern <\/strong><\/b>stimuliert die Haarwurzeln und -follikel, w\u00e4hrend die entz\u00fcndungshemmenden Eigenschaften helfen, gereizte Kopfhaut zu beruhigen und zu heilen.<\/li>\n<li><b><strong>HaferextraktHydratation<\/strong><\/b>St\u00e4rkung und Reparatur des Haares durch Omega 6 und 9<\/li>\n<li><b><strong>Extrakt aus Acai-Beeren: <\/strong><\/b>Aminos\u00e4uren halten die Haarwurzeln stark und die Kopfhaut gesund.<\/li>\n<li><b><strong>Sonnenblumenkern\u00f6l : <\/strong><\/b>sch\u00fctzt durch Pantothens\u00e4ure<\/li>\n<li><b><strong>Extrakt aus dem Blatt der Aloe Vera: <\/strong><\/b>Macht weich, beruhigt und heilt mit den Vitaminen A, B und C<\/li>\n<li><strong>Glyzerin auf Kokosnussbasis: <\/strong>Bewahrt die Feuchtigkeit und versorgt das Haar wirksam mit Sauerstoff.<\/li>\n<\/ul>\n<div class=\"fusion-text fusion-text-14\">\n<p>Erh\u00e4ltlich in 250 ml (8,5 fl. oz.) und 1000 ml (34 fl. oz.) Flaschen, hergestellt aus umweltfreundlichem, recycelbarem PET 100%-Kunststoff.<\/p>\n<p>Als Erg\u00e4nzung zu diesem Shampoo empfehlen wir Ihnen, Ihre Volumenpflege mit dem Natulique Volumen Conditioner fortzusetzen.<\/p>\n<p>Es versorgt Sie mit N\u00e4hrstoffen und macht Ihr Haar gleichzeitig geschmeidig, um zu sch\u00f6nem, volumin\u00f6sem und nat\u00fcrlichem Haar beizutragen.<\/p>\n<p><a href=\"https:\/\/natulique.com\/fr\/volume-conditioner\/\">NATULIQUE Volumen-Conditioner \u2192 \u2192.<\/a><\/p>\n<p>F\u00fcr mehr Volumen beenden Sie Ihr Ritual mit dem Volumizing Toner, der allen Haartypen sublimes Volumen und stundenlangen Halt verleiht.<\/p>\n<div class=\"fusion-layout-column fusion_builder_column fusion-builder-column-15 fusion_builder_column_1_3 1_3 fusion-flex-column\">\n<div class=\"fusion-column-wrapper fusion-column-has-shadow fusion-flex-justify-content-flex-start fusion-content-layout-column\">\n<div class=\"fusion-text fusion-text-7\">\n<p><a class=\"link\" href=\"https:\/\/natulique.com\/fr\/root-lifter-volume-tonic\/\">Volumizing Tonic Special Roots\u00a0<i class=\"fas fa-chevron-right\"><\/i><\/a><\/p>\n<\/div>\n<\/div>\n<\/div>\n<div class=\"fusion-layout-column fusion_builder_column fusion-builder-column-16 fusion_builder_column_1_3 1_3 fusion-flex-column\">\n<div class=\"fusion-column-wrapper fusion-column-has-shadow fusion-flex-justify-content-flex-start fusion-content-layout-column\"><\/div>\n<\/div>\n<\/div>\n<div class=\"fusion-text fusion-text-15\">\n<div class=\"ingredients alignjustify\"><b><strong>Zutaten<\/strong><\/b>: Aqua (Wasser), Aloe Barbadensis Blattsaft*, Lauryl Glucoside, Glycerin, Sodium Coco-Sulfate, Cocamidopropyl Betaine, Polyglyceryl-4 Caprate, Sodium Cocoamphoacetate, Sodium Chloride, Sodium Benzoate, Disodium Cocoyl Glutamate, Panthenol, Propylen Glycol, Sodium Cocoyl Glutamate, Sodium Sulfate, Potassium Sorbate, Sodium Gluconate, Sodium Hydroxide, Avena Sativa Kernel Extract*, Citric Acid, Euterpe Oleracea Fruit Extract*, Helianthus Annuus Seed Oil, Rosmarinus Officinalis Leaf Extract*, Aroma, Limonene, Linalool, Geraniol.<\/div>\n<\/div>\n<p>*Zutaten aus zertifizierter biologischer Landwirtschaft<\/p>","protected":false},"excerpt":{"rendered":"<h2 style=\"text-align: left\">Entdecken Sie das Natulique Volume Shampoo bei MCCP COIFFURE BIO<\/h2>\n<p>Das beste Bio-Volumen-Shampoo f\u00fcr ein unglaubliches Ergebnis<\/p>\n<p>Mit Rosmarin, Aleo Vera und Acai-Fr\u00fcchten, die f\u00fcr eine optimale Gesundheit und Ern\u00e4hrung des Haars sorgen.<\/p>\n<p>Die entz\u00fcndungshemmenden und beruhigenden Eigenschaften von Rosmarinblattextrakt und Haferkleieextrakt machen Volume Shampoo besonders geeignet als Entgiftungsshampoo. Wenn Ihr Kunde einen \u00dcberschuss an Talg oder eine Ansammlung von Produkten aufweist, wird dieses Shampoo die Kopfhaut gr\u00fcndlich reinigen und entgiften.<\/p>\n<p>Dieses Volumen-Shampoo hilft dem Haar und der Kopfhaut, ihr maximales Potenzial zu entfalten. Es reinigt die Haarwurzeln gr\u00fcndlich und stimuliert die Haarfollikel, w\u00e4hrend es feinem Haar F\u00fclle verleiht, ohne es trocken oder glanzlos zu machen.<\/p>\n<p style=\"text-align: left\">Tauchen Sie ein in die Exzellenz der Haarsch\u00f6nheit mit <strong>MCCP BIO-FRISUR<\/strong> Ihr exklusiver Partner f\u00fcr die <strong>Produktvertrieb<\/strong> <strong>Natulisch<\/strong> in<strong> Schweiz<\/strong>. Als engagierte Spezialisten bieten wir Ihnen eine ganze Reihe von <strong>Haarprodukte<\/strong> von professioneller Qualit\u00e4t, die aus erstklassigen biologischen Zutaten hergestellt werden.<\/p>\n<ul style=\"text-align: left\">\n<li><strong>Bio-Zutaten<\/strong><\/li>\n<li><strong>Vegan<\/strong><\/li>\n<li><strong>Pro-Qualit\u00e4t<\/strong><\/li>\n<li><strong>Recycelbare Verpackung<\/strong><\/li>\n<\/ul>\n<p><img decoding=\"async\" class=\"wp-image-2406 aligncenter\" src=\"https:\/\/particulier.mccp-coiffure-bio.ch\/wp-content\/uploads\/2021\/01\/vegan-society-certification-300x242.png\" alt=\"\" width=\"214\" height=\"172\" srcset=\"https:\/\/particulier.mccp-coiffure-bio.ch\/wp-content\/uploads\/2021\/01\/vegan-society-certification-300x242.png 300w, https:\/\/particulier.mccp-coiffure-bio.ch\/wp-content\/uploads\/2021\/01\/vegan-society-certification.png 529w\" sizes=\"(max-width: 214px) 100vw, 214px\" \/><\/p>","protected":false},"featured_media":5265,"comment_status":"open","ping_status":"closed","template":"","meta":{"ocean_post_layout":"","ocean_both_sidebars_style":"","ocean_both_sidebars_content_width":0,"ocean_both_sidebars_sidebars_width":0,"ocean_sidebar":"0","ocean_second_sidebar":"0","ocean_disable_margins":"enable","ocean_add_body_class":"","ocean_shortcode_before_top_bar":"","ocean_shortcode_after_top_bar":"","ocean_shortcode_before_header":"","ocean_shortcode_after_header":"","ocean_has_shortcode":"","ocean_shortcode_after_title":"","ocean_shortcode_before_footer_widgets":"","ocean_shortcode_after_footer_widgets":"","ocean_shortcode_before_footer_bottom":"","ocean_shortcode_after_footer_bottom":"","ocean_display_top_bar":"default","ocean_display_header":"default","ocean_header_style":"","ocean_center_header_left_menu":"0","ocean_custom_header_template":"0","ocean_custom_logo":0,"ocean_custom_retina_logo":0,"ocean_custom_logo_max_width":0,"ocean_custom_logo_tablet_max_width":0,"ocean_custom_logo_mobile_max_width":0,"ocean_custom_logo_max_height":0,"ocean_custom_logo_tablet_max_height":0,"ocean_custom_logo_mobile_max_height":0,"ocean_header_custom_menu":"0","ocean_menu_typo_font_family":"0","ocean_menu_typo_font_subset":"","ocean_menu_typo_font_size":0,"ocean_menu_typo_font_size_tablet":0,"ocean_menu_typo_font_size_mobile":0,"ocean_menu_typo_font_size_unit":"px","ocean_menu_typo_font_weight":"","ocean_menu_typo_font_weight_tablet":"","ocean_menu_typo_font_weight_mobile":"","ocean_menu_typo_transform":"","ocean_menu_typo_transform_tablet":"","ocean_menu_typo_transform_mobile":"","ocean_menu_typo_line_height":0,"ocean_menu_typo_line_height_tablet":0,"ocean_menu_typo_line_height_mobile":0,"ocean_menu_typo_line_height_unit":"","ocean_menu_typo_spacing":0,"ocean_menu_typo_spacing_tablet":0,"ocean_menu_typo_spacing_mobile":0,"ocean_menu_typo_spacing_unit":"","ocean_menu_link_color":"","ocean_menu_link_color_hover":"","ocean_menu_link_color_active":"","ocean_menu_link_background":"","ocean_menu_link_hover_background":"","ocean_menu_link_active_background":"","ocean_menu_social_links_bg":"","ocean_menu_social_hover_links_bg":"","ocean_menu_social_links_color":"","ocean_menu_social_hover_links_color":"","ocean_disable_title":"default","ocean_disable_heading":"default","ocean_post_title":"","ocean_post_subheading":"","ocean_post_title_style":"","ocean_post_title_background_color":"","ocean_post_title_background":0,"ocean_post_title_bg_image_position":"","ocean_post_title_bg_image_attachment":"","ocean_post_title_bg_image_repeat":"","ocean_post_title_bg_image_size":"","ocean_post_title_height":0,"ocean_post_title_bg_overlay":0.5,"ocean_post_title_bg_overlay_color":"","ocean_disable_breadcrumbs":"default","ocean_breadcrumbs_color":"","ocean_breadcrumbs_separator_color":"","ocean_breadcrumbs_links_color":"","ocean_breadcrumbs_links_hover_color":"","ocean_display_footer_widgets":"default","ocean_display_footer_bottom":"default","ocean_custom_footer_template":"0"},"product_brand":[],"product_cat":[324],"product_tag":[],"class_list":{"0":"post-3244","1":"product","2":"type-product","3":"status-publish","4":"has-post-thumbnail","6":"product_cat-shampoings-naturels","8":"entry","9":"has-media","11":"first","12":"instock","13":"taxable","14":"shipping-taxable","15":"product-type-variable","16":"has-default-attributes","17":"has-product-nav","18":"col","19":"span_1_of_5","20":"owp-content-center","21":"owp-thumbs-layout-horizontal","22":"owp-btn-normal","23":"owp-tabs-layout-horizontal"},"jetpack_sharing_enabled":true,"_links":{"self":[{"href":"https:\/\/particulier.mccp-coiffure-bio.ch\/de\/wp-json\/wp\/v2\/product\/3244","targetHints":{"allow":["GET"]}}],"collection":[{"href":"https:\/\/particulier.mccp-coiffure-bio.ch\/de\/wp-json\/wp\/v2\/product"}],"about":[{"href":"https:\/\/particulier.mccp-coiffure-bio.ch\/de\/wp-json\/wp\/v2\/types\/product"}],"replies":[{"embeddable":true,"href":"https:\/\/particulier.mccp-coiffure-bio.ch\/de\/wp-json\/wp\/v2\/comments?post=3244"}],"version-history":[{"count":0,"href":"https:\/\/particulier.mccp-coiffure-bio.ch\/de\/wp-json\/wp\/v2\/product\/3244\/revisions"}],"wp:featuredmedia":[{"embeddable":true,"href":"https:\/\/particulier.mccp-coiffure-bio.ch\/de\/wp-json\/wp\/v2\/media\/5265"}],"wp:attachment":[{"href":"https:\/\/particulier.mccp-coiffure-bio.ch\/de\/wp-json\/wp\/v2\/media?parent=3244"}],"wp:term":[{"taxonomy":"product_brand","embeddable":true,"href":"https:\/\/particulier.mccp-coiffure-bio.ch\/de\/wp-json\/wp\/v2\/product_brand?post=3244"},{"taxonomy":"product_cat","embeddable":true,"href":"https:\/\/particulier.mccp-coiffure-bio.ch\/de\/wp-json\/wp\/v2\/product_cat?post=3244"},{"taxonomy":"product_tag","embeddable":true,"href":"https:\/\/particulier.mccp-coiffure-bio.ch\/de\/wp-json\/wp\/v2\/product_tag?post=3244"}],"curies":[{"name":"wp","href":"https:\/\/api.w.org\/{rel}","templated":true}]}}