{"id":3239,"date":"2024-05-22T13:22:47","date_gmt":"2024-05-22T11:22:47","guid":{"rendered":"https:\/\/particulier.mccp-coiffure-bio.ch\/shampoing-bioactive-bond\/"},"modified":"2026-01-04T21:54:30","modified_gmt":"2026-01-04T20:54:30","slug":"shampoing-bioactive-bond","status":"publish","type":"product","link":"https:\/\/particulier.mccp-coiffure-bio.ch\/de\/produkt\/shampoing-bioactive-bond\/","title":{"rendered":"Bioactive Bond Shampoo 250 ml"},"content":{"rendered":"<h3>Entdecken Sie das Bioactive Bond Shampoo von Natulique bei MCCP Distribution 250 ml<\/h3>\n<p>Bei MCCP Distribution freuen wir uns, Ihnen das Bioactive Bond Shampoo von Natulique vorstellen zu k\u00f6nnen, eine revolution\u00e4re L\u00f6sung f\u00fcr die Haarpflege. Dieses innovative Shampoo wurde entwickelt, um geschw\u00e4chtem und gesch\u00e4digtem Haar optimale Reparatur und Schutz zu bieten. Das aus hochwertigen biologischen Inhaltsstoffen formulierte Bioactive Bond Shampoo von Natulique st\u00e4rkt die innere Struktur des Haares und verleiht ihm so neue Kraft, Glanz und Vitalit\u00e4t.<\/p>\n<p><strong>Eine nat\u00fcrliche und wirksame Formulierung<\/strong><\/p>\n<p>Natulique Bioactive Bond Shampoo wurde ohne Parabene, Sulfate oder andere aggressive Chemikalien formuliert. Es enth\u00e4lt nat\u00fcrliche Inhaltsstoffe wie Aloe Vera-Blattextrakt, der reich an Vitaminen und Mineralien ist, Feuchtigkeit spendet und das Haar tiefgreifend pflegt. Hydrolysierte Weizenproteine in der Zusammensetzung helfen, die Haarfaser zu reparieren und zu st\u00e4rken, w\u00e4hrend biologische Pflanzenextrakte die Kopfhaut beruhigen und sch\u00fctzen.<\/p>\n<p><strong>Repariert und st\u00e4rkt das Haar<\/strong><\/p>\n<p>Dank seiner fortschrittlichen Technologie dringt dieses Shampoo tief in das Haar ein, um besch\u00e4digte Haarverbindungen zu reparieren. Es ist besonders wirksam bei Haaren, die chemischen Behandlungen, F\u00e4rbungen oder \u00fcberm\u00e4\u00dfiger Hitzeeinwirkung ausgesetzt waren. Natulique Bioactive Bond Shampoo stellt die Gesundheit des Haars wieder her und macht es widerstandsf\u00e4higer gegen zuk\u00fcnftige Sch\u00e4den.<\/p>\n<p><strong>Eine sanfte Reinigung<\/strong><\/p>\n<p>Im Gegensatz zu herk\u00f6mmlichen Shampoos sch\u00e4umt das Bioactive Bond Shampoo von Natulique nur sehr wenig. Diese Eigenschaft ist auf den Verzicht auf aggressive Sulfate zur\u00fcckzuf\u00fchren, die h\u00e4ufig f\u00fcr den Schaumeffekt, aber auch f\u00fcr das Austrocknen von Haar und Kopfhaut verantwortlich sind. Durch die Wahl milder und nat\u00fcrlicher Reinigungssubstanzen sorgt Natulique f\u00fcr eine effektive Haarw\u00e4sche, die das nat\u00fcrliche Gleichgewicht von Haar und Kopfhaut respektiert.<\/p>\n<p><strong>Einhaltung von Umwelt- und ethischen Standards<\/strong><\/p>\n<p>Natulique setzt sich nachdr\u00fccklich f\u00fcr die Umwelt und die Einhaltung ethischer Normen ein. Das Bioactive Bond Shampoo ist bio- und \u00f6kozertifiziert und garantiert, dass keine umweltsch\u00e4dlichen Chemikalien verwendet werden. Dar\u00fcber hinaus werden keine Tierversuche durchgef\u00fchrt und alle Inhaltsstoffe stammen aus nachhaltigen Quellen. Wenn Sie sich f\u00fcr dieses Shampoo entscheiden, tragen Sie zu einer ethischen und verantwortungsvollen Sch\u00f6nheitspflege bei.<\/p>\n<p><strong>F\u00fcr alle Haartypen<\/strong><\/p>\n<p>Natulique Bioactive Bond Shampoo ist f\u00fcr alle Haartypen geeignet, egal ob glattes, lockiges, dickes oder feines Haar. Seine sanfte, reparierende Formel macht es zu einer idealen Wahl f\u00fcr gef\u00e4rbtes und chemisch behandeltes Haar. Es hinterl\u00e4sst das Haar sauber, weich und gl\u00e4nzend und bereitet es auf die nachfolgende Haarpflege und -behandlung vor.<\/p>\n<p><strong>Warum sollte ich mich f\u00fcr Natulique Bioactive Bond Shampoo entscheiden?<\/strong><\/p>\n<ul>\n<li><strong>Biologische Inhaltsstoffe :<\/strong> Formuliert mit zertifizierten biologischen Inhaltsstoffen f\u00fcr maximale Sicherheit und Wirksamkeit.<\/li>\n<li><strong>Intensive Reparatur :<\/strong> Repariert und st\u00e4rkt besch\u00e4digte Haarverbindungen.<\/li>\n<li><strong>Sanfte Reinigung :<\/strong> Ohne aggressive Sulfate, f\u00fcr eine Haarw\u00e4sche, die die Natur des Haares respektiert.<\/li>\n<li><strong>Ethische Verpflichtung :<\/strong> Umweltfreundliches Produkt, das nicht an Tieren getestet wurde.<\/li>\n<li><strong>Geeignet f\u00fcr Alle :<\/strong> Geeignet f\u00fcr alle Haartypen, auch f\u00fcr gef\u00e4rbtes und behandeltes Haar.<\/li>\n<\/ul>\n<p><strong>Bestellen Sie auch den Bioactive Bond Conditioner jetzt bei MCCP Distribution<\/strong><\/p>\n<p><a href=\"https:\/\/mccp-coiffure-bio.ch\/apres-shampooing-fortifiant\">https:\/\/mccp-coiffure-bio.ch\/apres-shampooing-fortifiant<\/a><\/p>\n<p>Wir bei MCCP Distribution haben es uns zur Aufgabe gemacht, Haarpflegeprodukte von h\u00f6chster Qualit\u00e4t zu liefern. Das Bioactive Bond Shampoo von Natulique ist ab sofort in unserem offiziellen Schweizer Natulique-Online-Shop erh\u00e4ltlich. Entdecken Sie einen neuen Ansatz in der Haarpflege, der Natur und Leistung miteinander verbindet. MCCP Distribution, Ihr zuverl\u00e4ssiger Partner f\u00fcr leistungsstarke Bio-Haarpflege in der Schweiz.<\/p>\n<p><strong>Das NATULIQUE-Konzept<\/strong><\/p>\n<p>Sind Sie neugierig darauf, wie eine 100% NATULIQUE Lounge aussieht?<\/p>\n<p><a href=\"https:\/\/natulique.com\/fr\/concept-salon\/\">Erfahren Sie mehr \u00fcber die Vorteile und wie man ein Salonkonzept wird \u2192.<\/a><\/p>","protected":false},"excerpt":{"rendered":"<p><strong>Entdecken Sie das Bioactive Bond Shampoo von Natulique bei MCCP Distribution: Eine Bio-Haarpflege, die dank ihrer nat\u00fcrlichen, sulfatfreien Formel gesch\u00e4digtes Haar st\u00e4rkt und repariert und so f\u00fcr gesundes und gl\u00e4nzendes Haar sorgt.<\/strong><\/p>\n<p>Ihre essentielle Reparaturformel f\u00fcr gesch\u00e4digtes Haar. Angereichert mit Proteinen und biologischer Aloe Vera f\u00f6rdert sie das Wachstum, beruhigt die Kopfhaut und verbessert die Feuchtigkeitsspeicherung. Biologische Acai verleiht Glanz f\u00fcr weiches und gesundes Haar.<\/p>\n<ul style=\"text-align: left\">\n<li><strong>Vegan<\/strong><\/li>\n<li><strong>Bio-Zutaten<\/strong><\/li>\n<li><strong>Pro-Qualit\u00e4t<\/strong><\/li>\n<li><strong>Recycelbare Verpackung<\/strong><\/li>\n<\/ul>\n<p><img decoding=\"async\" class=\"wp-image-2406 aligncenter\" src=\"https:\/\/particulier.mccp-coiffure-bio.ch\/wp-content\/uploads\/2021\/01\/vegan-society-certification-300x242.png\" alt=\"\" width=\"214\" height=\"172\" srcset=\"https:\/\/particulier.mccp-coiffure-bio.ch\/wp-content\/uploads\/2021\/01\/vegan-society-certification-300x242.png 300w, https:\/\/particulier.mccp-coiffure-bio.ch\/wp-content\/uploads\/2021\/01\/vegan-society-certification.png 529w\" sizes=\"(max-width: 214px) 100vw, 214px\" \/><\/p>","protected":false},"featured_media":3065,"comment_status":"open","ping_status":"closed","template":"","meta":{"ocean_post_layout":"","ocean_both_sidebars_style":"","ocean_both_sidebars_content_width":0,"ocean_both_sidebars_sidebars_width":0,"ocean_sidebar":"0","ocean_second_sidebar":"0","ocean_disable_margins":"enable","ocean_add_body_class":"","ocean_shortcode_before_top_bar":"","ocean_shortcode_after_top_bar":"","ocean_shortcode_before_header":"","ocean_shortcode_after_header":"","ocean_has_shortcode":"","ocean_shortcode_after_title":"","ocean_shortcode_before_footer_widgets":"","ocean_shortcode_after_footer_widgets":"","ocean_shortcode_before_footer_bottom":"","ocean_shortcode_after_footer_bottom":"","ocean_display_top_bar":"default","ocean_display_header":"default","ocean_header_style":"","ocean_center_header_left_menu":"0","ocean_custom_header_template":"0","ocean_custom_logo":0,"ocean_custom_retina_logo":0,"ocean_custom_logo_max_width":0,"ocean_custom_logo_tablet_max_width":0,"ocean_custom_logo_mobile_max_width":0,"ocean_custom_logo_max_height":0,"ocean_custom_logo_tablet_max_height":0,"ocean_custom_logo_mobile_max_height":0,"ocean_header_custom_menu":"0","ocean_menu_typo_font_family":"0","ocean_menu_typo_font_subset":"","ocean_menu_typo_font_size":0,"ocean_menu_typo_font_size_tablet":0,"ocean_menu_typo_font_size_mobile":0,"ocean_menu_typo_font_size_unit":"px","ocean_menu_typo_font_weight":"","ocean_menu_typo_font_weight_tablet":"","ocean_menu_typo_font_weight_mobile":"","ocean_menu_typo_transform":"","ocean_menu_typo_transform_tablet":"","ocean_menu_typo_transform_mobile":"","ocean_menu_typo_line_height":0,"ocean_menu_typo_line_height_tablet":0,"ocean_menu_typo_line_height_mobile":0,"ocean_menu_typo_line_height_unit":"","ocean_menu_typo_spacing":0,"ocean_menu_typo_spacing_tablet":0,"ocean_menu_typo_spacing_mobile":0,"ocean_menu_typo_spacing_unit":"","ocean_menu_link_color":"","ocean_menu_link_color_hover":"","ocean_menu_link_color_active":"","ocean_menu_link_background":"","ocean_menu_link_hover_background":"","ocean_menu_link_active_background":"","ocean_menu_social_links_bg":"","ocean_menu_social_hover_links_bg":"","ocean_menu_social_links_color":"","ocean_menu_social_hover_links_color":"","ocean_disable_title":"default","ocean_disable_heading":"default","ocean_post_title":"","ocean_post_subheading":"","ocean_post_title_style":"","ocean_post_title_background_color":"","ocean_post_title_background":0,"ocean_post_title_bg_image_position":"","ocean_post_title_bg_image_attachment":"","ocean_post_title_bg_image_repeat":"","ocean_post_title_bg_image_size":"","ocean_post_title_height":0,"ocean_post_title_bg_overlay":0.5,"ocean_post_title_bg_overlay_color":"","ocean_disable_breadcrumbs":"default","ocean_breadcrumbs_color":"","ocean_breadcrumbs_separator_color":"","ocean_breadcrumbs_links_color":"","ocean_breadcrumbs_links_hover_color":"","ocean_display_footer_widgets":"default","ocean_display_footer_bottom":"default","ocean_custom_footer_template":"0"},"product_brand":[],"product_cat":[324],"product_tag":[],"class_list":{"0":"post-3239","1":"product","2":"type-product","3":"status-publish","4":"has-post-thumbnail","6":"product_cat-shampoings-naturels","8":"entry","9":"has-media","11":"first","12":"instock","13":"taxable","14":"shipping-taxable","15":"purchasable","16":"product-type-simple","17":"has-product-nav","18":"col","19":"span_1_of_5","20":"owp-content-center","21":"owp-thumbs-layout-horizontal","22":"owp-btn-normal","23":"owp-tabs-layout-horizontal"},"jetpack_sharing_enabled":true,"_links":{"self":[{"href":"https:\/\/particulier.mccp-coiffure-bio.ch\/de\/wp-json\/wp\/v2\/product\/3239","targetHints":{"allow":["GET"]}}],"collection":[{"href":"https:\/\/particulier.mccp-coiffure-bio.ch\/de\/wp-json\/wp\/v2\/product"}],"about":[{"href":"https:\/\/particulier.mccp-coiffure-bio.ch\/de\/wp-json\/wp\/v2\/types\/product"}],"replies":[{"embeddable":true,"href":"https:\/\/particulier.mccp-coiffure-bio.ch\/de\/wp-json\/wp\/v2\/comments?post=3239"}],"version-history":[{"count":0,"href":"https:\/\/particulier.mccp-coiffure-bio.ch\/de\/wp-json\/wp\/v2\/product\/3239\/revisions"}],"wp:featuredmedia":[{"embeddable":true,"href":"https:\/\/particulier.mccp-coiffure-bio.ch\/de\/wp-json\/wp\/v2\/media\/3065"}],"wp:attachment":[{"href":"https:\/\/particulier.mccp-coiffure-bio.ch\/de\/wp-json\/wp\/v2\/media?parent=3239"}],"wp:term":[{"taxonomy":"product_brand","embeddable":true,"href":"https:\/\/particulier.mccp-coiffure-bio.ch\/de\/wp-json\/wp\/v2\/product_brand?post=3239"},{"taxonomy":"product_cat","embeddable":true,"href":"https:\/\/particulier.mccp-coiffure-bio.ch\/de\/wp-json\/wp\/v2\/product_cat?post=3239"},{"taxonomy":"product_tag","embeddable":true,"href":"https:\/\/particulier.mccp-coiffure-bio.ch\/de\/wp-json\/wp\/v2\/product_tag?post=3239"}],"curies":[{"name":"wp","href":"https:\/\/api.w.org\/{rel}","templated":true}]}}