{"id":3204,"date":"2024-05-22T13:22:18","date_gmt":"2024-05-22T11:22:18","guid":{"rendered":"https:\/\/particulier.mccp-coiffure-bio.ch\/shampooing-cheveux-protection-couleur-2\/"},"modified":"2026-03-01T20:44:28","modified_gmt":"2026-03-01T19:44:28","slug":"shampoing-protection-couleur-250ml","status":"publish","type":"product","link":"https:\/\/particulier.mccp-coiffure-bio.ch\/de\/produkt\/shampoing-protection-couleur-250ml\/","title":{"rendered":"Shampoo Farbschutz"},"content":{"rendered":"<h1>SHAMPOO PROTECTION COULEUR: Neue, innovative Formel, die mit einer Proteintechnologie entwickelt wurde.<\/h1>\n<p>Unser<strong> Farbschutzshampoo<\/strong>\u00a0zertifiziert biologisch wurde speziell f\u00fcr die <strong>gef\u00e4rbtes Haar<\/strong> um ihnen zu helfen, ihr volles Potenzial zu erreichen, ohne ihre sch\u00f6ne Farbe zu verlieren.<\/p>\n<p>Diese innovative Behandlung besteht aus einer ausgewogenen Mischung aus luxuri\u00f6sen, biologisch zertifizierten \u00d6len, Proteinen und Vitaminen. Hydrolysiertes Seidenprotein bildet eine Schutzbarriere \u00fcber den Haarstr\u00e4hnen, um die Elastizit\u00e4t zu verbessern und den Glanz zu erh\u00f6hen. Pflanzliche Proteine versorgen das Haar mit Feuchtigkeit und eignen sich perfekt f\u00fcr die Anwendung bei por\u00f6sem oder gesch\u00e4digtem Haar und Spliss. Kamillenbl\u00fctenextrakt sorgt f\u00fcr Geschmeidigkeit und Leichtigkeit.<\/p>\n<p>Hilft, die Farbe zu sch\u00fctzen und das Haar zu st\u00e4rken<br \/>\nFormuliert mit <strong>\u00e4therische \u00d6le<\/strong> aus hochwertigen Inhaltsstoffen, die gleichzeitig ein fantastisches nat\u00fcrliches Sonnenschutzmittel, einen Hitzeschutz und eine intensive Reparaturbehandlung darstellen.<\/p>\n<p>Diese sanften, aber wirkungsvollen Inhaltsstoffe helfen, die Farbe zu sch\u00fctzen und lassen das Haar stark, glatt und gesund aussehen. Je ges\u00fcnder das Haar ist, desto l\u00e4nger h\u00e4lt die Farbe, daher wird die regelm\u00e4\u00dfige Anwendung dieser Behandlung spektakul\u00e4re Ergebnisse und tief gef\u00e4rbtes Haar liefern.<\/p>\n<p>Die <strong>Shampoo<\/strong> <strong>Farbschutz <\/strong>ist <strong>sehr weich und zart<\/strong>\u00a0um die Farbe wirklich zu sch\u00fctzen. Aktive und heilende Pflanzenextrakte helfen, die Farbe zu sch\u00fctzen, und der Seidenkomplex enth\u00e4lt eine<strong>\u00a0hoher Proteingehalt<\/strong>\u00a0um das Ausbleichen zu verhindern. Es st\u00e4rkt das Haar und bildet eine Formel\u00a0<strong>Anti-Frizz und Anti-Statik<\/strong>.<\/p>\n<p>Der neue\u00a0 <strong>Shampoo<\/strong> <strong>Farbschutz <\/strong>NATULIQUE eignet sich auch hervorragend zur Vorbeugung von Schuppen, die durch eine lang anhaltende Reizung der Kopfhaut wie R\u00f6tung und Juckreiz entstehen, die durch herk\u00f6mmliche Shampoos und Haarpflegeprodukte hervorgerufen werden.<\/p>\n<p>\u00c4u\u00dferst vorteilhaft f\u00fcr Berufst\u00e4tige, Salonkunden und die Umwelt.<\/p>\n<p>(F\u00fcr ein optimales Ergebnis siehe \u00a0<a href=\"https:\/\/natulique.com\/fr\/hair-colour-treatment\/\">Pflege zum Schutz der Farbe. Erfahren Sie hier mehr \u2192.<\/a>)<\/p>\n<p><strong>Gebrauchsanweisung :<\/strong> Mindestens einmal pro Woche auf das frisch gewaschene Haar auftragen. Massieren Sie es gut in das Haar ein. Lassen Sie es 5 bis 20 Minuten einwirken. Je nach Vorliebe gut oder leicht aussp\u00fclen.<\/p>\n<p>Unser <strong>Shampoo<\/strong> <strong>Farbschutz<\/strong><strong>\u00a0<\/strong> enth\u00e4lt BDMBD anstelle von Bepentrimoniumchlorid und ist ein wesentlich umweltfreundlicheres Produkt. Es ist aufgrund von Salonergebnissen erwiesen, dass es extrem sch\u00fctzend und vorteilhaft f\u00fcr das Haar und seine Farbe ist.<\/p>\n<div class=\"fusion-layout-column fusion_builder_column fusion-builder-column-19 fusion_builder_column_3_5 3_5 fusion-flex-column\">\n<div class=\"fusion-column-wrapper fusion-column-has-shadow fusion-flex-justify-content-flex-start fusion-content-layout-column\">\n<div class=\"fusion-text fusion-text-13 fusion-no-small-visibility\">\n<p>Erh\u00e4ltlich als 250ml (8.5 fl. oz.) und 1000ml (34 fl. oz.) Flasche aus umweltfreundlichem PET 100% Kunststoff.<\/p>\n<\/div>\n<\/div>\n<\/div>\n<div class=\"fusion-layout-column fusion_builder_column fusion-builder-column-20 fusion_builder_column_2_5 2_5 fusion-flex-column\">\n<div class=\"fusion-column-wrapper fusion-column-has-shadow fusion-flex-justify-content-flex-start fusion-content-layout-column\">INGREDITIONEN:<\/div>\n<\/div>\n<p class=\"has-small-font-size\">Aqua (Wasser)<strong>Cetearyl Alcohol<\/strong>Bis-(Ethyl PPG-3 Behenate) Dimonium Methosulfate<em>Glycerin<strong>Behenamidopropyl Dimethylamin<\/strong><\/em><strong>Chamomilla Recutita Flower Extract<\/strong>, Ethylhexylglycerin, Hydrolyzed Silk<strong>Hydrolysiertes Gem\u00fcseprotein<\/strong>, Lactic Acid**, Parf\u00fcm<strong><em>Kalium Sorbat, Propylene Glycol, Sodium Benzoate, Sorbic Acid, Turpentine Oil, Eucalyptus Globulus Leaf Oil, Mentha Arvensis Leaf Oil, Lavandula Hybrida Oil, Abies Sibirica Needle Oil<\/em><\/strong>Myristica Fragrans Fruit Oil, Myristica Fragrans Fruit Oil<strong><em>Eugenia Caryophyllus Bud Oil, Mentha Cardiaca Herb Oil<\/em><\/strong>.<\/p>\n<p class=\"has-small-font-size\">*) Zutaten f\u00fcr ein einziges 100% Natural Biodegradable Recycling<br \/>\n**) Zutaten aus nat\u00fcrlicher Herkunft<\/p>","protected":false},"excerpt":{"rendered":"<h2 style=\"text-align: left\">Entdecken Sie das Natulique Farbschutz-Shampoo bei MCCP COIFFURE BIO<\/h2>\n<p>Die <strong>Farbschutz-Shampoo<\/strong> ist <strong>sehr weich und zart<\/strong>\u00a0um die Farbe wirklich zu sch\u00fctzen. Aktive und heilende Pflanzenextrakte helfen, die Farbe zu sch\u00fctzen, und der Seidenkomplex enth\u00e4lt eine<strong>\u00a0hoher Proteingehalt<\/strong>\u00a0um das Ausbleichen zu verhindern. Es st\u00e4rkt das Haar und bildet eine Formel\u00a0<strong>Anti-Frizz und Anti-Statik<\/strong>.<\/p>\n<p style=\"text-align: left\">Tauchen Sie ein in die Exzellenz der Haarsch\u00f6nheit mit <strong>MCCP BIO-FRISUR<\/strong> Ihr exklusiver Partner f\u00fcr die <strong>Produktvertrieb<\/strong> <strong>Natulisch<\/strong> in<strong> Schweiz<\/strong>. Als engagierte Spezialisten bieten wir Ihnen eine ganze Reihe von <strong>Haarprodukte<\/strong> von professioneller Qualit\u00e4t, die aus erstklassigen biologischen Inhaltsstoffen hergestellt werden. Vertrauen Sie auf unser Fachwissen, um Sie zu einem au\u00dfergew\u00f6hnlichen Haarerlebnis zu f\u00fchren, das Ihren anspruchsvollsten Erwartungen entspricht.<\/p>\n<ul style=\"text-align: left\">\n<li><strong>Bio-Zutaten<\/strong><\/li>\n<li><strong>Vegan<\/strong><\/li>\n<li><strong>Pro-Qualit\u00e4t<\/strong><\/li>\n<li><strong>Recycelbare Verpackung<\/strong><\/li>\n<\/ul>\n<p><img decoding=\"async\" class=\"wp-image-2406 aligncenter\" src=\"https:\/\/particulier.mccp-coiffure-bio.ch\/wp-content\/uploads\/2021\/01\/vegan-society-certification-300x242.png\" alt=\"\" width=\"214\" height=\"172\" srcset=\"https:\/\/particulier.mccp-coiffure-bio.ch\/wp-content\/uploads\/2021\/01\/vegan-society-certification-300x242.png 300w, https:\/\/particulier.mccp-coiffure-bio.ch\/wp-content\/uploads\/2021\/01\/vegan-society-certification.png 529w\" sizes=\"(max-width: 214px) 100vw, 214px\" \/><\/p>","protected":false},"featured_media":5251,"comment_status":"open","ping_status":"closed","template":"","meta":{"ocean_post_layout":"","ocean_both_sidebars_style":"","ocean_both_sidebars_content_width":0,"ocean_both_sidebars_sidebars_width":0,"ocean_sidebar":"0","ocean_second_sidebar":"0","ocean_disable_margins":"enable","ocean_add_body_class":"","ocean_shortcode_before_top_bar":"","ocean_shortcode_after_top_bar":"","ocean_shortcode_before_header":"","ocean_shortcode_after_header":"","ocean_has_shortcode":"","ocean_shortcode_after_title":"","ocean_shortcode_before_footer_widgets":"","ocean_shortcode_after_footer_widgets":"","ocean_shortcode_before_footer_bottom":"","ocean_shortcode_after_footer_bottom":"","ocean_display_top_bar":"default","ocean_display_header":"default","ocean_header_style":"","ocean_center_header_left_menu":"0","ocean_custom_header_template":"0","ocean_custom_logo":0,"ocean_custom_retina_logo":0,"ocean_custom_logo_max_width":0,"ocean_custom_logo_tablet_max_width":0,"ocean_custom_logo_mobile_max_width":0,"ocean_custom_logo_max_height":0,"ocean_custom_logo_tablet_max_height":0,"ocean_custom_logo_mobile_max_height":0,"ocean_header_custom_menu":"0","ocean_menu_typo_font_family":"0","ocean_menu_typo_font_subset":"","ocean_menu_typo_font_size":0,"ocean_menu_typo_font_size_tablet":0,"ocean_menu_typo_font_size_mobile":0,"ocean_menu_typo_font_size_unit":"px","ocean_menu_typo_font_weight":"","ocean_menu_typo_font_weight_tablet":"","ocean_menu_typo_font_weight_mobile":"","ocean_menu_typo_transform":"","ocean_menu_typo_transform_tablet":"","ocean_menu_typo_transform_mobile":"","ocean_menu_typo_line_height":0,"ocean_menu_typo_line_height_tablet":0,"ocean_menu_typo_line_height_mobile":0,"ocean_menu_typo_line_height_unit":"","ocean_menu_typo_spacing":0,"ocean_menu_typo_spacing_tablet":0,"ocean_menu_typo_spacing_mobile":0,"ocean_menu_typo_spacing_unit":"","ocean_menu_link_color":"","ocean_menu_link_color_hover":"","ocean_menu_link_color_active":"","ocean_menu_link_background":"","ocean_menu_link_hover_background":"","ocean_menu_link_active_background":"","ocean_menu_social_links_bg":"","ocean_menu_social_hover_links_bg":"","ocean_menu_social_links_color":"","ocean_menu_social_hover_links_color":"","ocean_disable_title":"default","ocean_disable_heading":"default","ocean_post_title":"","ocean_post_subheading":"","ocean_post_title_style":"","ocean_post_title_background_color":"","ocean_post_title_background":0,"ocean_post_title_bg_image_position":"","ocean_post_title_bg_image_attachment":"","ocean_post_title_bg_image_repeat":"","ocean_post_title_bg_image_size":"","ocean_post_title_height":0,"ocean_post_title_bg_overlay":0.5,"ocean_post_title_bg_overlay_color":"","ocean_disable_breadcrumbs":"default","ocean_breadcrumbs_color":"","ocean_breadcrumbs_separator_color":"","ocean_breadcrumbs_links_color":"","ocean_breadcrumbs_links_hover_color":"","ocean_display_footer_widgets":"default","ocean_display_footer_bottom":"default","ocean_custom_footer_template":"0"},"product_brand":[],"product_cat":[324],"product_tag":[],"class_list":{"0":"post-3204","1":"product","2":"type-product","3":"status-publish","4":"has-post-thumbnail","6":"product_cat-shampoings-naturels","8":"entry","9":"has-media","11":"first","12":"instock","13":"taxable","14":"shipping-taxable","15":"purchasable","16":"product-type-variable","17":"has-default-attributes","18":"has-product-nav","19":"col","20":"span_1_of_5","21":"owp-content-center","22":"owp-thumbs-layout-horizontal","23":"owp-btn-normal","24":"owp-tabs-layout-horizontal"},"jetpack_sharing_enabled":true,"_links":{"self":[{"href":"https:\/\/particulier.mccp-coiffure-bio.ch\/de\/wp-json\/wp\/v2\/product\/3204","targetHints":{"allow":["GET"]}}],"collection":[{"href":"https:\/\/particulier.mccp-coiffure-bio.ch\/de\/wp-json\/wp\/v2\/product"}],"about":[{"href":"https:\/\/particulier.mccp-coiffure-bio.ch\/de\/wp-json\/wp\/v2\/types\/product"}],"replies":[{"embeddable":true,"href":"https:\/\/particulier.mccp-coiffure-bio.ch\/de\/wp-json\/wp\/v2\/comments?post=3204"}],"version-history":[{"count":0,"href":"https:\/\/particulier.mccp-coiffure-bio.ch\/de\/wp-json\/wp\/v2\/product\/3204\/revisions"}],"wp:featuredmedia":[{"embeddable":true,"href":"https:\/\/particulier.mccp-coiffure-bio.ch\/de\/wp-json\/wp\/v2\/media\/5251"}],"wp:attachment":[{"href":"https:\/\/particulier.mccp-coiffure-bio.ch\/de\/wp-json\/wp\/v2\/media?parent=3204"}],"wp:term":[{"taxonomy":"product_brand","embeddable":true,"href":"https:\/\/particulier.mccp-coiffure-bio.ch\/de\/wp-json\/wp\/v2\/product_brand?post=3204"},{"taxonomy":"product_cat","embeddable":true,"href":"https:\/\/particulier.mccp-coiffure-bio.ch\/de\/wp-json\/wp\/v2\/product_cat?post=3204"},{"taxonomy":"product_tag","embeddable":true,"href":"https:\/\/particulier.mccp-coiffure-bio.ch\/de\/wp-json\/wp\/v2\/product_tag?post=3204"}],"curies":[{"name":"wp","href":"https:\/\/api.w.org\/{rel}","templated":true}]}}