{"id":3201,"date":"2024-05-22T13:22:47","date_gmt":"2024-05-22T11:22:47","guid":{"rendered":"https:\/\/particulier.mccp-coiffure-bio.ch\/bioactive-bond-intrinsic-maintenance\/"},"modified":"2026-04-20T06:02:48","modified_gmt":"2026-04-20T04:02:48","slug":"bioactive-bond-intrinsic-maintenance","status":"publish","type":"product","link":"https:\/\/particulier.mccp-coiffure-bio.ch\/de\/produkt\/bioactive-bond-intrinsic-maintenance\/","title":{"rendered":"BIOACTIVE BOND Intrinsic Maintenance 200 ml"},"content":{"rendered":"<h1><strong>Natulique Bioactive Bond Maintenance: Ultimative Reparatur und Schutz f\u00fcr Ihr Haar<\/strong><\/h1>\n<p>MCCP Distribution ist stolz darauf, Ihnen Bioactive Bond Intrinsic Maintenance vorzustellen, eine innovative L\u00f6sung f\u00fcr die Haarpflege. Dieses Premiumprodukt wurde speziell entwickelt, um schwaches und gesch\u00e4digtes Haar zu st\u00e4rken und zu sch\u00fctzen. Bioactive Bond Intrinsic Maintenance wurde mit biologischen Inhaltsstoffen formuliert und stellt die innere Struktur des Haares wieder her, wodurch es widerstandsf\u00e4higer wird und einen nat\u00fcrlichen Glanz erh\u00e4lt.<\/p>\n<p>Diese fortschrittliche Behandlung mit zertifizierten biologischen Inhaltsstoffen st\u00e4rkt und stellt die inneren Haarverbindungen wieder her und sorgt so f\u00fcr mehr Widerstandskraft und nat\u00fcrlichen Glanz sowie eine dauerhafte L\u00f6sung f\u00fcr ges\u00fcnderes und widerstandsf\u00e4higeres Haar. Bioactive Bond Maintenance ist ideal f\u00fcr professionelle Friseure und Privatpersonen, die sich um die Gesundheit ihres Haars sorgen, und ein Muss f\u00fcr jede Haarroutine.<\/p>\n<p><strong>Merkmale und Vorteile :<\/strong><\/p>\n<ul>\n<li><strong>Deep Repair :<\/strong> Diese Behandlung dringt mithilfe modernster Technologie tief in die Haarfaser ein, repariert kaputte Verbindungen und st\u00e4rkt die innere Struktur des Haares.<\/li>\n<li><strong>Nachhaltiger Schutz :<\/strong> Bioactive Bond Maintenance repariert nicht nur, sondern schafft auch eine Schutzbarriere um jedes einzelne Haar, beugt k\u00fcnftigen Sch\u00e4den vor und reduziert Haarbruch.<\/li>\n<li><strong>Biologische Inhaltsstoffe :<\/strong> Dieses mit nat\u00fcrlichen und biologischen Inhaltsstoffen formulierte Produkt ist frei von Sulfaten, Parabenen und anderen sch\u00e4dlichen Chemikalien und garantiert so eine sanfte und umweltfreundliche Pflege.<\/li>\n<li><strong>Verbesserung des Glanzes und der Geschmeidigkeit :<\/strong> Das Haar erh\u00e4lt seinen nat\u00fcrlichen Glanz zur\u00fcck und f\u00fchlt sich nach jeder Anwendung sichtbar weicher und glatter an.<\/li>\n<li><strong>Universelle Kompatibilit\u00e4t :<\/strong> Eignet sich f\u00fcr alle Haartypen, auch f\u00fcr gef\u00e4rbtes und chemisch behandeltes Haar, und sorgt so f\u00fcr optimale Ergebnisse bei jedem Haar.<\/li>\n<\/ul>\n<h4><strong>Verwendung von Bioactive bond Maintenance:<\/strong><\/h4>\n<p>Wir empfehlen f\u00fcr eine bessere Leistung, die Bioactive Bond-Behandlung zu beginnen, die exklusiv in Friseursalons erh\u00e4ltlich ist, die Natulique verwenden.<\/p>\n<p>Um optimale Ergebnisse zu erzielen, tragen Sie Bioactive Bond Maintenance auf das saubere, feuchte Haar auf. Verteilen Sie das Produkt gleichm\u00e4\u00dfig vom Ansatz bis in die Spitzen und lassen Sie es 5 bis 10 Minuten einwirken, bevor Sie es gr\u00fcndlich aussp\u00fclen. Wenden Sie diese Kur regelm\u00e4\u00dfig an, um die Gesundheit und Sch\u00f6nheit Ihres Haars zu erhalten.<\/p>\n<p><strong>Natuliques Engagement :<\/strong><\/p>\n<p>Wir bei Natulique haben es uns zur Aufgabe gemacht, Haarpflegeprodukte von h\u00f6chster Qualit\u00e4t zu liefern, die sowohl Ihre Gesundheit als auch die Umwelt schonen. Bioactive Bond Maintenance ist das Ergebnis gr\u00fcndlicher Forschung und einer Leidenschaft f\u00fcr nat\u00fcrliche und wirksame L\u00f6sungen. Wenn Sie sich f\u00fcr Natulique entscheiden, entscheiden Sie sich f\u00fcr eine Marke, die sich nachhaltiger Innovation und dem Wohlbefinden der Haare verschrieben hat.<\/p>\n<h2><strong>Bioactive Bond Erh\u00e4ltlich bei MCCP Distribution :<\/strong><\/h2>\n<p>Besorgen Sie sich Bioactive Bond Maintenance von Natulique in unserem Online-Shop MCCP Distribution.  MCCP Distribution, Ihr zuverl\u00e4ssiger Partner f\u00fcr au\u00dfergew\u00f6hnliche Haarpflege in der Schweiz.<\/p>\n<p><strong>Zutaten<\/strong><\/p>\n<p><strong>Cetearylalkohol<\/strong> : Wirkt wie ein Weichmacher und hilft, das Haar zu konditionieren, sodass es weich und leicht k\u00e4mmbar wird.<\/p>\n<p><strong>Hydrolysat aus hydrierter St\u00e4rke<\/strong> : Ein Feuchthaltemittel, das hilft, Feuchtigkeit zu binden und so zur allgemeinen Feuchtigkeitsversorgung des Haars beitr\u00e4gt.<\/p>\n<p><strong>Dimethicon<\/strong> : Bildet eine Schutzschicht auf dem Haar, die f\u00fcr Geschmeidigkeit, Glanz und Schutz vor Umweltsch\u00e4den sorgt.<\/p>\n<p><strong>Behentrimoniumchlorid<\/strong> : Wirkt als Konditionierungsmittel und hilft, das Haar zu entwirren und geschmeidig zu machen.<\/p>\n<p><strong>Glyzerin<\/strong> : Wirkt als Feuchthaltemittel, zieht Feuchtigkeit an und bindet sie, um das Haar feucht zu halten.<\/p>\n<p><strong>Karit\u00e9butter<\/strong> Sheabutter: Bekannt f\u00fcr ihre feuchtigkeitsspendenden Eigenschaften, hilft Sheabutter, das Haar zu n\u00e4hren und zu revitalisieren.<\/p>\n<p><strong>Brokkolisamen\u00f6l und Jojobasamen\u00f6l<\/strong> : Diese \u00d6le n\u00e4hren das Haar und tragen zu seiner Gesundheit und seinem Glanz bei.<\/p>\n<p>Finden Sie das gesamte Bioactive Bond Sortiment auf MCCP COIFFURE BIO<\/p>\n<p><a href=\"https:\/\/mccp-coiffure-bio.ch\/bioactive-pro\/\">https:\/\/mccp-coiffure-bio.ch\/bioactive-pro\/<\/a><\/p>\n<p><strong>Das NATULIQUE-Konzept<\/strong><\/p>\n<p>Sind Sie neugierig darauf, wie eine 100% NATULIQUE Lounge aussieht?<\/p>\n<p><a href=\"https:\/\/natulique.com\/fr\/concept-salon\/\">Erfahren Sie mehr \u00fcber die Vorteile und wie man ein Salonkonzept wird \u2192.<\/a><\/p>","protected":false},"excerpt":{"rendered":"<h2><strong>Bioactive Bond Maintenance von Natulique<\/strong><\/h2>\n<p>Entdecken Sie Bioactive Bond Maintenance von Natulique, die revolution\u00e4re Haarpflege f\u00fcr gest\u00e4rktes und repariertes Haar. Die mit biologischen Inhaltsstoffen formulierte Kur repariert besch\u00e4digte Haarverbindungen und sorgt f\u00fcr lang anhaltenden Schutz und Glanz. Bioactive Bond Maintenance ist ideal f\u00fcr alle Haartypen geeignet und verleiht Ihrem Haar neue Kraft und Vitalit\u00e4t. Erh\u00e4ltlich bei MCCP Distribution, Ihrem Spezialisten f\u00fcr Bio-Haarpflegeprodukte in der Schweiz. Verbessern Sie die Gesundheit Ihres Haars auf nat\u00fcrliche Weise mit Natulique.<\/p>\n<ul style=\"text-align: left\">\n<li><strong>Vegan<\/strong><\/li>\n<li><strong>Bio-Zutaten<\/strong><\/li>\n<li><strong>Pro-Qualit\u00e4t<\/strong><\/li>\n<li><strong>Recycelbare Verpackung<\/strong><\/li>\n<\/ul>\n<p><img decoding=\"async\" class=\"wp-image-2406 aligncenter\" src=\"https:\/\/particulier.mccp-coiffure-bio.ch\/wp-content\/uploads\/2021\/01\/vegan-society-certification-300x242.png\" alt=\"\" width=\"214\" height=\"172\" srcset=\"https:\/\/particulier.mccp-coiffure-bio.ch\/wp-content\/uploads\/2021\/01\/vegan-society-certification-300x242.png 300w, https:\/\/particulier.mccp-coiffure-bio.ch\/wp-content\/uploads\/2021\/01\/vegan-society-certification.png 529w\" sizes=\"(max-width: 214px) 100vw, 214px\" \/><\/p>","protected":false},"featured_media":3070,"comment_status":"open","ping_status":"closed","template":"","meta":{"ocean_post_layout":"","ocean_both_sidebars_style":"","ocean_both_sidebars_content_width":0,"ocean_both_sidebars_sidebars_width":0,"ocean_sidebar":"0","ocean_second_sidebar":"0","ocean_disable_margins":"enable","ocean_add_body_class":"","ocean_shortcode_before_top_bar":"","ocean_shortcode_after_top_bar":"","ocean_shortcode_before_header":"","ocean_shortcode_after_header":"","ocean_has_shortcode":"","ocean_shortcode_after_title":"","ocean_shortcode_before_footer_widgets":"","ocean_shortcode_after_footer_widgets":"","ocean_shortcode_before_footer_bottom":"","ocean_shortcode_after_footer_bottom":"","ocean_display_top_bar":"default","ocean_display_header":"default","ocean_header_style":"","ocean_center_header_left_menu":"0","ocean_custom_header_template":"0","ocean_custom_logo":0,"ocean_custom_retina_logo":0,"ocean_custom_logo_max_width":0,"ocean_custom_logo_tablet_max_width":0,"ocean_custom_logo_mobile_max_width":0,"ocean_custom_logo_max_height":0,"ocean_custom_logo_tablet_max_height":0,"ocean_custom_logo_mobile_max_height":0,"ocean_header_custom_menu":"0","ocean_menu_typo_font_family":"0","ocean_menu_typo_font_subset":"","ocean_menu_typo_font_size":0,"ocean_menu_typo_font_size_tablet":0,"ocean_menu_typo_font_size_mobile":0,"ocean_menu_typo_font_size_unit":"px","ocean_menu_typo_font_weight":"","ocean_menu_typo_font_weight_tablet":"","ocean_menu_typo_font_weight_mobile":"","ocean_menu_typo_transform":"","ocean_menu_typo_transform_tablet":"","ocean_menu_typo_transform_mobile":"","ocean_menu_typo_line_height":0,"ocean_menu_typo_line_height_tablet":0,"ocean_menu_typo_line_height_mobile":0,"ocean_menu_typo_line_height_unit":"","ocean_menu_typo_spacing":0,"ocean_menu_typo_spacing_tablet":0,"ocean_menu_typo_spacing_mobile":0,"ocean_menu_typo_spacing_unit":"","ocean_menu_link_color":"","ocean_menu_link_color_hover":"","ocean_menu_link_color_active":"","ocean_menu_link_background":"","ocean_menu_link_hover_background":"","ocean_menu_link_active_background":"","ocean_menu_social_links_bg":"","ocean_menu_social_hover_links_bg":"","ocean_menu_social_links_color":"","ocean_menu_social_hover_links_color":"","ocean_disable_title":"default","ocean_disable_heading":"default","ocean_post_title":"","ocean_post_subheading":"","ocean_post_title_style":"","ocean_post_title_background_color":"","ocean_post_title_background":0,"ocean_post_title_bg_image_position":"","ocean_post_title_bg_image_attachment":"","ocean_post_title_bg_image_repeat":"","ocean_post_title_bg_image_size":"","ocean_post_title_height":0,"ocean_post_title_bg_overlay":0.5,"ocean_post_title_bg_overlay_color":"","ocean_disable_breadcrumbs":"default","ocean_breadcrumbs_color":"","ocean_breadcrumbs_separator_color":"","ocean_breadcrumbs_links_color":"","ocean_breadcrumbs_links_hover_color":"","ocean_display_footer_widgets":"default","ocean_display_footer_bottom":"default","ocean_custom_footer_template":"0"},"product_brand":[],"product_cat":[322],"product_tag":[],"class_list":{"0":"post-3201","1":"product","2":"type-product","3":"status-publish","4":"has-post-thumbnail","6":"product_cat-soins-des-cheveux","8":"entry","9":"has-media","11":"first","12":"instock","13":"taxable","14":"shipping-taxable","15":"purchasable","16":"product-type-simple","17":"has-product-nav","18":"col","19":"span_1_of_5","20":"owp-content-center","21":"owp-thumbs-layout-horizontal","22":"owp-btn-normal","23":"owp-tabs-layout-horizontal"},"jetpack_sharing_enabled":true,"_links":{"self":[{"href":"https:\/\/particulier.mccp-coiffure-bio.ch\/de\/wp-json\/wp\/v2\/product\/3201","targetHints":{"allow":["GET"]}}],"collection":[{"href":"https:\/\/particulier.mccp-coiffure-bio.ch\/de\/wp-json\/wp\/v2\/product"}],"about":[{"href":"https:\/\/particulier.mccp-coiffure-bio.ch\/de\/wp-json\/wp\/v2\/types\/product"}],"replies":[{"embeddable":true,"href":"https:\/\/particulier.mccp-coiffure-bio.ch\/de\/wp-json\/wp\/v2\/comments?post=3201"}],"version-history":[{"count":0,"href":"https:\/\/particulier.mccp-coiffure-bio.ch\/de\/wp-json\/wp\/v2\/product\/3201\/revisions"}],"wp:featuredmedia":[{"embeddable":true,"href":"https:\/\/particulier.mccp-coiffure-bio.ch\/de\/wp-json\/wp\/v2\/media\/3070"}],"wp:attachment":[{"href":"https:\/\/particulier.mccp-coiffure-bio.ch\/de\/wp-json\/wp\/v2\/media?parent=3201"}],"wp:term":[{"taxonomy":"product_brand","embeddable":true,"href":"https:\/\/particulier.mccp-coiffure-bio.ch\/de\/wp-json\/wp\/v2\/product_brand?post=3201"},{"taxonomy":"product_cat","embeddable":true,"href":"https:\/\/particulier.mccp-coiffure-bio.ch\/de\/wp-json\/wp\/v2\/product_cat?post=3201"},{"taxonomy":"product_tag","embeddable":true,"href":"https:\/\/particulier.mccp-coiffure-bio.ch\/de\/wp-json\/wp\/v2\/product_tag?post=3201"}],"curies":[{"name":"wp","href":"https:\/\/api.w.org\/{rel}","templated":true}]}}