{"id":3190,"date":"2024-05-22T13:22:47","date_gmt":"2024-05-22T11:22:47","guid":{"rendered":"https:\/\/particulier.mccp-coiffure-bio.ch\/conditionner-bioactive-bond\/"},"modified":"2026-01-05T07:43:56","modified_gmt":"2026-01-05T06:43:56","slug":"apres-shampoing-bioactive-bond","status":"publish","type":"product","link":"https:\/\/particulier.mccp-coiffure-bio.ch\/de\/produkt\/apres-shampoing-bioactive-bond\/","title":{"rendered":"Conditioner Bioactive Bond 250 ml"},"content":{"rendered":"<h1><strong>Bioactive Bond Natulique Conditioner: Repariert und sch\u00fctzt Ihr Haar auf nat\u00fcrliche Weise 250 ml<\/strong><\/h1>\n<p>Bei MCCP Distribution freuen wir uns, Ihnen den Bioactive Bond Conditioner von Natulique vorstellen zu k\u00f6nnen, eine revolution\u00e4re L\u00f6sung f\u00fcr die Haarpflege. Formuliert mit biologischen und nat\u00fcrlichen Inhaltsstoffen, ist dieser<strong> Haarsp\u00fclung<\/strong> wurde entwickelt, um Ihr Haar zu st\u00e4rken, mit Feuchtigkeit zu versorgen und zu sch\u00fctzen und ihm so unvergleichliche Vitalit\u00e4t und Glanz zu verleihen. Bioactive Bond Natulique eignet sich perfekt f\u00fcr professionelle Friseure und Privatpersonen und ist der ideale Verb\u00fcndete f\u00fcr gesundes und gl\u00e4nzendes Haar.<\/p>\n<h2><strong>Nat\u00fcrliche und biologisch zertifizierte Inhaltsstoffe<\/strong><\/h2>\n<p>Der Bioactive Bond Natulique Conditioner ist mit hochwertigen biologischen Inhaltsstoffen wie Acai-Frucht, Gurke, Apfel und hydrolysiertem Weizenprotein angereichert. Diese nat\u00fcrlichen Inhaltsstoffe arbeiten synergetisch zusammen, um das Haar tiefgreifend zu n\u00e4hren, w\u00e4hrend sie gleichzeitig die Umwelt und Ihre Gesundheit schonen. Die Acai-Frucht ist f\u00fcr ihre feuchtigkeitsspendenden und reparierenden Eigenschaften bekannt, w\u00e4hrend der Apfel reich an Antioxidantien ist, die eine nat\u00fcrliche Barriere gegen weitere Sch\u00e4den bilden. Weizenproteine dringen in die <strong>Haarfaser<\/strong> und kr\u00e4ftigen das Haar. Sie f\u00fcllen L\u00fccken in der <strong>Cuticula des Haares<\/strong>Das Haar wird wieder kr\u00e4ftiger und widerstandsf\u00e4higer.<\/p>\n<h2><strong>Intensive Reparatur und Schutz<\/strong><\/h2>\n<p>Eines der Unterscheidungsmerkmale von Bioactive Bond Natulique Conditioner ist seine F\u00e4higkeit, gesch\u00e4digte Haarverbindungen zu reparieren. Dank seiner innovativen Formel dringt dieser Conditioner tief in die Haarfaser ein, repariert innere Sch\u00e4den und st\u00e4rkt die Haarstruktur. Indem er die Haarverbindungen repariert, hilft er, Haarbruch und Spliss vorzubeugen, und verbessert die Elastizit\u00e4t und Widerstandskraft des Haares. Ihr Haar ist nach jeder Anwendung sichtbar kr\u00e4ftiger, ges\u00fcnder und gl\u00e4nzender.<\/p>\n<h2><strong>Einfache Nutzung und Anwendung<\/strong><\/h2>\n<p>Der Bioactive Bond Natulique Conditioner ist einfach zu verwenden und passt perfekt in Ihre <strong>Haarroutine<\/strong> t\u00e4glich. Nachdem Sie Ihr Haar mit einem geeigneten Shampoo gewaschen haben, tragen Sie eine gro\u00dfz\u00fcgige Menge Conditioner auf das nasse Haar auf und verteilen Sie ihn besonders in den L\u00e4ngen und Spitzen. Lassen Sie die Sp\u00fclung einige Minuten einwirken, damit die Wirkstoffe tief in das Haar eindringen k\u00f6nnen, und sp\u00fclen Sie sie dann gr\u00fcndlich mit lauwarmem Wasser aus. F\u00fcr optimale Ergebnisse sollten Sie diese Sp\u00fclung zusammen mit dem Shampoo Bioactive Bond Natulique verwenden.<\/p>\n<h2><strong>Umweltfreundlich und gesundheitsbewusst<\/strong><\/h2>\n<p>Bei Natulique und <strong>MCCP Vertrieb<\/strong>Wir glauben fest daran, dass es wichtig ist, die Umwelt zu sch\u00fctzen und gleichzeitig auf Ihre Gesundheit zu achten. Bioactive Bond Natulique Conditioner ist biologisch zertifiziert und enth\u00e4lt keine Parabene, Sulfate oder Silikone. Au\u00dferdem wird er nicht an Tieren getestet, was ihn zu einer ethischen und verantwortungsbewussten Wahl f\u00fcr Verbraucher macht, die sich um unseren Planeten sorgen. Durch die Verwendung dieses <strong>Haarsp\u00fclung<\/strong>Wenn Sie Ihr Haar mit einem Haarspray behandeln, tragen Sie zum Schutz der Umwelt bei und erhalten gleichzeitig eine hochwertige Haarpflege.<\/p>\n<h2><strong>Erfahrungsberichte und Meinungen zufriedener Kunden<\/strong><\/h2>\n<p>Unsere Kunden sind sich einig: Der Bioactive Bond Natulique Conditioner verwandelt das Haar. Sie sch\u00e4tzen vor allem die neu gewonnene Geschmeidigkeit und den Glanz sowie die leichte K\u00e4mmbarkeit. Die <strong>Friseurfachleute<\/strong> empfehlen dieses Produkt aufgrund seiner F\u00e4higkeit, das Haar tiefgreifend zu reparieren und es vor den t\u00e4glichen Belastungen zu sch\u00fctzen. Die Anwender stellen schon nach wenigen Anwendungen eine deutliche Verbesserung der Gesundheit ihres Haars fest.<\/p>\n<h3><strong>Bestellen Sie noch heute bei MCCP Distribution<\/strong><\/h3>\n<p>Verpassen Sie nicht die Gelegenheit, es auszuprobieren <strong>die Bioactive Haarsp\u00fclung<\/strong> Bond Natulique und verwandeln Sie Ihr Haar. Besuchen Sie unseren offiziellen Schweizer Natulique-Online-Shop MCCP Distribution. Wir haben es uns zur Aufgabe gemacht, Sie mit hochwertigen Haarpflegeprodukten zu versorgen, die umweltfreundlich sind und Ihre Gesundheit sch\u00fctzen. Mit dem Bioactive Bond Natulique Conditioner schenken Sie Ihrem Haar das Beste aus der Natur f\u00fcr langanhaltende, strahlende Sch\u00f6nheit.<\/p>\n<p><strong>Das NATULIQUE-Konzept<\/strong><\/p>\n<p>Sind Sie neugierig darauf, wie eine 100% NATULIQUE Lounge aussieht?<\/p>\n<p><a href=\"https:\/\/natulique.com\/fr\/concept-salon\/\">Erfahren Sie mehr \u00fcber die Vorteile und wie man ein Salonkonzept wird \u2192.<\/a><\/p>","protected":false},"excerpt":{"rendered":"<h3>Der Bioactive Bond Conditioner von Natulique st\u00e4rkt und repariert gesch\u00e4digtes Haar dank seiner biologischen Formel. Er stellt die Haarverbindungen wieder her, verbessert den Glanz und die Geschmeidigkeit und ist dabei frei von Parabenen und Sulfaten. Ideal f\u00fcr gesundes und revitalisiertes Haar.<\/h3>\n<ul>\n<li><strong>Bio-Zutaten\u00a0<\/strong><\/li>\n<li><strong>vegan<\/strong><\/li>\n<li><strong>hergestellt in D\u00e4nemark<\/strong><\/li>\n<li><strong><strong>wiederverwertbare Verpackungen<\/strong><\/strong><img decoding=\"async\" class=\"size-full wp-image-8066\" title=\"NATURIGIN-NORDIC-SWAN-ECOLABEL-DARK-GREEN.png\" src=\"https:\/\/mccp-coiffure-bio.ch\/wp-content\/uploads\/2024\/05\/NATURIGIN-NORDIC-SWAN-ECOLABEL-DARK-GREEN.png\" alt=\"NATURIGIN-NORDIC-SWAN-ECOLABEL-DARK-GREEN.png\" width=\"190\" height=\"173\" \/><\/li>\n<\/ul>","protected":false},"featured_media":3067,"comment_status":"open","ping_status":"closed","template":"","meta":{"ocean_post_layout":"","ocean_both_sidebars_style":"","ocean_both_sidebars_content_width":0,"ocean_both_sidebars_sidebars_width":0,"ocean_sidebar":"0","ocean_second_sidebar":"0","ocean_disable_margins":"enable","ocean_add_body_class":"","ocean_shortcode_before_top_bar":"","ocean_shortcode_after_top_bar":"","ocean_shortcode_before_header":"","ocean_shortcode_after_header":"","ocean_has_shortcode":"","ocean_shortcode_after_title":"","ocean_shortcode_before_footer_widgets":"","ocean_shortcode_after_footer_widgets":"","ocean_shortcode_before_footer_bottom":"","ocean_shortcode_after_footer_bottom":"","ocean_display_top_bar":"default","ocean_display_header":"default","ocean_header_style":"","ocean_center_header_left_menu":"0","ocean_custom_header_template":"0","ocean_custom_logo":0,"ocean_custom_retina_logo":0,"ocean_custom_logo_max_width":0,"ocean_custom_logo_tablet_max_width":0,"ocean_custom_logo_mobile_max_width":0,"ocean_custom_logo_max_height":0,"ocean_custom_logo_tablet_max_height":0,"ocean_custom_logo_mobile_max_height":0,"ocean_header_custom_menu":"0","ocean_menu_typo_font_family":"0","ocean_menu_typo_font_subset":"","ocean_menu_typo_font_size":0,"ocean_menu_typo_font_size_tablet":0,"ocean_menu_typo_font_size_mobile":0,"ocean_menu_typo_font_size_unit":"px","ocean_menu_typo_font_weight":"","ocean_menu_typo_font_weight_tablet":"","ocean_menu_typo_font_weight_mobile":"","ocean_menu_typo_transform":"","ocean_menu_typo_transform_tablet":"","ocean_menu_typo_transform_mobile":"","ocean_menu_typo_line_height":0,"ocean_menu_typo_line_height_tablet":0,"ocean_menu_typo_line_height_mobile":0,"ocean_menu_typo_line_height_unit":"","ocean_menu_typo_spacing":0,"ocean_menu_typo_spacing_tablet":0,"ocean_menu_typo_spacing_mobile":0,"ocean_menu_typo_spacing_unit":"","ocean_menu_link_color":"","ocean_menu_link_color_hover":"","ocean_menu_link_color_active":"","ocean_menu_link_background":"","ocean_menu_link_hover_background":"","ocean_menu_link_active_background":"","ocean_menu_social_links_bg":"","ocean_menu_social_hover_links_bg":"","ocean_menu_social_links_color":"","ocean_menu_social_hover_links_color":"","ocean_disable_title":"default","ocean_disable_heading":"default","ocean_post_title":"","ocean_post_subheading":"","ocean_post_title_style":"","ocean_post_title_background_color":"","ocean_post_title_background":0,"ocean_post_title_bg_image_position":"","ocean_post_title_bg_image_attachment":"","ocean_post_title_bg_image_repeat":"","ocean_post_title_bg_image_size":"","ocean_post_title_height":0,"ocean_post_title_bg_overlay":0.5,"ocean_post_title_bg_overlay_color":"","ocean_disable_breadcrumbs":"default","ocean_breadcrumbs_color":"","ocean_breadcrumbs_separator_color":"","ocean_breadcrumbs_links_color":"","ocean_breadcrumbs_links_hover_color":"","ocean_display_footer_widgets":"default","ocean_display_footer_bottom":"default","ocean_custom_footer_template":"0"},"product_brand":[],"product_cat":[322],"product_tag":[],"class_list":{"0":"post-3190","1":"product","2":"type-product","3":"status-publish","4":"has-post-thumbnail","6":"product_cat-soins-des-cheveux","8":"entry","9":"has-media","11":"first","12":"instock","13":"taxable","14":"shipping-taxable","15":"purchasable","16":"product-type-simple","17":"has-product-nav","18":"col","19":"span_1_of_5","20":"owp-content-center","21":"owp-thumbs-layout-horizontal","22":"owp-btn-normal","23":"owp-tabs-layout-horizontal"},"jetpack_sharing_enabled":true,"_links":{"self":[{"href":"https:\/\/particulier.mccp-coiffure-bio.ch\/de\/wp-json\/wp\/v2\/product\/3190","targetHints":{"allow":["GET"]}}],"collection":[{"href":"https:\/\/particulier.mccp-coiffure-bio.ch\/de\/wp-json\/wp\/v2\/product"}],"about":[{"href":"https:\/\/particulier.mccp-coiffure-bio.ch\/de\/wp-json\/wp\/v2\/types\/product"}],"replies":[{"embeddable":true,"href":"https:\/\/particulier.mccp-coiffure-bio.ch\/de\/wp-json\/wp\/v2\/comments?post=3190"}],"version-history":[{"count":0,"href":"https:\/\/particulier.mccp-coiffure-bio.ch\/de\/wp-json\/wp\/v2\/product\/3190\/revisions"}],"wp:featuredmedia":[{"embeddable":true,"href":"https:\/\/particulier.mccp-coiffure-bio.ch\/de\/wp-json\/wp\/v2\/media\/3067"}],"wp:attachment":[{"href":"https:\/\/particulier.mccp-coiffure-bio.ch\/de\/wp-json\/wp\/v2\/media?parent=3190"}],"wp:term":[{"taxonomy":"product_brand","embeddable":true,"href":"https:\/\/particulier.mccp-coiffure-bio.ch\/de\/wp-json\/wp\/v2\/product_brand?post=3190"},{"taxonomy":"product_cat","embeddable":true,"href":"https:\/\/particulier.mccp-coiffure-bio.ch\/de\/wp-json\/wp\/v2\/product_cat?post=3190"},{"taxonomy":"product_tag","embeddable":true,"href":"https:\/\/particulier.mccp-coiffure-bio.ch\/de\/wp-json\/wp\/v2\/product_tag?post=3190"}],"curies":[{"name":"wp","href":"https:\/\/api.w.org\/{rel}","templated":true}]}}