{"id":3177,"date":"2024-05-27T11:39:17","date_gmt":"2024-05-27T09:39:17","guid":{"rendered":"https:\/\/particulier.mccp-coiffure-bio.ch\/?post_type=product&#038;p=3177"},"modified":"2025-08-29T12:31:02","modified_gmt":"2025-08-29T10:31:02","slug":"ma-box-volume","status":"publish","type":"product","link":"https:\/\/particulier.mccp-coiffure-bio.ch\/de\/produkt\/ma-box-volume\/","title":{"rendered":"MA BOX VOLUME"},"content":{"rendered":"<h1>Die Vorteile von Ma Box Volume Natulique<\/h1>\n<p>La Box Volume von Natulique ist viel mehr als nur eine Sammlung von Haarpflegeprodukten. Jedes Produkt ist mit nat\u00fcrlichen und biologischen Inhaltsstoffen formuliert, die die Umwelt und Ihre Gesundheit schonen. Der Verzicht auf Parabene, Sulfate und andere aggressive chemische Substanzen garantiert eine sichere und wohltuende Anwendung f\u00fcr alle Haartypen.<\/p>\n<p>Wenn Sie diese umfassende Routine in Ihren Alltag integrieren, werden Sie schnell einen deutlichen Unterschied in der Struktur und dem Volumen Ihres Haars feststellen. Die Kombination dieser Produkte st\u00e4rkt die Haarfasern, stimuliert die Kopfhaut und bietet langanhaltenden Schutz vor sch\u00e4dlichen Umwelteinfl\u00fcssen.<\/p>\n<p>Nehmen Sie die Volume Box von Natulique an und enth\u00fcllen Sie die nat\u00fcrliche Sch\u00f6nheit Ihres Haars mit einer einfachen, effektiven und umweltfreundlichen Routine. F\u00fcr Haare voller Leben und Volumen vertrauen Sie auf Natulique, die Marke, die Leistung und Nat\u00fcrlichkeit vereint.<\/p>\n<h2><strong>Ma Box Volume de Natulique : Ihre komplette Routine f\u00fcr vitales Haar<\/strong><\/h2>\n<p>Entdecken Sie die Volume Box von Natulique, eine Komplettl\u00f6sung, die entwickelt wurde, um Ihrem Haar ein Aussehen voller Volumen und Vitalit\u00e4t zu verleihen. Durch die Kombination von hochwertigen Produkten, die aus zertifizierten biologischen Inhaltsstoffen formuliert wurden, sorgt Natulique f\u00fcr au\u00dfergew\u00f6hnliche Ergebnisse und schont gleichzeitig die Umwelt und Ihre Gesundheit. Hier finden Sie einen detaillierten Leitfaden f\u00fcr die Routine, die Sie befolgen sollten, um die Vorteile dieser exklusiven Box zu maximieren.<\/p>\n<h3>1. <strong>Natulic Volume Shampoo<\/strong><\/h3>\n<p>Beginnen Sie Ihre Pflegeroutine mit dem Natulique Volume Shampoo. Dieses milde Shampoo mit Rosenextrakten und Reisproteinen reinigt gr\u00fcndlich, w\u00e4hrend es vom Ansatz an f\u00fcr mehr Volumen sorgt. Die sulfatfreie Formel sorgt f\u00fcr eine sanfte Reinigung, die die Kopfhaut nicht angreift und so dichteres und volumin\u00f6seres Haar f\u00f6rdert.<\/p>\n<p><strong>Verwendung :<\/strong><\/p>\n<ul>\n<li>Tragen Sie eine kleine Menge Shampoo auf das nasse Haar auf.<\/li>\n<li>Massieren Sie die Kopfhaut sanft mit den Fingerspitzen, um die Durchblutung anzuregen.<\/li>\n<li>Sp\u00fclen Sie sie gr\u00fcndlich mit lauwarmem Wasser ab.<\/li>\n<\/ul>\n<h3>2. <strong>Natulique Volume Conditioner<\/strong><\/h3>\n<p>Fahren Sie mit dem Volume Conditioner fort. Dieser leichte Conditioner n\u00e4hrt das Haar, ohne es zu beschweren, dank seiner reichhaltigen Zusammensetzung aus Haferextrakten und Aloe Vera. Sie hinterl\u00e4sst das Haar weich, seidig und sichtbar volumin\u00f6ser.<\/p>\n<p><strong>Verwendung :<\/strong><\/p>\n<ul>\n<li>Tragen Sie den Conditioner auf die L\u00e4ngen und Spitzen auf, nachdem Sie das Shampoo ausgesp\u00fclt haben.<\/li>\n<li>Lassen Sie sie 2-3 Minuten einwirken, um die Haut optimal mit Feuchtigkeit zu versorgen.<\/li>\n<li>Sp\u00fclen Sie es gr\u00fcndlich ab.<\/li>\n<\/ul>\n<h3>3. <strong>Natulique Root Lift Volume Tonic Spray<\/strong><\/h3>\n<p>Das Volumenspray ist der entscheidende Schritt, um dem Haar sofort und dauerhaft Volumen zu verleihen. Das mit Pfefferminz- und Ginsengwurzel-Extrakten durchsetzte Spray revitalisiert die Kopfhaut und st\u00e4rkt das Haar.<\/p>\n<p><strong>Verwendung :<\/strong><\/p>\n<ul>\n<li>Gleichm\u00e4\u00dfig auf das feuchte Haar spr\u00fchen, dabei besonders auf den Ansatz achten.<\/li>\n<li>Stylen Sie Ihr Haar nach Belieben. F\u00fcr maximales Volumen f\u00f6hnen Sie Ihr Haar \u00fcber eine Rundb\u00fcrste.<\/li>\n<\/ul>\n<h3>4. Sie k\u00f6nnen mit der <strong>Natulique* Volume Styling Mousse<\/strong><\/h3>\n<p>Volume Styling Mousse verleiht Ihrem Haar F\u00fclle und Textur und bietet flexiblen Halt. Er wurde mit Bambusextrakt und Weizenproteinen formuliert und sch\u00fctzt das Haar vor \u00e4u\u00dferen Einfl\u00fcssen und Hitzesch\u00e4den.<\/p>\n<p>Entdecken Sie das volle Potenzial von volumin\u00f6sem Haar mit bitre Boxe Volume. G\u00f6nnen Sie sich und Ihrem Haar diese besondere Pflege und sp\u00fcren Sie den Unterschied. Verwandeln Sie schlaffes Haar in eine volumin\u00f6se Pracht und bewahren Sie dabei die nat\u00fcrliche Sch\u00f6nheit Ihres Haares!<\/p>\n<p>Entdecken Sie jetzt das NATULIQUE Volumen-Set und verleihen Sie Ihrem Haar das Volumen, von dem Sie tr\u00e4umen. Erleben Sie das Gef\u00fchl von vollem, gesundem Haar und strahlen Sie in nat\u00fcrlicher Sch\u00f6nheit!<\/p>\n<p><strong>Das NATULIQUE-Konzept<\/strong><\/p>\n<p>Sind Sie neugierig darauf, wie eine 100% NATULIQUE Lounge aussieht?<\/p>\n<p><a href=\"https:\/\/natulique.com\/fr\/concept-salon\/\">Erfahren Sie mehr \u00fcber die Vorteile und wie man ein Salonkonzept wird \u2192.<\/a><\/p>\n<p>*<a href=\"https:\/\/mccp-coiffure-bio.ch\/mousse-volumisante\/\">https:\/\/mccp-coiffure-bio.ch\/mousse-volumisante\/<\/a><\/p>\n<p>&nbsp;<\/p>","protected":false},"excerpt":{"rendered":"<h2><strong>Ma Box Volume de Natulique : Ihre komplette Routine f\u00fcr vitales Haar<\/strong><\/h2>\n<p>Entdecken Sie Ma Box Volume von Natulique, eine Komplettl\u00f6sung, die entwickelt wurde, um Ihrem Haar ein Aussehen voller Volumen und Vitalit\u00e4t zu verleihen.<\/p>\n<p>Durch die Kombination von hochwertigen Produkten, die aus zertifizierten biologischen Inhaltsstoffen formuliert wurden, sorgt Natulique f\u00fcr au\u00dfergew\u00f6hnliche Ergebnisse und schont dabei die Umwelt und Ihre Gesundheit. Hier finden Sie einen detaillierten Leitfaden f\u00fcr die Routine, die Sie befolgen sollten, um die Vorteile dieser exklusiven Box zu maximieren.<\/p>\n<h3><\/h3>","protected":false},"featured_media":4203,"comment_status":"open","ping_status":"closed","template":"","meta":{"ocean_post_layout":"","ocean_both_sidebars_style":"","ocean_both_sidebars_content_width":0,"ocean_both_sidebars_sidebars_width":0,"ocean_sidebar":"0","ocean_second_sidebar":"0","ocean_disable_margins":"enable","ocean_add_body_class":"","ocean_shortcode_before_top_bar":"","ocean_shortcode_after_top_bar":"","ocean_shortcode_before_header":"","ocean_shortcode_after_header":"","ocean_has_shortcode":"","ocean_shortcode_after_title":"","ocean_shortcode_before_footer_widgets":"","ocean_shortcode_after_footer_widgets":"","ocean_shortcode_before_footer_bottom":"","ocean_shortcode_after_footer_bottom":"","ocean_display_top_bar":"default","ocean_display_header":"default","ocean_header_style":"","ocean_center_header_left_menu":"0","ocean_custom_header_template":"0","ocean_custom_logo":0,"ocean_custom_retina_logo":0,"ocean_custom_logo_max_width":0,"ocean_custom_logo_tablet_max_width":0,"ocean_custom_logo_mobile_max_width":0,"ocean_custom_logo_max_height":0,"ocean_custom_logo_tablet_max_height":0,"ocean_custom_logo_mobile_max_height":0,"ocean_header_custom_menu":"0","ocean_menu_typo_font_family":"0","ocean_menu_typo_font_subset":"","ocean_menu_typo_font_size":0,"ocean_menu_typo_font_size_tablet":0,"ocean_menu_typo_font_size_mobile":0,"ocean_menu_typo_font_size_unit":"px","ocean_menu_typo_font_weight":"","ocean_menu_typo_font_weight_tablet":"","ocean_menu_typo_font_weight_mobile":"","ocean_menu_typo_transform":"","ocean_menu_typo_transform_tablet":"","ocean_menu_typo_transform_mobile":"","ocean_menu_typo_line_height":0,"ocean_menu_typo_line_height_tablet":0,"ocean_menu_typo_line_height_mobile":0,"ocean_menu_typo_line_height_unit":"","ocean_menu_typo_spacing":0,"ocean_menu_typo_spacing_tablet":0,"ocean_menu_typo_spacing_mobile":0,"ocean_menu_typo_spacing_unit":"","ocean_menu_link_color":"","ocean_menu_link_color_hover":"","ocean_menu_link_color_active":"","ocean_menu_link_background":"","ocean_menu_link_hover_background":"","ocean_menu_link_active_background":"","ocean_menu_social_links_bg":"","ocean_menu_social_hover_links_bg":"","ocean_menu_social_links_color":"","ocean_menu_social_hover_links_color":"","ocean_disable_title":"default","ocean_disable_heading":"default","ocean_post_title":"","ocean_post_subheading":"","ocean_post_title_style":"","ocean_post_title_background_color":"","ocean_post_title_background":0,"ocean_post_title_bg_image_position":"","ocean_post_title_bg_image_attachment":"","ocean_post_title_bg_image_repeat":"","ocean_post_title_bg_image_size":"","ocean_post_title_height":0,"ocean_post_title_bg_overlay":0.5,"ocean_post_title_bg_overlay_color":"","ocean_disable_breadcrumbs":"default","ocean_breadcrumbs_color":"","ocean_breadcrumbs_separator_color":"","ocean_breadcrumbs_links_color":"","ocean_breadcrumbs_links_hover_color":"","ocean_display_footer_widgets":"default","ocean_display_footer_bottom":"default","ocean_custom_footer_template":"0"},"product_brand":[],"product_cat":[348],"product_tag":[331,342,343,330],"class_list":{"0":"post-3177","1":"product","2":"type-product","3":"status-publish","4":"has-post-thumbnail","6":"product_cat-ma-box-beaute-cheveux","7":"product_tag-apres-shampoings","8":"product_tag-produits-hydratants","9":"product_tag-produits-nourrissants","10":"product_tag-shampoings","12":"entry","13":"has-media","15":"first","16":"instock","17":"taxable","18":"shipping-taxable","19":"purchasable","20":"product-type-composite","21":"has-product-nav","22":"col","23":"span_1_of_5","24":"owp-content-center","25":"owp-thumbs-layout-horizontal","26":"owp-btn-normal","27":"owp-tabs-layout-horizontal"},"jetpack_sharing_enabled":true,"_links":{"self":[{"href":"https:\/\/particulier.mccp-coiffure-bio.ch\/de\/wp-json\/wp\/v2\/product\/3177","targetHints":{"allow":["GET"]}}],"collection":[{"href":"https:\/\/particulier.mccp-coiffure-bio.ch\/de\/wp-json\/wp\/v2\/product"}],"about":[{"href":"https:\/\/particulier.mccp-coiffure-bio.ch\/de\/wp-json\/wp\/v2\/types\/product"}],"replies":[{"embeddable":true,"href":"https:\/\/particulier.mccp-coiffure-bio.ch\/de\/wp-json\/wp\/v2\/comments?post=3177"}],"version-history":[{"count":0,"href":"https:\/\/particulier.mccp-coiffure-bio.ch\/de\/wp-json\/wp\/v2\/product\/3177\/revisions"}],"wp:featuredmedia":[{"embeddable":true,"href":"https:\/\/particulier.mccp-coiffure-bio.ch\/de\/wp-json\/wp\/v2\/media\/4203"}],"wp:attachment":[{"href":"https:\/\/particulier.mccp-coiffure-bio.ch\/de\/wp-json\/wp\/v2\/media?parent=3177"}],"wp:term":[{"taxonomy":"product_brand","embeddable":true,"href":"https:\/\/particulier.mccp-coiffure-bio.ch\/de\/wp-json\/wp\/v2\/product_brand?post=3177"},{"taxonomy":"product_cat","embeddable":true,"href":"https:\/\/particulier.mccp-coiffure-bio.ch\/de\/wp-json\/wp\/v2\/product_cat?post=3177"},{"taxonomy":"product_tag","embeddable":true,"href":"https:\/\/particulier.mccp-coiffure-bio.ch\/de\/wp-json\/wp\/v2\/product_tag?post=3177"}],"curies":[{"name":"wp","href":"https:\/\/api.w.org\/{rel}","templated":true}]}}