{"id":3174,"date":"2024-05-27T11:34:43","date_gmt":"2024-05-27T09:34:43","guid":{"rendered":"https:\/\/particulier.mccp-coiffure-bio.ch\/?post_type=product&#038;p=3174"},"modified":"2025-08-29T12:31:10","modified_gmt":"2025-08-29T10:31:10","slug":"ma-box-anti-chute","status":"publish","type":"product","link":"https:\/\/particulier.mccp-coiffure-bio.ch\/de\/produkt\/ma-box-anti-chute\/","title":{"rendered":"MEINE ANTI-FALL-BOX"},"content":{"rendered":"<h1>Meine Box gegen Haarausfall von Natulique: Eine komplette Routine f\u00fcr gesundes und kr\u00e4ftiges Haar<\/h1>\n<p>Meine <strong>Box Anti-Haarausfall von Natulique<\/strong> ist eine Komplettl\u00f6sung, die entwickelt wurde, um dabei zu helfen, Haarausfall zu verhindern und gesundes Haarwachstum zu f\u00f6rdern. Diese exklusive Box enth\u00e4lt eine Reihe von Produkten, die speziell aus nat\u00fcrlichen und biologischen Inhaltsstoffen formuliert wurden, die die Kopfhaut und die Umwelt schonen.<\/p>\n<h4>Inhalt meiner Box gegen Haarausfall<\/h4>\n<ol>\n<li><strong>Wachstumsstimulierendes Shampoo<\/strong> (250 ml)<\/li>\n<li><strong>Revitalisierender Conditioner<\/strong> (250 ml)<\/li>\n<li><strong>Anti-Haarausfall-Serum<\/strong> (100 ml)<\/li>\n<\/ol>\n<h4>1.Shampoo gegen echten Haarausfall Wachstumsstimulator<\/h4>\n<p>Die <strong>Wachstumsstimulierendes Shampoo<\/strong> von Natulique ist mit bioaktiven Inhaltsstoffen angereichert. Diese Bestandteile arbeiten synergetisch zusammen, um die Kopfhaut sanft zu reinigen und gleichzeitig die Durchblutung anzuregen. Eine regelm\u00e4\u00dfige Anwendung hilft, die Haarfollikel zu st\u00e4rken und den Haarausfall zu reduzieren.<\/p>\n<p><strong>Verwendung<\/strong> : Eine kleine Menge des Shampoos auf das nasse Haar auftragen, 2-3 Minuten lang sanft in die Kopfhaut einmassieren und anschlie\u00dfend gr\u00fcndlich aussp\u00fclen. F\u00fcr optimale Ergebnisse 2-3 Mal pro Woche anwenden.<\/p>\n<h4>2.Exzellenter Anti-Haarausfall-Conditioner, entwirrend und revitalisierend<\/h4>\n<p>Die <strong>Conditioner Anti-Haarausfall<\/strong> ist die perfekte Erg\u00e4nzung zum Shampoo und versorgt das Haar mit Feuchtigkeit und wichtigen N\u00e4hrstoffen. Die mit Pflanzenextrakten formulierte Sp\u00fclung hilft, das Haar zu entwirren, w\u00e4hrend sie ihm einen nat\u00fcrlichen Glanz und eine seidige Textur verleiht.<\/p>\n<p><strong>Verwendung<\/strong> Anwendung: Nach dem Shampoonieren den Conditioner auf die Haarl\u00e4ngen und -spitzen auftragen. 3-5 Minuten einwirken lassen und anschlie\u00dfend gr\u00fcndlich aussp\u00fclen. Nach jeder Haarw\u00e4sche anwenden.<\/p>\n<h4>3.Anti-Fall Serum aus meiner Anti-Fall Box<\/h4>\n<p>Die <strong>Anti-Haarausfall-Serum<\/strong> ist ein starkes Konzentrat aus nat\u00fcrlichen Wirkstoffen, das entwickelt wurde, um direkt auf die von Haarausfall betroffenen Stellen zu zielen. Mit Rizinus\u00f6l, Rosmarin und Ingwer f\u00f6rdert dieses Serum die Regeneration der Haarzellen und st\u00e4rkt das Haar an der Wurzel.<\/p>\n<p><strong>Verwendung<\/strong> : Tragen Sie einige Tropfen des Serums direkt auf die Kopfhaut auf, wo der Haarausfall am st\u00e4rksten ausgepr\u00e4gt ist. Sanft einmassieren, um die Absorption zu f\u00f6rdern. T\u00e4glich anwenden, am besten abends vor dem Schlafengehen. Wir empfehlen, die stimulierende Natulique-B\u00fcrste zu verwenden, damit das Serum besser aufgenommen werden kann.<\/p>\n<h4>4.Sie k\u00f6nnen diese Routine mit dem Natulique Root Lift Volume Tonic * vervollst\u00e4ndigen.<\/h4>\n<p>Diese <strong>Wurzelvolumen-Spray<\/strong> ist ideal f\u00fcr die t\u00e4gliche Anwendung. Es enth\u00e4lt eine einzigartige Mischung aus Pflanzenextrakten und Vitaminen, die das Haar n\u00e4hren und vor sch\u00e4dlichen Umwelteinfl\u00fcssen sch\u00fctzen. Das leichte Spray hilft au\u00dferdem, feinem und br\u00fcchigem Haar Volumen zu verleihen und seine Struktur zu verbessern.<\/p>\n<p><strong>Verwendung<\/strong> : Direkt auf die Kopfhaut und den Haaransatz des trockenen oder feuchten Haares spr\u00fchen. Nicht aussp\u00fclen.<\/p>\n<h3>Umfassende Routine f\u00fcr optimale Ergebnisse<\/h3>\n<p>Um die Effekte der <strong>Box Anti-Haarausfall von Natulique<\/strong>Es ist wichtig, dass Sie Ihre Haarpflege regelm\u00e4\u00dfig und konsequent durchf\u00fchren. Hier ist eine einfache Anleitung, wie Sie diese Produkte in Ihre t\u00e4gliche Routine integrieren k\u00f6nnen :<\/p>\n<ol>\n<li><strong>Montag, Mittwoch, Freitag<\/strong> : Beginnen Sie damit, Ihr Haar mit dem <strong>Wachstumsstimulierendes Shampoo<\/strong>. Sp\u00fclen Sie es gut ab und tragen Sie dann das <strong>Revitalisierender Conditioner<\/strong>. Lassen Sie es einwirken und sp\u00fclen Sie es erneut ab.<\/li>\n<li><strong>Einen Monat lang jeden Abend, danach 3 Mal pro Woche<\/strong> : Wenden Sie das <strong>Anti-Haarausfall-Serum<\/strong> auf die von Haarausfall betroffenen Stellen auftragen. Massieren Sie es sanft ein, um die Aufnahme zu f\u00f6rdern.<\/li>\n<\/ol>\n<h3>Warum Natulique w\u00e4hlen?<\/h3>\n<p>Natulique hat es sich zur Aufgabe gemacht, qualitativ hochwertige Haarprodukte anzubieten, die aus zertifizierten biologischen Inhaltsstoffen formuliert wurden. Alle Produkte der Anti-Fall-Box sind frei von Sulfaten, Parabenen und sch\u00e4dlichen Chemikalien und garantieren so eine sichere und effektive Anwendung f\u00fcr alle Haartypen.<\/p>\n<p>Durch die Annahme der <strong>Box Anti-Haarausfall von Natulique<\/strong>Sie entscheiden sich nicht nur f\u00fcr die Pflege Ihres Haars, sondern auch f\u00fcr die Unterst\u00fctzung eines umweltfreundlichen Ansatzes. Jedes Produkt ist so konzipiert, dass es die \u00f6kologischen Auswirkungen auf ein Minimum reduziert und gleichzeitig sichtbare und lang anhaltende Ergebnisse liefert.<\/p>\n<p><strong>Das NATULIQUE-Konzept<\/strong><\/p>\n<p>Sind Sie neugierig darauf, wie eine 100% NATULIQUE Lounge aussieht?<\/p>\n<p><a href=\"https:\/\/natulique.com\/fr\/concept-salon\/\">Erfahren Sie mehr \u00fcber die Vorteile und wie man ein Salonkonzept wird \u2192.<\/a><\/p>\n<p>*<a href=\"https:\/\/mccp-coiffure-bio.ch\/tonique-volumisant-special-racines\/\">https:\/\/mccp-coiffure-bio.ch\/tonique-volumisant-special-racines\/<\/a><\/p>","protected":false},"excerpt":{"rendered":"<h3>Meine Box gegen Haarausfall von Natulique: Eine komplette Routine f\u00fcr gesundes und kr\u00e4ftiges Haar<\/h3>\n<p>Die <strong>Box Anti-Haarausfall von Natulique<\/strong> ist eine Komplettl\u00f6sung, die entwickelt wurde, um dabei zu helfen, Haarausfall zu verhindern und gesundes Haarwachstum zu f\u00f6rdern.<\/p>\n<p>Diese exklusive Box enth\u00e4lt eine Reihe von Produkten, die speziell aus nat\u00fcrlichen und biologischen Inhaltsstoffen formuliert wurden, die die Kopfhaut und die Umwelt schonen.<\/p>\n<h4><\/h4>","protected":false},"featured_media":4204,"comment_status":"open","ping_status":"closed","template":"","meta":{"ocean_post_layout":"","ocean_both_sidebars_style":"","ocean_both_sidebars_content_width":0,"ocean_both_sidebars_sidebars_width":0,"ocean_sidebar":"0","ocean_second_sidebar":"0","ocean_disable_margins":"enable","ocean_add_body_class":"","ocean_shortcode_before_top_bar":"","ocean_shortcode_after_top_bar":"","ocean_shortcode_before_header":"","ocean_shortcode_after_header":"","ocean_has_shortcode":"","ocean_shortcode_after_title":"","ocean_shortcode_before_footer_widgets":"","ocean_shortcode_after_footer_widgets":"","ocean_shortcode_before_footer_bottom":"","ocean_shortcode_after_footer_bottom":"","ocean_display_top_bar":"default","ocean_display_header":"default","ocean_header_style":"","ocean_center_header_left_menu":"0","ocean_custom_header_template":"0","ocean_custom_logo":0,"ocean_custom_retina_logo":0,"ocean_custom_logo_max_width":0,"ocean_custom_logo_tablet_max_width":0,"ocean_custom_logo_mobile_max_width":0,"ocean_custom_logo_max_height":0,"ocean_custom_logo_tablet_max_height":0,"ocean_custom_logo_mobile_max_height":0,"ocean_header_custom_menu":"0","ocean_menu_typo_font_family":"0","ocean_menu_typo_font_subset":"","ocean_menu_typo_font_size":0,"ocean_menu_typo_font_size_tablet":0,"ocean_menu_typo_font_size_mobile":0,"ocean_menu_typo_font_size_unit":"px","ocean_menu_typo_font_weight":"","ocean_menu_typo_font_weight_tablet":"","ocean_menu_typo_font_weight_mobile":"","ocean_menu_typo_transform":"","ocean_menu_typo_transform_tablet":"","ocean_menu_typo_transform_mobile":"","ocean_menu_typo_line_height":0,"ocean_menu_typo_line_height_tablet":0,"ocean_menu_typo_line_height_mobile":0,"ocean_menu_typo_line_height_unit":"","ocean_menu_typo_spacing":0,"ocean_menu_typo_spacing_tablet":0,"ocean_menu_typo_spacing_mobile":0,"ocean_menu_typo_spacing_unit":"","ocean_menu_link_color":"","ocean_menu_link_color_hover":"","ocean_menu_link_color_active":"","ocean_menu_link_background":"","ocean_menu_link_hover_background":"","ocean_menu_link_active_background":"","ocean_menu_social_links_bg":"","ocean_menu_social_hover_links_bg":"","ocean_menu_social_links_color":"","ocean_menu_social_hover_links_color":"","ocean_disable_title":"default","ocean_disable_heading":"default","ocean_post_title":"","ocean_post_subheading":"","ocean_post_title_style":"","ocean_post_title_background_color":"","ocean_post_title_background":0,"ocean_post_title_bg_image_position":"","ocean_post_title_bg_image_attachment":"","ocean_post_title_bg_image_repeat":"","ocean_post_title_bg_image_size":"","ocean_post_title_height":0,"ocean_post_title_bg_overlay":0.5,"ocean_post_title_bg_overlay_color":"","ocean_disable_breadcrumbs":"default","ocean_breadcrumbs_color":"","ocean_breadcrumbs_separator_color":"","ocean_breadcrumbs_links_color":"","ocean_breadcrumbs_links_hover_color":"","ocean_display_footer_widgets":"default","ocean_display_footer_bottom":"default","ocean_custom_footer_template":"0"},"product_brand":[],"product_cat":[348],"product_tag":[199,331,342,343,330,332],"class_list":{"0":"post-3174","1":"product","2":"type-product","3":"status-publish","4":"has-post-thumbnail","6":"product_cat-ma-box-beaute-cheveux","7":"product_tag-anti-chute","8":"product_tag-apres-shampoings","9":"product_tag-produits-hydratants","10":"product_tag-produits-nourrissants","11":"product_tag-shampoings","12":"product_tag-traitements-cuir-chevelu-sensible","14":"entry","15":"has-media","17":"first","18":"instock","19":"taxable","20":"shipping-taxable","21":"purchasable","22":"product-type-composite","23":"has-product-nav","24":"col","25":"span_1_of_5","26":"owp-content-center","27":"owp-thumbs-layout-horizontal","28":"owp-btn-normal","29":"owp-tabs-layout-horizontal"},"jetpack_sharing_enabled":true,"_links":{"self":[{"href":"https:\/\/particulier.mccp-coiffure-bio.ch\/de\/wp-json\/wp\/v2\/product\/3174","targetHints":{"allow":["GET"]}}],"collection":[{"href":"https:\/\/particulier.mccp-coiffure-bio.ch\/de\/wp-json\/wp\/v2\/product"}],"about":[{"href":"https:\/\/particulier.mccp-coiffure-bio.ch\/de\/wp-json\/wp\/v2\/types\/product"}],"replies":[{"embeddable":true,"href":"https:\/\/particulier.mccp-coiffure-bio.ch\/de\/wp-json\/wp\/v2\/comments?post=3174"}],"version-history":[{"count":0,"href":"https:\/\/particulier.mccp-coiffure-bio.ch\/de\/wp-json\/wp\/v2\/product\/3174\/revisions"}],"wp:featuredmedia":[{"embeddable":true,"href":"https:\/\/particulier.mccp-coiffure-bio.ch\/de\/wp-json\/wp\/v2\/media\/4204"}],"wp:attachment":[{"href":"https:\/\/particulier.mccp-coiffure-bio.ch\/de\/wp-json\/wp\/v2\/media?parent=3174"}],"wp:term":[{"taxonomy":"product_brand","embeddable":true,"href":"https:\/\/particulier.mccp-coiffure-bio.ch\/de\/wp-json\/wp\/v2\/product_brand?post=3174"},{"taxonomy":"product_cat","embeddable":true,"href":"https:\/\/particulier.mccp-coiffure-bio.ch\/de\/wp-json\/wp\/v2\/product_cat?post=3174"},{"taxonomy":"product_tag","embeddable":true,"href":"https:\/\/particulier.mccp-coiffure-bio.ch\/de\/wp-json\/wp\/v2\/product_tag?post=3174"}],"curies":[{"name":"wp","href":"https:\/\/api.w.org\/{rel}","templated":true}]}}