{"id":3171,"date":"2024-05-27T11:29:55","date_gmt":"2024-05-27T09:29:55","guid":{"rendered":"https:\/\/particulier.mccp-coiffure-bio.ch\/?post_type=product&#038;p=3171"},"modified":"2025-08-29T12:30:36","modified_gmt":"2025-08-29T10:30:36","slug":"ma-box-nourish","status":"publish","type":"product","link":"https:\/\/particulier.mccp-coiffure-bio.ch\/de\/produkt\/ma-box-nourish\/","title":{"rendered":"MA BOX NOURISH"},"content":{"rendered":"<h1>Meine Box Nourish von Natulique: Ein komplettes und nat\u00fcrliches Haarerlebnis<\/h1>\n<p>Ma Box Nourish von Natulique ist die ultimative L\u00f6sung f\u00fcr alle, die sich eine komplette und nat\u00fcrliche Haarroutine w\u00fcnschen. Diese Box wurde entwickelt, um den Bed\u00fcrfnissen von trockenem und gesch\u00e4digtem Haar gerecht zu werden, und enth\u00e4lt drei Hauptprodukte der Marke: Shampoo, Conditioner und N\u00e4hrcreme. Diese Produkte, die aus biologischen und nat\u00fcrlichen Inhaltsstoffen formuliert wurden, sind perfekt, um die Vitalit\u00e4t und den Glanz Ihres Haars wiederherzustellen und gleichzeitig die Umwelt zu schonen.<\/p>\n<h3>1.Das Natulic Nourishing Shampoo<\/h3>\n<p>Das n\u00e4hrende Shampoo von Natulique ist der erste Schritt zu gesundem, revitalisiertem Haar. Dieses Shampoo ist mit biologischen Pflanzenextrakten und \u00e4therischen \u00d6len angereichert, die das Haar sanft reinigen und gleichzeitig seinen nat\u00fcrlichen Feuchtigkeitsgehalt bewahren. Die milde Formel ist frei von Sulfaten und Parabenen und eignet sich hervorragend f\u00fcr empfindliche Kopfhaut. Zu den wichtigsten Inhaltsstoffen geh\u00f6ren Argan\u00f6l, das f\u00fcr seine feuchtigkeitsspendenden und reparierenden Eigenschaften bekannt ist, sowie Aloe Vera, das die Kopfhaut beruhigt und mit Feuchtigkeit versorgt.<\/p>\n<h3>Shampoo-Anwendungsroutine<\/h3>\n<p>F\u00fcr eine optimale Anwendung tragen Sie eine kleine Menge des Shampoos auf das nasse Haar auf. Massieren Sie die Kopfhaut sanft mit den Fingerspitzen, um die Durchblutung anzuregen und eine bessere Aufnahme der N\u00e4hrstoffe zu f\u00f6rdern. Sp\u00fclen Sie das Haar gr\u00fcndlich mit lauwarmem Wasser aus. Wiederholen Sie den Vorgang bei Bedarf, um alle Spuren von Unreinheiten zu entfernen.<\/p>\n<h3>2.Natulique N\u00e4hrende Pflegesp\u00fclung<\/h3>\n<p>Nachdem Sie Ihr Haar mit dem Shampoo gereinigt haben, ist es wichtig, dass Sie es gr\u00fcndlich mit Feuchtigkeit versorgen. Die n\u00e4hrende Pflegesp\u00fclung von Natulique wurde speziell entwickelt, um das Haar zu entwirren und geschmeidig zu machen, ohne es zu beschweren. Die mit Sheabutter und Jojoba\u00f6l angereicherte Sp\u00fclung dringt in die Haarfaser ein und versorgt sie mit N\u00e4hrstoffen, die sie zur Reparatur ben\u00f6tigt. Er hilft, die Schuppenschicht des Haares zu versiegeln, wodurch Frizz reduziert und das Haar leichter k\u00e4mmbar wird.<\/p>\n<h3>Anwendungsroutine f\u00fcr die Haarsp\u00fclung<\/h3>\n<p>Tragen Sie die Sp\u00fclung nach dem Shampoonieren auf das handtuchtrockene Haar auf, wobei Sie besonders auf die L\u00e4ngen und Spitzen achten sollten. Lassen Sie die Sp\u00fclung 2-3 Minuten einwirken, damit die pflegenden Inhaltsstoffe tief in die Haut eindringen k\u00f6nnen. Sp\u00fclen Sie es anschlie\u00dfend mit lauwarmem Wasser gr\u00fcndlich aus. Bei sehr trockenem oder gesch\u00e4digtem Haar empfiehlt es sich, die Sp\u00fclung l\u00e4nger, bis zu 5 Minuten, einwirken zu lassen.<\/p>\n<h3>3.Die Natulique N\u00e4hrende Creme<\/h3>\n<p>Um Ihre Haarroutine zu vervollst\u00e4ndigen, ist die Natulique Nourishing Cream eine Leave-in-Pflege, die das Haar kontinuierlich mit Feuchtigkeit versorgt und es vor sch\u00e4dlichen Umwelteinfl\u00fcssen sch\u00fctzt. Die mit nat\u00fcrlichen Inhaltsstoffen wie Gr\u00fcntee-Extrakt und Traubenkern\u00f6l formulierte Creme n\u00e4hrt das Haar tiefenwirksam, st\u00e4rkt die Haarfaser und verleiht ihm einen strahlenden Glanz. Sie ist ideal f\u00fcr trockenes, stumpfes und zu Frizz neigendes Haar.<\/p>\n<h3>Anwendungsroutine f\u00fcr die N\u00e4hrende Creme<\/h3>\n<p>Nachdem Sie den Conditioner ausgesp\u00fclt haben, tragen Sie eine kleine Menge der n\u00e4hrenden Creme auf das feuchte oder trockene Haar auf. Verteilen Sie sie gleichm\u00e4\u00dfig in den L\u00e4ngen und Spitzen und sparen Sie den Ansatz aus, um das Haar nicht zu beschweren. Sp\u00fclen Sie die Creme nicht aus. Die Creme kann auch als Auffrischung im trockenen Haar verwendet werden, um Frizz zu b\u00e4ndigen und den ganzen Tag \u00fcber Glanz zu verleihen.<\/p>\n<p>Ma Box Nourish von Natulique ist mehr als nur eine Box mit Haarpflegeprodukten; es ist eine echte Pflegeroutine, die die Gesundheit und Sch\u00f6nheit Ihres Haars ver\u00e4ndert. Wenn Sie diese Produkte regelm\u00e4\u00dfig anwenden, schenken Sie Ihrem Haar die Vorteile nat\u00fcrlicher und biologischer Inhaltsstoffe, die sorgf\u00e4ltig nach ihrer Wirksamkeit und Umweltfreundlichkeit ausgew\u00e4hlt wurden. Erleben Sie mit Natulique revitalisiertes, weiches und gl\u00e4nzendes Haar und f\u00fchren Sie eine dauerhaft gesunde und umweltbewusste Haarroutine ein.<\/p>\n<p><strong>Das NATULIQUE-Konzept<\/strong><\/p>\n<p>Sind Sie neugierig darauf, wie eine 100% NATULIQUE Lounge aussieht?<\/p>\n<p><a href=\"https:\/\/natulique.com\/fr\/concept-salon\/\">Erfahren Sie mehr \u00fcber die Vorteile und wie man ein Salonkonzept wird \u2192.<\/a><\/p>\n<p>Sie k\u00f6nnen Ihre Nourish-Routine vertiefen, indem Sie zum Schluss das marokkanische Argan\u00f6l Natulique auf Ihre L\u00e4ngen und Spitzen auftragen.<\/p>\n<p>*<a href=\"https:\/\/mccp-coiffure-bio.ch\/huile-dargan-marocaine\/\">https:\/\/mccp-coiffure-bio.ch\/huile-dargan-marocaine\/<\/a><\/p>","protected":false},"excerpt":{"rendered":"<h2>Meine Box Nourish von Natulique: Ein komplettes Bio-Haar-Erlebnis<\/h2>\n<p>Entdecken Sie Ma Box Nourish von Natulique, eine umfassende und luxuri\u00f6se L\u00f6sung f\u00fcr Ihre Haarbed\u00fcrfnisse, die speziell f\u00fcr diejenigen entwickelt wurde, die Wert auf nat\u00fcrliche und biologische Produkte legen.<\/p>\n<p>Wir bei Natulique setzen uns daf\u00fcr ein, hochwertige Haarpflegeprodukte anzubieten, die sowohl Ihr Wohlbefinden als auch die Umwelt schonen.<\/p>\n<p>Unsere Nourish Box wurde entwickelt, um Ihr Haar zu n\u00e4hren, zu revitalisieren und zu verwandeln, wobei die Prinzipien der Nachhaltigkeit und Nat\u00fcrlichkeit beachtet werden.<\/p>","protected":false},"featured_media":4205,"comment_status":"open","ping_status":"closed","template":"","meta":{"ocean_post_layout":"","ocean_both_sidebars_style":"","ocean_both_sidebars_content_width":0,"ocean_both_sidebars_sidebars_width":0,"ocean_sidebar":"0","ocean_second_sidebar":"0","ocean_disable_margins":"enable","ocean_add_body_class":"","ocean_shortcode_before_top_bar":"","ocean_shortcode_after_top_bar":"","ocean_shortcode_before_header":"","ocean_shortcode_after_header":"","ocean_has_shortcode":"","ocean_shortcode_after_title":"","ocean_shortcode_before_footer_widgets":"","ocean_shortcode_after_footer_widgets":"","ocean_shortcode_before_footer_bottom":"","ocean_shortcode_after_footer_bottom":"","ocean_display_top_bar":"default","ocean_display_header":"default","ocean_header_style":"","ocean_center_header_left_menu":"0","ocean_custom_header_template":"0","ocean_custom_logo":0,"ocean_custom_retina_logo":0,"ocean_custom_logo_max_width":0,"ocean_custom_logo_tablet_max_width":0,"ocean_custom_logo_mobile_max_width":0,"ocean_custom_logo_max_height":0,"ocean_custom_logo_tablet_max_height":0,"ocean_custom_logo_mobile_max_height":0,"ocean_header_custom_menu":"0","ocean_menu_typo_font_family":"0","ocean_menu_typo_font_subset":"","ocean_menu_typo_font_size":0,"ocean_menu_typo_font_size_tablet":0,"ocean_menu_typo_font_size_mobile":0,"ocean_menu_typo_font_size_unit":"px","ocean_menu_typo_font_weight":"","ocean_menu_typo_font_weight_tablet":"","ocean_menu_typo_font_weight_mobile":"","ocean_menu_typo_transform":"","ocean_menu_typo_transform_tablet":"","ocean_menu_typo_transform_mobile":"","ocean_menu_typo_line_height":0,"ocean_menu_typo_line_height_tablet":0,"ocean_menu_typo_line_height_mobile":0,"ocean_menu_typo_line_height_unit":"","ocean_menu_typo_spacing":0,"ocean_menu_typo_spacing_tablet":0,"ocean_menu_typo_spacing_mobile":0,"ocean_menu_typo_spacing_unit":"","ocean_menu_link_color":"","ocean_menu_link_color_hover":"","ocean_menu_link_color_active":"","ocean_menu_link_background":"","ocean_menu_link_hover_background":"","ocean_menu_link_active_background":"","ocean_menu_social_links_bg":"","ocean_menu_social_hover_links_bg":"","ocean_menu_social_links_color":"","ocean_menu_social_hover_links_color":"","ocean_disable_title":"default","ocean_disable_heading":"default","ocean_post_title":"","ocean_post_subheading":"","ocean_post_title_style":"","ocean_post_title_background_color":"","ocean_post_title_background":0,"ocean_post_title_bg_image_position":"","ocean_post_title_bg_image_attachment":"","ocean_post_title_bg_image_repeat":"","ocean_post_title_bg_image_size":"","ocean_post_title_height":0,"ocean_post_title_bg_overlay":0.5,"ocean_post_title_bg_overlay_color":"","ocean_disable_breadcrumbs":"default","ocean_breadcrumbs_color":"","ocean_breadcrumbs_separator_color":"","ocean_breadcrumbs_links_color":"","ocean_breadcrumbs_links_hover_color":"","ocean_display_footer_widgets":"default","ocean_display_footer_bottom":"default","ocean_custom_footer_template":"0"},"product_brand":[],"product_cat":[348],"product_tag":[331,339,343,330],"class_list":{"0":"post-3171","1":"product","2":"type-product","3":"status-publish","4":"has-post-thumbnail","6":"product_cat-ma-box-beaute-cheveux","7":"product_tag-apres-shampoings","8":"product_tag-masques-nutritifs","9":"product_tag-produits-nourrissants","10":"product_tag-shampoings","12":"entry","13":"has-media","15":"first","16":"instock","17":"taxable","18":"shipping-taxable","19":"purchasable","20":"product-type-composite","21":"has-product-nav","22":"col","23":"span_1_of_5","24":"owp-content-center","25":"owp-thumbs-layout-horizontal","26":"owp-btn-normal","27":"owp-tabs-layout-horizontal"},"jetpack_sharing_enabled":true,"_links":{"self":[{"href":"https:\/\/particulier.mccp-coiffure-bio.ch\/de\/wp-json\/wp\/v2\/product\/3171","targetHints":{"allow":["GET"]}}],"collection":[{"href":"https:\/\/particulier.mccp-coiffure-bio.ch\/de\/wp-json\/wp\/v2\/product"}],"about":[{"href":"https:\/\/particulier.mccp-coiffure-bio.ch\/de\/wp-json\/wp\/v2\/types\/product"}],"replies":[{"embeddable":true,"href":"https:\/\/particulier.mccp-coiffure-bio.ch\/de\/wp-json\/wp\/v2\/comments?post=3171"}],"version-history":[{"count":0,"href":"https:\/\/particulier.mccp-coiffure-bio.ch\/de\/wp-json\/wp\/v2\/product\/3171\/revisions"}],"wp:featuredmedia":[{"embeddable":true,"href":"https:\/\/particulier.mccp-coiffure-bio.ch\/de\/wp-json\/wp\/v2\/media\/4205"}],"wp:attachment":[{"href":"https:\/\/particulier.mccp-coiffure-bio.ch\/de\/wp-json\/wp\/v2\/media?parent=3171"}],"wp:term":[{"taxonomy":"product_brand","embeddable":true,"href":"https:\/\/particulier.mccp-coiffure-bio.ch\/de\/wp-json\/wp\/v2\/product_brand?post=3171"},{"taxonomy":"product_cat","embeddable":true,"href":"https:\/\/particulier.mccp-coiffure-bio.ch\/de\/wp-json\/wp\/v2\/product_cat?post=3171"},{"taxonomy":"product_tag","embeddable":true,"href":"https:\/\/particulier.mccp-coiffure-bio.ch\/de\/wp-json\/wp\/v2\/product_tag?post=3171"}],"curies":[{"name":"wp","href":"https:\/\/api.w.org\/{rel}","templated":true}]}}