{"id":3167,"date":"2024-05-27T11:24:33","date_gmt":"2024-05-27T09:24:33","guid":{"rendered":"https:\/\/particulier.mccp-coiffure-bio.ch\/?post_type=product&#038;p=3167"},"modified":"2025-08-29T12:29:09","modified_gmt":"2025-08-29T10:29:09","slug":"ma-box-bioactive","status":"publish","type":"product","link":"https:\/\/particulier.mccp-coiffure-bio.ch\/de\/produkt\/ma-box-bioactive\/","title":{"rendered":"MEINE BIOAKTIVE BOX"},"content":{"rendered":"<h1>Meine Bioactive Box von Natulique: Nat\u00fcrliche Haarpflege auf h\u00f6chstem Niveau<\/h1>\n<p>Ma Box Bioactive von Natulique ist eine Premium-Haarpflegel\u00f6sung, die f\u00fcr diejenigen entwickelt wurde, die Wirksamkeit und Umweltfreundlichkeit miteinander verbinden wollen. Die Box wurde speziell f\u00fcr die Bed\u00fcrfnisse von professionellen Friseuren und anspruchsvollen Privatpersonen entwickelt und enth\u00e4lt drei wichtige Produkte: Shampoo, Conditioner und Pflegemaske. Jedes dieser Produkte ist mit zertifizierten biologischen Inhaltsstoffen formuliert, die au\u00dfergew\u00f6hnliche Ergebnisse garantieren und gleichzeitig die Auswirkungen auf die Umwelt minimieren.<\/p>\n<h3>Haarpflege-Routine mit Ma Box Bioactive<\/h3>\n<h4>Schritt 1: Bioactive Shampoo<\/h4>\n<p>Das Bioactive Shampoo von Natulique ist der erste Schritt zu gesundem, revitalisiertem Haar. Es ist mit biologischen Pflanzenextrakten angereichert, reinigt sanft und n\u00e4hrt gleichzeitig die Kopfhaut. Dank seiner reparierenden und st\u00e4rkenden Eigenschaften wird dieses Shampoo besonders f\u00fcr gesch\u00e4digtes und geschw\u00e4chtes Haar empfohlen.<\/p>\n<p><strong>Verwendung :<\/strong> Tragen Sie eine kleine Menge des Shampoos auf das nasse Haar auf. Massieren Sie es sanft in die Kopfhaut ein, um die Durchblutung anzuregen und die N\u00e4hrstoffaufnahme zu f\u00f6rdern. Sp\u00fclen Sie das Shampoo gr\u00fcndlich mit lauwarmem Wasser aus. Um optimale Ergebnisse zu erzielen, sollten Sie dieses Shampoo zwei- bis dreimal pro Woche anwenden.<\/p>\n<h4>Schritt 2: Bioactive Conditioner<\/h4>\n<p>Der Bioactive Conditioner von Natulique erg\u00e4nzt die Wirkung des Shampoos perfekt, indem er das Haar entwirrt und ihm intensive Feuchtigkeit spendet. Die mit nat\u00fcrlichen Inhaltsstoffen wie Aloe Vera und \u00e4therischen \u00d6len formulierte Sp\u00fclung st\u00e4rkt die Haarfaser und sorgt f\u00fcr weiches, gl\u00e4nzendes und leicht k\u00e4mmbares Haar.<\/p>\n<p><strong>Verwendung :<\/strong> Nachdem Sie das Shampoo ausgesp\u00fclt haben, tragen Sie eine gro\u00dfz\u00fcgige Menge Conditioner auf die Haarl\u00e4ngen und -spitzen auf. Lassen Sie sie 2 bis 3 Minuten einwirken, damit die Wirkstoffe tief in die Haut eindringen k\u00f6nnen. Sp\u00fclen Sie das Haar gr\u00fcndlich mit lauwarmem Wasser aus. Bei sehr trockenem oder gesch\u00e4digtem Haar k\u00f6nnen Sie die Sp\u00fclung l\u00e4nger einwirken lassen.<\/p>\n<h4>Schritt 3: Bioactive Maintenance Mask<\/h4>\n<p>Die Bioactive Maintenance Mask ist eine Intensivbehandlung, die entwickelt wurde, um das Haar tiefenwirksam zu reparieren und zu revitalisieren. Die Maske ist reich an Aminos\u00e4uren und pflanzlichen Proteinen, n\u00e4hrt das Haar intensiv und repariert Sch\u00e4den, die durch \u00e4u\u00dfere Einfl\u00fcsse wie Umweltverschmutzung und chemische Behandlungen entstanden sind.<\/p>\n<p><strong>Verwendung :<\/strong> Verwenden Sie die Maske einmal pro Woche f\u00fcr eine Tiefenbehandlung anstelle des Bioactive Conditioners. Tragen Sie die Maske nach dem Shampoonieren auf das feuchte Haar auf und konzentrieren Sie sich dabei auf die Spitzen und die am st\u00e4rksten gesch\u00e4digten Bereiche. Lassen Sie die Maske 10 bis 15 Minuten einwirken. F\u00fcr eine noch intensivere Wirkung k\u00f6nnen Sie Ihr Haar in ein warmes Handtuch einwickeln. Sp\u00fclen Sie es gr\u00fcndlich mit lauwarmem Wasser aus. Sie werden den Unterschied sofort bemerken: kr\u00e4ftigeres, gl\u00e4nzenderes und sichtbar ges\u00fcnderes Haar.<\/p>\n<p>F\u00fcr zus\u00e4tzlichen Schutz und Geschmeidigkeit empfehlen wir Ihnen, vor dem F\u00f6hnen die Natulique N\u00e4hrcreme aufzutragen.<\/p>\n<p><a href=\"https:\/\/mccp-coiffure-bio.ch\/creme-nourrissante-cheveux\/\">https:\/\/mccp-coiffure-bio.ch\/creme-nourrissante-cheveux\/<\/a><\/p>\n<h3>Vorteile der Bioactive Box<\/h3>\n<ol>\n<li><strong>Nat\u00fcrliche und biologische Inhaltsstoffe<\/strong> : Alle Produkte der Bioactive Box sind aus zertifizierten biologischen Inhaltsstoffen formuliert, die garantieren, dass sie keine sch\u00e4dlichen Chemikalien enthalten.<\/li>\n<li><strong>Wirksamkeit<\/strong> : Die Synergie zwischen Shampoo, Sp\u00fclung und Maske bietet eine Komplettl\u00f6sung f\u00fcr gesundes Haar. Jedes Produkt ist so konzipiert, dass es die Wirkung der anderen erg\u00e4nzt und verst\u00e4rkt und so schon bei der ersten Anwendung f\u00fcr sichtbare Ergebnisse sorgt.<\/li>\n<li><strong>Respekt f\u00fcr die Umwelt<\/strong> : Mit der Wahl der Bioactive Box von Natulique entscheiden Sie sich f\u00fcr Produkte, die sowohl durch ihre nat\u00fcrlichen Formulierungen als auch durch ihre recycelbaren Verpackungen umweltfreundlich sind.<\/li>\n<li><strong>Anpassungsf\u00e4higkeit<\/strong> Diese Box ist f\u00fcr alle Haartypen geeignet und bietet eine individuelle Pflege f\u00fcr jeden Nutzer.<\/li>\n<\/ol>\n<p><strong>Das NATULIQUE-Konzept<\/strong><\/p>\n<p>Sind Sie neugierig darauf, wie eine 100% NATULIQUE Lounge aussieht?<\/p>\n<p><a href=\"https:\/\/natulique.com\/fr\/concept-salon\/\">Erfahren Sie mehr \u00fcber die Vorteile und wie man ein Salonkonzept wird \u2192.<\/a><\/p>","protected":false},"excerpt":{"rendered":"<h1>Meine Bioactive Box von Natulique: Nat\u00fcrliche Haarpflege auf h\u00f6chstem Niveau<\/h1>\n<p>Ma Box Bioactive von Natulique ist eine Premium-Haarpflegel\u00f6sung, die f\u00fcr diejenigen entwickelt wurde, die Wirksamkeit und Umweltfreundlichkeit miteinander verbinden m\u00f6chten.<\/p>\n<p>Diese Box wurde speziell f\u00fcr die Bed\u00fcrfnisse von professionellen Friseuren und anspruchsvollen Privatpersonen entwickelt und enth\u00e4lt drei wichtige Produkte: Shampoo, Conditioner und Pflegemaske.<\/p>\n<p>Jedes dieser Produkte wird mit zertifizierten biologischen Inhaltsstoffen formuliert, die au\u00dfergew\u00f6hnliche Ergebnisse garantieren und gleichzeitig die Umweltbelastung minimieren.<\/p>","protected":false},"featured_media":4206,"comment_status":"open","ping_status":"closed","template":"","meta":{"ocean_post_layout":"","ocean_both_sidebars_style":"","ocean_both_sidebars_content_width":0,"ocean_both_sidebars_sidebars_width":0,"ocean_sidebar":"0","ocean_second_sidebar":"0","ocean_disable_margins":"enable","ocean_add_body_class":"","ocean_shortcode_before_top_bar":"","ocean_shortcode_after_top_bar":"","ocean_shortcode_before_header":"","ocean_shortcode_after_header":"","ocean_has_shortcode":"","ocean_shortcode_after_title":"","ocean_shortcode_before_footer_widgets":"","ocean_shortcode_after_footer_widgets":"","ocean_shortcode_before_footer_bottom":"","ocean_shortcode_after_footer_bottom":"","ocean_display_top_bar":"default","ocean_display_header":"default","ocean_header_style":"","ocean_center_header_left_menu":"0","ocean_custom_header_template":"0","ocean_custom_logo":0,"ocean_custom_retina_logo":0,"ocean_custom_logo_max_width":0,"ocean_custom_logo_tablet_max_width":0,"ocean_custom_logo_mobile_max_width":0,"ocean_custom_logo_max_height":0,"ocean_custom_logo_tablet_max_height":0,"ocean_custom_logo_mobile_max_height":0,"ocean_header_custom_menu":"0","ocean_menu_typo_font_family":"0","ocean_menu_typo_font_subset":"","ocean_menu_typo_font_size":0,"ocean_menu_typo_font_size_tablet":0,"ocean_menu_typo_font_size_mobile":0,"ocean_menu_typo_font_size_unit":"px","ocean_menu_typo_font_weight":"","ocean_menu_typo_font_weight_tablet":"","ocean_menu_typo_font_weight_mobile":"","ocean_menu_typo_transform":"","ocean_menu_typo_transform_tablet":"","ocean_menu_typo_transform_mobile":"","ocean_menu_typo_line_height":0,"ocean_menu_typo_line_height_tablet":0,"ocean_menu_typo_line_height_mobile":0,"ocean_menu_typo_line_height_unit":"","ocean_menu_typo_spacing":0,"ocean_menu_typo_spacing_tablet":0,"ocean_menu_typo_spacing_mobile":0,"ocean_menu_typo_spacing_unit":"","ocean_menu_link_color":"","ocean_menu_link_color_hover":"","ocean_menu_link_color_active":"","ocean_menu_link_background":"","ocean_menu_link_hover_background":"","ocean_menu_link_active_background":"","ocean_menu_social_links_bg":"","ocean_menu_social_hover_links_bg":"","ocean_menu_social_links_color":"","ocean_menu_social_hover_links_color":"","ocean_disable_title":"default","ocean_disable_heading":"default","ocean_post_title":"","ocean_post_subheading":"","ocean_post_title_style":"","ocean_post_title_background_color":"","ocean_post_title_background":0,"ocean_post_title_bg_image_position":"","ocean_post_title_bg_image_attachment":"","ocean_post_title_bg_image_repeat":"","ocean_post_title_bg_image_size":"","ocean_post_title_height":0,"ocean_post_title_bg_overlay":0.5,"ocean_post_title_bg_overlay_color":"","ocean_disable_breadcrumbs":"default","ocean_breadcrumbs_color":"","ocean_breadcrumbs_separator_color":"","ocean_breadcrumbs_links_color":"","ocean_breadcrumbs_links_hover_color":"","ocean_display_footer_widgets":"default","ocean_display_footer_bottom":"default","ocean_custom_footer_template":"0"},"product_brand":[],"product_cat":[348],"product_tag":[331,342,343,330],"class_list":{"0":"post-3167","1":"product","2":"type-product","3":"status-publish","4":"has-post-thumbnail","6":"product_cat-ma-box-beaute-cheveux","7":"product_tag-apres-shampoings","8":"product_tag-produits-hydratants","9":"product_tag-produits-nourrissants","10":"product_tag-shampoings","12":"entry","13":"has-media","15":"first","16":"instock","17":"taxable","18":"shipping-taxable","19":"purchasable","20":"product-type-composite","21":"has-product-nav","22":"col","23":"span_1_of_5","24":"owp-content-center","25":"owp-thumbs-layout-horizontal","26":"owp-btn-normal","27":"owp-tabs-layout-horizontal"},"jetpack_sharing_enabled":true,"_links":{"self":[{"href":"https:\/\/particulier.mccp-coiffure-bio.ch\/de\/wp-json\/wp\/v2\/product\/3167","targetHints":{"allow":["GET"]}}],"collection":[{"href":"https:\/\/particulier.mccp-coiffure-bio.ch\/de\/wp-json\/wp\/v2\/product"}],"about":[{"href":"https:\/\/particulier.mccp-coiffure-bio.ch\/de\/wp-json\/wp\/v2\/types\/product"}],"replies":[{"embeddable":true,"href":"https:\/\/particulier.mccp-coiffure-bio.ch\/de\/wp-json\/wp\/v2\/comments?post=3167"}],"version-history":[{"count":0,"href":"https:\/\/particulier.mccp-coiffure-bio.ch\/de\/wp-json\/wp\/v2\/product\/3167\/revisions"}],"wp:featuredmedia":[{"embeddable":true,"href":"https:\/\/particulier.mccp-coiffure-bio.ch\/de\/wp-json\/wp\/v2\/media\/4206"}],"wp:attachment":[{"href":"https:\/\/particulier.mccp-coiffure-bio.ch\/de\/wp-json\/wp\/v2\/media?parent=3167"}],"wp:term":[{"taxonomy":"product_brand","embeddable":true,"href":"https:\/\/particulier.mccp-coiffure-bio.ch\/de\/wp-json\/wp\/v2\/product_brand?post=3167"},{"taxonomy":"product_cat","embeddable":true,"href":"https:\/\/particulier.mccp-coiffure-bio.ch\/de\/wp-json\/wp\/v2\/product_cat?post=3167"},{"taxonomy":"product_tag","embeddable":true,"href":"https:\/\/particulier.mccp-coiffure-bio.ch\/de\/wp-json\/wp\/v2\/product_tag?post=3167"}],"curies":[{"name":"wp","href":"https:\/\/api.w.org\/{rel}","templated":true}]}}