{"id":3133,"date":"2024-05-27T09:40:03","date_gmt":"2024-05-27T07:40:03","guid":{"rendered":"https:\/\/particulier.mccp-coiffure-bio.ch\/?post_type=product&#038;p=3133"},"modified":"2025-08-29T12:31:19","modified_gmt":"2025-08-29T10:31:19","slug":"ma-box-silver-dejaunissante","status":"publish","type":"product","link":"https:\/\/particulier.mccp-coiffure-bio.ch\/de\/produkt\/ma-box-silver-dejaunissante\/","title":{"rendered":"MA BOX SILVER (Dejaunissante)"},"content":{"rendered":"<div class=\"flex flex-grow flex-col max-w-full\">\n<div class=\"min-h-[20px] text-message flex flex-col items-start whitespace-pre-wrap break-words [.text-message+&amp;]:mt-5 juice:w-full juice:items-end overflow-x-auto gap-2\" dir=\"auto\" data-message-author-role=\"assistant\" data-message-id=\"df7e6647-56f2-40a5-b195-09dfddbd3107\">\n<div class=\"flex w-full flex-col gap-1 juice:empty:hidden juice:first:pt-[3px]\">\n<div class=\"markdown prose w-full break-words dark:prose-invert dark\">\n<h1><strong>Ma Box Silver D\u00e9jaunissante de Natulique : Routine Capillaire Enrichie en Myrtille pour des Cheveux \u00c9clatants<\/strong><\/h1>\n<p>Ma <strong>Box Silver D\u00e9jaunissante de Natulique<\/strong> est votre solution ultime pour pr\u00e9server et revitaliser la beaut\u00e9 naturelle de vos cheveux blonds, gris ou blancs. Cette box exclusive comprend trois produits essentiels : un shampoing, un apr\u00e8s-shampoing et une mousse silver, chacun enrichi en myrtille pour garantir des r\u00e9sultats optimaux. Voici un guide d\u00e9taill\u00e9 pour int\u00e9grer cette routine dans votre quotidien et profiter pleinement de ses bienfaits.<\/p>\n<p>Cette gamme convient a tout type de cheveux, blonds ou bruns.<\/p>\n<h3>Shampoing Silver D\u00e9jaunissant<\/h3>\n<p><strong>\u00c9tape 1 : Le Shampoing Silver D\u00e9jaunissant<\/strong><\/p>\n<p>Le <strong>Shampoing Silver D\u00e9jaunissant<\/strong> de Natulique est sp\u00e9cialement formul\u00e9 pour neutraliser les reflets jaunes ind\u00e9sirables tout en nettoyant d\u00e9licatement vos cheveux. Enrichi en extraits naturels de myrtille, ce shampoing apporte une touche de fra\u00eecheur et de vitalit\u00e9 \u00e0 votre chevelure.<\/p>\n<p><strong>Mode d&#8217;emploi :<\/strong><\/p>\n<ol>\n<li><strong>Application<\/strong> : Mouillez abondamment vos cheveux.<\/li>\n<li><strong>Dosage<\/strong> : Prenez une petite quantit\u00e9 de shampoing et appliquez-la uniform\u00e9ment sur le cuir chevelu et les longueurs.<\/li>\n<li><strong>Massage<\/strong> : Massez d\u00e9licatement en mouvements circulaires pour faire mousser et activer les ingr\u00e9dients actifs.<\/li>\n<li><strong>Rin\u00e7age<\/strong> : Rincez soigneusement \u00e0 l&#8217;eau ti\u00e8de jusqu&#8217;\u00e0 ce que l&#8217;eau soit claire.<\/li>\n<\/ol>\n<p>Le shampoing non seulement nettoie en profondeur mais laisse \u00e9galement vos cheveux doux et brillants, pr\u00eats pour les \u00e9tapes suivantes de la routine.<\/p>\n<\/div>\n<p>Nous vous recommandons de faire un premier shampoing volume Natulique * qui agit comme un anti-r\u00e9sidu afin de bine nettoyer le cheveu et d&#8217;optimiser la neutralisation des reflets ind\u00e9sirables avec le shampoing silver Natulique.<\/p>\n<p>*<a href=\"https:\/\/mccp-coiffure-bio.ch\/shampoing-volume\/\">https:\/\/mccp-coiffure-bio.ch\/shampoing-volume\/<\/a><\/p>\n<div class=\"markdown prose w-full break-words dark:prose-invert dark\">\n<h3>Apr\u00e8s-Shampoing Silver D\u00e9jaunissant<\/h3>\n<p><strong>\u00c9tape 2 : L&#8217;Apr\u00e8s-Shampoing Silver D\u00e9jaunissant<\/strong><\/p>\n<p>L&#8217;<strong>Apr\u00e8s-Shampoing Silver D\u00e9jaunissant<\/strong> de Natulique est con\u00e7u pour hydrater, adoucir et d\u00e9m\u00ealer vos cheveux tout en renfor\u00e7ant l&#8217;effet anti-jaunissement du shampoing. Gr\u00e2ce aux antioxydants pr\u00e9sents dans la myrtille, cet apr\u00e8s-shampoing revitalise et prot\u00e8ge vos cheveux des agressions ext\u00e9rieures.<\/p>\n<p><strong>Mode d&#8217;emploi :<\/strong><\/p>\n<ol>\n<li><strong>Application<\/strong> : Apr\u00e8s avoir rinc\u00e9 le shampoing, appliquez une quantit\u00e9 g\u00e9n\u00e9reuse d&#8217;apr\u00e8s-shampoing sur les longueurs et les pointes.<\/li>\n<li><strong>Distribution<\/strong> : R\u00e9partissez uniform\u00e9ment \u00e0 l&#8217;aide de vos doigts ou d&#8217;un peigne \u00e0 dents larges.<\/li>\n<li><strong>Temps de pose<\/strong> : Laissez agir pendant 2 \u00e0 5 minutes pour une hydratation optimale.<\/li>\n<li><strong>Rin\u00e7age<\/strong> : Rincez abondamment \u00e0 l&#8217;eau ti\u00e8de.<\/li>\n<\/ol>\n<p>Cet apr\u00e8s-shampoing rend vos cheveux soyeux, faciles \u00e0 coiffer et renforce leur \u00e9clat naturel, tout en prolongeant l&#8217;effet d\u00e9jaunissant.<\/p>\n<h3>Mousse Silver Enrichie en Myrtille<\/h3>\n<p><strong>\u00c9tape 3 : La Mousse Silver Enrichie en Myrtille<\/strong><\/p>\n<p>La <strong>Mousse Silver Enrichie en Myrtille<\/strong> de Natulique est le produit final de cette routine, con\u00e7u pour apporter une finition impeccable \u00e0 votre coiffure. Cette mousse l\u00e9g\u00e8re offre une protection thermique, facilite le coiffage et ajoute du volume tout en continuant \u00e0 neutraliser les tons jaunes.<\/p>\n<p><strong>Mode d&#8217;emploi :<\/strong><\/p>\n<ol>\n<li><strong>Pr\u00e9paration<\/strong> : Agitez bien le flacon avant utilisation.<\/li>\n<li><strong>Application<\/strong> : Appliquez une petite quantit\u00e9 de mousse sur cheveux humides.<\/li>\n<li><strong>Distribution<\/strong> : R\u00e9partissez uniform\u00e9ment des racines aux pointes.<\/li>\n<li><strong>Coiffage<\/strong> : Coiffez comme d&#8217;habitude, que ce soit par s\u00e9chage \u00e0 l&#8217;air libre ou avec un s\u00e8che-cheveux.<\/li>\n<\/ol>\n<p>La mousse laisse vos cheveux brillants, volumineux et parfaitement prot\u00e9g\u00e9s contre les sources de chaleur et les agressions environnementales.<\/p>\n<h3>Les Bienfaits de la Myrtille dans Votre Routine Capillaire<\/h3>\n<p>Les produits de la <strong>Box Silver D\u00e9jaunissante<\/strong> de Natulique sont tous enrichis en myrtille, un ingr\u00e9dient reconnu pour ses propri\u00e9t\u00e9s anti-oxydantes et revitalisantes. La myrtille aide \u00e0 prot\u00e9ger vos cheveux contre les radicaux libres, renforce leur structure et am\u00e9liore leur \u00e9lasticit\u00e9. En int\u00e9grant cette routine \u00e0 votre soin capillaire, vous b\u00e9n\u00e9ficierez non seulement d&#8217;une couleur \u00e9clatante et sans reflets jaunes, mais aussi d&#8217;une chevelure visiblement plus saine et plus forte.<\/p>\n<p>Ma <strong>Box Silver D\u00e9jaunissante de Natulique<\/strong> est un must-have pour toutes celles et ceux qui souhaitent maintenir la beaut\u00e9 naturelle de leurs cheveux blonds, gris ou blancs. En suivant cette routine compl\u00e8te et enrichie en myrtille, vous garantissez \u00e0 vos cheveux une apparence \u00e9clatante, saine et parfaitement prot\u00e9g\u00e9e. Adoptez d\u00e8s aujourd&#8217;hui cette routine et red\u00e9couvrez la splendeur de vos cheveux \u00e0 chaque utilisation.<\/p>\n<\/div>\n<p><strong>Le concept NATULIQUE<\/strong><\/p>\n<p>\u00cates-vous curieux de savoir \u00e0 quoi ressemble un salon 100% NATULIQUE ?<\/p>\n<p><a href=\"https:\/\/natulique.com\/fr\/concept-salon\/\">En savoir plus sur les avantages et comment devenir un salon concept \u2192<\/a><\/p>\n<p>&nbsp;<\/p>\n<p>&nbsp;<\/p>\n<\/div>\n<\/div>\n<\/div>\n","protected":false},"excerpt":{"rendered":"<h2><strong>Entdecken Sie meine Box Silver D\u00e9jaunissante von Natulique: Mit Heidelbeeren angereicherte Haarroutine f\u00fcr strahlendes Haar<\/strong><\/h2>\n<p>Die <strong>Box Silver D\u00e9jaunissante von Natulique<\/strong> ist Ihre ultimative L\u00f6sung, um die nat\u00fcrliche Sch\u00f6nheit Ihres blonden, grauen oder wei\u00dfen Haars zu bewahren und zu revitalisieren.<\/p>\n<p>Diese exklusive Box enth\u00e4lt drei wichtige Produkte: ein Shampoo, eine Sp\u00fclung und einen Silberschaum, die jeweils mit Heidelbeeren angereichert sind, um optimale Ergebnisse zu garantieren.<\/p>\n<p>Hier unten finden Sie eine detaillierte Anleitung, wie Sie diese Routine in Ihren Alltag integrieren und ihre Vorteile voll aussch\u00f6pfen k\u00f6nnen.<\/p>\n<h3><\/h3>","protected":false},"featured_media":4207,"comment_status":"open","ping_status":"closed","template":"","meta":{"ocean_post_layout":"","ocean_both_sidebars_style":"","ocean_both_sidebars_content_width":0,"ocean_both_sidebars_sidebars_width":0,"ocean_sidebar":"0","ocean_second_sidebar":"0","ocean_disable_margins":"enable","ocean_add_body_class":"","ocean_shortcode_before_top_bar":"","ocean_shortcode_after_top_bar":"","ocean_shortcode_before_header":"","ocean_shortcode_after_header":"","ocean_has_shortcode":"","ocean_shortcode_after_title":"","ocean_shortcode_before_footer_widgets":"","ocean_shortcode_after_footer_widgets":"","ocean_shortcode_before_footer_bottom":"","ocean_shortcode_after_footer_bottom":"","ocean_display_top_bar":"default","ocean_display_header":"default","ocean_header_style":"","ocean_center_header_left_menu":"0","ocean_custom_header_template":"0","ocean_custom_logo":0,"ocean_custom_retina_logo":0,"ocean_custom_logo_max_width":0,"ocean_custom_logo_tablet_max_width":0,"ocean_custom_logo_mobile_max_width":0,"ocean_custom_logo_max_height":0,"ocean_custom_logo_tablet_max_height":0,"ocean_custom_logo_mobile_max_height":0,"ocean_header_custom_menu":"0","ocean_menu_typo_font_family":"0","ocean_menu_typo_font_subset":"","ocean_menu_typo_font_size":0,"ocean_menu_typo_font_size_tablet":0,"ocean_menu_typo_font_size_mobile":0,"ocean_menu_typo_font_size_unit":"px","ocean_menu_typo_font_weight":"","ocean_menu_typo_font_weight_tablet":"","ocean_menu_typo_font_weight_mobile":"","ocean_menu_typo_transform":"","ocean_menu_typo_transform_tablet":"","ocean_menu_typo_transform_mobile":"","ocean_menu_typo_line_height":0,"ocean_menu_typo_line_height_tablet":0,"ocean_menu_typo_line_height_mobile":0,"ocean_menu_typo_line_height_unit":"","ocean_menu_typo_spacing":0,"ocean_menu_typo_spacing_tablet":0,"ocean_menu_typo_spacing_mobile":0,"ocean_menu_typo_spacing_unit":"","ocean_menu_link_color":"","ocean_menu_link_color_hover":"","ocean_menu_link_color_active":"","ocean_menu_link_background":"","ocean_menu_link_hover_background":"","ocean_menu_link_active_background":"","ocean_menu_social_links_bg":"","ocean_menu_social_hover_links_bg":"","ocean_menu_social_links_color":"","ocean_menu_social_hover_links_color":"","ocean_disable_title":"default","ocean_disable_heading":"default","ocean_post_title":"","ocean_post_subheading":"","ocean_post_title_style":"","ocean_post_title_background_color":"","ocean_post_title_background":0,"ocean_post_title_bg_image_position":"","ocean_post_title_bg_image_attachment":"","ocean_post_title_bg_image_repeat":"","ocean_post_title_bg_image_size":"","ocean_post_title_height":0,"ocean_post_title_bg_overlay":0.5,"ocean_post_title_bg_overlay_color":"","ocean_disable_breadcrumbs":"default","ocean_breadcrumbs_color":"","ocean_breadcrumbs_separator_color":"","ocean_breadcrumbs_links_color":"","ocean_breadcrumbs_links_hover_color":"","ocean_display_footer_widgets":"default","ocean_display_footer_bottom":"default","ocean_custom_footer_template":"0"},"product_brand":[],"product_cat":[348],"product_tag":[331,342,343,330],"class_list":{"0":"post-3133","1":"product","2":"type-product","3":"status-publish","4":"has-post-thumbnail","6":"product_cat-ma-box-beaute-cheveux","7":"product_tag-apres-shampoings","8":"product_tag-produits-hydratants","9":"product_tag-produits-nourrissants","10":"product_tag-shampoings","12":"entry","13":"has-media","15":"first","16":"instock","17":"taxable","18":"shipping-taxable","19":"purchasable","20":"product-type-composite","21":"has-product-nav","22":"col","23":"span_1_of_5","24":"owp-content-center","25":"owp-thumbs-layout-horizontal","26":"owp-btn-normal","27":"owp-tabs-layout-horizontal"},"jetpack_sharing_enabled":true,"_links":{"self":[{"href":"https:\/\/particulier.mccp-coiffure-bio.ch\/de\/wp-json\/wp\/v2\/product\/3133","targetHints":{"allow":["GET"]}}],"collection":[{"href":"https:\/\/particulier.mccp-coiffure-bio.ch\/de\/wp-json\/wp\/v2\/product"}],"about":[{"href":"https:\/\/particulier.mccp-coiffure-bio.ch\/de\/wp-json\/wp\/v2\/types\/product"}],"replies":[{"embeddable":true,"href":"https:\/\/particulier.mccp-coiffure-bio.ch\/de\/wp-json\/wp\/v2\/comments?post=3133"}],"version-history":[{"count":0,"href":"https:\/\/particulier.mccp-coiffure-bio.ch\/de\/wp-json\/wp\/v2\/product\/3133\/revisions"}],"wp:featuredmedia":[{"embeddable":true,"href":"https:\/\/particulier.mccp-coiffure-bio.ch\/de\/wp-json\/wp\/v2\/media\/4207"}],"wp:attachment":[{"href":"https:\/\/particulier.mccp-coiffure-bio.ch\/de\/wp-json\/wp\/v2\/media?parent=3133"}],"wp:term":[{"taxonomy":"product_brand","embeddable":true,"href":"https:\/\/particulier.mccp-coiffure-bio.ch\/de\/wp-json\/wp\/v2\/product_brand?post=3133"},{"taxonomy":"product_cat","embeddable":true,"href":"https:\/\/particulier.mccp-coiffure-bio.ch\/de\/wp-json\/wp\/v2\/product_cat?post=3133"},{"taxonomy":"product_tag","embeddable":true,"href":"https:\/\/particulier.mccp-coiffure-bio.ch\/de\/wp-json\/wp\/v2\/product_tag?post=3133"}],"curies":[{"name":"wp","href":"https:\/\/api.w.org\/{rel}","templated":true}]}}