{"id":2905,"date":"2024-05-22T10:55:58","date_gmt":"2024-05-22T08:55:58","guid":{"rendered":"https:\/\/particulier.mccp-coiffure-bio.ch\/shampoing-anti-chute-croissance\/"},"modified":"2026-02-04T13:39:14","modified_gmt":"2026-02-04T12:39:14","slug":"shampoing-anti-chute-croissance","status":"publish","type":"product","link":"https:\/\/particulier.mccp-coiffure-bio.ch\/de\/produkt\/shampoing-anti-chute-croissance\/","title":{"rendered":"Shampoo gegen Haarausfall - Wachstum"},"content":{"rendered":"<h2>SHAMPOO ANI-HAARKRUPPEN NAT\u00dcRLICH BIO 150ml<\/h2>\n<p><strong>Der Anti-Haarausfall<\/strong> molekulare BioScience wird in diesem Shampoo verwendet, um die <strong>Haarausfall<\/strong> und das Nachwachsen der Haare f\u00f6rdern. Durch die Verwendung einer Kombination aus hochwertigen Wirkstoffen dringt das Produkt tief in den <strong>Kopfhaut<\/strong> um die Haarfollikel zu stimulieren und die Haarwurzeln kr\u00e4ftig zu halten, w\u00e4hrend die Dicke der einzelnen Haarstr\u00e4hnen zunimmt.<\/p>\n<p>Diese <strong>aktives Shampoo gegen Haarausfall<\/strong> aus Ingwerwurzel, Rosenbl\u00fctenwasser und Aloe Vera wird f\u00fcr M\u00e4nner und Frauen jeden Alters empfohlen.<\/p>\n<p>Die leistungsstarke L\u00f6sung von BioScience gegen <strong>Haarausfall<\/strong> fortschrittliche skandinavische Methode kombiniert Apigenin, Oleanols\u00e4ure und andere aktive Inhaltsstoffe auf molekularer Ebene, um Haarausfall zu stoppen, die <strong>Haarwurzeln<\/strong> und die Bildung neuer Haarfollikel und F\u00e4den f\u00f6rdern.<\/p>\n<div class=\"fusion-layout-column fusion_builder_column fusion-builder-column-13 fusion_builder_column_1_3 1_3 fusion-flex-column\">\n<div class=\"fusion-column-wrapper fusion-flex-justify-content-flex-start fusion-content-layout-column\">\n<div class=\"fusion-text fusion-text-7\">\n<p>Ein Shampoo mit biozertifizierter Aloe Vera, Mandel\u00f6l und Olivenfruchtextrakt, das mithilfe molekularer Biotechnologie gegen Haarausfall hilft, Haarausfall zu verhindern und das nat\u00fcrliche Haarwachstum zu stimulieren. Eine Kombination aus ausgew\u00e4hlten Premium-Wirkstoffen hilft, tief in die Kopfhaut einzudringen, um die Haarfollikel zu stimulieren und kr\u00e4ftige Haarwurzeln zu erhalten, w\u00e4hrend die Dicke der einzelnen Haarstr\u00e4nge erh\u00f6ht wird. Dieses einzigartige Aktivshampoo gegen Haarausfall mit Ingwerwurzel, Rosenwasser und Aloe Vera ist f\u00fcr M\u00e4nner und Frauen jeden Alters geeignet und wird von ihnen empfohlen.<\/p>\n<\/div>\n<\/div>\n<\/div>\n<div class=\"fusion-layout-column fusion_builder_column fusion-builder-column-14 fusion_builder_column_1_3 1_3 fusion-flex-column\">\n<div class=\"fusion-column-wrapper fusion-flex-justify-content-flex-start fusion-content-layout-column\">\n<h3 class=\"fusion-text fusion-text-8\">Was ist in Natuliques nat\u00fcrlichem Bio-Shampoo gegen Haarausfall enthalten?<\/h3>\n<div><\/div>\n<\/div>\n<\/div>\n<p><strong>Apigenin<\/strong> : antioxidativ und feuchtigkeitsspendend f\u00fcr das Haar<\/p>\n<p>Ein Bioflavonoid, Apigenin, kommt in vielen Obst- und Gem\u00fcsesorten vor, z. B. in Petersilie, Zwiebeln, Orangen und Kamille. Diese Flavonoidverbindung spielt die Rolle <strong>von Antioxidantien<\/strong>. Studien zufolge ist klar, dass Apigenin die <strong>Haarwachstum<\/strong>.<\/p>\n<p><strong>Das Tripeptid Biotinoyl-1<\/strong> : Haarweichmacher<\/p>\n<p>Biotinyl-Triepdide-1 hat die F\u00e4higkeit, das Wachstum von neuem Haar um mehr als 100 % zu steigern und gleichzeitig den Haarausfall um mehr als 50 % zu verringern.<\/p>\n<p><strong>Oleanols\u00e4ure<\/strong> : Hautpflege<\/p>\n<p>Oleanols\u00e4ure ist Bestandteil vieler Pflanzen, wie z. B. Olivenb\u00e4umen, und hat antioxidative und antimikrobielle Eigenschaften. Haarwuchsmittel enthalten h\u00e4ufig Oleanols\u00e4ure, zusammen mit Biotinoyltripeptid-1 und Apigenin.<\/p>\n<p>Anwenden des<strong> Shampoo<\/strong> auf das nasse Haar und ziehen Sie den <strong>Kopfhaut<\/strong> bis zu den Enden. Untersuchen und ggf. wiederholen.<\/p>\n<p><strong>Ingredienzien:<\/strong>\u00a0Aqua, Ammonium lauryl sulfate, Cocamidopropyl betaine, PEG-7 glyceryl cocoate, Zingiber officinale root extract, Rosa damascena flower water, Aloe barbadensis leaf extract, Hydrolyzed silk, Glycerin, Apigenin, Biotinoyl tripeptide-1, Butylenglycol, Caprylyl glycol, Citic acid, Oleanolic acid, Parfum, PEG-40 hydrogenated castor oil, Polyquaternium-10, Kaliumsorbat, PPG-26-buteth-26, Sodium benzoate, Sodium chloride, Sodium hydroxide, Sorbic acid<\/p>\n<p>&nbsp;<\/p>\n<p><strong>Das NATULIQUE-Konzept<\/strong><\/p>\n<p>Sind Sie neugierig darauf, wie eine 100% NATULIQUE Lounge aussieht?<\/p>\n<p><a href=\"https:\/\/natulique.com\/fr\/concept-salon\/\">Erfahren Sie mehr \u00fcber die Vorteile und wie man ein Salonkonzept wird \u2192.<\/a><\/p>\n<div class=\"fusion-title title fusion-title-2 fusion-no-small-visibility fusion-no-medium-visibility fusion-sep-none fusion-title-text fusion-title-size-paragraph\">\n<p class=\"fusion-title-heading title-heading-left title-heading-tag fusion-responsive-typography-calculated\">#NATULIQUEfamily<\/p>\n<\/div>\n<div class=\"fusion-text fusion-text-12 fusion-no-small-visibility fusion-no-medium-visibility\">\n<p>Unsere Mission ist es, die enorme Arbeit von Friseuren und ihren immensen Einfluss auf unser Leben zu w\u00fcrdigen und hervorzuheben.<\/p>\n<\/div>","protected":false},"excerpt":{"rendered":"<div class=\"flex flex-grow flex-col max-w-full\">\n<div class=\"min-h-[20px] text-message flex flex-col items-start whitespace-pre-wrap break-words [.text-message+&amp;]:mt-5 juice:w-full juice:items-end overflow-x-auto gap-2\" dir=\"auto\" data-message-author-role=\"assistant\" data-message-id=\"6df99f63-7a6d-42e4-b202-621228ae0b21\">\n<div class=\"flex w-full flex-col gap-1 juice:empty:hidden juice:first:pt-[3px]\">\n<div class=\"markdown prose w-full break-words dark:prose-invert dark\">\n<p>&nbsp;<\/p>\n<\/div>\n<\/div>\n<\/div>\n<\/div>\n<div class=\"flex flex-grow flex-col max-w-full\">\n<div class=\"min-h-[20px] text-message flex flex-col items-start whitespace-pre-wrap break-words [.text-message+&amp;]:mt-5 juice:w-full juice:items-end overflow-x-auto gap-2\" dir=\"auto\" data-message-author-role=\"assistant\" data-message-id=\"6df99f63-7a6d-42e4-b202-621228ae0b21\">\n<div class=\"flex w-full flex-col gap-1 juice:empty:hidden juice:first:pt-[3px]\">\n<div class=\"markdown prose w-full break-words dark:prose-invert dark\">\n<p><strong>Shampoing Anti-Chute Natulique chez MCCP Distribution<\/strong><\/p>\n<p>D\u00e9couvrez la gamme anti-chute Natulique, disponible chez MCCP Distribution, con\u00e7ue pour renforcer et revitaliser les cheveux en profondeur. Formul\u00e9e avec des ingr\u00e9dients biologiques certifi\u00e9s, cette gamme comprend des shampooings, des apr\u00e8s-shampooings et des s\u00e9rums sp\u00e9cialement d\u00e9velopp\u00e9s pour lutter contre la chute des cheveux. Chaque produit de la gamme anti-chute Natulique stimule le cuir chevelu, am\u00e9liore la circulation sanguine et renforce les follicules pileux, favorisant ainsi une croissance saine et durable des cheveux. Adoptez cette solution naturelle et efficace pour des cheveux plus \u00e9pais et plus forts. Visitez notre boutique en ligne pour en savoir plus.<\/p>\n<\/div>\n<\/div>\n<\/div>\n<\/div>\n<ul style=\"text-align: left;\">\n<li><strong>Ingr\u00e9dients bio<\/strong><\/li>\n<li><strong>Vegan<\/strong><\/li>\n<li><strong>Qualit\u00e9 Pro<\/strong><\/li>\n<li><strong>Emballage Recyclable<\/strong><\/li>\n<\/ul>\n<p><img decoding=\"async\" class=\"wp-image-2406 aligncenter\" src=\"https:\/\/particulier.mccp-coiffure-bio.ch\/wp-content\/uploads\/2021\/01\/vegan-society-certification-300x242.png\" alt=\"\" width=\"214\" height=\"172\" srcset=\"https:\/\/particulier.mccp-coiffure-bio.ch\/wp-content\/uploads\/2021\/01\/vegan-society-certification-300x242.png 300w, https:\/\/particulier.mccp-coiffure-bio.ch\/wp-content\/uploads\/2021\/01\/vegan-society-certification.png 529w\" sizes=\"(max-width: 214px) 100vw, 214px\" \/><\/p>\n","protected":false},"featured_media":5247,"comment_status":"open","ping_status":"closed","template":"","meta":{"ocean_post_layout":"","ocean_both_sidebars_style":"","ocean_both_sidebars_content_width":0,"ocean_both_sidebars_sidebars_width":0,"ocean_sidebar":"0","ocean_second_sidebar":"0","ocean_disable_margins":"enable","ocean_add_body_class":"","ocean_shortcode_before_top_bar":"","ocean_shortcode_after_top_bar":"","ocean_shortcode_before_header":"","ocean_shortcode_after_header":"","ocean_has_shortcode":"","ocean_shortcode_after_title":"","ocean_shortcode_before_footer_widgets":"","ocean_shortcode_after_footer_widgets":"","ocean_shortcode_before_footer_bottom":"","ocean_shortcode_after_footer_bottom":"","ocean_display_top_bar":"default","ocean_display_header":"default","ocean_header_style":"","ocean_center_header_left_menu":"0","ocean_custom_header_template":"0","ocean_custom_logo":0,"ocean_custom_retina_logo":0,"ocean_custom_logo_max_width":0,"ocean_custom_logo_tablet_max_width":0,"ocean_custom_logo_mobile_max_width":0,"ocean_custom_logo_max_height":0,"ocean_custom_logo_tablet_max_height":0,"ocean_custom_logo_mobile_max_height":0,"ocean_header_custom_menu":"0","ocean_menu_typo_font_family":"0","ocean_menu_typo_font_subset":"","ocean_menu_typo_font_size":0,"ocean_menu_typo_font_size_tablet":0,"ocean_menu_typo_font_size_mobile":0,"ocean_menu_typo_font_size_unit":"px","ocean_menu_typo_font_weight":"","ocean_menu_typo_font_weight_tablet":"","ocean_menu_typo_font_weight_mobile":"","ocean_menu_typo_transform":"","ocean_menu_typo_transform_tablet":"","ocean_menu_typo_transform_mobile":"","ocean_menu_typo_line_height":0,"ocean_menu_typo_line_height_tablet":0,"ocean_menu_typo_line_height_mobile":0,"ocean_menu_typo_line_height_unit":"","ocean_menu_typo_spacing":0,"ocean_menu_typo_spacing_tablet":0,"ocean_menu_typo_spacing_mobile":0,"ocean_menu_typo_spacing_unit":"","ocean_menu_link_color":"","ocean_menu_link_color_hover":"","ocean_menu_link_color_active":"","ocean_menu_link_background":"","ocean_menu_link_hover_background":"","ocean_menu_link_active_background":"","ocean_menu_social_links_bg":"","ocean_menu_social_hover_links_bg":"","ocean_menu_social_links_color":"","ocean_menu_social_hover_links_color":"","ocean_disable_title":"default","ocean_disable_heading":"default","ocean_post_title":"","ocean_post_subheading":"","ocean_post_title_style":"","ocean_post_title_background_color":"","ocean_post_title_background":0,"ocean_post_title_bg_image_position":"","ocean_post_title_bg_image_attachment":"","ocean_post_title_bg_image_repeat":"","ocean_post_title_bg_image_size":"","ocean_post_title_height":0,"ocean_post_title_bg_overlay":0.5,"ocean_post_title_bg_overlay_color":"","ocean_disable_breadcrumbs":"default","ocean_breadcrumbs_color":"","ocean_breadcrumbs_separator_color":"","ocean_breadcrumbs_links_color":"","ocean_breadcrumbs_links_hover_color":"","ocean_display_footer_widgets":"default","ocean_display_footer_bottom":"default","ocean_custom_footer_template":"0"},"product_brand":[],"product_cat":[324],"product_tag":[],"class_list":{"0":"post-2905","1":"product","2":"type-product","3":"status-publish","4":"has-post-thumbnail","6":"product_cat-shampoings-naturels","8":"entry","9":"has-media","11":"first","12":"instock","13":"taxable","14":"shipping-taxable","15":"purchasable","16":"product-type-variable","17":"has-product-nav","18":"col","19":"span_1_of_5","20":"owp-content-center","21":"owp-thumbs-layout-horizontal","22":"owp-btn-normal","23":"owp-tabs-layout-horizontal"},"jetpack_sharing_enabled":true,"_links":{"self":[{"href":"https:\/\/particulier.mccp-coiffure-bio.ch\/de\/wp-json\/wp\/v2\/product\/2905","targetHints":{"allow":["GET"]}}],"collection":[{"href":"https:\/\/particulier.mccp-coiffure-bio.ch\/de\/wp-json\/wp\/v2\/product"}],"about":[{"href":"https:\/\/particulier.mccp-coiffure-bio.ch\/de\/wp-json\/wp\/v2\/types\/product"}],"replies":[{"embeddable":true,"href":"https:\/\/particulier.mccp-coiffure-bio.ch\/de\/wp-json\/wp\/v2\/comments?post=2905"}],"version-history":[{"count":0,"href":"https:\/\/particulier.mccp-coiffure-bio.ch\/de\/wp-json\/wp\/v2\/product\/2905\/revisions"}],"wp:featuredmedia":[{"embeddable":true,"href":"https:\/\/particulier.mccp-coiffure-bio.ch\/de\/wp-json\/wp\/v2\/media\/5247"}],"wp:attachment":[{"href":"https:\/\/particulier.mccp-coiffure-bio.ch\/de\/wp-json\/wp\/v2\/media?parent=2905"}],"wp:term":[{"taxonomy":"product_brand","embeddable":true,"href":"https:\/\/particulier.mccp-coiffure-bio.ch\/de\/wp-json\/wp\/v2\/product_brand?post=2905"},{"taxonomy":"product_cat","embeddable":true,"href":"https:\/\/particulier.mccp-coiffure-bio.ch\/de\/wp-json\/wp\/v2\/product_cat?post=2905"},{"taxonomy":"product_tag","embeddable":true,"href":"https:\/\/particulier.mccp-coiffure-bio.ch\/de\/wp-json\/wp\/v2\/product_tag?post=2905"}],"curies":[{"name":"wp","href":"https:\/\/api.w.org\/{rel}","templated":true}]}}