{"id":2854,"date":"2024-05-22T10:55:57","date_gmt":"2024-05-22T08:55:57","guid":{"rendered":"https:\/\/particulier.mccp-coiffure-bio.ch\/apres-shampooing-argent-blond-platine\/"},"modified":"2026-01-04T21:54:31","modified_gmt":"2026-01-04T20:54:31","slug":"apres-shampoing-argent-dejaunissant","status":"publish","type":"product","link":"https:\/\/particulier.mccp-coiffure-bio.ch\/de\/produkt\/apres-shampoing-argent-dejaunissant\/","title":{"rendered":"Silber Dejaying Conditioner 150 ml"},"content":{"rendered":"<h1>Entdecken Sie Natulique's Silber Dejauning Conditioner<\/h1>\n<p>Es ist eine ideale L\u00f6sung, um die Sch\u00f6nheit Ihres blonden oder grauen Haars zu erhalten. Er wurde entwickelt, um unerw\u00fcnschte Gelbt\u00f6ne zu entfernen, und ist ein Must-have f\u00fcr jeden, der eine nat\u00fcrliche und wirksame Haarpflege sucht. Dieser Conditioner ist perfekt f\u00fcr professionelle Schweizer Bio-Friseure und Privatpersonen, die sich um die Gesundheit ihrer Haare und die Umwelt sorgen.<\/p>\n<p>Natulique Silber Dejauning Conditioner wurde mit sorgf\u00e4ltig ausgew\u00e4hlten biologischen Inhaltsstoffen formuliert, um Ihrem Haar intensive Pflege zu bieten und gleichzeitig die Natur zu respektieren. Angereichert mit nat\u00fcrlichen Extrakten spendet er tiefenwirksame Feuchtigkeit und sch\u00fctzt Ihr Haar vor sch\u00e4dlichen Umwelteinfl\u00fcssen. Seine gelbstichentfernende Wirkung neutralisiert Gelbreflexe und l\u00e4sst Ihr Haar strahlend und voller Vitalit\u00e4t erscheinen.<\/p>\n<p>Wenn Sie Natulique f\u00fcr Ihre Bio-Haarpflegeprodukte w\u00e4hlen, k\u00f6nnen Sie sich auf professionelle Qualit\u00e4t verlassen. Ihr Engagement f\u00fcr Formulierungen ohne sch\u00e4dliche Chemikalien stellt sicher, dass jede Anwendung sanft und schonend f\u00fcr Ihr Haar und die Umwelt ist. Wenn Sie den Natulique Silber-Conditioner Dejaunissante verwenden, entscheiden Sie sich f\u00fcr eine Bio-Haarstyling-L\u00f6sung in der Schweiz, die den besonderen Bed\u00fcrfnissen von gef\u00e4rbtem oder nat\u00fcrlichem Haar gerecht wird.<\/p>\n<h2>Warum sollte ich mich f\u00fcr Natulique Silber Dejaunissante Conditioner entscheiden?<\/h2>\n<p>Weil es eine einzigartige Kombination aus Wirksamkeit und Sanftheit bietet. Aktive Inhaltsstoffe wie Heidelbeerextrakt und Jojoba\u00f6l pflegen und revitalisieren Ihr Haar. Durch die Beseitigung von Gelbreflexen sorgt dieser Conditioner f\u00fcr eine reinere und nat\u00fcrlichere Haarfarbe. Au\u00dferdem ist er perfekt f\u00fcr alle, die auf aggressive Chemikalien verzichten wollen, die h\u00e4ufig in herk\u00f6mmlichen Haarpflegeprodukten zu finden sind.<\/p>\n<h3>Inhaltsstoffe von Silber Dejauning Conditioner<\/h3>\n<ul class=\"fusion-checklist fusion-checklist-1 fusion-checklist-default type-icons\">\n<li class=\"fusion-li-item\">\n<div class=\"fusion-li-item-content\">\n<p><strong>Aprikosenkern\u00f6l<\/strong>\u00a0gilt als hervorragender Weichmacher und hautreparierender Inhaltsstoff. Au\u00dferdem f\u00f6rdert es die K\u00e4mmbarkeit und macht das Haar weich.<\/p>\n<\/div>\n<\/li>\n<li class=\"fusion-li-item\"><i class=\"fusion-li-icon fa-pagelines fab\" aria-hidden=\"true\"><\/i>\n<div class=\"fusion-li-item-content\">\n<p><strong>Mandel\u00f6l<\/strong>\u00a0liefert N\u00e4hrstoffe sowie die Vitamine A, B1, B2, B6 und E, um das Haar zu n\u00e4hren, ihm Glanz zu verleihen und Haarbruch vorzubeugen<\/p>\n<\/div>\n<\/li>\n<li class=\"fusion-li-item nitro-offscreen\"><i class=\"fusion-li-icon fa-pagelines fab\" aria-hidden=\"true\"><\/i>\n<div class=\"fusion-li-item-content\">\n<p><strong>Extrakt aus S\u00fc\u00dfholzwurzel<\/strong>mit Flavonoiden, Glykosiden und fl\u00fcchtigen \u00d6len sch\u00fctzt vor Sonnensch\u00e4den, Schuppen, Spliss und Haarausfall<\/p>\n<\/div>\n<\/li>\n<li class=\"fusion-li-item nitro-offscreen\"><i class=\"fusion-li-icon fa-pagelines fab\" aria-hidden=\"true\"><\/i>\n<div class=\"fusion-li-item-content\">\n<p><strong>Olivenfrucht\u00f6l<\/strong>\u00a0versorgt die Haarfollikel tief mit Feuchtigkeit und sorgt so f\u00fcr unglaublichen Glanz und Ausstrahlung, w\u00e4hrend die Elastizit\u00e4t und St\u00e4rke wiederhergestellt wird<\/p>\n<\/div>\n<\/li>\n<li class=\"fusion-li-item nitro-offscreen\"><i class=\"fusion-li-icon fa-pagelines fab\" aria-hidden=\"true\"><\/i>\n<div class=\"fusion-li-item-content\">\n<p><strong>\u00d6l aus Sonnenblumenkernen<\/strong>Die an Pantothens\u00e4ure reiche Creme bietet einen wirksamen und lang anhaltenden Schutz vor sch\u00e4dlichen Umwelteinfl\u00fcssen.<\/p>\n<\/div>\n<\/li>\n<\/ul>\n<p>Bei regelm\u00e4\u00dfiger Anwendung dieses dejaunierenden Bio-Conditioners bleibt Ihr Haar gl\u00e4nzend, gesund und mit Feuchtigkeit versorgt.<\/p>\n<p>Ideal nach dem dejaunisierenden Bio-Shampoo aus derselben Serie, vervollst\u00e4ndigt es Ihre Haarroutine f\u00fcr optimale Ergebnisse.<\/p>\n<p><a class=\"fusion-modal-text-link\" href=\"https:\/\/natulique.com\/fr\/pure-silver-soin-violet-cheveux-blonds\/#\" data-toggle=\"modal\" data-target=\".fusion-modal.popup-video\">Die Pure Silver Family in Aktion sehen \u2192.<\/a><\/p>\n<p>Friseurprofis in der Schweiz und Privatpersonen werden die wohltuende Wirkung und die einfache Anwendung zu sch\u00e4tzen wissen.<\/p>\n<p>Natulique Silber Dejaunishing Conditioner ist auch eine ausgezeichnete Wahl f\u00fcr Bio-Friseursalons in der Schweiz, die ihren Kunden hochwertige, umweltfreundliche Produkte anbieten m\u00f6chten. Wenn Sie diesen Conditioner in Ihre Dienstleistungen integrieren, k\u00f6nnen Sie au\u00dfergew\u00f6hnliche Ergebnisse garantieren und gleichzeitig umweltbewusste Praktiken f\u00f6rdern.<\/p>\n<p>Alles in allem ist Natulique's Silberner Dejaunissante Conditioner die perfekte Wahl f\u00fcr jeden, der die Sch\u00f6nheit seiner Haare erhalten und gleichzeitig den Planeten respektieren m\u00f6chte. Seine nat\u00fcrliche und wirksame Formel macht ihn zu einem Must-have f\u00fcr Liebhaber von Bio-Frisuren in der Schweiz. F\u00fcr gl\u00e4nzendes, gesundes Haar ohne Gelbstich greifen Sie noch heute zu diesem hochwertigen Conditioner.<\/p>\n<p>Zusammenfassend l\u00e4sst sich sagen, dass Natulique's Silberner Dejaunissante Conditioner Pflege, Schutz und Umweltfreundlichkeit vereint. Er ist perfekt auf die Bed\u00fcrfnisse von blondem oder grauem Haar abgestimmt und l\u00e4sst es strahlen und voller Leben sein. Entscheiden Sie sich mit den Natulique-Haarpflegeprodukten f\u00fcr ein hochwertiges Schweizer Bio-Haarstyling, und entscheiden Sie sich f\u00fcr nat\u00fcrliche und nachhaltige Sch\u00f6nheit.<\/p>\n<p><strong>Das NATULIQUE-Konzept<\/strong><\/p>\n<p>Sind Sie neugierig darauf, wie eine 100% NATULIQUE Lounge aussieht?<\/p>\n<p><a href=\"https:\/\/natulique.com\/fr\/concept-salon\/\">Erfahren Sie mehr \u00fcber die Vorteile und wie man ein Salonkonzept wird \u2192.<\/a><\/p>","protected":false},"excerpt":{"rendered":"<h2 style=\"text-align: left\">Entdecken Sie Natulique's Silber Dejauning Conditioner<\/h2>\n<p style=\"text-align: left\">Dies ist eine ideale L\u00f6sung, um die Sch\u00f6nheit Ihres blonden oder grauen Haars zu erhalten. Er wurde entwickelt, um unerw\u00fcnschte Gelbstiche zu entfernen, und ist ein Must-have f\u00fcr jeden, der auf der Suche nach einer nat\u00fcrlichen und wirksamen Haarpflege ist. Dieser Conditioner ist perfekt f\u00fcr professionelle Schweizer Bio-Friseure und Privatpersonen, die sich um die Gesundheit ihrer Haare und die Umwelt sorgen.<\/p>\n<ul style=\"text-align: left\">\n<li><strong>Bio-Zutaten<\/strong><\/li>\n<li><strong>Vegan<\/strong><\/li>\n<li><strong>Pro-Qualit\u00e4t<\/strong><\/li>\n<li><strong>Recycelbare Verpackung<\/strong><\/li>\n<\/ul>\n<p><img decoding=\"async\" class=\"wp-image-2406 aligncenter\" src=\"https:\/\/particulier.mccp-coiffure-bio.ch\/wp-content\/uploads\/2021\/01\/vegan-society-certification-300x242.png\" alt=\"\" width=\"214\" height=\"172\" srcset=\"https:\/\/particulier.mccp-coiffure-bio.ch\/wp-content\/uploads\/2021\/01\/vegan-society-certification-300x242.png 300w, https:\/\/particulier.mccp-coiffure-bio.ch\/wp-content\/uploads\/2021\/01\/vegan-society-certification.png 529w\" sizes=\"(max-width: 214px) 100vw, 214px\" \/><\/p>","protected":false},"featured_media":5260,"comment_status":"open","ping_status":"closed","template":"","meta":{"ocean_post_layout":"","ocean_both_sidebars_style":"","ocean_both_sidebars_content_width":0,"ocean_both_sidebars_sidebars_width":0,"ocean_sidebar":"0","ocean_second_sidebar":"0","ocean_disable_margins":"enable","ocean_add_body_class":"","ocean_shortcode_before_top_bar":"","ocean_shortcode_after_top_bar":"","ocean_shortcode_before_header":"","ocean_shortcode_after_header":"","ocean_has_shortcode":"","ocean_shortcode_after_title":"","ocean_shortcode_before_footer_widgets":"","ocean_shortcode_after_footer_widgets":"","ocean_shortcode_before_footer_bottom":"","ocean_shortcode_after_footer_bottom":"","ocean_display_top_bar":"default","ocean_display_header":"default","ocean_header_style":"","ocean_center_header_left_menu":"0","ocean_custom_header_template":"0","ocean_custom_logo":0,"ocean_custom_retina_logo":0,"ocean_custom_logo_max_width":0,"ocean_custom_logo_tablet_max_width":0,"ocean_custom_logo_mobile_max_width":0,"ocean_custom_logo_max_height":0,"ocean_custom_logo_tablet_max_height":0,"ocean_custom_logo_mobile_max_height":0,"ocean_header_custom_menu":"0","ocean_menu_typo_font_family":"0","ocean_menu_typo_font_subset":"","ocean_menu_typo_font_size":0,"ocean_menu_typo_font_size_tablet":0,"ocean_menu_typo_font_size_mobile":0,"ocean_menu_typo_font_size_unit":"px","ocean_menu_typo_font_weight":"","ocean_menu_typo_font_weight_tablet":"","ocean_menu_typo_font_weight_mobile":"","ocean_menu_typo_transform":"","ocean_menu_typo_transform_tablet":"","ocean_menu_typo_transform_mobile":"","ocean_menu_typo_line_height":0,"ocean_menu_typo_line_height_tablet":0,"ocean_menu_typo_line_height_mobile":0,"ocean_menu_typo_line_height_unit":"","ocean_menu_typo_spacing":0,"ocean_menu_typo_spacing_tablet":0,"ocean_menu_typo_spacing_mobile":0,"ocean_menu_typo_spacing_unit":"","ocean_menu_link_color":"","ocean_menu_link_color_hover":"","ocean_menu_link_color_active":"","ocean_menu_link_background":"","ocean_menu_link_hover_background":"","ocean_menu_link_active_background":"","ocean_menu_social_links_bg":"","ocean_menu_social_hover_links_bg":"","ocean_menu_social_links_color":"","ocean_menu_social_hover_links_color":"","ocean_disable_title":"default","ocean_disable_heading":"default","ocean_post_title":"","ocean_post_subheading":"","ocean_post_title_style":"","ocean_post_title_background_color":"","ocean_post_title_background":0,"ocean_post_title_bg_image_position":"","ocean_post_title_bg_image_attachment":"","ocean_post_title_bg_image_repeat":"","ocean_post_title_bg_image_size":"","ocean_post_title_height":0,"ocean_post_title_bg_overlay":0.5,"ocean_post_title_bg_overlay_color":"","ocean_disable_breadcrumbs":"default","ocean_breadcrumbs_color":"","ocean_breadcrumbs_separator_color":"","ocean_breadcrumbs_links_color":"","ocean_breadcrumbs_links_hover_color":"","ocean_display_footer_widgets":"default","ocean_display_footer_bottom":"default","ocean_custom_footer_template":"0"},"product_brand":[],"product_cat":[322],"product_tag":[],"class_list":{"0":"post-2854","1":"product","2":"type-product","3":"status-publish","4":"has-post-thumbnail","6":"product_cat-soins-des-cheveux","8":"entry","9":"has-media","11":"first","12":"instock","13":"taxable","14":"shipping-taxable","15":"purchasable","16":"product-type-simple","17":"has-product-nav","18":"col","19":"span_1_of_5","20":"owp-content-center","21":"owp-thumbs-layout-horizontal","22":"owp-btn-normal","23":"owp-tabs-layout-horizontal"},"jetpack_sharing_enabled":true,"_links":{"self":[{"href":"https:\/\/particulier.mccp-coiffure-bio.ch\/de\/wp-json\/wp\/v2\/product\/2854","targetHints":{"allow":["GET"]}}],"collection":[{"href":"https:\/\/particulier.mccp-coiffure-bio.ch\/de\/wp-json\/wp\/v2\/product"}],"about":[{"href":"https:\/\/particulier.mccp-coiffure-bio.ch\/de\/wp-json\/wp\/v2\/types\/product"}],"replies":[{"embeddable":true,"href":"https:\/\/particulier.mccp-coiffure-bio.ch\/de\/wp-json\/wp\/v2\/comments?post=2854"}],"version-history":[{"count":0,"href":"https:\/\/particulier.mccp-coiffure-bio.ch\/de\/wp-json\/wp\/v2\/product\/2854\/revisions"}],"wp:featuredmedia":[{"embeddable":true,"href":"https:\/\/particulier.mccp-coiffure-bio.ch\/de\/wp-json\/wp\/v2\/media\/5260"}],"wp:attachment":[{"href":"https:\/\/particulier.mccp-coiffure-bio.ch\/de\/wp-json\/wp\/v2\/media?parent=2854"}],"wp:term":[{"taxonomy":"product_brand","embeddable":true,"href":"https:\/\/particulier.mccp-coiffure-bio.ch\/de\/wp-json\/wp\/v2\/product_brand?post=2854"},{"taxonomy":"product_cat","embeddable":true,"href":"https:\/\/particulier.mccp-coiffure-bio.ch\/de\/wp-json\/wp\/v2\/product_cat?post=2854"},{"taxonomy":"product_tag","embeddable":true,"href":"https:\/\/particulier.mccp-coiffure-bio.ch\/de\/wp-json\/wp\/v2\/product_tag?post=2854"}],"curies":[{"name":"wp","href":"https:\/\/api.w.org\/{rel}","templated":true}]}}