{"id":2841,"date":"2024-05-22T10:55:56","date_gmt":"2024-05-22T08:55:56","guid":{"rendered":"https:\/\/particulier.mccp-coiffure-bio.ch\/spray-cheveux-ocean-a-leau-de-mer\/"},"modified":"2026-01-05T14:00:24","modified_gmt":"2026-01-05T13:00:24","slug":"spray-cheveux-beach-wave-ocean","status":"publish","type":"product","link":"https:\/\/particulier.mccp-coiffure-bio.ch\/de\/produkt\/spray-cheveux-beach-wave-ocean\/","title":{"rendered":"Haarspray - Beach Wave Ocean 200 ml"},"content":{"rendered":"<p>&nbsp;<\/p>\n<h1>Le spray cheveux Beach Wave Ocean de Natulique<\/h1>\n<p>C&#8217;est le choix id\u00e9al pour obtenir des coiffures naturelles tout en respectant l\u2019environnement et la sant\u00e9 de vos cheveux. Con\u00e7u sp\u00e9cialement pour ceux qui privil\u00e9gient les produits bio, ce spray texturisant pour cheveux vous offre une solution efficace et naturelle pour cr\u00e9er des vagues de plage magnifiques sans les effets n\u00e9fastes des produits chimiques conventionnels. Bas\u00e9 en Suisse, Natulique s\u2019engage \u00e0 fournir des produits capillaires de haute qualit\u00e9, certifi\u00e9s bio, pour les professionnels de la coiffure et les particuliers soucieux de leur bien-\u00eatre et de celui de la plan\u00e8te.<\/p>\n<p>Avec le spray cheveux Beach Wave Ocean, obtenez des cheveux texturis\u00e9s et volumineux, rappelant les ondulations naturelles cr\u00e9\u00e9es par l\u2019eau de mer. Ce spray texturisant pour cheveux est formul\u00e9 avec des ingr\u00e9dients bio, tels que l\u2019aloe vera et les extraits d\u2019algues, qui nourrissent et prot\u00e8gent vos cheveux tout en leur donnant un aspect naturel et sain. En utilisant ce produit, vous \u00e9vitez l\u2019utilisation de produits capillaires contenant des substances chimiques agressives, garantissant ainsi une coiffure bio et respectueuse de l\u2019environnement.<\/p>\n<p>Le spray cheveux Beach Wave Ocean de Natulique est parfait pour ceux qui recherchent une solution de coiffage pratique et rapide, tout en maintenant une approche \u00e9cologique. Il permet de cr\u00e9er des coiffures naturelles et \u00e9l\u00e9gantes en quelques pulv\u00e9risations seulement. Gr\u00e2ce \u00e0 sa formule l\u00e9g\u00e8re, ce spray texturisant ne laisse aucun r\u00e9sidu collant et peut \u00eatre utilis\u00e9 sur tous les types de cheveux, qu\u2019ils soient fins, \u00e9pais, boucl\u00e9s ou raides.<\/p>\n<p>En tant que chef d&#8217;entreprise de distribution de produits capillaires bio en Suisse, promouvoir le spray cheveux Beach Wave Ocean de Natulique vous permettra de r\u00e9pondre \u00e0 une demande croissante de produits capillaires naturels et respectueux de l\u2019environnement. Ce spray est non seulement b\u00e9n\u00e9fique pour les cheveux, mais il s&#8217;inscrit \u00e9galement dans une d\u00e9marche durable, en utilisant des emballages recyclables et en minimisant son empreinte carbone.<\/p>\n<p>Cr\u00e9ez instantan\u00e9ment un look de plage somptueux et plein de texture avec notre luxueux <strong>spray cheveux <\/strong>Beach Wave Ocean\u00a0 certifi\u00e9 biologique.<\/p>\n<ul>\n<li>Pas de couleurs artificielles<\/li>\n<li>Pas de silicium ajout\u00e9<\/li>\n<li>Sans parab\u00e8nes<\/li>\n<li>Pas de ph\u00e9noxy\u00e9thanol<\/li>\n<li>Sans cruaut\u00e9 envers les animaux<\/li>\n<li>Emballage durable<\/li>\n<\/ul>\n<div class=\"react-scroll-to-bottom--css-rgbgm-1n7m0yu\">\n<div class=\"flex flex-col text-sm pb-9\">\n<div class=\"w-full text-token-text-primary sm:AIPRM__conversation__response\" data-testid=\"conversation-turn-3\">\n<div class=\"px-4 py-2 justify-center text-base md:gap-6 m-auto\">\n<div class=\"flex flex-1 text-base mx-auto gap-3 md:px-5 lg:px-1 xl:px-5 md:max-w-3xl lg:max-w-[40rem] xl:max-w-[48rem] group final-completion\">\n<div class=\"relative flex w-full flex-col agent-turn\">\n<div class=\"flex-col gap-1 md:gap-3\">\n<div class=\"flex flex-grow flex-col max-w-full\">\n<div class=\"min-h-[20px] text-message flex flex-col items-start gap-3 whitespace-pre-wrap break-words [.text-message+&amp;]:mt-5 overflow-x-auto\" data-message-author-role=\"assistant\" data-message-id=\"75f83c25-0150-4807-b4e2-2914339808c6\">\n<div class=\"markdown prose w-full break-words dark:prose-invert dark AIPRM__conversation__response\">\n<p><strong>Mode d&#8217;emploi :<\/strong><\/p>\n<p>Vaporiser une brume uniform\u00e9ment sur cheveux humides et laisser s\u00e9cher \u00e0 l&#8217;air libre ou avec votre s\u00e8che-cheveux diffuseur.<\/p>\n<p><strong>Ingr\u00e9dients biologiques et naturels<\/strong><\/p>\n<ul>\n<li><strong>Sel de mer des profondeurs\u00a0<\/strong><br \/>\nEnrichi en magn\u00e9sium, potassium, chlorure de calcium et bromures pour aider \u00e0 dynamiser les cheveux tout en \u00e9quilibrant les niveaux d&#8217;hydratation<\/li>\n<li><strong>Extrait d&#8217;algues<\/strong><br \/>\nNourrit et soigne le cuir chevelu avec des vitamines, des min\u00e9raux, des acides amin\u00e9s et des antioxydants essentiels tout en gardant les racines et les tiges fortes pour des cheveux \u00e9pais et sains.<\/li>\n<li><strong>Extrait de fruit d&#8217;a\u00e7a\u00ef<\/strong><br \/>\nEnrichi en acides gras om\u00e9ga et amin\u00e9s, magn\u00e9sium, zinc et vitamines A, B, C et E, il maintient les racines fortes, stimule la croissance des cheveux et assure un cuir chevelu sain.<\/li>\n<li><strong>Jus de feuille d&#8217;Aloe Vera<\/strong><br \/>\nLes enzymes prot\u00e9olytiques gu\u00e9rissent et r\u00e9parent les peaux mortes du cuir chevelu tout en pr\u00e9venant les pellicules et en revitalisant les cheveux.<\/li>\n<li><strong>Extrait de feuille d&#8217;olivier<\/strong><br \/>\nAvec de brillantes propri\u00e9t\u00e9s hydratantes, il hydrate les cheveux pour les aider \u00e0 restaurer leur \u00e9lasticit\u00e9 et \u00e0 les renforcer.<\/li>\n<li><strong>Glyc\u00e9rine \u00e0 base de noix de coco<\/strong><br \/>\nOxyg\u00e9ne efficacement les cheveux tout en retenant l&#8217;humidit\u00e9<\/li>\n<\/ul>\n<p>En savoir plus<\/p>\n<p><a href=\"https:\/\/mccp-coiffure-bio.ch\/spray-ocean-a-leau-de-mer\/\">https:\/\/mccp-coiffure-bio.ch\/spray-ocean-a-leau-de-mer\/<\/a><\/p>\n<p><strong>Le concept NATULIQUE<\/strong><\/p>\n<\/div>\n<\/div>\n<\/div>\n<\/div>\n<\/div>\n<\/div>\n<\/div>\n<\/div>\n<\/div>\n<\/div>\n<div id=\"AIPRM__sidebar-icon\" class=\"AIPRM__p-2 AIPRM__top-12 md:AIPRM__top-2 AIPRM__p-2 AIPRM__items-center AIPRM__transition-colors AIPRM__duration-200 AIPRM__cursor-pointer AIPRM__text-sm AIPRM__rounded-md AIPRM__border AIPRM__bg-white dark:AIPRM__bg-gray-900 AIPRM__border-black\/10 dark:AIPRM__border-white\/20 hover:AIPRM__bg-gray-50 dark:hover:AIPRM__bg-gray-850 AIPRM__cursor-pointer AIPRM__fixed AIPRM__right-4 AIPRM__z-30\" title=\"Open AIPRM sidebar\">\n<div class=\"fusion-layout-column fusion_builder_column fusion-builder-column-22 fusion_builder_column_1_3 1_3 fusion-flex-column\">\n<div class=\"fusion-column-wrapper fusion-column-has-shadow fusion-flex-justify-content-flex-start fusion-content-layout-column\">\n<div class=\"fusion-text fusion-text-15 fusion-no-small-visibility fusion-no-medium-visibility\">\n<p>\u00cates-vous curieux de savoir \u00e0 quoi ressemble un salon 100% NATULIQUE ?<\/p>\n<p><a href=\"https:\/\/natulique.com\/fr\/concept-salon\/\">En savoir plus sur les avantages et comment devenir un salon concept \u2192<\/a><\/p>\n<\/div>\n<\/div>\n<\/div>\n<div class=\"fusion-layout-column fusion_builder_column fusion-builder-column-23 fusion_builder_column_1_3 1_3 fusion-flex-column\">\n<div class=\"fusion-column-wrapper fusion-column-has-shadow fusion-flex-justify-content-flex-start fusion-content-layout-column\">\n<div class=\"fusion-text fusion-text-16\"><\/div>\n<\/div>\n<\/div>\n<\/div>\n","protected":false},"excerpt":{"rendered":"<h2 style=\"text-align: left\">Natulique's Beach Wave Ocean Haarspray<\/h2>\n<p style=\"text-align: left\">Es zeichnet sich durch seine Wirksamkeit und einfache Anwendung aus. Um optimale Ergebnisse zu erzielen, spr\u00fchen Sie das Produkt einfach auf das nasse oder trockene Haar und kneten es dann mit den H\u00e4nden leicht durch oder verwenden einen Diffusor, um die Wellen zu betonen. Das Ergebnis ist eine nat\u00fcrliche, strukturierte und volumin\u00f6se Frisur, die ideal f\u00fcr einen l\u00e4ssigen, aber dennoch anspruchsvollen Look ist.<\/p>\n<p style=\"text-align: left\">Tauchen Sie ein in die Exzellenz der Haarsch\u00f6nheit mit <strong>MCCP BIO-FRISUR<\/strong> Ihr exklusiver Partner f\u00fcr die <strong>Produktvertrieb<\/strong> <strong>Natulisch<\/strong> in<strong> Schweiz<\/strong>. Als engagierte Spezialisten bieten wir Ihnen eine ganze Reihe von <strong>Haarprodukte<\/strong> von professioneller Qualit\u00e4t, die aus erstklassigen biologischen Inhaltsstoffen hergestellt werden. Vertrauen Sie auf unser Fachwissen, um Sie zu einem au\u00dfergew\u00f6hnlichen Haarerlebnis zu f\u00fchren, das Ihren anspruchsvollsten Erwartungen entspricht.<\/p>\n<ul style=\"text-align: left\">\n<li><strong>Bio-Zutaten<\/strong><\/li>\n<li><strong>Vegan<\/strong><\/li>\n<li><strong>Pro-Qualit\u00e4t<\/strong><\/li>\n<li><strong>Recycelbare Verpackung<\/strong><\/li>\n<\/ul>\n<p><img decoding=\"async\" class=\"wp-image-2406 aligncenter\" src=\"https:\/\/particulier.mccp-coiffure-bio.ch\/wp-content\/uploads\/2021\/01\/vegan-society-certification-300x242.png\" alt=\"\" width=\"214\" height=\"172\" srcset=\"https:\/\/particulier.mccp-coiffure-bio.ch\/wp-content\/uploads\/2021\/01\/vegan-society-certification-300x242.png 300w, https:\/\/particulier.mccp-coiffure-bio.ch\/wp-content\/uploads\/2021\/01\/vegan-society-certification.png 529w\" sizes=\"(max-width: 214px) 100vw, 214px\" \/><\/p>","protected":false},"featured_media":2754,"comment_status":"open","ping_status":"closed","template":"","meta":{"ocean_post_layout":"","ocean_both_sidebars_style":"","ocean_both_sidebars_content_width":0,"ocean_both_sidebars_sidebars_width":0,"ocean_sidebar":"0","ocean_second_sidebar":"0","ocean_disable_margins":"enable","ocean_add_body_class":"","ocean_shortcode_before_top_bar":"","ocean_shortcode_after_top_bar":"","ocean_shortcode_before_header":"","ocean_shortcode_after_header":"","ocean_has_shortcode":"","ocean_shortcode_after_title":"","ocean_shortcode_before_footer_widgets":"","ocean_shortcode_after_footer_widgets":"","ocean_shortcode_before_footer_bottom":"","ocean_shortcode_after_footer_bottom":"","ocean_display_top_bar":"default","ocean_display_header":"default","ocean_header_style":"","ocean_center_header_left_menu":"0","ocean_custom_header_template":"0","ocean_custom_logo":0,"ocean_custom_retina_logo":0,"ocean_custom_logo_max_width":0,"ocean_custom_logo_tablet_max_width":0,"ocean_custom_logo_mobile_max_width":0,"ocean_custom_logo_max_height":0,"ocean_custom_logo_tablet_max_height":0,"ocean_custom_logo_mobile_max_height":0,"ocean_header_custom_menu":"0","ocean_menu_typo_font_family":"0","ocean_menu_typo_font_subset":"","ocean_menu_typo_font_size":0,"ocean_menu_typo_font_size_tablet":0,"ocean_menu_typo_font_size_mobile":0,"ocean_menu_typo_font_size_unit":"px","ocean_menu_typo_font_weight":"","ocean_menu_typo_font_weight_tablet":"","ocean_menu_typo_font_weight_mobile":"","ocean_menu_typo_transform":"","ocean_menu_typo_transform_tablet":"","ocean_menu_typo_transform_mobile":"","ocean_menu_typo_line_height":0,"ocean_menu_typo_line_height_tablet":0,"ocean_menu_typo_line_height_mobile":0,"ocean_menu_typo_line_height_unit":"","ocean_menu_typo_spacing":0,"ocean_menu_typo_spacing_tablet":0,"ocean_menu_typo_spacing_mobile":0,"ocean_menu_typo_spacing_unit":"","ocean_menu_link_color":"","ocean_menu_link_color_hover":"","ocean_menu_link_color_active":"","ocean_menu_link_background":"","ocean_menu_link_hover_background":"","ocean_menu_link_active_background":"","ocean_menu_social_links_bg":"","ocean_menu_social_hover_links_bg":"","ocean_menu_social_links_color":"","ocean_menu_social_hover_links_color":"","ocean_disable_title":"default","ocean_disable_heading":"default","ocean_post_title":"","ocean_post_subheading":"","ocean_post_title_style":"","ocean_post_title_background_color":"","ocean_post_title_background":0,"ocean_post_title_bg_image_position":"","ocean_post_title_bg_image_attachment":"","ocean_post_title_bg_image_repeat":"","ocean_post_title_bg_image_size":"","ocean_post_title_height":0,"ocean_post_title_bg_overlay":0.5,"ocean_post_title_bg_overlay_color":"","ocean_disable_breadcrumbs":"default","ocean_breadcrumbs_color":"","ocean_breadcrumbs_separator_color":"","ocean_breadcrumbs_links_color":"","ocean_breadcrumbs_links_hover_color":"","ocean_display_footer_widgets":"default","ocean_display_footer_bottom":"default","ocean_custom_footer_template":"0"},"product_brand":[],"product_cat":[323],"product_tag":[],"class_list":{"0":"post-2841","1":"product","2":"type-product","3":"status-publish","4":"has-post-thumbnail","6":"product_cat-produits-coiffants","8":"entry","9":"has-media","11":"first","12":"instock","13":"taxable","14":"shipping-taxable","15":"purchasable","16":"product-type-simple","17":"has-product-nav","18":"col","19":"span_1_of_5","20":"owp-content-center","21":"owp-thumbs-layout-horizontal","22":"owp-btn-normal","23":"owp-tabs-layout-horizontal","24":"has-no-thumbnails"},"jetpack_sharing_enabled":true,"_links":{"self":[{"href":"https:\/\/particulier.mccp-coiffure-bio.ch\/de\/wp-json\/wp\/v2\/product\/2841","targetHints":{"allow":["GET"]}}],"collection":[{"href":"https:\/\/particulier.mccp-coiffure-bio.ch\/de\/wp-json\/wp\/v2\/product"}],"about":[{"href":"https:\/\/particulier.mccp-coiffure-bio.ch\/de\/wp-json\/wp\/v2\/types\/product"}],"replies":[{"embeddable":true,"href":"https:\/\/particulier.mccp-coiffure-bio.ch\/de\/wp-json\/wp\/v2\/comments?post=2841"}],"version-history":[{"count":1,"href":"https:\/\/particulier.mccp-coiffure-bio.ch\/de\/wp-json\/wp\/v2\/product\/2841\/revisions"}],"predecessor-version":[{"id":5921,"href":"https:\/\/particulier.mccp-coiffure-bio.ch\/de\/wp-json\/wp\/v2\/product\/2841\/revisions\/5921"}],"wp:featuredmedia":[{"embeddable":true,"href":"https:\/\/particulier.mccp-coiffure-bio.ch\/de\/wp-json\/wp\/v2\/media\/2754"}],"wp:attachment":[{"href":"https:\/\/particulier.mccp-coiffure-bio.ch\/de\/wp-json\/wp\/v2\/media?parent=2841"}],"wp:term":[{"taxonomy":"product_brand","embeddable":true,"href":"https:\/\/particulier.mccp-coiffure-bio.ch\/de\/wp-json\/wp\/v2\/product_brand?post=2841"},{"taxonomy":"product_cat","embeddable":true,"href":"https:\/\/particulier.mccp-coiffure-bio.ch\/de\/wp-json\/wp\/v2\/product_cat?post=2841"},{"taxonomy":"product_tag","embeddable":true,"href":"https:\/\/particulier.mccp-coiffure-bio.ch\/de\/wp-json\/wp\/v2\/product_tag?post=2841"}],"curies":[{"name":"wp","href":"https:\/\/api.w.org\/{rel}","templated":true}]}}