{"id":2838,"date":"2024-05-22T10:55:56","date_gmt":"2024-05-22T08:55:56","guid":{"rendered":"https:\/\/particulier.mccp-coiffure-bio.ch\/shampooing-sec-volumisant-poudre-en-spray\/"},"modified":"2026-01-06T18:52:19","modified_gmt":"2026-01-06T17:52:19","slug":"shampoing-sec-volumisant","status":"publish","type":"product","link":"https:\/\/particulier.mccp-coiffure-bio.ch\/de\/produkt\/shampoing-sec-volumisant\/","title":{"rendered":"Volumengebendes Trockenshampoo : Spraypulver 300 ml"},"content":{"rendered":"<h1>Entdecken Sie unser volumengebendes Bio-Trockenshampoo von Natulique<\/h1>\n<p>Es ist die ideale L\u00f6sung f\u00fcr nat\u00fcrliche und langanhaltende Stylings. Unser Trockenshampoo wurde speziell f\u00fcr professionelle und private Anwender in der Schweiz entwickelt und bietet sofortiges Volumen und lang anhaltende Frische ohne die Nachteile chemischer Produkte. Angereichert mit nat\u00fcrlichen Inhaltsstoffen, schont es die Gesundheit Ihres Haares und die Umwelt.<\/p>\n<p>Unser Bio-Volumen-Trockenshampoo ist ein Muss f\u00fcr alle Anh\u00e4nger der Schweizer Bio-Frisuren. Es enth\u00e4lt biologische Pflanzenextrakte, absorbiert \u00fcbersch\u00fcssigen Talg, erfrischt Ihr Haar zwischen den Haarw\u00e4schen und verleiht Ihrem Haarvolumen einen Boost. Perfekt f\u00fcr hektische Tage oder unvorhergesehene Ereignisse, verleiht er Ihrem Haar in Sekundenschnelle neues Leben.<\/p>\n<p>Die regelm\u00e4\u00dfige Anwendung unseres Bio-Volumen-Trockenshampoos tr\u00e4gt zur Erhaltung einer gesunden Kopfhaut und vitalen, gl\u00e4nzenden Haaren bei. Es ist f\u00fcr alle Haartypen geeignet und besonders empfehlenswert f\u00fcr diejenigen, die eine nat\u00fcrliche Alternative zu herk\u00f6mmlichen Produkten suchen. Wenn Sie unser Trockenshampoo in Ihre Haarroutine integrieren, entscheiden Sie sich f\u00fcr eine umweltfreundliche L\u00f6sung und k\u00f6nnen gleichzeitig von nat\u00fcrlichen und stylischen Frisuren profitieren.<\/p>\n<p>Der Schweizer Bio-Haarpflegemarkt w\u00e4chst rasant, und unser Trockenshampoo positioniert sich als Spitzenprodukt. Dank seiner Bio-Formel ist es frei von Parabenen, Sulfaten und anderen sch\u00e4dlichen Stoffen. Dieses Trockenshampoo ist nicht nur gut f\u00fcr Ihr Haar, sondern tr\u00e4gt auch zum Erhalt unseres Planeten bei.<\/p>\n<p>Friseurprofis sch\u00e4tzen unser Bio-Volumen-Trockenshampoo f\u00fcr seine F\u00e4higkeit, schnelle und effektive Ergebnisse zu erzielen. Es texturiert das Haar, erleichtert das Styling und verl\u00e4ngert die Haltbarkeit von nat\u00fcrlichen Frisuren, ohne dass das Haar t\u00e4glich gewaschen werden muss. Wenn Sie sich f\u00fcr unser Produkt entscheiden, entscheiden Sie sich f\u00fcr Qualit\u00e4t und die Einhaltung \u00f6kologischer Werte.<\/p>\n<p>F\u00fcr Privatpersonen ist unser Bio-Volumen-Trockenshampoo ein wertvoller Verb\u00fcndeter beim Zeitmanagement und der Pflege Ihres Haars. Es erm\u00f6glicht Ihnen, eine Haarw\u00e4sche auszulassen, ohne auf Sauberkeit oder Styling verzichten zu m\u00fcssen. Es wird einfach auf den Ansatz gespr\u00fcht, einige Minuten stehen gelassen und dann ausgeb\u00fcrstet, um sichtbar volumin\u00f6seres und saubereres Haar zu zeigen.<\/p>\n<p>Die Transparenz unseres Herstellungsprozesses und die biologische Herkunft unserer Inhaltsstoffe sind ein Zeichen f\u00fcr Qualit\u00e4t und Vertrauen. Wir sind der festen \u00dcberzeugung, dass gesundes Haar mit Qualit\u00e4tsprodukten beginnt. Deshalb ist unser Trockenshampoo kompromisslos formuliert.<\/p>\n<p><strong>MIT ZERTIFIZIERTEN BIOLOGISCHEN UND NAT\u00dcRLICHEN INHALTSSTOFFEN HERGESTELLT<\/strong><br \/>\nGoji-Beeren und Aloe Vera; reich an Vitaminen, Antioxidantien, Aminos\u00e4uren und N\u00e4hrstoffen, sorgt f\u00fcr gesundes und nat\u00fcrliches Haar.<\/p>\n<p><strong>Vollst\u00e4ndige Liste der Zutaten<\/strong><br \/>\nZutaten: Dimethylether, denaturierter Alkohol, Solanum tuberosum-St\u00e4rke, Kieselerde, Parf\u00fcm, Wasser, Glycerin, Lycium Barbarum-Fruchtextrakt*, Kaliumsorbat, Natriumbenzoat, Zitronens\u00e4ure, Aloe Barbadensis-Blattextrakt*, Sorbins\u00e4ure, Benzylsalicylat, Linalool, Citronellol, Geraniol, Limonen, Alpha-Isomethyl Ionone.<br \/>\n* Zutaten aus zertifizierter biologischer Landwirtschaft<\/p>\n<p>Zusammenfassend l\u00e4sst sich sagen, dass unser Bio-Volumen-Trockenshampoo die perfekte Wahl f\u00fcr alle ist, die nach nat\u00fcrlichen, effektiven und umweltfreundlichen Haarl\u00f6sungen suchen. Ob Sie nun ein professioneller Friseur sind oder eine Privatperson, die auf der Suche nach Bio-Produkten ist, unser Trockenshampoo wird all Ihre Erwartungen erf\u00fcllen. Entscheiden Sie sich f\u00fcr nat\u00fcrliche und umweltbewusste Frisuren mit unserem volumengebenden Bio-Trockenshampoo, die Wahl der Schweizer Bio-Friseurexperten.<\/p>\n<p>Erfahren Sie mehr \u00fcber das volumengebende Trockenshampoo,<\/p>\n<p><a href=\"https:\/\/mccp-coiffure-bio.ch\/shampooing-sec-volumisant-cheveux-clairs\/\">https:\/\/mccp-coiffure-bio.ch\/shampooing-sec-volumisant-cheveux-clairs\/<\/a><\/p>\n<p><strong>Das NATULIQUE-Konzept<\/strong><\/p>\n<p>Sind Sie neugierig darauf, wie eine 100% NATULIQUE Lounge aussieht?<\/p>\n<p><a href=\"https:\/\/natulique.com\/fr\/concept-salon\/\">Erfahren Sie mehr \u00fcber die Vorteile und wie man ein Salonkonzept wird \u2192.<\/a><\/p>","protected":false},"excerpt":{"rendered":"<h2>Entdecken Sie unser volumengebendes Bio-Trockenshampoo<\/h2>\n<p>Unser Trockenshampoo wurde speziell f\u00fcr den professionellen und privaten Gebrauch in der Schweiz entwickelt und bietet sofortiges Volumen und lang anhaltende Frische ohne die Nachteile chemischer Produkte. Angereichert mit nat\u00fcrlichen Inhaltsstoffen, schont es die Gesundheit Ihres Haares und die Umwelt.<\/p>\n<p>&nbsp;<\/p>\n<p style=\"text-align: left\">Tauchen Sie ein in die Exzellenz der Haarsch\u00f6nheit mit <strong>MCCP BIO-FRISUR<\/strong> Ihr exklusiver Partner f\u00fcr die <strong>Produktvertrieb<\/strong> <strong>Natulisch<\/strong> in<strong> Schweiz<\/strong>. Als engagierte Spezialisten bieten wir Ihnen eine ganze Reihe von <strong>Haarprodukte<\/strong> von professioneller Qualit\u00e4t, die aus erstklassigen biologischen Inhaltsstoffen hergestellt werden. Vertrauen Sie auf unser Fachwissen, um Sie zu einem au\u00dfergew\u00f6hnlichen Haarerlebnis zu f\u00fchren, das Ihren anspruchsvollsten Erwartungen entspricht.<\/p>\n<ul style=\"text-align: left\">\n<li><strong>Bio-Zutaten<\/strong><\/li>\n<li><strong>Vegan<\/strong><\/li>\n<li><strong>Pro-Qualit\u00e4t<\/strong><\/li>\n<li><strong>Recycelbare Verpackung<\/strong><\/li>\n<\/ul>\n<p><img decoding=\"async\" class=\"wp-image-2406 aligncenter\" src=\"https:\/\/particulier.mccp-coiffure-bio.ch\/wp-content\/uploads\/2021\/01\/vegan-society-certification-300x242.png\" alt=\"\" width=\"214\" height=\"172\" srcset=\"https:\/\/particulier.mccp-coiffure-bio.ch\/wp-content\/uploads\/2021\/01\/vegan-society-certification-300x242.png 300w, https:\/\/particulier.mccp-coiffure-bio.ch\/wp-content\/uploads\/2021\/01\/vegan-society-certification.png 529w\" sizes=\"(max-width: 214px) 100vw, 214px\" \/><\/p>","protected":false},"featured_media":3467,"comment_status":"open","ping_status":"closed","template":"","meta":{"ocean_post_layout":"","ocean_both_sidebars_style":"","ocean_both_sidebars_content_width":0,"ocean_both_sidebars_sidebars_width":0,"ocean_sidebar":"0","ocean_second_sidebar":"0","ocean_disable_margins":"enable","ocean_add_body_class":"","ocean_shortcode_before_top_bar":"","ocean_shortcode_after_top_bar":"","ocean_shortcode_before_header":"","ocean_shortcode_after_header":"","ocean_has_shortcode":"","ocean_shortcode_after_title":"","ocean_shortcode_before_footer_widgets":"","ocean_shortcode_after_footer_widgets":"","ocean_shortcode_before_footer_bottom":"","ocean_shortcode_after_footer_bottom":"","ocean_display_top_bar":"default","ocean_display_header":"default","ocean_header_style":"","ocean_center_header_left_menu":"0","ocean_custom_header_template":"0","ocean_custom_logo":0,"ocean_custom_retina_logo":0,"ocean_custom_logo_max_width":0,"ocean_custom_logo_tablet_max_width":0,"ocean_custom_logo_mobile_max_width":0,"ocean_custom_logo_max_height":0,"ocean_custom_logo_tablet_max_height":0,"ocean_custom_logo_mobile_max_height":0,"ocean_header_custom_menu":"0","ocean_menu_typo_font_family":"0","ocean_menu_typo_font_subset":"","ocean_menu_typo_font_size":0,"ocean_menu_typo_font_size_tablet":0,"ocean_menu_typo_font_size_mobile":0,"ocean_menu_typo_font_size_unit":"px","ocean_menu_typo_font_weight":"","ocean_menu_typo_font_weight_tablet":"","ocean_menu_typo_font_weight_mobile":"","ocean_menu_typo_transform":"","ocean_menu_typo_transform_tablet":"","ocean_menu_typo_transform_mobile":"","ocean_menu_typo_line_height":0,"ocean_menu_typo_line_height_tablet":0,"ocean_menu_typo_line_height_mobile":0,"ocean_menu_typo_line_height_unit":"","ocean_menu_typo_spacing":0,"ocean_menu_typo_spacing_tablet":0,"ocean_menu_typo_spacing_mobile":0,"ocean_menu_typo_spacing_unit":"","ocean_menu_link_color":"","ocean_menu_link_color_hover":"","ocean_menu_link_color_active":"","ocean_menu_link_background":"","ocean_menu_link_hover_background":"","ocean_menu_link_active_background":"","ocean_menu_social_links_bg":"","ocean_menu_social_hover_links_bg":"","ocean_menu_social_links_color":"","ocean_menu_social_hover_links_color":"","ocean_disable_title":"default","ocean_disable_heading":"default","ocean_post_title":"","ocean_post_subheading":"","ocean_post_title_style":"","ocean_post_title_background_color":"","ocean_post_title_background":0,"ocean_post_title_bg_image_position":"","ocean_post_title_bg_image_attachment":"","ocean_post_title_bg_image_repeat":"","ocean_post_title_bg_image_size":"","ocean_post_title_height":0,"ocean_post_title_bg_overlay":0.5,"ocean_post_title_bg_overlay_color":"","ocean_disable_breadcrumbs":"default","ocean_breadcrumbs_color":"","ocean_breadcrumbs_separator_color":"","ocean_breadcrumbs_links_color":"","ocean_breadcrumbs_links_hover_color":"","ocean_display_footer_widgets":"default","ocean_display_footer_bottom":"default","ocean_custom_footer_template":"0"},"product_brand":[],"product_cat":[323],"product_tag":[],"class_list":{"0":"post-2838","1":"product","2":"type-product","3":"status-publish","4":"has-post-thumbnail","6":"product_cat-produits-coiffants","8":"entry","9":"has-media","11":"first","12":"instock","13":"taxable","14":"shipping-taxable","15":"purchasable","16":"product-type-simple","17":"has-product-nav","18":"col","19":"span_1_of_5","20":"owp-content-center","21":"owp-thumbs-layout-horizontal","22":"owp-btn-normal","23":"owp-tabs-layout-horizontal","24":"has-no-thumbnails"},"jetpack_sharing_enabled":true,"_links":{"self":[{"href":"https:\/\/particulier.mccp-coiffure-bio.ch\/de\/wp-json\/wp\/v2\/product\/2838","targetHints":{"allow":["GET"]}}],"collection":[{"href":"https:\/\/particulier.mccp-coiffure-bio.ch\/de\/wp-json\/wp\/v2\/product"}],"about":[{"href":"https:\/\/particulier.mccp-coiffure-bio.ch\/de\/wp-json\/wp\/v2\/types\/product"}],"replies":[{"embeddable":true,"href":"https:\/\/particulier.mccp-coiffure-bio.ch\/de\/wp-json\/wp\/v2\/comments?post=2838"}],"version-history":[{"count":1,"href":"https:\/\/particulier.mccp-coiffure-bio.ch\/de\/wp-json\/wp\/v2\/product\/2838\/revisions"}],"predecessor-version":[{"id":5923,"href":"https:\/\/particulier.mccp-coiffure-bio.ch\/de\/wp-json\/wp\/v2\/product\/2838\/revisions\/5923"}],"wp:featuredmedia":[{"embeddable":true,"href":"https:\/\/particulier.mccp-coiffure-bio.ch\/de\/wp-json\/wp\/v2\/media\/3467"}],"wp:attachment":[{"href":"https:\/\/particulier.mccp-coiffure-bio.ch\/de\/wp-json\/wp\/v2\/media?parent=2838"}],"wp:term":[{"taxonomy":"product_brand","embeddable":true,"href":"https:\/\/particulier.mccp-coiffure-bio.ch\/de\/wp-json\/wp\/v2\/product_brand?post=2838"},{"taxonomy":"product_cat","embeddable":true,"href":"https:\/\/particulier.mccp-coiffure-bio.ch\/de\/wp-json\/wp\/v2\/product_cat?post=2838"},{"taxonomy":"product_tag","embeddable":true,"href":"https:\/\/particulier.mccp-coiffure-bio.ch\/de\/wp-json\/wp\/v2\/product_tag?post=2838"}],"curies":[{"name":"wp","href":"https:\/\/api.w.org\/{rel}","templated":true}]}}