{"id":2836,"date":"2024-05-22T10:55:56","date_gmt":"2024-05-22T08:55:56","guid":{"rendered":"https:\/\/particulier.mccp-coiffure-bio.ch\/mousse-cheveux-volume-et-formes\/"},"modified":"2025-12-18T18:02:51","modified_gmt":"2025-12-18T17:02:51","slug":"mousse-cheveux-volume-et-formes","status":"publish","type":"product","link":"https:\/\/particulier.mccp-coiffure-bio.ch\/de\/produkt\/mousse-cheveux-volume-et-formes\/","title":{"rendered":"Haarschaum - Volumen und Formen 250 ml"},"content":{"rendered":"<h1>Entdecken Sie den Haarschaum Volumen und Formen von Natulique<\/h1>\n<p>Der unverzichtbare Verb\u00fcndete f\u00fcr ein nat\u00fcrliches und umweltfreundliches Styling. Dieser Schaum wird aus zertifizierten biologischen Inhaltsstoffen hergestellt und bietet flexiblen, lang anhaltenden Halt, der ideal f\u00fcr alle Haartypen ist. Er eignet sich perfekt f\u00fcr Bio-Friseure in der Schweiz und erm\u00f6glicht es, verschiedene Styles zu kreieren und dabei die Gesundheit Ihres Haars zu sch\u00fctzen. Natulique hat es sich zur Aufgabe gemacht, qualitativ hochwertige Haarprodukte anzubieten, ohne Kompromisse in Bezug auf Ethik oder Leistung einzugehen.<\/p>\n<p><strong>Nat\u00fcrliches Styling und Bio-Haarpflege<\/strong><\/p>\n<p>Natulique Haarschaum Volumen und Formen wurde f\u00fcr alle entwickelt, die ein nat\u00fcrliches Styling ohne aggressive Chemikalien anstreben. Seine mit biologischen Pflanzenextrakten angereicherte Formel bietet nicht nur einen makellosen Halt, sondern pflegt das Haar auch tiefgreifend. Dieser Schaum ist auf die Bed\u00fcrfnisse von Bio-Friseurexperten in der Schweiz abgestimmt und die ideale Wahl f\u00fcr alle, die ihren Kunden eine gesunde und umweltfreundliche Alternative bieten m\u00f6chten. Mit Natulique wird nat\u00fcrliches Styling zu einem Synonym f\u00fcr Sch\u00f6nheit und Wohlbefinden.<\/p>\n<h3><strong>Warum sollte ich mich f\u00fcr Natulique Volumen- und Formhaarschaum entscheiden?<\/strong><\/h3>\n<ol>\n<li><strong>Zertifizierte biologische Inhaltsstoffe<\/strong> : Natulique-Schaum wird mit biologischen Inhaltsstoffen formuliert, die eine sichere Anwendung f\u00fcr Ihr Haar und die Umwelt gew\u00e4hrleisten.<\/li>\n<li><strong>Flexible Befestigung<\/strong> : Erzielen Sie dauerhaften Halt ohne Steifheit, ideal f\u00fcr Frisuren, die an Ort und Stelle bleiben und trotzdem nat\u00fcrlich aussehen.<\/li>\n<li><strong>Geeignet f\u00fcr alle Haartypen<\/strong> : Ob feines, dickes, lockiges oder glattes Haar - Natulique-Schaum wurde entwickelt, um die besten Ergebnisse zu erzielen.<\/li>\n<li><strong>Respekt f\u00fcr die Umwelt<\/strong> : Wenn Sie sich f\u00fcr Natulique entscheiden, tragen Sie mit naturfreundlichen Produkten zu einer nachhaltigeren Zukunft bei.<\/li>\n<\/ol>\n<p><strong>Anwendung und Nutzen von Volumen- und Formschaum f\u00fcr das Haar<\/strong><\/p>\n<p>Natulique Haarschaum Volumen und Formen ist einfach zu verwenden und eignet sich f\u00fcr alle Frisuren.<\/p>\n<p>Eine kleine Menge auf das feuchte Haar auftragen und nach Lust und Laune stylen. F\u00fcr einen nat\u00fcrlichen Look an der Luft trocknen lassen oder mit einem F\u00f6hn f\u00fcr mehr Volumen sorgen.<\/p>\n<p>Bio-Haarprofis in der Schweiz werden seine Vielseitigkeit und Wirksamkeit zu sch\u00e4tzen wissen, mit der sich m\u00fchelos raffinierte oder l\u00e4ssige Styles kreieren lassen. Der Natulique-Schaum n\u00e4hrt und sch\u00fctzt das Haar und verhindert so Sch\u00e4den, die durch wiederholtes Styling entstehen k\u00f6nnen.<\/p>\n<h2><strong>Engagement und Natulische Qualit\u00e4t<\/strong><\/h2>\n<p>Natulique zeichnet sich durch sein Engagement f\u00fcr Qualit\u00e4t und Ethik aus. Alle Produkte sind dermatologisch getestet und erf\u00fcllen strenge Standards f\u00fcr Nachhaltigkeit und Sicherheit. Der Stylingschaum ist keine Ausnahme und bietet eine gesunde und effektive Alternative zu herk\u00f6mmlichen Produkten. Wenn Sie sich f\u00fcr Natulique entscheiden, entscheiden Sie sich f\u00fcr Bio-Haarstyling in der Schweiz, das Ihre Gesundheit und die Umwelt schont.<\/p>\n<h2><strong>Der Haarschaum f\u00fcr Volumen und Formen f\u00fcr Profis und Privatpersonen<\/strong><\/h2>\n<p>Ob Sie nun ein professioneller Friseur oder ein Privatmann sind, der sich um die Gesundheit seines Haars sorgt, der Schaumfestiger f\u00fcr Volumen und Formen von Natulique ist eine gute Wahl.<\/p>\n<p>Sie bietet eine professionelle Leistung und ist gleichzeitig einfach zu Hause zu verwenden.<\/p>\n<p>So k\u00f6nnen Bio-Friseursalons in der Schweiz ihren Kunden nat\u00fcrliche und nachhaltige Frisuren anbieten und gleichzeitig ihren \u00f6kologischen Werten treu bleiben.<\/p>\n<p>Natulique verspricht gesundes, sch\u00f6nes und umweltfreundliches Haar.<\/p>\n<p>Erfahren Sie mehr,<\/p>\n<p><a href=\"https:\/\/mccp-coiffure-bio.ch\/mousse-volumisante\/\">https:\/\/mccp-coiffure-bio.ch\/mousse-volumisante\/<\/a><\/p>\n<p><strong>Das NATULIQUE-Konzept<\/strong><\/p>\n<p>Sind Sie neugierig darauf, wie eine 100% NATULIQUE Lounge aussieht?<\/p>\n<p><a href=\"https:\/\/natulique.com\/fr\/concept-salon\/\">Erfahren Sie mehr \u00fcber die Vorteile und wie man ein Salonkonzept wird \u2192.<\/a><\/p>","protected":false},"excerpt":{"rendered":"<h2 style=\"text-align: left\">Entdecken Sie den Haarschaum Volumen und Formen von Natulique<\/h2>\n<p style=\"text-align: left\">Der unverzichtbare Verb\u00fcndete f\u00fcr ein nat\u00fcrliches und umweltfreundliches Styling. Hergestellt aus zertifizierten biologischen Inhaltsstoffen bietet dieser Schaumfestiger flexiblen und langanhaltenden Halt und ist ideal f\u00fcr alle Haartypen.<\/p>\n<p style=\"text-align: left\">Sie eignet sich perfekt f\u00fcr professionelle Bio-Haarstylisten in der Schweiz und erm\u00f6glicht es, verschiedene Styles zu kreieren und gleichzeitig die Gesundheit Ihres Haars zu sch\u00fctzen. Natulique hat es sich zur Aufgabe gemacht, qualitativ hochwertige Haarpflegeprodukte anzubieten, ohne Kompromisse in Bezug auf Ethik oder Leistung einzugehen.<\/p>\n<p style=\"text-align: left\">Tauchen Sie ein in die Exzellenz der Haarsch\u00f6nheit mit <strong>MCCP BIO-FRISUR<\/strong> Ihr exklusiver Partner f\u00fcr die <strong>Produktvertrieb<\/strong> <strong>Natulisch<\/strong> in<strong> Schweiz<\/strong>. Als engagierte Spezialisten bieten wir Ihnen eine ganze Reihe von <strong>Haarprodukte<\/strong> von professioneller Qualit\u00e4t, die aus erstklassigen biologischen Inhaltsstoffen hergestellt werden. Vertrauen Sie auf unser Fachwissen, um Sie zu einem au\u00dfergew\u00f6hnlichen Haarerlebnis zu f\u00fchren, das Ihren anspruchsvollsten Erwartungen entspricht.<\/p>\n<ul style=\"text-align: left\">\n<li><strong>Bio-Zutaten<\/strong><\/li>\n<li><strong>Vegan<\/strong><\/li>\n<li><strong>Pro-Qualit\u00e4t<\/strong><\/li>\n<li><strong>Recycelbare Verpackung<\/strong><\/li>\n<\/ul>\n<p><img decoding=\"async\" class=\"wp-image-2406 aligncenter\" src=\"https:\/\/particulier.mccp-coiffure-bio.ch\/wp-content\/uploads\/2021\/01\/vegan-society-certification-300x242.png\" alt=\"\" width=\"214\" height=\"172\" srcset=\"https:\/\/particulier.mccp-coiffure-bio.ch\/wp-content\/uploads\/2021\/01\/vegan-society-certification-300x242.png 300w, https:\/\/particulier.mccp-coiffure-bio.ch\/wp-content\/uploads\/2021\/01\/vegan-society-certification.png 529w\" sizes=\"(max-width: 214px) 100vw, 214px\" \/><\/p>","protected":false},"featured_media":2835,"comment_status":"open","ping_status":"closed","template":"","meta":{"ocean_post_layout":"","ocean_both_sidebars_style":"","ocean_both_sidebars_content_width":0,"ocean_both_sidebars_sidebars_width":0,"ocean_sidebar":"0","ocean_second_sidebar":"0","ocean_disable_margins":"enable","ocean_add_body_class":"","ocean_shortcode_before_top_bar":"","ocean_shortcode_after_top_bar":"","ocean_shortcode_before_header":"","ocean_shortcode_after_header":"","ocean_has_shortcode":"","ocean_shortcode_after_title":"","ocean_shortcode_before_footer_widgets":"","ocean_shortcode_after_footer_widgets":"","ocean_shortcode_before_footer_bottom":"","ocean_shortcode_after_footer_bottom":"","ocean_display_top_bar":"default","ocean_display_header":"default","ocean_header_style":"","ocean_center_header_left_menu":"0","ocean_custom_header_template":"0","ocean_custom_logo":0,"ocean_custom_retina_logo":0,"ocean_custom_logo_max_width":0,"ocean_custom_logo_tablet_max_width":0,"ocean_custom_logo_mobile_max_width":0,"ocean_custom_logo_max_height":0,"ocean_custom_logo_tablet_max_height":0,"ocean_custom_logo_mobile_max_height":0,"ocean_header_custom_menu":"0","ocean_menu_typo_font_family":"0","ocean_menu_typo_font_subset":"","ocean_menu_typo_font_size":0,"ocean_menu_typo_font_size_tablet":0,"ocean_menu_typo_font_size_mobile":0,"ocean_menu_typo_font_size_unit":"px","ocean_menu_typo_font_weight":"","ocean_menu_typo_font_weight_tablet":"","ocean_menu_typo_font_weight_mobile":"","ocean_menu_typo_transform":"","ocean_menu_typo_transform_tablet":"","ocean_menu_typo_transform_mobile":"","ocean_menu_typo_line_height":0,"ocean_menu_typo_line_height_tablet":0,"ocean_menu_typo_line_height_mobile":0,"ocean_menu_typo_line_height_unit":"","ocean_menu_typo_spacing":0,"ocean_menu_typo_spacing_tablet":0,"ocean_menu_typo_spacing_mobile":0,"ocean_menu_typo_spacing_unit":"","ocean_menu_link_color":"","ocean_menu_link_color_hover":"","ocean_menu_link_color_active":"","ocean_menu_link_background":"","ocean_menu_link_hover_background":"","ocean_menu_link_active_background":"","ocean_menu_social_links_bg":"","ocean_menu_social_hover_links_bg":"","ocean_menu_social_links_color":"","ocean_menu_social_hover_links_color":"","ocean_disable_title":"default","ocean_disable_heading":"default","ocean_post_title":"","ocean_post_subheading":"","ocean_post_title_style":"","ocean_post_title_background_color":"","ocean_post_title_background":0,"ocean_post_title_bg_image_position":"","ocean_post_title_bg_image_attachment":"","ocean_post_title_bg_image_repeat":"","ocean_post_title_bg_image_size":"","ocean_post_title_height":0,"ocean_post_title_bg_overlay":0.5,"ocean_post_title_bg_overlay_color":"","ocean_disable_breadcrumbs":"default","ocean_breadcrumbs_color":"","ocean_breadcrumbs_separator_color":"","ocean_breadcrumbs_links_color":"","ocean_breadcrumbs_links_hover_color":"","ocean_display_footer_widgets":"default","ocean_display_footer_bottom":"default","ocean_custom_footer_template":"0"},"product_brand":[],"product_cat":[323],"product_tag":[],"class_list":{"0":"post-2836","1":"product","2":"type-product","3":"status-publish","4":"has-post-thumbnail","6":"product_cat-produits-coiffants","8":"entry","9":"has-media","11":"first","12":"instock","13":"taxable","14":"shipping-taxable","15":"purchasable","16":"product-type-simple","17":"has-product-nav","18":"col","19":"span_1_of_5","20":"owp-content-center","21":"owp-thumbs-layout-horizontal","22":"owp-btn-normal","23":"owp-tabs-layout-horizontal","24":"has-no-thumbnails"},"jetpack_sharing_enabled":true,"_links":{"self":[{"href":"https:\/\/particulier.mccp-coiffure-bio.ch\/de\/wp-json\/wp\/v2\/product\/2836","targetHints":{"allow":["GET"]}}],"collection":[{"href":"https:\/\/particulier.mccp-coiffure-bio.ch\/de\/wp-json\/wp\/v2\/product"}],"about":[{"href":"https:\/\/particulier.mccp-coiffure-bio.ch\/de\/wp-json\/wp\/v2\/types\/product"}],"replies":[{"embeddable":true,"href":"https:\/\/particulier.mccp-coiffure-bio.ch\/de\/wp-json\/wp\/v2\/comments?post=2836"}],"version-history":[{"count":1,"href":"https:\/\/particulier.mccp-coiffure-bio.ch\/de\/wp-json\/wp\/v2\/product\/2836\/revisions"}],"predecessor-version":[{"id":5922,"href":"https:\/\/particulier.mccp-coiffure-bio.ch\/de\/wp-json\/wp\/v2\/product\/2836\/revisions\/5922"}],"wp:featuredmedia":[{"embeddable":true,"href":"https:\/\/particulier.mccp-coiffure-bio.ch\/de\/wp-json\/wp\/v2\/media\/2835"}],"wp:attachment":[{"href":"https:\/\/particulier.mccp-coiffure-bio.ch\/de\/wp-json\/wp\/v2\/media?parent=2836"}],"wp:term":[{"taxonomy":"product_brand","embeddable":true,"href":"https:\/\/particulier.mccp-coiffure-bio.ch\/de\/wp-json\/wp\/v2\/product_brand?post=2836"},{"taxonomy":"product_cat","embeddable":true,"href":"https:\/\/particulier.mccp-coiffure-bio.ch\/de\/wp-json\/wp\/v2\/product_cat?post=2836"},{"taxonomy":"product_tag","embeddable":true,"href":"https:\/\/particulier.mccp-coiffure-bio.ch\/de\/wp-json\/wp\/v2\/product_tag?post=2836"}],"curies":[{"name":"wp","href":"https:\/\/api.w.org\/{rel}","templated":true}]}}