{"id":2834,"date":"2024-05-22T10:55:56","date_gmt":"2024-05-22T08:55:56","guid":{"rendered":"https:\/\/particulier.mccp-coiffure-bio.ch\/spray-cheveux-laque-fixation-moyenne\/"},"modified":"2026-01-13T08:53:53","modified_gmt":"2026-01-13T07:53:53","slug":"laque-fixation-moyenne","status":"publish","type":"product","link":"https:\/\/particulier.mccp-coiffure-bio.ch\/de\/produkt\/laque-fixation-moyenne\/","title":{"rendered":"Haarspray Fixierung Mittel 300 ml"},"content":{"rendered":"<h1>Natuliques mittelfester Lack<\/h1>\n<p>Es ist das ideale Produkt f\u00fcr alle, die sich ein makelloses Styling w\u00fcnschen und dabei auf biologische und umweltfreundliche L\u00f6sungen setzen. Dieses Haarspray wurde f\u00fcr Profis und Privatpersonen in der Schweiz entwickelt und bietet zuverl\u00e4ssigen Halt, w\u00e4hrend es gleichzeitig ein nat\u00fcrliches Aussehen bewahrt. Es ist ideal f\u00fcr jede Gelegenheit und erm\u00f6glicht verschiedene Stylings, vom l\u00e4ssigen Look bis hin zum anspruchsvollen Styling, ohne das Haar zu beschweren oder zu besch\u00e4digen.<\/p>\n<p>Dieses Haarspray mit mittlerem Halt zeichnet sich durch seine Bio-Formel aus, die aus nat\u00fcrlichen und zertifizierten Inhaltsstoffen hergestellt wird. Als Bio-Stylingprodukt passt es perfekt in eine Haarpflegeroutine, die die Gesundheit des Haars und die Umwelt respektiert. Natulique Haarspray ist frei von Parabenen, Sulfaten und aggressiven Chemikalien, wodurch es sich ideal f\u00fcr Menschen mit empfindlicher Kopfhaut oder geschw\u00e4chtem Haar eignet.<\/p>\n<p>Die Verwendung dieses Haarsprays ist eine echte Pflegegeste f\u00fcr Ihr Haar. Es fixiert Ihre Frisur nicht nur, sondern verleiht ihr dank pflegender Pflanzenextrakte auch Glanz und Geschmeidigkeit. Egal, ob Sie glattes, lockiges oder welliges Haar haben, dieses Haarspray passt sich jeder Textur und jedem Style an und bietet einen mittleren Halt, der den ganzen Tag anh\u00e4lt, ohne einen Papp-Effekt zu erzeugen.<\/p>\n<h2>F\u00fcr Bio-Friseure in der Schweiz<\/h2>\n<p>Dieses Haarspray mit mittlerem Halt ist ein wertvoller Verb\u00fcndeter. Er erm\u00f6glicht ein pr\u00e4zises und langanhaltendes Styling und erf\u00fcllt gleichzeitig die steigenden Erwartungen der Kunden an nat\u00fcrliche und umweltfreundliche Produkte. Wenn Sie dieses Haarspray in Ihr Sortiment an Bio-Stylingprodukten aufnehmen, entscheiden Sie sich f\u00fcr Qualit\u00e4t und Umweltfreundlichkeit und bieten Ihren Kunden eine wirksame und schonende L\u00f6sung f\u00fcr ihr Haar.<\/p>\n<h2>Der Lack mittlere Fixierung F\u00fcr Privatpersonen<\/h2>\n<p>Dieses Haarspray mit mittlerem Halt ist eine tolle Option f\u00fcr den Alltag. Es verleiht dem Haar ganz einfach Struktur, egal ob f\u00fcr einen Gesch\u00e4ftstermin, ein Date mit Freunden oder einen besonderen Anlass. Es ist einfach in der Anwendung, l\u00e4sst sich gleichm\u00e4\u00dfig aufspr\u00fchen und leicht ausb\u00fcrsten, ohne R\u00fcckst\u00e4nde zu hinterlassen.<\/p>\n<p>Wenn Sie sich f\u00fcr das Haarspray mit mittlerem Halt von Natulique entscheiden, unterst\u00fctzen Sie eine Marke, die sich f\u00fcr Nachhaltigkeit und das Wohlbefinden der Haare einsetzt. Natulique ist bestrebt, seinen \u00f6kologischen Fu\u00dfabdruck zu minimieren, indem sie recycelbare Verpackungen verwendet und Inhaltsstoffe aus biologischem Anbau bevorzugt. Dieser ethische und verantwortungsvolle Ansatz macht Natulique zu einem Marktf\u00fchrer im Bereich der Bio-Stylingprodukte.<\/p>\n<p>Ob Sie nun ein professioneller Bio-Haarstylist in der Schweiz sind oder eine Privatperson, die sich um die Gesundheit Ihres Haars sorgt, der Haarlack mit mittlerem Halt von Natulique wird Ihren Erwartungen entsprechen. Es vereint Leistung und Nat\u00fcrlichkeit und bietet eine Stylingl\u00f6sung, die Ihr Haar und die Umwelt schont. F\u00fcr eine gepflegte und nat\u00fcrliche Frisur vertrauen Sie auf Natulique und wenden Sie eine hochwertige Bio-Haarroutine an.<\/p>\n<p>Zusammenfassend l\u00e4sst sich sagen, dass Natulique Haarspray mit mittlerem Halt die ideale Wahl f\u00fcr ein perfektes Styling im Alltag ist. Seine biologische und nat\u00fcrliche Formel schont Ihr Haar und die Umwelt und bietet einen zuverl\u00e4ssigen und lang anhaltenden Halt. Sowohl f\u00fcr professionelle Bio-Haarstylisten in der Schweiz als auch f\u00fcr Privatpersonen ist dieses Bio-Haarstylingprodukt ein Ma\u00dfstab f\u00fcr Qualit\u00e4t und Leistung. Entscheiden Sie sich f\u00fcr das Haarspray von Natulique und entdecken Sie eine neue Art, Ihr Haar zu pflegen und gleichzeitig den Planeten zu schonen.<\/p>\n<p>Um Ihr Styling-Ritual zu vervollst\u00e4ndigen, empfehlen wir Ihnen unser Ultimatives Glanzspray von Natulique.<\/p>\n<p><a href=\"https:\/\/mccp-coiffure-bio.ch\/spray-finition-ultra-brillance\/\">https:\/\/mccp-coiffure-bio.ch\/spray-finition-ultra-brillance\/<\/a><\/p>\n<p><strong>Das NATULIQUE-Konzept<\/strong><\/p>\n<p>Sind Sie neugierig darauf, wie eine 100% NATULIQUE Lounge aussieht?<\/p>\n<p><a href=\"https:\/\/natulique.com\/fr\/concept-salon\/\">Erfahren Sie mehr \u00fcber die Vorteile und wie man ein Salonkonzept wird \u2192.<\/a><\/p>\n<p>&nbsp;<\/p>","protected":false},"excerpt":{"rendered":"<div class=\"flex flex-grow flex-col max-w-full\">\n<div class=\"min-h-[20px] text-message flex flex-col items-start whitespace-pre-wrap break-words [.text-message+&amp;]:mt-5 juice:w-full juice:items-end overflow-x-auto gap-2\" dir=\"auto\" data-message-author-role=\"assistant\" data-message-id=\"c623633b-6d9a-46bf-9596-61328ff14212\">\n<div class=\"flex w-full flex-col gap-1 juice:empty:hidden juice:first:pt-[3px]\">\n<div class=\"markdown prose w-full break-words dark:prose-invert dark\">\n<h2>D\u00e9couvrez la laque fixation moyenne Natulique<\/h2>\n<p>L&#8217;alli\u00e9e id\u00e9ale pour un coiffage naturel et durable. Con\u00e7ue pour les professionnels et les particuliers en Suisse, cette laque de coiffure bio offre une tenue parfaite sans r\u00e9sidus. Parfaite pour les styles structur\u00e9s ou souples, elle respecte la sant\u00e9 de vos cheveux et l&#8217;environnement. Optez pour des produits coiffants bio de qualit\u00e9 sup\u00e9rieure avec Natulique et sublimez vos coiffures au quotidien. Explorez notre gamme de produits capillaires bio pour une coiffure impeccable et responsable.<\/p>\n<\/div>\n<\/div>\n<\/div>\n<\/div>\n<div class=\"mt-1 flex gap-3 empty:hidden juice:-ml-3\">\n<div class=\"items-center justify-start rounded-xl p-1 flex\">\n<div class=\"flex items-center\">\n<div class=\"flex items-center pb-0.5 juice:pb-0\">\n<div class=\"[&amp;_svg]:h-full [&amp;_svg]:w-full icon-md h-4 w-4\">Plongez dans l&#8217;excellence de la beaut\u00e9 capillaire avec <strong>MCCP COIFFURE BIO<\/strong> , votre partenaire exclusif pour la <strong>distribution des produits<\/strong> <strong>Natulique<\/strong> en<strong> Suisse<\/strong>. En tant que sp\u00e9cialistes d\u00e9vou\u00e9s, nous vous proposons une gamme compl\u00e8te de <strong>produits capillaires<\/strong> de qualit\u00e9 professionnelle, \u00e9labor\u00e9s avec des ingr\u00e9dients biologiques de premi\u00e8re qualit\u00e9. Faites confiance \u00e0 notre expertise pour vous guider vers une exp\u00e9rience capillaire exceptionnelle, \u00e0 la hauteur de vos attentes les plus exigeantes<\/div>\n<\/div>\n<\/div>\n<\/div>\n<\/div>\n<ul style=\"text-align: left\">\n<li><strong>Ingr\u00e9dients Bio<\/strong><\/li>\n<li><strong>Vegan<\/strong><\/li>\n<li><strong>Qualit\u00e9 Pro<\/strong><\/li>\n<li><strong>Emballage Recyclable<\/strong><\/li>\n<\/ul>\n<p><img decoding=\"async\" class=\"wp-image-2406 aligncenter\" src=\"https:\/\/particulier.mccp-coiffure-bio.ch\/wp-content\/uploads\/2021\/01\/vegan-society-certification-300x242.png\" alt=\"\" width=\"214\" height=\"172\" srcset=\"https:\/\/particulier.mccp-coiffure-bio.ch\/wp-content\/uploads\/2021\/01\/vegan-society-certification-300x242.png 300w, https:\/\/particulier.mccp-coiffure-bio.ch\/wp-content\/uploads\/2021\/01\/vegan-society-certification.png 529w\" sizes=\"(max-width: 214px) 100vw, 214px\" \/><\/p>\n","protected":false},"featured_media":2753,"comment_status":"open","ping_status":"closed","template":"","meta":{"ocean_post_layout":"","ocean_both_sidebars_style":"","ocean_both_sidebars_content_width":0,"ocean_both_sidebars_sidebars_width":0,"ocean_sidebar":"0","ocean_second_sidebar":"0","ocean_disable_margins":"enable","ocean_add_body_class":"","ocean_shortcode_before_top_bar":"","ocean_shortcode_after_top_bar":"","ocean_shortcode_before_header":"","ocean_shortcode_after_header":"","ocean_has_shortcode":"","ocean_shortcode_after_title":"","ocean_shortcode_before_footer_widgets":"","ocean_shortcode_after_footer_widgets":"","ocean_shortcode_before_footer_bottom":"","ocean_shortcode_after_footer_bottom":"","ocean_display_top_bar":"default","ocean_display_header":"default","ocean_header_style":"","ocean_center_header_left_menu":"0","ocean_custom_header_template":"0","ocean_custom_logo":0,"ocean_custom_retina_logo":0,"ocean_custom_logo_max_width":0,"ocean_custom_logo_tablet_max_width":0,"ocean_custom_logo_mobile_max_width":0,"ocean_custom_logo_max_height":0,"ocean_custom_logo_tablet_max_height":0,"ocean_custom_logo_mobile_max_height":0,"ocean_header_custom_menu":"0","ocean_menu_typo_font_family":"0","ocean_menu_typo_font_subset":"","ocean_menu_typo_font_size":0,"ocean_menu_typo_font_size_tablet":0,"ocean_menu_typo_font_size_mobile":0,"ocean_menu_typo_font_size_unit":"px","ocean_menu_typo_font_weight":"","ocean_menu_typo_font_weight_tablet":"","ocean_menu_typo_font_weight_mobile":"","ocean_menu_typo_transform":"","ocean_menu_typo_transform_tablet":"","ocean_menu_typo_transform_mobile":"","ocean_menu_typo_line_height":0,"ocean_menu_typo_line_height_tablet":0,"ocean_menu_typo_line_height_mobile":0,"ocean_menu_typo_line_height_unit":"","ocean_menu_typo_spacing":0,"ocean_menu_typo_spacing_tablet":0,"ocean_menu_typo_spacing_mobile":0,"ocean_menu_typo_spacing_unit":"","ocean_menu_link_color":"","ocean_menu_link_color_hover":"","ocean_menu_link_color_active":"","ocean_menu_link_background":"","ocean_menu_link_hover_background":"","ocean_menu_link_active_background":"","ocean_menu_social_links_bg":"","ocean_menu_social_hover_links_bg":"","ocean_menu_social_links_color":"","ocean_menu_social_hover_links_color":"","ocean_disable_title":"default","ocean_disable_heading":"default","ocean_post_title":"","ocean_post_subheading":"","ocean_post_title_style":"","ocean_post_title_background_color":"","ocean_post_title_background":0,"ocean_post_title_bg_image_position":"","ocean_post_title_bg_image_attachment":"","ocean_post_title_bg_image_repeat":"","ocean_post_title_bg_image_size":"","ocean_post_title_height":0,"ocean_post_title_bg_overlay":0.5,"ocean_post_title_bg_overlay_color":"","ocean_disable_breadcrumbs":"default","ocean_breadcrumbs_color":"","ocean_breadcrumbs_separator_color":"","ocean_breadcrumbs_links_color":"","ocean_breadcrumbs_links_hover_color":"","ocean_display_footer_widgets":"default","ocean_display_footer_bottom":"default","ocean_custom_footer_template":"0"},"product_brand":[],"product_cat":[323],"product_tag":[],"class_list":{"0":"post-2834","1":"product","2":"type-product","3":"status-publish","4":"has-post-thumbnail","6":"product_cat-produits-coiffants","8":"entry","9":"has-media","11":"first","12":"instock","13":"taxable","14":"shipping-taxable","15":"purchasable","16":"product-type-simple","17":"has-product-nav","18":"col","19":"span_1_of_5","20":"owp-content-center","21":"owp-thumbs-layout-horizontal","22":"owp-btn-normal","23":"owp-tabs-layout-horizontal","24":"has-no-thumbnails"},"jetpack_sharing_enabled":true,"_links":{"self":[{"href":"https:\/\/particulier.mccp-coiffure-bio.ch\/de\/wp-json\/wp\/v2\/product\/2834","targetHints":{"allow":["GET"]}}],"collection":[{"href":"https:\/\/particulier.mccp-coiffure-bio.ch\/de\/wp-json\/wp\/v2\/product"}],"about":[{"href":"https:\/\/particulier.mccp-coiffure-bio.ch\/de\/wp-json\/wp\/v2\/types\/product"}],"replies":[{"embeddable":true,"href":"https:\/\/particulier.mccp-coiffure-bio.ch\/de\/wp-json\/wp\/v2\/comments?post=2834"}],"version-history":[{"count":1,"href":"https:\/\/particulier.mccp-coiffure-bio.ch\/de\/wp-json\/wp\/v2\/product\/2834\/revisions"}],"predecessor-version":[{"id":5920,"href":"https:\/\/particulier.mccp-coiffure-bio.ch\/de\/wp-json\/wp\/v2\/product\/2834\/revisions\/5920"}],"wp:featuredmedia":[{"embeddable":true,"href":"https:\/\/particulier.mccp-coiffure-bio.ch\/de\/wp-json\/wp\/v2\/media\/2753"}],"wp:attachment":[{"href":"https:\/\/particulier.mccp-coiffure-bio.ch\/de\/wp-json\/wp\/v2\/media?parent=2834"}],"wp:term":[{"taxonomy":"product_brand","embeddable":true,"href":"https:\/\/particulier.mccp-coiffure-bio.ch\/de\/wp-json\/wp\/v2\/product_brand?post=2834"},{"taxonomy":"product_cat","embeddable":true,"href":"https:\/\/particulier.mccp-coiffure-bio.ch\/de\/wp-json\/wp\/v2\/product_cat?post=2834"},{"taxonomy":"product_tag","embeddable":true,"href":"https:\/\/particulier.mccp-coiffure-bio.ch\/de\/wp-json\/wp\/v2\/product_tag?post=2834"}],"curies":[{"name":"wp","href":"https:\/\/api.w.org\/{rel}","templated":true}]}}