{"id":2833,"date":"2024-05-22T10:55:56","date_gmt":"2024-05-22T08:55:56","guid":{"rendered":"https:\/\/particulier.mccp-coiffure-bio.ch\/brume-cheveux-rafraichissante\/"},"modified":"2026-01-05T14:00:25","modified_gmt":"2026-01-05T13:00:25","slug":"brume-rafraichissante-cheveux","status":"publish","type":"product","link":"https:\/\/particulier.mccp-coiffure-bio.ch\/de\/produkt\/brume-rafraichissante-cheveux\/","title":{"rendered":"Erfrischender Haarnebel 200 ml"},"content":{"rendered":"<div class=\"react-scroll-to-bottom--css-rgbgm-1n7m0yu\">\n<div class=\"flex flex-col text-sm pb-9\">\n<div class=\"w-full text-token-text-primary sm:AIPRM__conversation__response\" data-testid=\"conversation-turn-23\">\n<div class=\"px-4 py-2 justify-center text-base md:gap-6 m-auto\">\n<div class=\"flex flex-1 text-base mx-auto gap-3 md:px-5 lg:px-1 xl:px-5 md:max-w-3xl lg:max-w-[40rem] xl:max-w-[48rem] group final-completion\">\n<div class=\"relative flex w-full flex-col agent-turn\">\n<div class=\"flex-col gap-1 md:gap-3\">\n<div class=\"flex flex-grow flex-col max-w-full\">\n<div class=\"min-h-[20px] text-message flex flex-col items-start gap-3 whitespace-pre-wrap break-words [.text-message+&amp;]:mt-5 overflow-x-auto\" data-message-author-role=\"assistant\" data-message-id=\"37d8e9cd-8eda-47c9-af06-b8b1a218b70d\">\n<div class=\"markdown prose w-full break-words dark:prose-invert dark AIPRM__conversation__response\">\n<h1>Brume rafraichissante cheveux<\/h1>\n<p>La <strong>Brume Rafra\u00eechissante cheveux<\/strong>\u00a0 NATULIQUE offre un soin quotidien rafra\u00eechissant pour des cheveux et un cuir chevelu en pleine sant\u00e9.<\/p>\n<p>Sa formule unique, m\u00ealant myrtille, pamplemousse, eau de coco et germe de bl\u00e9, ravive la jeunesse et sublime la beaut\u00e9 naturelle.<\/p>\n<p>Avec ses concentrations \u00e9lev\u00e9es en antioxydants et vitamines, elle renforce chaque m\u00e8che tout en prot\u00e9geant le cuir chevelu. Cette symphonie d&#8217;huiles et extraits v\u00e9g\u00e9taux offre un parfum naturel envo\u00fbtant, faisant de la brume capillaire NATULIQUE un rafra\u00eechissement id\u00e9al \u00e0 emporter. Sa formule \u00e0 s\u00e9chage rapide permet une utilisation tout au long de la journ\u00e9e, garantissant une finition naturelle sans compromettre votre style.<\/p>\n<p>Utilisez-le comme rajeunissant en salon ou encouragez votre client \u00e0 le ramener \u00e0 la maison pour raviver les cheveux secs et ternes avant, pendant ou apr\u00e8s une longue journ\u00e9e.<\/p>\n<p><strong>FORMULE FORTIFIANTE AVANC\u00c9E pour cette Brume Rafra\u00eechissante cheveux<\/strong><\/p>\n<ul>\n<li><strong>Extrait de fruit de myrtille<\/strong><br \/>\navec des compos\u00e9s cl\u00e9s, stimule la circulation capillaire, hydrate et pr\u00e9vient la d\u00e9t\u00e9rioration des cheveux<\/li>\n<li><strong>Eau de Cocos Nucifera<\/strong><br \/>\nest un nettoyant naturel aux propri\u00e9t\u00e9s anti-\u00e2ge et \u00e0 l&#8217;acide laurique qui favorise l&#8217;activation cellulaire pour gu\u00e9rir et prot\u00e9ger<\/li>\n<li><strong>Extrait de fruit de chicout\u00e9<\/strong><br \/>\navec des antioxydants et une teneur \u00e9lev\u00e9e en vitamines A et C, prot\u00e8ge les cheveux et rajeunit la peau et le cuir chevelu<\/li>\n<li><strong>Extrait de racine de r\u00e9glisse<\/strong><br \/>\navec des favono\u00efdes, des glycosides et des huiles volatiles, prot\u00e8ge contre les dommages caus\u00e9s par le soleil, les pellicules, les pointes fourchues et la chute des cheveux<\/li>\n<li><strong>Extrait de feuille d&#8217;Aloe Vera<\/strong><br \/>\nadoucit, apaise et cicatrise gr\u00e2ce aux vitamines A, B et C<\/li>\n<li><strong>Extrait de pamplemousse<\/strong><br \/>\navec de la vitamine C, du calcium et du potassium, nourrit, ajoute de la brillance, nettoie et revitalise la peau et le cuir chevelu<\/li>\n<li><strong>Panth\u00e9nol Vitamine B5<\/strong><br \/>\nhydrate les cheveux et le cuir chevelu, pr\u00e9venant la d\u00e9shydratation tout en prot\u00e9geant les cuticules des cheveux et en ajoutant brillance et brillance<\/li>\n<li><strong>Arrow-root du Br\u00e9sil<\/strong><br \/>\nest extr\u00eamement riche en min\u00e9raux, id\u00e9al pour nourrir les cheveux des racines aux pointes, tout en pr\u00e9venant leur chute<\/li>\n<\/ul>\n<p><strong>UTILISATION :<\/strong><\/p>\n<p>Vaporiser une fine brume uniform\u00e9ment sur cheveux humides ou secs et masser d\u00e9licatement les cheveux.<\/p>\n<p>En savoir plus<\/p>\n<p><a href=\"https:\/\/mccp-coiffure-bio.ch\/brume-rafraichissante-cheveux\/\">https:\/\/mccp-coiffure-bio.ch\/brume-rafraichissante-cheveux\/<\/a><\/p>\n<p>La <strong>brume rafra\u00eechissante cheveux<\/strong> de Natulique, un produit de coiffure bio en Suisse con\u00e7u pour revitaliser et rajeunir vos cheveux. Formul\u00e9e avec des ingr\u00e9dients naturels, cette brume offre une hydratation intense et un \u00e9clat naturel, id\u00e9ale pour tous types de cheveux. Elle revitalise les cheveux fatigu\u00e9s tout en respectant l&#8217;environnement, gr\u00e2ce \u00e0 sa composition biologique. Parfait pour les professionnels et les particuliers, ce produit innovant de Natulique est le choix ultime pour une coiffure saine et \u00e9cologique. Optez pour une solution capillaire qui combine efficacit\u00e9 et respect de la nature avec la brume rafra\u00eechissante cheveux Natulique.<\/p>\n<p><strong>Le concept NATULIQUE<\/strong><\/p>\n<p>\u00cates-vous curieux de savoir \u00e0 quoi ressemble un salon 100% NATULIQUE ?<\/p>\n<p><a href=\"https:\/\/natulique.com\/fr\/concept-salon\/\">En savoir plus sur les avantages et comment devenir un salon concept \u2192<\/a><\/p>\n<\/div>\n<\/div>\n<\/div>\n<\/div>\n<\/div>\n<\/div>\n<\/div>\n<\/div>\n<\/div>\n<\/div>\n","protected":false},"excerpt":{"rendered":"<h2 style=\"text-align: left\">Der erfrischende Haarnebel von NATULIQUE bei MCCP COIFFURE BIO<\/h2>\n<p style=\"text-align: left\">Es ist eine t\u00e4gliche Behandlung <strong>angenehm und erfrischend<\/strong>wurde entwickelt, um die allgemeine Gesundheit von Haar und Kopfhaut zu f\u00f6rdern. Die einzigartige Formel mit Heidelbeeren, Grapefruit, Kokosnusswasser und Weizenkeimen belebt Ihr Haar und schenkt ihm Vitalit\u00e4t und nat\u00fcrliche Sch\u00f6nheit. Angereichert mit Antioxidantien und Vitaminen, ist diese Behandlung\u00a0<strong>st\u00e4rkt<\/strong>\u00a0jede einzelne Haarstr\u00e4hne,\u00a0<strong>sch\u00fctzt die Kopfhaut und entwirrt das Haar<\/strong>. Eine harmonische Mischung aus \u00d6len und therapeutischen Extrakten, die vollst\u00e4ndig pflanzlichen Ursprungs sind, schafft eine\u00a0<strong>nat\u00fcrlicher Duft<\/strong>\u00a0au\u00dfergew\u00f6hnlich.<\/p>\n<p style=\"text-align: left\">Tauchen Sie ein in die Exzellenz der Haarsch\u00f6nheit mit <strong>MCCP BIO-FRISUR<\/strong> Ihr exklusiver Partner f\u00fcr die <strong>Produktvertrieb<\/strong> <strong>Natulisch<\/strong> in<strong> Schweiz<\/strong>. Als engagierte Spezialisten bieten wir Ihnen eine ganze Reihe von <strong>Haarprodukte<\/strong> von professioneller Qualit\u00e4t, die aus erstklassigen biologischen Inhaltsstoffen hergestellt werden. Vertrauen Sie auf unser Fachwissen, um Sie zu einem au\u00dfergew\u00f6hnlichen Haarerlebnis zu f\u00fchren, das Ihren anspruchsvollsten Erwartungen entspricht.<\/p>\n<ul style=\"text-align: left\">\n<li><strong>Bio-Zutaten<\/strong><\/li>\n<li><strong>Vegan<\/strong><\/li>\n<li><strong>Pro-Qualit\u00e4t<\/strong><\/li>\n<li><strong>Recycelbare Verpackung<\/strong><\/li>\n<\/ul>\n<p><img decoding=\"async\" class=\"wp-image-2406 aligncenter\" src=\"https:\/\/particulier.mccp-coiffure-bio.ch\/wp-content\/uploads\/2021\/01\/vegan-society-certification-300x242.png\" alt=\"\" width=\"214\" height=\"172\" srcset=\"https:\/\/particulier.mccp-coiffure-bio.ch\/wp-content\/uploads\/2021\/01\/vegan-society-certification-300x242.png 300w, https:\/\/particulier.mccp-coiffure-bio.ch\/wp-content\/uploads\/2021\/01\/vegan-society-certification.png 529w\" sizes=\"(max-width: 214px) 100vw, 214px\" \/><\/p>","protected":false},"featured_media":2752,"comment_status":"open","ping_status":"closed","template":"","meta":{"ocean_post_layout":"","ocean_both_sidebars_style":"","ocean_both_sidebars_content_width":0,"ocean_both_sidebars_sidebars_width":0,"ocean_sidebar":"0","ocean_second_sidebar":"0","ocean_disable_margins":"enable","ocean_add_body_class":"","ocean_shortcode_before_top_bar":"","ocean_shortcode_after_top_bar":"","ocean_shortcode_before_header":"","ocean_shortcode_after_header":"","ocean_has_shortcode":"","ocean_shortcode_after_title":"","ocean_shortcode_before_footer_widgets":"","ocean_shortcode_after_footer_widgets":"","ocean_shortcode_before_footer_bottom":"","ocean_shortcode_after_footer_bottom":"","ocean_display_top_bar":"default","ocean_display_header":"default","ocean_header_style":"","ocean_center_header_left_menu":"0","ocean_custom_header_template":"0","ocean_custom_logo":0,"ocean_custom_retina_logo":0,"ocean_custom_logo_max_width":0,"ocean_custom_logo_tablet_max_width":0,"ocean_custom_logo_mobile_max_width":0,"ocean_custom_logo_max_height":0,"ocean_custom_logo_tablet_max_height":0,"ocean_custom_logo_mobile_max_height":0,"ocean_header_custom_menu":"0","ocean_menu_typo_font_family":"0","ocean_menu_typo_font_subset":"","ocean_menu_typo_font_size":0,"ocean_menu_typo_font_size_tablet":0,"ocean_menu_typo_font_size_mobile":0,"ocean_menu_typo_font_size_unit":"px","ocean_menu_typo_font_weight":"","ocean_menu_typo_font_weight_tablet":"","ocean_menu_typo_font_weight_mobile":"","ocean_menu_typo_transform":"","ocean_menu_typo_transform_tablet":"","ocean_menu_typo_transform_mobile":"","ocean_menu_typo_line_height":0,"ocean_menu_typo_line_height_tablet":0,"ocean_menu_typo_line_height_mobile":0,"ocean_menu_typo_line_height_unit":"","ocean_menu_typo_spacing":0,"ocean_menu_typo_spacing_tablet":0,"ocean_menu_typo_spacing_mobile":0,"ocean_menu_typo_spacing_unit":"","ocean_menu_link_color":"","ocean_menu_link_color_hover":"","ocean_menu_link_color_active":"","ocean_menu_link_background":"","ocean_menu_link_hover_background":"","ocean_menu_link_active_background":"","ocean_menu_social_links_bg":"","ocean_menu_social_hover_links_bg":"","ocean_menu_social_links_color":"","ocean_menu_social_hover_links_color":"","ocean_disable_title":"default","ocean_disable_heading":"default","ocean_post_title":"","ocean_post_subheading":"","ocean_post_title_style":"","ocean_post_title_background_color":"","ocean_post_title_background":0,"ocean_post_title_bg_image_position":"","ocean_post_title_bg_image_attachment":"","ocean_post_title_bg_image_repeat":"","ocean_post_title_bg_image_size":"","ocean_post_title_height":0,"ocean_post_title_bg_overlay":0.5,"ocean_post_title_bg_overlay_color":"","ocean_disable_breadcrumbs":"default","ocean_breadcrumbs_color":"","ocean_breadcrumbs_separator_color":"","ocean_breadcrumbs_links_color":"","ocean_breadcrumbs_links_hover_color":"","ocean_display_footer_widgets":"default","ocean_display_footer_bottom":"default","ocean_custom_footer_template":"0"},"product_brand":[],"product_cat":[323,322],"product_tag":[],"class_list":{"0":"post-2833","1":"product","2":"type-product","3":"status-publish","4":"has-post-thumbnail","6":"product_cat-produits-coiffants","7":"product_cat-soins-des-cheveux","9":"entry","10":"has-media","12":"first","13":"instock","14":"taxable","15":"shipping-taxable","16":"purchasable","17":"product-type-simple","18":"has-product-nav","19":"col","20":"span_1_of_5","21":"owp-content-center","22":"owp-thumbs-layout-horizontal","23":"owp-btn-normal","24":"owp-tabs-layout-horizontal","25":"has-no-thumbnails"},"jetpack_sharing_enabled":true,"_links":{"self":[{"href":"https:\/\/particulier.mccp-coiffure-bio.ch\/de\/wp-json\/wp\/v2\/product\/2833","targetHints":{"allow":["GET"]}}],"collection":[{"href":"https:\/\/particulier.mccp-coiffure-bio.ch\/de\/wp-json\/wp\/v2\/product"}],"about":[{"href":"https:\/\/particulier.mccp-coiffure-bio.ch\/de\/wp-json\/wp\/v2\/types\/product"}],"replies":[{"embeddable":true,"href":"https:\/\/particulier.mccp-coiffure-bio.ch\/de\/wp-json\/wp\/v2\/comments?post=2833"}],"version-history":[{"count":0,"href":"https:\/\/particulier.mccp-coiffure-bio.ch\/de\/wp-json\/wp\/v2\/product\/2833\/revisions"}],"wp:featuredmedia":[{"embeddable":true,"href":"https:\/\/particulier.mccp-coiffure-bio.ch\/de\/wp-json\/wp\/v2\/media\/2752"}],"wp:attachment":[{"href":"https:\/\/particulier.mccp-coiffure-bio.ch\/de\/wp-json\/wp\/v2\/media?parent=2833"}],"wp:term":[{"taxonomy":"product_brand","embeddable":true,"href":"https:\/\/particulier.mccp-coiffure-bio.ch\/de\/wp-json\/wp\/v2\/product_brand?post=2833"},{"taxonomy":"product_cat","embeddable":true,"href":"https:\/\/particulier.mccp-coiffure-bio.ch\/de\/wp-json\/wp\/v2\/product_cat?post=2833"},{"taxonomy":"product_tag","embeddable":true,"href":"https:\/\/particulier.mccp-coiffure-bio.ch\/de\/wp-json\/wp\/v2\/product_tag?post=2833"}],"curies":[{"name":"wp","href":"https:\/\/api.w.org\/{rel}","templated":true}]}}