{"id":2832,"date":"2024-05-22T10:55:56","date_gmt":"2024-05-22T08:55:56","guid":{"rendered":"https:\/\/particulier.mccp-coiffure-bio.ch\/soin-exfoliant-peau-et-cuir-chevelu\/"},"modified":"2026-01-13T08:53:54","modified_gmt":"2026-01-13T07:53:54","slug":"gommage-exfoliant-cuir-chevelu","status":"publish","type":"product","link":"https:\/\/particulier.mccp-coiffure-bio.ch\/de\/produkt\/gommage-exfoliant-cuir-chevelu\/","title":{"rendered":"Peeling f\u00fcr die Kopfhaut 100 ml"},"content":{"rendered":"<h1>Entdecken Sie das Kopfhaut-Peeling von Natulique<\/h1>\n<p>Es ist eine wichtige Pflege f\u00fcr gesundes und gl\u00e4nzendes Haar.<\/p>\n<p>Dieses Produkt, das f\u00fcr professionelle und private Bio-Friseure in der Schweiz entwickelt wurde, bietet eine gr\u00fcndliche Reinigung der Kopfhaut und ist gleichzeitig umweltfreundlich. Dank seiner Bio-Formel entfernt das Natulique-Haarpeeling sanft Unreinheiten und R\u00fcckst\u00e4nde von Stylingprodukten und f\u00f6rdert so eine bessere Sauerstoffversorgung und das Haarwachstum.<\/p>\n<p>Durch die Integration nat\u00fcrlicher und zertifiziert biologischer Inhaltsstoffe zeichnet sich dieser Kopfhautreiniger durch seine Wirksamkeit und Sanftheit aus. Es peelt sanft die Kopfhaut, hilft, abgestorbene Hautzellen zu entfernen und Schuppen vorzubeugen. Die regelm\u00e4\u00dfige Anwendung dieses Haarpeelings st\u00e4rkt die Haargesundheit und l\u00e4sst Ihr Haar leichter und revitalisiert aussehen.<\/p>\n<h3>Bio-Inhaltsstoffe des Kopfhaut-Peelings<\/h3>\n<p>Ein universelles, professionelles Kopfhautpeeling auf Urea-Basis, das trockene, gereizte, empfindliche und juckende Kopfhaut wirksam beruhigt, heilt und sch\u00fctzt. F\u00fcr Veganer geeignet.<\/p>\n<p>finden Sie die Zutaten auf<\/p>\n<p><a href=\"https:\/\/mccp-coiffure-bio.ch\/soin-exfoliant-peau-et-cuir-chevelu\/\">https:\/\/mccp-coiffure-bio.ch\/soin-exfoliant-peau-et-cuir-chevelu\/<\/a><\/p>\n<p>Das Natulique Kopfhaut-Peeling ist ideal f\u00fcr alle Haartypen. Seine einzigartige, mit Pflanzenextrakten angereicherte Formel pflegt die Kopfhaut und sorgt gleichzeitig f\u00fcr ein frisches, sauberes Gef\u00fchl. Diese Haarpflege ist besonders f\u00fcr diejenigen zu empfehlen, die nat\u00fcrliche Produkte in ihre Haarpflegeroutine integrieren m\u00f6chten.<\/p>\n<p>F\u00fcr eine komplette Haarpflegeroutine kombinieren Sie das Peeling mit dem Natulique Bio-Shampoo.<\/p>\n<p>Dieses Duo bietet eine Komplettl\u00f6sung f\u00fcr eine gesunde Kopfhaut und strahlendes Haar. Das milde und feuchtigkeitsspendende Natulique Bio-Shampoo erg\u00e4nzt die Peelingwirkung des Peelings, indem es das Haar gr\u00fcndlich reinigt, ohne es anzugreifen.<\/p>\n<p>Das Natulique Kopfhaut-Peeling ist einfach zu verwenden.<\/p>\n<p>Tragen Sie es vor dem Shampoonieren auf das feuchte Haar auf, massieren Sie es sanft ein, um die Kopfhaut zu peelen, und sp\u00fclen Sie es anschlie\u00dfend gr\u00fcndlich aus. Folgen Sie mit dem Natulique Bio-Shampoo f\u00fcr optimale Ergebnisse. Sie werden schnell eine Verbesserung der Textur und Vitalit\u00e4t Ihres Haares bemerken.<\/p>\n<h3>Warum sollten Sie sich f\u00fcr das Natulique Kopfhaut-Peeling entscheiden?<\/h3>\n<p>Natulique, eine engagierte Marke f\u00fcr Bio-Frisuren in der Schweiz, bietet hochwertige Produkte, die Ihre Gesundheit und die Umwelt schonen.<\/p>\n<p>Das Kopfhaut-Peeling spiegelt diese Philosophie wider und bietet eine effektive Pflege, ohne Kompromisse bei der Nat\u00fcrlichkeit der Inhaltsstoffe einzugehen. Mit Natulique entscheiden Sie sich f\u00fcr eine nachhaltige und verantwortungsvolle Sch\u00f6nheitspflege.<\/p>\n<p>Zusammenfassend l\u00e4sst sich sagen, dass das Kopfhaut-Peeling von Natulique ein Muss f\u00fcr alle ist, die ihre Kopfhaut und ihr Haar auf nat\u00fcrliche Weise pflegen m\u00f6chten.<\/p>\n<p>Mit seinen zahlreichen Vorteilen ist dieses Produkt ein unverzichtbarer Verb\u00fcndeter in Ihrer Bio-Haarpflegeroutine. Es wird Ihnen helfen, Ihr Haar gesund, kr\u00e4ftig und strahlend aussehen zu lassen.<\/p>\n<p><strong>Das NATULIQUE-Konzept<\/strong><\/p>\n<p>Sind Sie neugierig darauf, wie eine 100% NATULIQUE Lounge aussieht?<\/p>\n<p><a href=\"https:\/\/natulique.com\/fr\/concept-salon\/\">Erfahren Sie mehr \u00fcber die Vorteile und wie man ein Salonkonzept wird \u2192.<\/a><\/p>\n<p>Besuchen Sie unsere Website auf MCCP COIFFURE BIO, um die gesamte Produktpalette von Natulique zu entdecken und von exklusiven Angeboten f\u00fcr eine umfassende und nat\u00fcrliche Pflege Ihres Haars zu profitieren. Vertrauen Sie Natulique f\u00fcr Ihre Bio-Frisurenbed\u00fcrfnisse in der Schweiz und lassen Sie Ihr Haar seine ganze nat\u00fcrliche Sch\u00f6nheit entfalten.<\/p>","protected":false},"excerpt":{"rendered":"<h2>Entdecken Sie das Kopfhaut-Peeling von Natulique<\/h2>\n<p>Es ist eine wichtige Pflege f\u00fcr gesundes und gl\u00e4nzendes Haar. Dieses Produkt, das f\u00fcr professionelle und private Bio-Friseure in der Schweiz entwickelt wurde, bietet eine gr\u00fcndliche Reinigung der Kopfhaut und ist gleichzeitig umweltfreundlich. Dank seiner Bio-Formel entfernt das Natulique-Haarpeeling sanft Unreinheiten und R\u00fcckst\u00e4nde von Stylingprodukten und f\u00f6rdert so eine bessere Sauerstoffversorgung und das Haarwachstum.<\/p>\n<p>&nbsp;<\/p>\n<ul style=\"text-align: left\">\n<li><strong>Bio-Zutaten<\/strong><\/li>\n<li><strong>Vegan<\/strong><\/li>\n<li><strong>Pro-Qualit\u00e4t<\/strong><\/li>\n<li><strong>Recycelbare Verpackung<\/strong><\/li>\n<\/ul>\n<p><img decoding=\"async\" class=\"wp-image-2406 aligncenter\" src=\"https:\/\/particulier.mccp-coiffure-bio.ch\/wp-content\/uploads\/2021\/01\/vegan-society-certification-300x242.png\" alt=\"\" width=\"214\" height=\"172\" srcset=\"https:\/\/particulier.mccp-coiffure-bio.ch\/wp-content\/uploads\/2021\/01\/vegan-society-certification-300x242.png 300w, https:\/\/particulier.mccp-coiffure-bio.ch\/wp-content\/uploads\/2021\/01\/vegan-society-certification.png 529w\" sizes=\"(max-width: 214px) 100vw, 214px\" \/><\/p>","protected":false},"featured_media":5478,"comment_status":"open","ping_status":"closed","template":"","meta":{"ocean_post_layout":"","ocean_both_sidebars_style":"","ocean_both_sidebars_content_width":0,"ocean_both_sidebars_sidebars_width":0,"ocean_sidebar":"0","ocean_second_sidebar":"0","ocean_disable_margins":"enable","ocean_add_body_class":"","ocean_shortcode_before_top_bar":"","ocean_shortcode_after_top_bar":"","ocean_shortcode_before_header":"","ocean_shortcode_after_header":"","ocean_has_shortcode":"","ocean_shortcode_after_title":"","ocean_shortcode_before_footer_widgets":"","ocean_shortcode_after_footer_widgets":"","ocean_shortcode_before_footer_bottom":"","ocean_shortcode_after_footer_bottom":"","ocean_display_top_bar":"default","ocean_display_header":"default","ocean_header_style":"","ocean_center_header_left_menu":"0","ocean_custom_header_template":"0","ocean_custom_logo":0,"ocean_custom_retina_logo":0,"ocean_custom_logo_max_width":0,"ocean_custom_logo_tablet_max_width":0,"ocean_custom_logo_mobile_max_width":0,"ocean_custom_logo_max_height":0,"ocean_custom_logo_tablet_max_height":0,"ocean_custom_logo_mobile_max_height":0,"ocean_header_custom_menu":"0","ocean_menu_typo_font_family":"0","ocean_menu_typo_font_subset":"","ocean_menu_typo_font_size":0,"ocean_menu_typo_font_size_tablet":0,"ocean_menu_typo_font_size_mobile":0,"ocean_menu_typo_font_size_unit":"px","ocean_menu_typo_font_weight":"","ocean_menu_typo_font_weight_tablet":"","ocean_menu_typo_font_weight_mobile":"","ocean_menu_typo_transform":"","ocean_menu_typo_transform_tablet":"","ocean_menu_typo_transform_mobile":"","ocean_menu_typo_line_height":0,"ocean_menu_typo_line_height_tablet":0,"ocean_menu_typo_line_height_mobile":0,"ocean_menu_typo_line_height_unit":"","ocean_menu_typo_spacing":0,"ocean_menu_typo_spacing_tablet":0,"ocean_menu_typo_spacing_mobile":0,"ocean_menu_typo_spacing_unit":"","ocean_menu_link_color":"","ocean_menu_link_color_hover":"","ocean_menu_link_color_active":"","ocean_menu_link_background":"","ocean_menu_link_hover_background":"","ocean_menu_link_active_background":"","ocean_menu_social_links_bg":"","ocean_menu_social_hover_links_bg":"","ocean_menu_social_links_color":"","ocean_menu_social_hover_links_color":"","ocean_disable_title":"default","ocean_disable_heading":"default","ocean_post_title":"","ocean_post_subheading":"","ocean_post_title_style":"","ocean_post_title_background_color":"","ocean_post_title_background":0,"ocean_post_title_bg_image_position":"","ocean_post_title_bg_image_attachment":"","ocean_post_title_bg_image_repeat":"","ocean_post_title_bg_image_size":"","ocean_post_title_height":0,"ocean_post_title_bg_overlay":0.5,"ocean_post_title_bg_overlay_color":"","ocean_disable_breadcrumbs":"default","ocean_breadcrumbs_color":"","ocean_breadcrumbs_separator_color":"","ocean_breadcrumbs_links_color":"","ocean_breadcrumbs_links_hover_color":"","ocean_display_footer_widgets":"default","ocean_display_footer_bottom":"default","ocean_custom_footer_template":"0"},"product_brand":[],"product_cat":[324,322],"product_tag":[],"class_list":{"0":"post-2832","1":"product","2":"type-product","3":"status-publish","4":"has-post-thumbnail","6":"product_cat-shampoings-naturels","7":"product_cat-soins-des-cheveux","9":"entry","10":"has-media","12":"first","13":"instock","14":"taxable","15":"shipping-taxable","16":"purchasable","17":"product-type-simple","18":"has-product-nav","19":"col","20":"span_1_of_5","21":"owp-content-center","22":"owp-thumbs-layout-horizontal","23":"owp-btn-normal","24":"owp-tabs-layout-horizontal"},"jetpack_sharing_enabled":true,"_links":{"self":[{"href":"https:\/\/particulier.mccp-coiffure-bio.ch\/de\/wp-json\/wp\/v2\/product\/2832","targetHints":{"allow":["GET"]}}],"collection":[{"href":"https:\/\/particulier.mccp-coiffure-bio.ch\/de\/wp-json\/wp\/v2\/product"}],"about":[{"href":"https:\/\/particulier.mccp-coiffure-bio.ch\/de\/wp-json\/wp\/v2\/types\/product"}],"replies":[{"embeddable":true,"href":"https:\/\/particulier.mccp-coiffure-bio.ch\/de\/wp-json\/wp\/v2\/comments?post=2832"}],"version-history":[{"count":0,"href":"https:\/\/particulier.mccp-coiffure-bio.ch\/de\/wp-json\/wp\/v2\/product\/2832\/revisions"}],"wp:featuredmedia":[{"embeddable":true,"href":"https:\/\/particulier.mccp-coiffure-bio.ch\/de\/wp-json\/wp\/v2\/media\/5478"}],"wp:attachment":[{"href":"https:\/\/particulier.mccp-coiffure-bio.ch\/de\/wp-json\/wp\/v2\/media?parent=2832"}],"wp:term":[{"taxonomy":"product_brand","embeddable":true,"href":"https:\/\/particulier.mccp-coiffure-bio.ch\/de\/wp-json\/wp\/v2\/product_brand?post=2832"},{"taxonomy":"product_cat","embeddable":true,"href":"https:\/\/particulier.mccp-coiffure-bio.ch\/de\/wp-json\/wp\/v2\/product_cat?post=2832"},{"taxonomy":"product_tag","embeddable":true,"href":"https:\/\/particulier.mccp-coiffure-bio.ch\/de\/wp-json\/wp\/v2\/product_tag?post=2832"}],"curies":[{"name":"wp","href":"https:\/\/api.w.org\/{rel}","templated":true}]}}