{"id":2820,"date":"2024-05-22T10:55:54","date_gmt":"2024-05-22T08:55:54","guid":{"rendered":"https:\/\/particulier.mccp-coiffure-bio.ch\/gel-cheveux-fixation-flexible\/"},"modified":"2026-01-06T18:52:18","modified_gmt":"2026-01-06T17:52:18","slug":"gel-cheveux-fixation-flexible","status":"publish","type":"product","link":"https:\/\/particulier.mccp-coiffure-bio.ch\/de\/produkt\/gel-cheveux-fixation-flexible\/","title":{"rendered":"Haargel Flexible Fixierung 100 ml"},"content":{"rendered":"<h1>Natulique Flexible Fixation Hair Gel - Bio-Styling und Styling<\/h1>\n<h2>\u00a0Das Geheimnis einer perfekten Frisur mit Natulique Flexible Fixing Gel<\/h2>\n<p>Entdecken Sie das Haargel Flexibler Halt von Natulique, die perfekte Wahl f\u00fcr eine elegante Bio-Frisur. Dieses revolution\u00e4re Gel wurde f\u00fcr lang anhaltenden Halt entwickelt, ohne die Gesundheit Ihres Haars zu beeintr\u00e4chtigen, und ist ideal f\u00fcr alle Stylingtechniken. Seine mit nat\u00fcrlichen Inhaltsstoffen angereicherte Formel sorgt f\u00fcr flexiblen Halt und gibt Ihnen die Freiheit, Ihr Styling den ganzen Tag lang ohne Papp-Effekt umzugestalten.<\/p>\n<p>Natulique Flexibles Fixiergel wurde speziell mit zertifizierten biologischen Inhaltsstoffen formuliert, die ein Produkt ohne Parabene, Sulfate und aggressive Chemikalien garantieren. Das Gel wird mit pflegenden Pflanzenextrakten wie Aloe Vera und Kamille infundiert, die f\u00fcr ihre beruhigenden und feuchtigkeitsspendenden Eigenschaften bekannt sind. So bleibt Ihr Haar nicht nur gut frisiert, sondern auch gesund und gl\u00e4nzend.<\/p>\n<p>Dieses innovative Produkt ist f\u00fcr alle Haartypen geeignet und kann t\u00e4glich verwendet werden, ohne dass Sie bef\u00fcrchten m\u00fcssen, Ihr Haar zu sch\u00e4digen. Ob Sie nun nach definierten Locken, einem zerzausten Look oder einer eleganten, glatten Frisur suchen, Natulique Flexible Fixing Gel ist der richtige Verb\u00fcndete f\u00fcr Sie. Die leichte Textur erm\u00f6glicht ein einfaches und gleichm\u00e4\u00dfiges Auftragen und sorgt f\u00fcr einen flexiblen Halt, der sich den ganzen Tag \u00fcber Ihren Bed\u00fcrfnissen anpasst.<\/p>\n<p>F\u00fcr eine makellose Bio-Frisur sollten Sie das Natulique Flexible Fixing Hair Gel verwenden. Sie erhalten ein umweltfreundliches Produkt, das aus nachhaltigen und ethisch vertretbaren Inhaltsstoffen hergestellt wird. Das Gel ist nicht nur gut f\u00fcr Ihr Haar, sondern auch f\u00fcr unseren Planeten und spiegelt die Werte von Natulique in Bezug auf soziale und \u00f6kologische Verantwortung wider.<\/p>\n<p>Wenn Sie sich f\u00fcr Natulique Flexible Fixation Hair Gel entscheiden, machen Sie einen Schritt in Richtung einer ges\u00fcnderen und nachhaltigeren Stylingroutine. Dieses leistungsstarke und umweltfreundliche Gel wird schnell zu einem unverzichtbaren Bestandteil Ihres Styling-Arsenals werden. Opfern Sie nicht l\u00e4nger die Gesundheit Ihres Haars f\u00fcr eine perfekte Fixierung: Entscheiden Sie sich f\u00fcr das Gel, das Leistung und Haarschonung vereint.<\/p>\n<p>Zusammenfassend l\u00e4sst sich sagen, dass Natulique Flexible Fixation Gel das perfekte Produkt f\u00fcr alle ist, die sich eine makellose Frisur ohne Kompromisse w\u00fcnschen. Mit seinen nat\u00fcrlichen Inhaltsstoffen und der F\u00e4higkeit, eine langanhaltende und flexible Fixierung zu bieten, erf\u00fcllt dieses Gel alle Ihre Erwartungen an ein biologisches Styling. Erleben Sie mit Natulique ein nat\u00fcrliches, stylisches und gesundes Styling und ver\u00e4ndern Sie Ihre Haarroutine noch heute.<\/p>\n<h3>Schl\u00fcsselpunkte :<\/h3>\n<ul>\n<li>Flexibler Halt f\u00fcr einfaches und variables Styling.<\/li>\n<li>Biologische Formel mit zertifizierten nat\u00fcrlichen Inhaltsstoffen.<\/li>\n<li>F\u00fcr alle Haartypen geeignet, t\u00e4gliche Anwendung.<\/li>\n<li>Langanhaltender Halt ohne Papp-Effekt.<\/li>\n<li>Schonend f\u00fcr die Gesundheit der Haare und die Umwelt.<\/li>\n<li>Pflegende Inhaltsstoffe wie Aloe Vera und Kamille.<\/li>\n<li>Ethisches und nachhaltiges Produkt, hergestellt von Natulique.<\/li>\n<\/ul>\n<p>Nehmen Sie Natulique's Flexible Fixing Hair Gel und enth\u00fcllen Sie die nat\u00fcrliche Sch\u00f6nheit Ihres Haars mit einer perfekten Bio-Frisur. Genie\u00dfen Sie die Freiheit, Ihr Haar nach Belieben zu stylen, w\u00e4hrend Sie gleichzeitig die Gesundheit Ihres Haars sch\u00fctzen und zu einer gr\u00fcneren Zukunft beitragen.<\/p>\n<div class=\"fusion-title title fusion-title-2 fusion-sep-none fusion-title-text fusion-title-size-three\">\n<h3 class=\"fusion-title-heading title-heading-left fusion-responsive-typography-calculated\">DAS HAARGEL FLEXIBLER HALT, DAS AUS ZERTIFIZIERTEN BIOLOGISCHEN UND NAT\u00dcRLICHEN INHALTSSTOFFEN HERGESTELLT WIRD<\/h3>\n<\/div>\n<div class=\"fusion-text fusion-text-11\">\n<p><strong>Goji-Beeren-Extrakt : <\/strong>Eine der wirkungsvollsten Pflanzen in der Pflanzenheilkunde, ist extrem reich an Vitaminen und Mineralien. Goji-Beeren weisen unter allen bekannten Fr\u00fcchten den h\u00f6chsten Vitamin-C-Gehalt auf. Da dieses Vitamin einer der wirksamsten N\u00e4hrstoffe zur F\u00f6rderung des Haarwachstums und zur St\u00e4rkung des Haares ist.<\/p>\n<p><strong>Jasminbl\u00fctenextrakt : <\/strong>Obwohl es f\u00fcr alle Haartypen dringend empfohlen wird, ist es besonders wirksam, um widerspenstiges Haar zu b\u00e4ndigen, und wird h\u00e4ufig bei krausem, dickem, lockigem oder trockenem Haar angewendet. Es h\u00e4lt das Haar lange feucht, macht es leichter k\u00e4mmbar und verleiht ein au\u00dfergew\u00f6hnlich weiches Gef\u00fchl. Als Ergebnis erh\u00e4lt das Haar einen nat\u00fcrlichen, gesunden Glanz, der den ganzen Tag anh\u00e4lt.<\/p>\n<p>Erfahren Sie mehr,<\/p>\n<p><a href=\"https:\/\/mccp-coiffure-bio.ch\/gel-fixation-flexible\/\">https:\/\/mccp-coiffure-bio.ch\/gel-fixation-flexible\/<\/a><\/p>\n<\/div>\n<div class=\"accordian fusion-accordian\">\n<div id=\"accordion-1025-1\" class=\"panel-group fusion-toggle-icon-unboxed\">\n<div class=\"fusion-panel panel-default panel-1db5c0c8b17c4a086 fusion-toggle-no-divider\">\n<div class=\"panel-heading\">\n<p><strong>Das NATULIQUE-Konzept<\/strong><\/p>\n<p>Sind Sie neugierig darauf, wie eine 100% NATULIQUE Lounge aussieht?<\/p>\n<p><a href=\"https:\/\/natulique.com\/fr\/concept-salon\/\">Erfahren Sie mehr \u00fcber die Vorteile und wie man ein Salonkonzept wird \u2192.<\/a><\/p>\n<p>&nbsp;<\/p>\n<\/div>\n<\/div>\n<\/div>\n<\/div>","protected":false},"excerpt":{"rendered":"<h2 style=\"text-align: left\">Entdecken Sie das Haargel Flexibler Halt von Natulique<\/h2>\n<p style=\"text-align: left\">Die perfekte Wahl f\u00fcr eine biologisch angebaute, elegante Frisur. Dieses revolution\u00e4re Gel wurde f\u00fcr lang anhaltenden Halt entwickelt, ohne die Gesundheit Ihres Haars zu beeintr\u00e4chtigen, und ist ideal f\u00fcr alle Stylingtechniken. Die mit nat\u00fcrlichen Inhaltsstoffen angereicherte Formel sorgt f\u00fcr flexiblen Halt und gibt Ihnen die Freiheit, Ihr Styling den ganzen Tag lang ohne Papp-Effekt umzugestalten.<\/p>\n<p style=\"text-align: left\">Tauchen Sie ein in die Exzellenz der Haarsch\u00f6nheit mit <strong>MCCP BIO-FRISUR<\/strong> Ihr exklusiver Partner f\u00fcr die <strong>Produktvertrieb<\/strong> <strong>Natulisch<\/strong> in<strong> Schweiz<\/strong>. Als engagierte Spezialisten bieten wir Ihnen eine ganze Reihe von <strong>Haarprodukte<\/strong> von professioneller Qualit\u00e4t, die aus erstklassigen biologischen Inhaltsstoffen hergestellt werden. Vertrauen Sie auf unser Fachwissen, um Sie zu einem au\u00dfergew\u00f6hnlichen Haarerlebnis zu f\u00fchren, das Ihren anspruchsvollsten Erwartungen entspricht.<\/p>\n<ul style=\"text-align: left\">\n<li><strong>Bio-Zutaten<\/strong><\/li>\n<li><strong>Vegan<\/strong><\/li>\n<li><strong>Pro-Qualit\u00e4t<\/strong><\/li>\n<li><strong>Recycelbare Verpackung<\/strong><\/li>\n<\/ul>\n<p><img decoding=\"async\" class=\"wp-image-2406 aligncenter\" src=\"https:\/\/particulier.mccp-coiffure-bio.ch\/wp-content\/uploads\/2021\/01\/vegan-society-certification-300x242.png\" alt=\"\" width=\"214\" height=\"172\" srcset=\"https:\/\/particulier.mccp-coiffure-bio.ch\/wp-content\/uploads\/2021\/01\/vegan-society-certification-300x242.png 300w, https:\/\/particulier.mccp-coiffure-bio.ch\/wp-content\/uploads\/2021\/01\/vegan-society-certification.png 529w\" sizes=\"(max-width: 214px) 100vw, 214px\" \/><\/p>","protected":false},"featured_media":2746,"comment_status":"open","ping_status":"closed","template":"","meta":{"ocean_post_layout":"","ocean_both_sidebars_style":"","ocean_both_sidebars_content_width":0,"ocean_both_sidebars_sidebars_width":0,"ocean_sidebar":"0","ocean_second_sidebar":"0","ocean_disable_margins":"enable","ocean_add_body_class":"","ocean_shortcode_before_top_bar":"","ocean_shortcode_after_top_bar":"","ocean_shortcode_before_header":"","ocean_shortcode_after_header":"","ocean_has_shortcode":"","ocean_shortcode_after_title":"","ocean_shortcode_before_footer_widgets":"","ocean_shortcode_after_footer_widgets":"","ocean_shortcode_before_footer_bottom":"","ocean_shortcode_after_footer_bottom":"","ocean_display_top_bar":"default","ocean_display_header":"default","ocean_header_style":"","ocean_center_header_left_menu":"0","ocean_custom_header_template":"0","ocean_custom_logo":0,"ocean_custom_retina_logo":0,"ocean_custom_logo_max_width":0,"ocean_custom_logo_tablet_max_width":0,"ocean_custom_logo_mobile_max_width":0,"ocean_custom_logo_max_height":0,"ocean_custom_logo_tablet_max_height":0,"ocean_custom_logo_mobile_max_height":0,"ocean_header_custom_menu":"0","ocean_menu_typo_font_family":"0","ocean_menu_typo_font_subset":"","ocean_menu_typo_font_size":0,"ocean_menu_typo_font_size_tablet":0,"ocean_menu_typo_font_size_mobile":0,"ocean_menu_typo_font_size_unit":"px","ocean_menu_typo_font_weight":"","ocean_menu_typo_font_weight_tablet":"","ocean_menu_typo_font_weight_mobile":"","ocean_menu_typo_transform":"","ocean_menu_typo_transform_tablet":"","ocean_menu_typo_transform_mobile":"","ocean_menu_typo_line_height":0,"ocean_menu_typo_line_height_tablet":0,"ocean_menu_typo_line_height_mobile":0,"ocean_menu_typo_line_height_unit":"","ocean_menu_typo_spacing":0,"ocean_menu_typo_spacing_tablet":0,"ocean_menu_typo_spacing_mobile":0,"ocean_menu_typo_spacing_unit":"","ocean_menu_link_color":"","ocean_menu_link_color_hover":"","ocean_menu_link_color_active":"","ocean_menu_link_background":"","ocean_menu_link_hover_background":"","ocean_menu_link_active_background":"","ocean_menu_social_links_bg":"","ocean_menu_social_hover_links_bg":"","ocean_menu_social_links_color":"","ocean_menu_social_hover_links_color":"","ocean_disable_title":"default","ocean_disable_heading":"default","ocean_post_title":"","ocean_post_subheading":"","ocean_post_title_style":"","ocean_post_title_background_color":"","ocean_post_title_background":0,"ocean_post_title_bg_image_position":"","ocean_post_title_bg_image_attachment":"","ocean_post_title_bg_image_repeat":"","ocean_post_title_bg_image_size":"","ocean_post_title_height":0,"ocean_post_title_bg_overlay":0.5,"ocean_post_title_bg_overlay_color":"","ocean_disable_breadcrumbs":"default","ocean_breadcrumbs_color":"","ocean_breadcrumbs_separator_color":"","ocean_breadcrumbs_links_color":"","ocean_breadcrumbs_links_hover_color":"","ocean_display_footer_widgets":"default","ocean_display_footer_bottom":"default","ocean_custom_footer_template":"0"},"product_brand":[],"product_cat":[323],"product_tag":[],"class_list":{"0":"post-2820","1":"product","2":"type-product","3":"status-publish","4":"has-post-thumbnail","6":"product_cat-produits-coiffants","8":"entry","9":"has-media","11":"first","12":"instock","13":"taxable","14":"shipping-taxable","15":"purchasable","16":"product-type-simple","17":"has-product-nav","18":"col","19":"span_1_of_5","20":"owp-content-center","21":"owp-thumbs-layout-horizontal","22":"owp-btn-normal","23":"owp-tabs-layout-horizontal","24":"has-no-thumbnails"},"jetpack_sharing_enabled":true,"_links":{"self":[{"href":"https:\/\/particulier.mccp-coiffure-bio.ch\/de\/wp-json\/wp\/v2\/product\/2820","targetHints":{"allow":["GET"]}}],"collection":[{"href":"https:\/\/particulier.mccp-coiffure-bio.ch\/de\/wp-json\/wp\/v2\/product"}],"about":[{"href":"https:\/\/particulier.mccp-coiffure-bio.ch\/de\/wp-json\/wp\/v2\/types\/product"}],"replies":[{"embeddable":true,"href":"https:\/\/particulier.mccp-coiffure-bio.ch\/de\/wp-json\/wp\/v2\/comments?post=2820"}],"version-history":[{"count":1,"href":"https:\/\/particulier.mccp-coiffure-bio.ch\/de\/wp-json\/wp\/v2\/product\/2820\/revisions"}],"predecessor-version":[{"id":5935,"href":"https:\/\/particulier.mccp-coiffure-bio.ch\/de\/wp-json\/wp\/v2\/product\/2820\/revisions\/5935"}],"wp:featuredmedia":[{"embeddable":true,"href":"https:\/\/particulier.mccp-coiffure-bio.ch\/de\/wp-json\/wp\/v2\/media\/2746"}],"wp:attachment":[{"href":"https:\/\/particulier.mccp-coiffure-bio.ch\/de\/wp-json\/wp\/v2\/media?parent=2820"}],"wp:term":[{"taxonomy":"product_brand","embeddable":true,"href":"https:\/\/particulier.mccp-coiffure-bio.ch\/de\/wp-json\/wp\/v2\/product_brand?post=2820"},{"taxonomy":"product_cat","embeddable":true,"href":"https:\/\/particulier.mccp-coiffure-bio.ch\/de\/wp-json\/wp\/v2\/product_cat?post=2820"},{"taxonomy":"product_tag","embeddable":true,"href":"https:\/\/particulier.mccp-coiffure-bio.ch\/de\/wp-json\/wp\/v2\/product_tag?post=2820"}],"curies":[{"name":"wp","href":"https:\/\/api.w.org\/{rel}","templated":true}]}}