{"id":2814,"date":"2024-05-22T10:55:54","date_gmt":"2024-05-22T08:55:54","guid":{"rendered":"https:\/\/particulier.mccp-coiffure-bio.ch\/creme-hydratante-pour-les-mains\/"},"modified":"2026-01-04T21:54:31","modified_gmt":"2026-01-04T20:54:31","slug":"creme-hydratante-mains","status":"publish","type":"product","link":"https:\/\/particulier.mccp-coiffure-bio.ch\/de\/produkt\/creme-hydratante-mains\/","title":{"rendered":"Feuchtigkeitscreme f\u00fcr die H\u00e4nde 50 ml"},"content":{"rendered":"<h1><strong>NATULIQUE Feuchtigkeitscreme f\u00fcr die H\u00e4nde - Die ultimative Pflege f\u00fcr weiche, feuchtigkeitsspendende H\u00e4nde<\/strong><\/h1>\n<h2><strong>Entdecken Sie die NATULIQUE Feuchtigkeitscreme f\u00fcr die H\u00e4nde - Das Geheimnis perfekter H\u00e4nde<\/strong><\/h2>\n<p>Die <strong>NATULIQUE Feuchtigkeitscreme f\u00fcr die H\u00e4nde<\/strong> ist eine echte Revolution in der Handpflege und wurde speziell entwickelt, um Ihre Haut intensiv und langanhaltend mit Feuchtigkeit zu versorgen. Diese Creme ist mit nat\u00fcrlichen und biologischen Inhaltsstoffen formuliert und bietet somit eine ideale L\u00f6sung f\u00fcr trockene und strapazierte Haut.<\/p>\n<h3>Eine ultimative Pflege f\u00fcr Ihre H\u00e4nde<\/h3>\n<p>Die H\u00e4nde sind oft \u00e4u\u00dferen Einfl\u00fcssen wie K\u00e4lte, Wind und Chemikalien ausgesetzt, was sie trocken und rau machen kann. Die NATULIQUE Feuchtigkeitscreme f\u00fcr die H\u00e4nde ist Ihr perfekter Verb\u00fcndeter im Kampf gegen diese Unannehmlichkeiten. Mit ihrer reichhaltigen, n\u00e4hrenden Formel dringt sie tief in die Haut ein und stellt den Feuchtigkeitsgehalt und die Geschmeidigkeit wieder her.<\/p>\n<h3>Nat\u00fcrliche und biologische Zusammensetzung<\/h3>\n<p>Die Kraft dieser Creme liegt in ihrer au\u00dfergew\u00f6hnlichen Zusammensetzung. Sie ist angereichert mit nat\u00fcrlichen Inhaltsstoffen wie Aloe Vera, die f\u00fcr ihre beruhigenden und feuchtigkeitsspendenden Eigenschaften bekannt ist, und Argan\u00f6l, das f\u00fcr seine n\u00e4hrenden und regenerierenden Eigenschaften bekannt ist. Dar\u00fcber hinaus enth\u00e4lt sie Sheabutter, einen unverzichtbaren Bestandteil zur Reparatur und zum Schutz der Haut.<\/p>\n<h3>Die Vorteile der NATULIQUE Feuchtigkeitscreme f\u00fcr die H\u00e4nde<\/h3>\n<ul>\n<li><strong>Intensive Feuchtigkeitsversorgung<\/strong> : Dank ihrer nat\u00fcrlichen Inhaltsstoffe spendet diese Creme tiefe Feuchtigkeit, die den ganzen Tag anh\u00e4lt.<\/li>\n<li><strong>Schutz<\/strong> : Sie bildet eine Schutzbarriere gegen \u00e4u\u00dfere Einfl\u00fcsse und verhindert so den Feuchtigkeitsverlust.<\/li>\n<li><strong>Reparatur<\/strong> : Pflegende Inhaltsstoffe helfen, trockene und gesch\u00e4digte Haut zu reparieren, sodass die H\u00e4nde weich und glatt bleiben.<\/li>\n<li><strong>Schnelle Absorption<\/strong> : Die leichte Textur zieht schnell ein, ohne einen Fettfilm zu hinterlassen, und sorgt so f\u00fcr ein angenehmes Hautgef\u00fchl.<\/li>\n<\/ul>\n<p>Wenn Sie diese Creme in Ihre Handpflegeroutine aufnehmen, entscheiden Sie sich f\u00fcr eine verantwortungsbewusste und umweltfreundliche Sch\u00f6nheitspflege. NATULIQUE verpflichtet sich, Inhaltsstoffe aus biologischem Anbau zu verwenden und sch\u00e4dliche Substanzen zu verbannen, und bietet so ein sicheres und wirksames Produkt f\u00fcr alle Hauttypen, selbst f\u00fcr die empfindlichste Haut.<\/p>\n<h3>Warum NATULIQUE w\u00e4hlen?<\/h3>\n<p>NATULIQUE ist eine vertrauensw\u00fcrdige Marke, die f\u00fcr ihre hochwertigen Haarpflege- und Naturkosmetikprodukte bekannt ist. Die NATULIQUE Feuchtigkeitscreme f\u00fcr die H\u00e4nde passt perfekt zu dieser Philosophie, indem sie eine umfassende Pflege bietet, die Ihre Haut und die Umwelt schont. Wenn Sie NATULIQUE verwenden, entscheiden Sie sich f\u00fcr Qualit\u00e4t, Nachhaltigkeit und Wirksamkeit.<\/p>\n<h3>Ein Must-Have f\u00fcr Friseurprofis<\/h3>\n<p>F\u00fcr Bio-Friseurprofis ist diese Creme ein Muss. Mit ihr k\u00f6nnen Sie Ihre H\u00e4nde sch\u00fctzen, die durch die Produkte und das h\u00e4ufige Waschen oft beansprucht werden. G\u00f6nnen Sie Ihren H\u00e4nden mit der NATULIQUE Feuchtigkeitscreme f\u00fcr die H\u00e4nde die Pflege, die sie verdienen, und empfehlen Sie dieses au\u00dfergew\u00f6hnliche Produkt auch Ihren Kunden weiter.<\/p>\n<section class=\"has_ma_el_bg_slider elementor-section elementor-top-section elementor-element elementor-element-79cdb57 elementor-section-boxed elementor-section-height-default elementor-section-height-default jltma-glass-effect-no\" data-id=\"79cdb57\" data-element_type=\"section\">\n<div class=\"elementor-container elementor-column-gap-default\">\n<div class=\"has_ma_el_bg_slider elementor-column elementor-col-50 elementor-top-column elementor-element elementor-element-28d0d57 jltma-glass-effect-no\" data-id=\"28d0d57\" data-element_type=\"column\">\n<div class=\"elementor-widget-wrap elementor-element-populated\">\n<div class=\"elementor-element elementor-element-0db9beb jltma-glass-effect-no elementor-widget elementor-widget-heading\" data-id=\"0db9beb\" data-element_type=\"widget\" data-widget_type=\"heading.default\">\n<div class=\"elementor-widget-container\">\n<h2 class=\"elementor-heading-title elementor-size-default\">Formel\u00a0<b>Revitalisierend\u00a0<\/b>Fortgeschrittene<\/h2>\n<\/div>\n<\/div>\n<\/div>\n<\/div>\n<div class=\"has_ma_el_bg_slider elementor-column elementor-col-50 elementor-top-column elementor-element elementor-element-646f5a8 jltma-glass-effect-no\" data-id=\"646f5a8\" data-element_type=\"column\">\n<div class=\"elementor-widget-wrap\"><strong>Sheabutter : <\/strong>Sheabutter hat besonders feuchtigkeitsspendende Eigenschaften, n\u00e4hrt die H\u00e4nde und gleicht den Feuchtigkeitsgehalt auf nat\u00fcrliche Weise aus.<\/div>\n<div><\/div>\n<\/div>\n<\/div>\n<\/section>\n<section class=\"has_ma_el_bg_slider elementor-section elementor-top-section elementor-element elementor-element-dd5b3b3 elementor-section-boxed elementor-section-height-default elementor-section-height-default jltma-glass-effect-no\" data-id=\"dd5b3b3\" data-element_type=\"section\">\n<div class=\"elementor-container elementor-column-gap-default\">\n<div class=\"has_ma_el_bg_slider elementor-column elementor-col-50 elementor-top-column elementor-element elementor-element-fc88bd9 jltma-glass-effect-no\" data-id=\"fc88bd9\" data-element_type=\"column\">\n<div class=\"elementor-widget-wrap elementor-element-populated\">\n<div class=\"elementor-element elementor-element-bb72f90 jltma-glass-effect-no elementor-widget elementor-widget-heading\" data-id=\"bb72f90\" data-element_type=\"widget\" data-widget_type=\"heading.default\">\n<div class=\"elementor-widget-container\">\n<p class=\"elementor-heading-title elementor-size-default\"><strong>\u00d6l aus Sonnenblumenkernen<\/strong>: Die hohe Menge an Vitamin E hilft, das Kollagen und Elastin in der Haut zu sch\u00fctzen und verleiht ihr so Anti-Aging-Eigenschaften.<\/p>\n<p class=\"elementor-heading-title elementor-size-default\"><strong>Oliven\u00f6l:<\/strong> dank seines hohen Anteils an Fetts\u00e4uren hilft dieses \u00d6l, selbst die trockensten H\u00e4nde zu n\u00e4hren und sie weich und glatt zu machen<\/p>\n<\/div>\n<\/div>\n<\/div>\n<\/div>\n<\/div>\n<\/section>\n<section class=\"has_ma_el_bg_slider elementor-section elementor-top-section elementor-element elementor-element-befc644 elementor-section-boxed elementor-section-height-default elementor-section-height-default jltma-glass-effect-no\" data-id=\"befc644\" data-element_type=\"section\">\n<div class=\"elementor-container elementor-column-gap-default\">\n<div class=\"has_ma_el_bg_slider elementor-column elementor-col-50 elementor-top-column elementor-element elementor-element-1a79421 jltma-glass-effect-no\" data-id=\"1a79421\" data-element_type=\"column\">\n<div class=\"elementor-widget-wrap elementor-element-populated\">\n<div class=\"elementor-element elementor-element-e3341af jltma-glass-effect-no elementor-widget elementor-widget-heading\" data-id=\"e3341af\" data-element_type=\"widget\" data-widget_type=\"heading.default\">\n<div class=\"elementor-widget-container\">\n<p class=\"elementor-heading-title elementor-size-default\"><strong>Extrakt aus der Ingwerwurzel:<\/strong> hat antiseptische Eigenschaften, die die Haut gr\u00fcndlich reinigen und so das Wachstum von Bakterien minimieren<\/p>\n<\/div>\n<\/div>\n<\/div>\n<\/div>\n<\/div>\n<\/section>\n<section class=\"has_ma_el_bg_slider elementor-section elementor-top-section elementor-element elementor-element-4dd071e elementor-section-boxed elementor-section-height-default elementor-section-height-default jltma-glass-effect-no\" data-id=\"4dd071e\" data-element_type=\"section\">\n<div class=\"elementor-container elementor-column-gap-default\">\n<div class=\"has_ma_el_bg_slider elementor-column elementor-col-50 elementor-top-column elementor-element elementor-element-add4bc4 jltma-glass-effect-no\" data-id=\"add4bc4\" data-element_type=\"column\">\n<div class=\"elementor-widget-wrap elementor-element-populated\">\n<div class=\"elementor-element elementor-element-7c78c73 jltma-glass-effect-no elementor-widget elementor-widget-heading\" data-id=\"7c78c73\" data-element_type=\"widget\" data-widget_type=\"heading.default\">\n<div class=\"elementor-widget-container\">\n<p class=\"elementor-heading-title elementor-size-default\"><strong>Aloe Vera:<\/strong> Bekannt f\u00fcr seine gro\u00dfen Heilkr\u00e4fte, beruhigt und sch\u00fctzt die Haut vor vielen Arten von Sch\u00e4den, wie z. B. Sonnensch\u00e4den. Gleicht den Feuchtigkeitsgehalt und die Gesundheit der Haut aus. Sie beruhigt und sch\u00fctzt die Haut vor vielen Arten von Sch\u00e4den.<\/p>\n<div class=\"has_ma_el_bg_slider elementor-column elementor-col-50 elementor-inner-column elementor-element elementor-element-e25f102 jltma-glass-effect-no\" data-id=\"e25f102\" data-element_type=\"column\">\n<div class=\"elementor-widget-wrap elementor-element-populated\">\n<div class=\"elementor-element elementor-element-e1afd09 elementor-icon-list--layout-traditional elementor-list-item-link-full_width jltma-glass-effect-no elementor-widget elementor-widget-icon-list\" data-id=\"e1afd09\" data-element_type=\"widget\" data-widget_type=\"icon-list.default\">\n<div class=\"elementor-widget-container\">\n<ul class=\"elementor-icon-list-items\">\n<li class=\"elementor-icon-list-item\"><span class=\"elementor-icon-list-text\">Ohne Silikonzusatz<\/span><\/li>\n<li class=\"elementor-icon-list-item\"><i class=\"far fa-heart\" aria-hidden=\"true\"><\/i><span class=\"elementor-icon-list-text\">Keine k\u00fcnstlichen Farben<\/span><\/li>\n<li class=\"elementor-icon-list-item\"><i class=\"far fa-heart\" aria-hidden=\"true\"><\/i><span class=\"elementor-icon-list-text\">Nat\u00fcrliche \u00e4therische \u00d6le<\/span><\/li>\n<li class=\"elementor-icon-list-item\"><i class=\"far fa-heart\" aria-hidden=\"true\"><\/i><span class=\"elementor-icon-list-text\">100% gentechnikfrei<\/span><\/li>\n<li class=\"elementor-icon-list-item\"><i class=\"far fa-heart\" aria-hidden=\"true\"><\/i><span class=\"elementor-icon-list-text\">Ohne Grausamkeit<\/span><\/li>\n<\/ul>\n<\/div>\n<\/div>\n<\/div>\n<\/div>\n<div class=\"has_ma_el_bg_slider elementor-column elementor-col-50 elementor-inner-column elementor-element elementor-element-ce5ca19 jltma-glass-effect-no\" data-id=\"ce5ca19\" data-element_type=\"column\">\n<div class=\"elementor-widget-wrap elementor-element-populated\">\n<div class=\"elementor-element elementor-element-00cb8e5 elementor-icon-list--layout-traditional elementor-list-item-link-full_width jltma-glass-effect-no elementor-widget elementor-widget-icon-list\" data-id=\"00cb8e5\" data-element_type=\"widget\" data-widget_type=\"icon-list.default\">\n<div class=\"elementor-widget-container\">\n<ul class=\"elementor-icon-list-items\">\n<li class=\"elementor-icon-list-item\"><i class=\"far fa-heart\" aria-hidden=\"true\"><\/i><span class=\"elementor-icon-list-text\">Vegan zertifiziert<\/span><\/li>\n<li class=\"elementor-icon-list-item\"><i class=\"far fa-heart\" aria-hidden=\"true\"><\/i><span class=\"elementor-icon-list-text\">Qualit\u00e4t Professionell<\/span><\/li>\n<li class=\"elementor-icon-list-item\"><i class=\"far fa-heart\" aria-hidden=\"true\"><\/i><span class=\"elementor-icon-list-text\">Nachhaltige Verpackung<\/span><\/li>\n<li class=\"elementor-icon-list-item\"><i class=\"far fa-heart\" aria-hidden=\"true\"><\/i><span class=\"elementor-icon-list-text\">Nat\u00fcrlich parf\u00fcmiert\u00a0<\/span><\/li>\n<\/ul>\n<p><a href=\"https:\/\/mccp-coiffure-bio.ch\/creme-mains-reparatrice\/\">https:\/\/mccp-coiffure-bio.ch\/creme-mains-reparatrice\/<\/a><\/p>\n<p><strong>Das NATULIQUE-Konzept<\/strong><\/p>\n<p>Sind Sie neugierig darauf, wie eine 100% NATULIQUE Lounge aussieht?<\/p>\n<p><a href=\"https:\/\/natulique.com\/fr\/concept-salon\/\">Erfahren Sie mehr \u00fcber die Vorteile und wie man ein Salonkonzept wird \u2192.<\/a><\/p>\n<\/div>\n<\/div>\n<\/div>\n<\/div>\n<\/div>\n<\/div>\n<\/div>\n<\/div>\n<div class=\"has_ma_el_bg_slider elementor-column elementor-col-50 elementor-top-column elementor-element elementor-element-cd39419 jltma-glass-effect-no\" data-id=\"cd39419\" data-element_type=\"column\"><\/div>\n<\/div>\n<\/section>","protected":false},"excerpt":{"rendered":"<h2><strong>Entdecken Sie die NATULIQUE Feuchtigkeitscreme f\u00fcr die H\u00e4nde - Das Geheimnis perfekter H\u00e4nde<\/strong><\/h2>\n<p>Die <strong>NATULIQUE Feuchtigkeitscreme f\u00fcr die H\u00e4nde<\/strong> ist eine echte Revolution in der Handpflege und wurde speziell entwickelt, um Ihre Haut intensiv und langanhaltend mit Feuchtigkeit zu versorgen. Diese Creme ist mit nat\u00fcrlichen und biologischen Inhaltsstoffen formuliert und bietet somit eine ideale L\u00f6sung f\u00fcr trockene und strapazierte Haut.<\/p>\n<p style=\"text-align: left;\">Tauchen Sie ein in die Exzellenz der Haarsch\u00f6nheit mit <strong>MCCP BIO-FRISUR<\/strong> Ihr exklusiver Partner f\u00fcr die <strong>Produktvertrieb<\/strong> <strong>Natulisch<\/strong> in<strong> Schweiz<\/strong>. Als engagierte Spezialisten bieten wir Ihnen eine ganze Reihe von <strong>Haarprodukte<\/strong> von professioneller Qualit\u00e4t, die aus erstklassigen biologischen Inhaltsstoffen hergestellt werden. Vertrauen Sie auf unser Fachwissen, um Sie zu einem au\u00dfergew\u00f6hnlichen Haarerlebnis zu f\u00fchren, das Ihren anspruchsvollsten Erwartungen entspricht.<\/p>\n<ul style=\"text-align: left;\">\n<li><strong>Bio-Zutaten<\/strong><\/li>\n<li><strong>Vegan<\/strong><\/li>\n<li><strong>Pro-Qualit\u00e4t<\/strong><\/li>\n<li><strong>Recycelbare Verpackung<\/strong><\/li>\n<\/ul>\n<p><img decoding=\"async\" class=\"wp-image-2406 aligncenter\" src=\"https:\/\/particulier.mccp-coiffure-bio.ch\/wp-content\/uploads\/2021\/01\/vegan-society-certification-300x242.png\" alt=\"\" width=\"214\" height=\"172\" srcset=\"https:\/\/particulier.mccp-coiffure-bio.ch\/wp-content\/uploads\/2021\/01\/vegan-society-certification-300x242.png 300w, https:\/\/particulier.mccp-coiffure-bio.ch\/wp-content\/uploads\/2021\/01\/vegan-society-certification.png 529w\" sizes=\"(max-width: 214px) 100vw, 214px\" \/><\/p>","protected":false},"featured_media":2736,"comment_status":"open","ping_status":"closed","template":"","meta":{"ocean_post_layout":"","ocean_both_sidebars_style":"","ocean_both_sidebars_content_width":0,"ocean_both_sidebars_sidebars_width":0,"ocean_sidebar":"0","ocean_second_sidebar":"0","ocean_disable_margins":"enable","ocean_add_body_class":"","ocean_shortcode_before_top_bar":"","ocean_shortcode_after_top_bar":"","ocean_shortcode_before_header":"","ocean_shortcode_after_header":"","ocean_has_shortcode":"","ocean_shortcode_after_title":"","ocean_shortcode_before_footer_widgets":"","ocean_shortcode_after_footer_widgets":"","ocean_shortcode_before_footer_bottom":"","ocean_shortcode_after_footer_bottom":"","ocean_display_top_bar":"default","ocean_display_header":"default","ocean_header_style":"","ocean_center_header_left_menu":"0","ocean_custom_header_template":"0","ocean_custom_logo":0,"ocean_custom_retina_logo":0,"ocean_custom_logo_max_width":0,"ocean_custom_logo_tablet_max_width":0,"ocean_custom_logo_mobile_max_width":0,"ocean_custom_logo_max_height":0,"ocean_custom_logo_tablet_max_height":0,"ocean_custom_logo_mobile_max_height":0,"ocean_header_custom_menu":"0","ocean_menu_typo_font_family":"0","ocean_menu_typo_font_subset":"","ocean_menu_typo_font_size":0,"ocean_menu_typo_font_size_tablet":0,"ocean_menu_typo_font_size_mobile":0,"ocean_menu_typo_font_size_unit":"px","ocean_menu_typo_font_weight":"","ocean_menu_typo_font_weight_tablet":"","ocean_menu_typo_font_weight_mobile":"","ocean_menu_typo_transform":"","ocean_menu_typo_transform_tablet":"","ocean_menu_typo_transform_mobile":"","ocean_menu_typo_line_height":0,"ocean_menu_typo_line_height_tablet":0,"ocean_menu_typo_line_height_mobile":0,"ocean_menu_typo_line_height_unit":"","ocean_menu_typo_spacing":0,"ocean_menu_typo_spacing_tablet":0,"ocean_menu_typo_spacing_mobile":0,"ocean_menu_typo_spacing_unit":"","ocean_menu_link_color":"","ocean_menu_link_color_hover":"","ocean_menu_link_color_active":"","ocean_menu_link_background":"","ocean_menu_link_hover_background":"","ocean_menu_link_active_background":"","ocean_menu_social_links_bg":"","ocean_menu_social_hover_links_bg":"","ocean_menu_social_links_color":"","ocean_menu_social_hover_links_color":"","ocean_disable_title":"default","ocean_disable_heading":"default","ocean_post_title":"","ocean_post_subheading":"","ocean_post_title_style":"","ocean_post_title_background_color":"","ocean_post_title_background":0,"ocean_post_title_bg_image_position":"","ocean_post_title_bg_image_attachment":"","ocean_post_title_bg_image_repeat":"","ocean_post_title_bg_image_size":"","ocean_post_title_height":0,"ocean_post_title_bg_overlay":0.5,"ocean_post_title_bg_overlay_color":"","ocean_disable_breadcrumbs":"default","ocean_breadcrumbs_color":"","ocean_breadcrumbs_separator_color":"","ocean_breadcrumbs_links_color":"","ocean_breadcrumbs_links_hover_color":"","ocean_display_footer_widgets":"default","ocean_display_footer_bottom":"default","ocean_custom_footer_template":"0"},"product_brand":[],"product_cat":[326],"product_tag":[342,226],"class_list":{"0":"post-2814","1":"product","2":"type-product","3":"status-publish","4":"has-post-thumbnail","6":"product_cat-soins-corps","7":"product_tag-produits-hydratants","8":"product_tag-soins-pour-les-mains","10":"entry","11":"has-media","13":"first","14":"instock","15":"taxable","16":"shipping-taxable","17":"purchasable","18":"product-type-simple","19":"has-product-nav","20":"col","21":"span_1_of_5","22":"owp-content-center","23":"owp-thumbs-layout-horizontal","24":"owp-btn-normal","25":"owp-tabs-layout-horizontal"},"jetpack_sharing_enabled":true,"_links":{"self":[{"href":"https:\/\/particulier.mccp-coiffure-bio.ch\/de\/wp-json\/wp\/v2\/product\/2814","targetHints":{"allow":["GET"]}}],"collection":[{"href":"https:\/\/particulier.mccp-coiffure-bio.ch\/de\/wp-json\/wp\/v2\/product"}],"about":[{"href":"https:\/\/particulier.mccp-coiffure-bio.ch\/de\/wp-json\/wp\/v2\/types\/product"}],"replies":[{"embeddable":true,"href":"https:\/\/particulier.mccp-coiffure-bio.ch\/de\/wp-json\/wp\/v2\/comments?post=2814"}],"version-history":[{"count":0,"href":"https:\/\/particulier.mccp-coiffure-bio.ch\/de\/wp-json\/wp\/v2\/product\/2814\/revisions"}],"wp:featuredmedia":[{"embeddable":true,"href":"https:\/\/particulier.mccp-coiffure-bio.ch\/de\/wp-json\/wp\/v2\/media\/2736"}],"wp:attachment":[{"href":"https:\/\/particulier.mccp-coiffure-bio.ch\/de\/wp-json\/wp\/v2\/media?parent=2814"}],"wp:term":[{"taxonomy":"product_brand","embeddable":true,"href":"https:\/\/particulier.mccp-coiffure-bio.ch\/de\/wp-json\/wp\/v2\/product_brand?post=2814"},{"taxonomy":"product_cat","embeddable":true,"href":"https:\/\/particulier.mccp-coiffure-bio.ch\/de\/wp-json\/wp\/v2\/product_cat?post=2814"},{"taxonomy":"product_tag","embeddable":true,"href":"https:\/\/particulier.mccp-coiffure-bio.ch\/de\/wp-json\/wp\/v2\/product_tag?post=2814"}],"curies":[{"name":"wp","href":"https:\/\/api.w.org\/{rel}","templated":true}]}}