{"id":2813,"date":"2024-05-22T10:55:54","date_gmt":"2024-05-22T08:55:54","guid":{"rendered":"https:\/\/particulier.mccp-coiffure-bio.ch\/spray-cire-cheveux-hygge-wax\/"},"modified":"2026-01-13T08:53:52","modified_gmt":"2026-01-13T07:53:52","slug":"spray-cire-cheveux-hygge-wax","status":"publish","type":"product","link":"https:\/\/particulier.mccp-coiffure-bio.ch\/de\/produkt\/spray-cire-cheveux-hygge-wax\/","title":{"rendered":"Haarwachsspray - Hygge Wax 200 ml"},"content":{"rendered":"<h1>Natulique Hygge Wax Haarspray - Der Bio-Stylist von Excellenc<\/h1>\n<h2>\u00a0Verwandeln Sie Ihre Frisur mit der Kraft von Hygge Wax<\/h2>\n<p>Entdecken Sie Natulique's Hygge Wax Hair Spray, eine revolution\u00e4re Bio-Styling-L\u00f6sung, die Ihr Haar auf elegante und nat\u00fcrliche Weise verwandelt. Dieses Produkt ist mit zertifizierten biologischen Inhaltsstoffen angereichert und bietet perfekten Halt, w\u00e4hrend es gleichzeitig die Gesundheit Ihres Haars und die Umwelt schont. Perfekt f\u00fcr professionelle Stylisten und anspruchsvolle Privatpersonen, ist dieses Wachsspray der Schl\u00fcssel zu makellosen Frisuren ohne Kompromisse.<\/p>\n<h3>Vorteile von Hygge Wax von Natulique<\/h3>\n<p>Natulique Hygge Wax wurde entwickelt, um flexiblen Halt zu bieten und gleichzeitig ein nat\u00fcrliches Aussehen zu bewahren. Die innovative Formel mit biologischen Inhaltsstoffen pflegt Ihr Haar, w\u00e4hrend es gestylt wird. Sie k\u00f6nnen sich von Stylingprodukten voller sch\u00e4dlicher Chemikalien verabschieden. Mit Hygge Wax erhalten Sie ein mattes, strukturiertes Finish, das ideal f\u00fcr einen anspruchsvollen oder l\u00e4ssigen Look ist.<\/p>\n<h3>Eine respektvolle und wirksame Formel<\/h3>\n<div class=\"fusion-title title fusion-title-6 fusion-sep-none fusion-title-text fusion-title-size-three\">\n<h3 class=\"fusion-title-heading title-heading-left\">HERGESTELLT AUS ZERTIFIZIERTEN BIOLOGISCHEN UND NAT\u00dcRLICHEN INHALTSSTOFFEN<\/h3>\n<\/div>\n<div class=\"fusion-text fusion-text-10\">\n<p><strong>\u00d6l aus Brokkolisamen<\/strong>i : Mit seiner einzigartigen Zusammensetzung aus essentiellen Fettaminos\u00e4uren n\u00e4hrt, sch\u00fctzt und befeuchtet dieses \u00d6l das Haar.<\/p>\n<p><strong>\u00d6l aus Jojobasamen<\/strong>\u00a0: Dieses \u00d6l ist extrem reich an Vitaminen und Mineralien wie Kupfer und Zink, st\u00e4rkt das Haar und beugt Trockenheit vor.<\/p>\n<\/div>\n<h3>Warum sollte man sich f\u00fcr Natulique Hygge Wax entscheiden?<\/h3>\n<p>Wenn Sie sich f\u00fcr das Hygge Wax Spray von Natulique entscheiden, entscheiden Sie sich f\u00fcr ein Produkt, das die Umwelt und Ihre Gesundheit schont. Es ist biologisch zertifiziert und frei von aggressiven Chemikalien und wurde f\u00fcr Menschen entwickelt, die sich um ihr Wohlbefinden und unseren Planeten sorgen. Dar\u00fcber hinaus ist Natulique eine Marke, die f\u00fcr ihr Engagement f\u00fcr nachhaltige und ethische Praktiken bekannt ist.<\/p>\n<div class=\"fusion-layout-column fusion_builder_column fusion-builder-column-15 fusion_builder_column_1_2 1_2 fusion-flex-column\">\n<div class=\"fusion-column-wrapper fusion-column-has-shadow fusion-flex-justify-content-flex-start fusion-content-layout-column\">\n<div class=\"fusion-text fusion-text-9\">\n<p>Das f\u00fcr NATULIQUE-Sprays verwendete Treibmittel ist BIO-DME-Gas, das aus einem zertifizierten Programm stammt. Bio-DME wird zu 100 % aus erneuerbaren Biomasseabf\u00e4llen gewonnen, ist biologisch abbaubar, nicht korrosiv und wird weder B\u00f6den noch Grundwasserleiter kontaminieren. Bio-DME ist nicht krebserregend, nicht mutagen und praktisch ungiftig f\u00fcr den Menschen.<\/p>\n<\/div>\n<\/div>\n<\/div>\n<div class=\"fusion-layout-column fusion_builder_column fusion-builder-column-16 fusion_builder_column_1_2 1_2 fusion-flex-column\">\n<div class=\"fusion-column-wrapper fusion-column-has-shadow fusion-flex-justify-content-flex-start fusion-content-layout-column\">\n<div class=\"fusion-title title fusion-title-6 fusion-sep-none fusion-title-text fusion-title-size-three\">\n<h3 class=\"fusion-title-heading title-heading-left fusion-responsive-typography-calculated\"><span style=\"font-size: 16px\">Einfache Anwendung und professionelle Ergebnisse<\/span><\/h3>\n<\/div>\n<\/div>\n<\/div>\n<p>Die Anwendung von Hygge Wax Spray ist einfach und effektiv. Spr\u00fchen Sie einfach eine kleine Menge des Produkts auf das trockene oder leicht feuchte Haar und modellieren Sie Ihre Frisur dann nach Lust und Laune. Egal, ob Sie nat\u00fcrliche Wellen, strukturierte Styles oder strukturierte Frisuren kreieren m\u00f6chten, mit diesem Produkt sind Sie vielseitig einsetzbar.<\/p>\n<p>Natulique's Hygge Wax Hair Spray ist wirklich <strong>revolution\u00e4r<\/strong> in der Welt des Bio-Haarstylings. Es stellt einen bedeutenden Fortschritt im Bereich der nat\u00fcrlichen Stylingprodukte dar und bietet eine gesunde und effektive Alternative zu herk\u00f6mmlichen Produkten.<\/p>\n<p>Zusammenfassend l\u00e4sst sich sagen, dass das Haarwachsspray Hygge Wax von Natulique ein Muss f\u00fcr alle ist, die Stylingleistung und Umweltfreundlichkeit miteinander verbinden wollen. Seine nat\u00fcrliche und biologische Formel in Kombination mit einer nachgewiesenen Wirksamkeit macht es zur idealen Wahl f\u00fcr perfekte und gesunde Frisuren. Mit Natulique Hygge Wax k\u00f6nnen Sie Ihr Haar umwerfend frisieren und dabei gleichzeitig Ihr Haar und unseren Planeten schonen.<\/p>\n<p>Um mehr zu erfahren und Natulique Hygge Wax Haarwachs-Spray zu kaufen, besuchen Sie unsere Website und entdecken Sie ein umfassendes Sortiment an Bio-Stylingprodukten. Verwandeln Sie Ihre Haarroutine mit Natulique und erleben Sie den Unterschied einer gepflegten Frisur mit nat\u00fcrlichen Produkten.<\/p>\n<div class=\"fusion-title title fusion-title-3 fusion-sep-none fusion-title-text fusion-title-size-four\">\n<h4 class=\"fusion-title-heading title-heading-left fusion-responsive-typography-calculated\">5 Vorteile von Spr\u00fchwachs<\/h4>\n<\/div>\n<div class=\"fusion-text fusion-text-7\">\n<p><strong>Passt sich an<\/strong>\u00a0zu Ihrer nat\u00fcrlichen Haarstruktur<\/p>\n<p><strong>Kompatibel mit<\/strong>\u00a0mit anderen Haarprodukten<\/p>\n<p><strong>Praxis<\/strong>\u00a0und f\u00fcr Reisen geeignet<\/p>\n<p><strong>Nicht fett<\/strong>\u00a0und l\u00e4sst sich leicht absp\u00fclen<\/p>\n<p><a href=\"https:\/\/mccp-coiffure-bio.ch\/cire-en-spray-cheveux-hygge\/\">https:\/\/mccp-coiffure-bio.ch\/cire-en-spray-cheveux-hygge\/<\/a><\/p>\n<\/div>\n<p><strong>Das NATULIQUE-Konzept<\/strong><\/p>\n<p>Sind Sie neugierig darauf, wie eine 100% NATULIQUE Lounge aussieht?<\/p>\n<p><a href=\"https:\/\/natulique.com\/fr\/concept-salon\/\">Erfahren Sie mehr \u00fcber die Vorteile und wie man ein Salonkonzept wird \u2192.<\/a><\/p>\n<div class=\"fusion-text fusion-text-7\">\n<div class=\"fusion-layout-column fusion_builder_column fusion-builder-column-17 fusion_builder_column_1_6 1_6 fusion-flex-column fusion-flex-align-self-center\">\n<div class=\"fusion-column-wrapper fusion-column-has-shadow fusion-flex-justify-content-flex-start fusion-content-layout-column\">\n<div class=\"fusion-image-element\"><span class=\"fusion-imageframe imageframe-none imageframe-6 hover-type-none\"><img decoding=\"async\" class=\"img-responsive wp-image-181\" title=\"no-parabens\" src=\"https:\/\/natulique.com\/fr\/wp-content\/uploads\/2023\/09\/no-parabens.png\" alt=\"\" width=\"120\" height=\"120\" \/><\/span><\/div>\n<div class=\"fusion-text fusion-text-11\">\n<p>Ohne Parabene<\/p>\n<\/div>\n<\/div>\n<\/div>\n<div class=\"fusion-layout-column fusion_builder_column fusion-builder-column-18 fusion_builder_column_1_6 1_6 fusion-flex-column fusion-flex-align-self-center\">\n<div class=\"fusion-column-wrapper fusion-column-has-shadow fusion-flex-justify-content-flex-start fusion-content-layout-column\">\n<div class=\"fusion-image-element\"><span class=\"fusion-imageframe imageframe-none imageframe-7 hover-type-none\"><img decoding=\"async\" class=\"img-responsive wp-image-180\" title=\"no-phenoxyethanol\" src=\"https:\/\/natulique.com\/fr\/wp-content\/uploads\/2023\/09\/no-phenoxyethanol.png\" alt=\"\" width=\"120\" height=\"120\" \/><\/span><\/div>\n<div class=\"fusion-text fusion-text-12\">\n<p>Ohne Phenoxyethanol<\/p>\n<\/div>\n<\/div>\n<\/div>\n<div class=\"fusion-layout-column fusion_builder_column fusion-builder-column-19 fusion_builder_column_1_6 1_6 fusion-flex-column fusion-flex-align-self-center\">\n<div class=\"fusion-column-wrapper fusion-column-has-shadow fusion-flex-justify-content-flex-start fusion-content-layout-column\">\n<div class=\"fusion-image-element\"><span class=\"fusion-imageframe imageframe-none imageframe-8 hover-type-none\"><img decoding=\"async\" class=\"img-responsive wp-image-179\" title=\"no-artificial-fragrances\" src=\"https:\/\/natulique.com\/fr\/wp-content\/uploads\/2023\/09\/no-artificial-fragrances.png\" alt=\"\" width=\"120\" height=\"120\" \/><\/span><\/div>\n<div class=\"fusion-text fusion-text-13\">\n<p>Ohne k\u00fcnstliches Parfum<\/p>\n<\/div>\n<\/div>\n<\/div>\n<div class=\"fusion-layout-column fusion_builder_column fusion-builder-column-20 fusion_builder_column_1_6 1_6 fusion-flex-column fusion-flex-align-self-center\">\n<div class=\"fusion-column-wrapper fusion-column-has-shadow fusion-flex-justify-content-flex-start fusion-content-layout-column\">\n<div class=\"fusion-image-element\"><span class=\"fusion-imageframe imageframe-none imageframe-9 hover-type-none\"><img loading=\"lazy\" decoding=\"async\" class=\"img-responsive wp-image-178\" title=\"sls-free\" src=\"https:\/\/natulique.com\/fr\/wp-content\/uploads\/2023\/09\/sls-free.png\" alt=\"\" width=\"120\" height=\"120\" \/><\/span><\/div>\n<div class=\"fusion-text fusion-text-14\">\n<p>SLS-frei<\/p>\n<\/div>\n<\/div>\n<\/div>\n<div class=\"fusion-layout-column fusion_builder_column fusion-builder-column-21 fusion_builder_column_1_6 1_6 fusion-flex-column fusion-flex-align-self-center\">\n<div class=\"fusion-column-wrapper fusion-column-has-shadow fusion-flex-justify-content-flex-start fusion-content-layout-column\">\n<div class=\"fusion-image-element\"><span class=\"fusion-imageframe imageframe-none imageframe-10 hover-type-none\"><img loading=\"lazy\" decoding=\"async\" class=\"img-responsive wp-image-177\" title=\"no-added-silicones\" src=\"https:\/\/natulique.com\/fr\/wp-content\/uploads\/2023\/09\/no-added-silicones.png\" alt=\"\" width=\"120\" height=\"120\" \/><\/span><\/div>\n<div class=\"fusion-text fusion-text-15\">\n<p>Ohne Silikone<\/p>\n<\/div>\n<\/div>\n<\/div>\n<\/div>","protected":false},"excerpt":{"rendered":"<h2>Natulique Hygge Wax Haarwachs-Spray - Der ultimative Bio-Stylist<\/h2>\n<p>Entdecken Sie Natulique's Hygge Wax Hair Spray, eine revolution\u00e4re Bio-Styling-L\u00f6sung, die Ihr Haar auf elegante und nat\u00fcrliche Weise verwandelt. Dieses Produkt ist mit zertifizierten biologischen Inhaltsstoffen angereichert und bietet perfekten Halt, w\u00e4hrend es gleichzeitig die Gesundheit Ihres Haars und die Umwelt schont. Perfekt f\u00fcr professionelle Stylisten und anspruchsvolle Privatpersonen, ist dieses Wachsspray der Schl\u00fcssel zu makellosen Frisuren ohne Kompromisse.<\/p>\n<p style=\"text-align: left\">Tauchen Sie ein in die Exzellenz der Haarsch\u00f6nheit mit <strong>MCCP BIO-FRISUR<\/strong> Ihr exklusiver Partner f\u00fcr die <strong>Produktvertrieb<\/strong> <strong>Natulisch<\/strong> in<strong> Schweiz<\/strong>. Als engagierte Spezialisten bieten wir Ihnen eine ganze Reihe von <strong>Haarprodukte<\/strong> von professioneller Qualit\u00e4t, die aus erstklassigen biologischen Inhaltsstoffen hergestellt werden. Vertrauen Sie auf unser Fachwissen, um Sie zu einem au\u00dfergew\u00f6hnlichen Haarerlebnis zu f\u00fchren, das Ihren anspruchsvollsten Erwartungen entspricht.<\/p>\n<ul style=\"text-align: left\">\n<li><strong>Bio-Zutaten<\/strong><\/li>\n<li><strong>Vegan<\/strong><\/li>\n<li><strong>Pro-Qualit\u00e4t<\/strong><\/li>\n<li><strong>Recycelbare Verpackung<\/strong><\/li>\n<\/ul>\n<p><img loading=\"lazy\" decoding=\"async\" class=\"wp-image-2406 aligncenter\" src=\"https:\/\/particulier.mccp-coiffure-bio.ch\/wp-content\/uploads\/2021\/01\/vegan-society-certification-300x242.png\" alt=\"\" width=\"214\" height=\"172\" srcset=\"https:\/\/particulier.mccp-coiffure-bio.ch\/wp-content\/uploads\/2021\/01\/vegan-society-certification-300x242.png 300w, https:\/\/particulier.mccp-coiffure-bio.ch\/wp-content\/uploads\/2021\/01\/vegan-society-certification.png 529w\" sizes=\"(max-width: 214px) 100vw, 214px\" \/><\/p>","protected":false},"featured_media":2733,"comment_status":"open","ping_status":"closed","template":"","meta":{"ocean_post_layout":"","ocean_both_sidebars_style":"","ocean_both_sidebars_content_width":0,"ocean_both_sidebars_sidebars_width":0,"ocean_sidebar":"0","ocean_second_sidebar":"0","ocean_disable_margins":"enable","ocean_add_body_class":"","ocean_shortcode_before_top_bar":"","ocean_shortcode_after_top_bar":"","ocean_shortcode_before_header":"","ocean_shortcode_after_header":"","ocean_has_shortcode":"","ocean_shortcode_after_title":"","ocean_shortcode_before_footer_widgets":"","ocean_shortcode_after_footer_widgets":"","ocean_shortcode_before_footer_bottom":"","ocean_shortcode_after_footer_bottom":"","ocean_display_top_bar":"default","ocean_display_header":"default","ocean_header_style":"","ocean_center_header_left_menu":"0","ocean_custom_header_template":"0","ocean_custom_logo":0,"ocean_custom_retina_logo":0,"ocean_custom_logo_max_width":0,"ocean_custom_logo_tablet_max_width":0,"ocean_custom_logo_mobile_max_width":0,"ocean_custom_logo_max_height":0,"ocean_custom_logo_tablet_max_height":0,"ocean_custom_logo_mobile_max_height":0,"ocean_header_custom_menu":"0","ocean_menu_typo_font_family":"0","ocean_menu_typo_font_subset":"","ocean_menu_typo_font_size":0,"ocean_menu_typo_font_size_tablet":0,"ocean_menu_typo_font_size_mobile":0,"ocean_menu_typo_font_size_unit":"px","ocean_menu_typo_font_weight":"","ocean_menu_typo_font_weight_tablet":"","ocean_menu_typo_font_weight_mobile":"","ocean_menu_typo_transform":"","ocean_menu_typo_transform_tablet":"","ocean_menu_typo_transform_mobile":"","ocean_menu_typo_line_height":0,"ocean_menu_typo_line_height_tablet":0,"ocean_menu_typo_line_height_mobile":0,"ocean_menu_typo_line_height_unit":"","ocean_menu_typo_spacing":0,"ocean_menu_typo_spacing_tablet":0,"ocean_menu_typo_spacing_mobile":0,"ocean_menu_typo_spacing_unit":"","ocean_menu_link_color":"","ocean_menu_link_color_hover":"","ocean_menu_link_color_active":"","ocean_menu_link_background":"","ocean_menu_link_hover_background":"","ocean_menu_link_active_background":"","ocean_menu_social_links_bg":"","ocean_menu_social_hover_links_bg":"","ocean_menu_social_links_color":"","ocean_menu_social_hover_links_color":"","ocean_disable_title":"default","ocean_disable_heading":"default","ocean_post_title":"","ocean_post_subheading":"","ocean_post_title_style":"","ocean_post_title_background_color":"","ocean_post_title_background":0,"ocean_post_title_bg_image_position":"","ocean_post_title_bg_image_attachment":"","ocean_post_title_bg_image_repeat":"","ocean_post_title_bg_image_size":"","ocean_post_title_height":0,"ocean_post_title_bg_overlay":0.5,"ocean_post_title_bg_overlay_color":"","ocean_disable_breadcrumbs":"default","ocean_breadcrumbs_color":"","ocean_breadcrumbs_separator_color":"","ocean_breadcrumbs_links_color":"","ocean_breadcrumbs_links_hover_color":"","ocean_display_footer_widgets":"default","ocean_display_footer_bottom":"default","ocean_custom_footer_template":"0"},"product_brand":[],"product_cat":[323],"product_tag":[],"class_list":{"0":"post-2813","1":"product","2":"type-product","3":"status-publish","4":"has-post-thumbnail","6":"product_cat-produits-coiffants","8":"entry","9":"has-media","11":"first","12":"instock","13":"taxable","14":"shipping-taxable","15":"purchasable","16":"product-type-simple","17":"has-product-nav","18":"col","19":"span_1_of_5","20":"owp-content-center","21":"owp-thumbs-layout-horizontal","22":"owp-btn-normal","23":"owp-tabs-layout-horizontal","24":"has-no-thumbnails"},"jetpack_sharing_enabled":true,"_links":{"self":[{"href":"https:\/\/particulier.mccp-coiffure-bio.ch\/de\/wp-json\/wp\/v2\/product\/2813","targetHints":{"allow":["GET"]}}],"collection":[{"href":"https:\/\/particulier.mccp-coiffure-bio.ch\/de\/wp-json\/wp\/v2\/product"}],"about":[{"href":"https:\/\/particulier.mccp-coiffure-bio.ch\/de\/wp-json\/wp\/v2\/types\/product"}],"replies":[{"embeddable":true,"href":"https:\/\/particulier.mccp-coiffure-bio.ch\/de\/wp-json\/wp\/v2\/comments?post=2813"}],"version-history":[{"count":1,"href":"https:\/\/particulier.mccp-coiffure-bio.ch\/de\/wp-json\/wp\/v2\/product\/2813\/revisions"}],"predecessor-version":[{"id":5936,"href":"https:\/\/particulier.mccp-coiffure-bio.ch\/de\/wp-json\/wp\/v2\/product\/2813\/revisions\/5936"}],"wp:featuredmedia":[{"embeddable":true,"href":"https:\/\/particulier.mccp-coiffure-bio.ch\/de\/wp-json\/wp\/v2\/media\/2733"}],"wp:attachment":[{"href":"https:\/\/particulier.mccp-coiffure-bio.ch\/de\/wp-json\/wp\/v2\/media?parent=2813"}],"wp:term":[{"taxonomy":"product_brand","embeddable":true,"href":"https:\/\/particulier.mccp-coiffure-bio.ch\/de\/wp-json\/wp\/v2\/product_brand?post=2813"},{"taxonomy":"product_cat","embeddable":true,"href":"https:\/\/particulier.mccp-coiffure-bio.ch\/de\/wp-json\/wp\/v2\/product_cat?post=2813"},{"taxonomy":"product_tag","embeddable":true,"href":"https:\/\/particulier.mccp-coiffure-bio.ch\/de\/wp-json\/wp\/v2\/product_tag?post=2813"}],"curies":[{"name":"wp","href":"https:\/\/api.w.org\/{rel}","templated":true}]}}